{"id":2093,"date":"2024-01-31T18:30:40","date_gmt":"2024-01-31T17:30:40","guid":{"rendered":"https:\/\/site.educa.madrid.org\/ies.elespinillo.madrid\/?page_id=2093"},"modified":"2026-04-10T10:45:38","modified_gmt":"2026-04-10T08:45:38","slug":"planes-de-refuerzo","status":"publish","type":"page","link":"https:\/\/site.educa.madrid.org\/ies.elespinillo.madrid\/index.php\/alumnado\/planes-de-refuerzo\/","title":{"rendered":"Planes de Refuerzo (Pendientes)"},"content":{"rendered":"\n<figure class=\"wp-block-image alignwide size-large\"><img loading=\"lazy\" decoding=\"async\" width=\"1024\" height=\"68\" src=\"https:\/\/site.educa.madrid.org\/ies.elespinillo.madrid\/\/wp-content\/uploads\/ies.elespinillo.madrid\/2024\/05\/92-PlanesRefuerzoPendientes.fw_-1024x68.png\" alt=\"\" class=\"wp-image-2618\" srcset=\"https:\/\/site.educa.madrid.org\/ies.elespinillo.madrid\/\/wp-content\/uploads\/ies.elespinillo.madrid\/2024\/05\/92-PlanesRefuerzoPendientes.fw_-1024x68.png 1024w, https:\/\/site.educa.madrid.org\/ies.elespinillo.madrid\/\/wp-content\/uploads\/ies.elespinillo.madrid\/2024\/05\/92-PlanesRefuerzoPendientes.fw_-300x20.png 300w, https:\/\/site.educa.madrid.org\/ies.elespinillo.madrid\/\/wp-content\/uploads\/ies.elespinillo.madrid\/2024\/05\/92-PlanesRefuerzoPendientes.fw_-768x51.png 768w, https:\/\/site.educa.madrid.org\/ies.elespinillo.madrid\/\/wp-content\/uploads\/ies.elespinillo.madrid\/2024\/05\/92-PlanesRefuerzoPendientes.fw_.png 1500w\" sizes=\"auto, (max-width: 1024px) 100vw, 1024px\" \/><\/figure>\n\n\n\n<hr class=\"wp-block-separator has-alpha-channel-opacity\"\/>\n\n\n\n<p>Ya est\u00e1n disponibles las fechas en las que se van a llevar a cabo en el centro las pruebas de recuperaci\u00f3n de materias pendientes de ESO y BACHILLERATO. A continuaci\u00f3n se pueden consultar ambos calendarios:<\/p>\n\n\n<div class=\"wp-block-image\">\n<figure class=\"aligncenter size-large is-resized\"><img loading=\"lazy\" decoding=\"async\" width=\"1024\" height=\"704\" src=\"https:\/\/site.educa.madrid.org\/ies.elespinillo.madrid\/\/wp-content\/uploads\/ies.elespinillo.madrid\/2026\/04\/examenesPendientesESO25-26.fw_-1-1024x704.png\" alt=\"\" class=\"wp-image-3794\" style=\"width:725px;height:auto\" srcset=\"https:\/\/site.educa.madrid.org\/ies.elespinillo.madrid\/\/wp-content\/uploads\/ies.elespinillo.madrid\/2026\/04\/examenesPendientesESO25-26.fw_-1-1024x704.png 1024w, https:\/\/site.educa.madrid.org\/ies.elespinillo.madrid\/\/wp-content\/uploads\/ies.elespinillo.madrid\/2026\/04\/examenesPendientesESO25-26.fw_-1-300x206.png 300w, https:\/\/site.educa.madrid.org\/ies.elespinillo.madrid\/\/wp-content\/uploads\/ies.elespinillo.madrid\/2026\/04\/examenesPendientesESO25-26.fw_-1-768x528.png 768w, https:\/\/site.educa.madrid.org\/ies.elespinillo.madrid\/\/wp-content\/uploads\/ies.elespinillo.madrid\/2026\/04\/examenesPendientesESO25-26.fw_-1.png 1108w\" sizes=\"auto, (max-width: 1024px) 100vw, 1024px\" \/><\/figure>\n<\/div>\n\n<div class=\"wp-block-image\">\n<figure class=\"aligncenter size-large is-resized\"><img loading=\"lazy\" decoding=\"async\" width=\"1024\" height=\"704\" src=\"https:\/\/site.educa.madrid.org\/ies.elespinillo.madrid\/\/wp-content\/uploads\/ies.elespinillo.madrid\/2026\/04\/examenesPendientesBACH25-26.fw_-1024x704.png\" alt=\"\" class=\"wp-image-3795\" style=\"width:690px;height:auto\" srcset=\"https:\/\/site.educa.madrid.org\/ies.elespinillo.madrid\/\/wp-content\/uploads\/ies.elespinillo.madrid\/2026\/04\/examenesPendientesBACH25-26.fw_-1024x704.png 1024w, https:\/\/site.educa.madrid.org\/ies.elespinillo.madrid\/\/wp-content\/uploads\/ies.elespinillo.madrid\/2026\/04\/examenesPendientesBACH25-26.fw_-300x206.png 300w, https:\/\/site.educa.madrid.org\/ies.elespinillo.madrid\/\/wp-content\/uploads\/ies.elespinillo.madrid\/2026\/04\/examenesPendientesBACH25-26.fw_-768x528.png 768w, https:\/\/site.educa.madrid.org\/ies.elespinillo.madrid\/\/wp-content\/uploads\/ies.elespinillo.madrid\/2026\/04\/examenesPendientesBACH25-26.fw_.png 1108w\" sizes=\"auto, (max-width: 1024px) 100vw, 1024px\" \/><\/figure>\n<\/div>\n\n\n<p>En el siguiente enlace se puede encontrar el <strong>CALENDARIO DE ATENCI\u00d3N A ALUMNADO CON MATERIAS PENDIENTES<\/strong> del presente <strong><mark style=\"background-color:rgba(0, 0, 0, 0)\" class=\"has-inline-color has-vivid-red-color\">curso 2025\/2026<\/mark><\/strong>.<\/p>\n\n\n\n<p><strong>Dicho calendario nos permitir\u00e1 conocer los d\u00edas de la semana, los profesores responsables  y las aulas en las que, en horario de 14:30 a 15:30, se imparten las clases de refuerzo<\/strong> que permitan a nuestros alumnos superar las materias no superadas de cursos anteriores. <\/p>\n\n\n\n<p>En el propio calendario, <strong>haciendo CLIC en los iconos de las flechas amarillas<\/strong>, se nos dirigir\u00e1 autom\u00e1ticamente a la secci\u00f3n de materias pendientes del Aula Virtual de cada uno de los departamentos. <\/p>\n\n\n\n<p>A continuaci\u00f3n os dejamos una imagen de lo que encontrar\u00e9is en el enlace:<\/p>\n\n\n<div class=\"wp-block-image\">\n<figure class=\"aligncenter size-full is-resized\"><img loading=\"lazy\" decoding=\"async\" width=\"820\" height=\"789\" src=\"https:\/\/site.educa.madrid.org\/ies.elespinillo.madrid\/\/wp-content\/uploads\/ies.elespinillo.madrid\/2025\/10\/PENDIENTES-2025-26.fw-2.png\" alt=\"\" class=\"wp-image-3573\" style=\"width:459px;height:auto\" srcset=\"https:\/\/site.educa.madrid.org\/ies.elespinillo.madrid\/\/wp-content\/uploads\/ies.elespinillo.madrid\/2025\/10\/PENDIENTES-2025-26.fw-2.png 820w, https:\/\/site.educa.madrid.org\/ies.elespinillo.madrid\/\/wp-content\/uploads\/ies.elespinillo.madrid\/2025\/10\/PENDIENTES-2025-26.fw-2-300x289.png 300w, https:\/\/site.educa.madrid.org\/ies.elespinillo.madrid\/\/wp-content\/uploads\/ies.elespinillo.madrid\/2025\/10\/PENDIENTES-2025-26.fw-2-768x739.png 768w\" sizes=\"auto, (max-width: 820px) 100vw, 820px\" \/><\/figure>\n<\/div>\n\n<div class=\"wp-block-image\">\n<figure class=\"aligncenter size-full\"><a href=\"https:\/\/cloud.educa.madrid.org\/s\/tJa5c7FqYGKxKZ6\" target=\"_blank\" rel=\"noreferrer noopener\"><img loading=\"lazy\" decoding=\"async\" width=\"128\" height=\"128\" src=\"https:\/\/site.educa.madrid.org\/ies.elespinillo.madrid\/\/wp-content\/uploads\/ies.elespinillo.madrid\/2024\/01\/documentoNube.fw_.png\" alt=\"\" class=\"wp-image-2186\"\/><\/a><figcaption class=\"wp-element-caption\"><strong>ENLACE<\/strong> a <em>Horarios de atenci\u00f3n para refuerzo de materias pendientes<br><strong>(Haz CLIC)<\/strong><\/em><\/figcaption><\/figure>\n<\/div>","protected":false},"excerpt":{"rendered":"<p>Ya est\u00e1n disponibles las fechas en las que se van a llevar a cabo en el centro las pruebas de recuperaci\u00f3n de materias pendientes de ESO y BACHILLERATO. A continuaci\u00f3n &#8230;<\/p>\n","protected":false},"author":2,"featured_media":0,"parent":2027,"menu_order":94,"comment_status":"closed","ping_status":"closed","template":"","meta":{"footnotes":""},"folder":[],"class_list":["post-2093","page","type-page","status-publish","hentry"],"rttpg_featured_image_url":null,"rttpg_author":{"display_name":"tic.ies.elespinillo.madrid","author_link":"https:\/\/site.educa.madrid.org\/ies.elespinillo.madrid\/index.php\/author\/cuenta_tic-ies-elespinillo-madrid\/"},"rttpg_comment":0,"rttpg_category":false,"rttpg_excerpt":"Ya est\u00e1n disponibles las fechas en las que se van a llevar a cabo en el centro las pruebas de recuperaci\u00f3n de materias pendientes de ESO y BACHILLERATO. A continuaci\u00f3n ...","post_mailing_queue_ids":[],"_links":{"self":[{"href":"https:\/\/site.educa.madrid.org\/ies.elespinillo.madrid\/index.php\/wp-json\/wp\/v2\/pages\/2093","targetHints":{"allow":["GET"]}}],"collection":[{"href":"https:\/\/site.educa.madrid.org\/ies.elespinillo.madrid\/index.php\/wp-json\/wp\/v2\/pages"}],"about":[{"href":"https:\/\/site.educa.madrid.org\/ies.elespinillo.madrid\/index.php\/wp-json\/wp\/v2\/types\/page"}],"author":[{"embeddable":true,"href":"https:\/\/site.educa.madrid.org\/ies.elespinillo.madrid\/index.php\/wp-json\/wp\/v2\/users\/2"}],"replies":[{"embeddable":true,"href":"https:\/\/site.educa.madrid.org\/ies.elespinillo.madrid\/index.php\/wp-json\/wp\/v2\/comments?post=2093"}],"version-history":[{"count":25,"href":"https:\/\/site.educa.madrid.org\/ies.elespinillo.madrid\/index.php\/wp-json\/wp\/v2\/pages\/2093\/revisions"}],"predecessor-version":[{"id":3797,"href":"https:\/\/site.educa.madrid.org\/ies.elespinillo.madrid\/index.php\/wp-json\/wp\/v2\/pages\/2093\/revisions\/3797"}],"up":[{"embeddable":true,"href":"https:\/\/site.educa.madrid.org\/ies.elespinillo.madrid\/index.php\/wp-json\/wp\/v2\/pages\/2027"}],"wp:attachment":[{"href":"https:\/\/site.educa.madrid.org\/ies.elespinillo.madrid\/index.php\/wp-json\/wp\/v2\/media?parent=2093"}],"wp:term":[{"taxonomy":"folder","embeddable":true,"href":"https:\/\/site.educa.madrid.org\/ies.elespinillo.madrid\/index.php\/wp-json\/wp\/v2\/folder?post=2093"}],"curies":[{"name":"wp","href":"https:\/\/api.w.org\/{rel}","templated":true}]}}