{"id":2095,"date":"2024-01-31T18:31:22","date_gmt":"2024-01-31T17:31:22","guid":{"rendered":"https:\/\/site.educa.madrid.org\/ies.elespinillo.madrid\/?page_id=2095"},"modified":"2025-05-26T10:00:29","modified_gmt":"2025-05-26T08:00:29","slug":"evaluaciones","status":"publish","type":"page","link":"https:\/\/site.educa.madrid.org\/ies.elespinillo.madrid\/index.php\/alumnado\/evaluaciones\/","title":{"rendered":"Calendarios"},"content":{"rendered":"\n<figure class=\"wp-block-image alignwide size-large\"><img loading=\"lazy\" decoding=\"async\" width=\"1024\" height=\"68\" src=\"https:\/\/site.educa.madrid.org\/ies.elespinillo.madrid\/\/wp-content\/uploads\/ies.elespinillo.madrid\/2025\/05\/91.calendarios.fw_-1024x68.png\" alt=\"\" class=\"wp-image-3418\" srcset=\"https:\/\/site.educa.madrid.org\/ies.elespinillo.madrid\/\/wp-content\/uploads\/ies.elespinillo.madrid\/2025\/05\/91.calendarios.fw_-1024x68.png 1024w, https:\/\/site.educa.madrid.org\/ies.elespinillo.madrid\/\/wp-content\/uploads\/ies.elespinillo.madrid\/2025\/05\/91.calendarios.fw_-300x20.png 300w, https:\/\/site.educa.madrid.org\/ies.elespinillo.madrid\/\/wp-content\/uploads\/ies.elespinillo.madrid\/2025\/05\/91.calendarios.fw_-768x51.png 768w, https:\/\/site.educa.madrid.org\/ies.elespinillo.madrid\/\/wp-content\/uploads\/ies.elespinillo.madrid\/2025\/05\/91.calendarios.fw_.png 1500w\" sizes=\"auto, (max-width: 1024px) 100vw, 1024px\" \/><\/figure>\n\n\n\n<p>En la siguiente secci\u00f3n ponemos a disposici\u00f3n del alumnado y sus familias aquellos calendarios dise\u00f1ados para facilitar su organizaci\u00f3n y planificaci\u00f3n acad\u00e9mica. La posibilidad de contar con estos calendarios permite a los estudiantes gestionar mejor su tiempo y aprovechar al m\u00e1ximo sus oportunidades.<\/p>\n\n\n\n<p>A la hora de hacer disponibles los calendarios se ha optado por hacer una diferenciaci\u00f3n seg\u00fan la etapa educativa en la que se encuentre el alumno, diferenciando de esta manera entre:<\/p>\n\n\n\n<ul class=\"wp-block-list\">\n<li>Calendario para alumnos E.S.O.<\/li>\n\n\n\n<li>Calendario para alumnos de BACHILLERATO.<\/li>\n<\/ul>\n\n\n\n<p><\/p>\n","protected":false},"excerpt":{"rendered":"<p>En la siguiente secci\u00f3n ponemos a disposici\u00f3n del alumnado y sus familias aquellos calendarios dise\u00f1ados para facilitar su organizaci\u00f3n y planificaci\u00f3n acad\u00e9mica. La posibilidad de contar con estos calendarios permite &#8230;<\/p>\n","protected":false},"author":2,"featured_media":0,"parent":2027,"menu_order":91,"comment_status":"closed","ping_status":"closed","template":"","meta":{"footnotes":""},"folder":[],"class_list":["post-2095","page","type-page","status-publish","hentry"],"rttpg_featured_image_url":null,"rttpg_author":{"display_name":"tic.ies.elespinillo.madrid","author_link":"https:\/\/site.educa.madrid.org\/ies.elespinillo.madrid\/index.php\/author\/cuenta_tic-ies-elespinillo-madrid\/"},"rttpg_comment":0,"rttpg_category":false,"rttpg_excerpt":"En la siguiente secci\u00f3n ponemos a disposici\u00f3n del alumnado y sus familias aquellos calendarios dise\u00f1ados para facilitar su organizaci\u00f3n y planificaci\u00f3n acad\u00e9mica. La posibilidad de contar con estos calendarios permite ...","post_mailing_queue_ids":[],"_links":{"self":[{"href":"https:\/\/site.educa.madrid.org\/ies.elespinillo.madrid\/index.php\/wp-json\/wp\/v2\/pages\/2095","targetHints":{"allow":["GET"]}}],"collection":[{"href":"https:\/\/site.educa.madrid.org\/ies.elespinillo.madrid\/index.php\/wp-json\/wp\/v2\/pages"}],"about":[{"href":"https:\/\/site.educa.madrid.org\/ies.elespinillo.madrid\/index.php\/wp-json\/wp\/v2\/types\/page"}],"author":[{"embeddable":true,"href":"https:\/\/site.educa.madrid.org\/ies.elespinillo.madrid\/index.php\/wp-json\/wp\/v2\/users\/2"}],"replies":[{"embeddable":true,"href":"https:\/\/site.educa.madrid.org\/ies.elespinillo.madrid\/index.php\/wp-json\/wp\/v2\/comments?post=2095"}],"version-history":[{"count":4,"href":"https:\/\/site.educa.madrid.org\/ies.elespinillo.madrid\/index.php\/wp-json\/wp\/v2\/pages\/2095\/revisions"}],"predecessor-version":[{"id":3419,"href":"https:\/\/site.educa.madrid.org\/ies.elespinillo.madrid\/index.php\/wp-json\/wp\/v2\/pages\/2095\/revisions\/3419"}],"up":[{"embeddable":true,"href":"https:\/\/site.educa.madrid.org\/ies.elespinillo.madrid\/index.php\/wp-json\/wp\/v2\/pages\/2027"}],"wp:attachment":[{"href":"https:\/\/site.educa.madrid.org\/ies.elespinillo.madrid\/index.php\/wp-json\/wp\/v2\/media?parent=2095"}],"wp:term":[{"taxonomy":"folder","embeddable":true,"href":"https:\/\/site.educa.madrid.org\/ies.elespinillo.madrid\/index.php\/wp-json\/wp\/v2\/folder?post=2095"}],"curies":[{"name":"wp","href":"https:\/\/api.w.org\/{rel}","templated":true}]}}