{"id":2097,"date":"2024-01-31T18:32:31","date_gmt":"2024-01-31T17:32:31","guid":{"rendered":"https:\/\/site.educa.madrid.org\/ies.elespinillo.madrid\/?page_id=2097"},"modified":"2025-05-26T10:11:20","modified_gmt":"2025-05-26T08:11:20","slug":"convivencia","status":"publish","type":"page","link":"https:\/\/site.educa.madrid.org\/ies.elespinillo.madrid\/index.php\/alumnado\/convivencia\/","title":{"rendered":"Convivencia Alumnos"},"content":{"rendered":"\n<figure class=\"wp-block-image alignwide size-large\"><img loading=\"lazy\" decoding=\"async\" width=\"1024\" height=\"68\" src=\"https:\/\/site.educa.madrid.org\/ies.elespinillo.madrid\/\/wp-content\/uploads\/ies.elespinillo.madrid\/2024\/03\/encabezadoGeneralPaginas.fw_-8-1024x68.png\" alt=\"\" class=\"wp-image-2344\" srcset=\"https:\/\/site.educa.madrid.org\/ies.elespinillo.madrid\/\/wp-content\/uploads\/ies.elespinillo.madrid\/2024\/03\/encabezadoGeneralPaginas.fw_-8-1024x68.png 1024w, https:\/\/site.educa.madrid.org\/ies.elespinillo.madrid\/\/wp-content\/uploads\/ies.elespinillo.madrid\/2024\/03\/encabezadoGeneralPaginas.fw_-8-300x20.png 300w, https:\/\/site.educa.madrid.org\/ies.elespinillo.madrid\/\/wp-content\/uploads\/ies.elespinillo.madrid\/2024\/03\/encabezadoGeneralPaginas.fw_-8-768x51.png 768w, https:\/\/site.educa.madrid.org\/ies.elespinillo.madrid\/\/wp-content\/uploads\/ies.elespinillo.madrid\/2024\/03\/encabezadoGeneralPaginas.fw_-8.png 1500w\" sizes=\"auto, (max-width: 1024px) 100vw, 1024px\" \/><\/figure>\n\n\n\n<p><\/p>\n\n\n\n<p class=\"has-text-align-left\" style=\"font-size:14px;font-style:normal;font-weight:400\">En el IES El Espinillo trabajamos a diario para mantener un clima de respeto y un ambiente de convivencia que permita a nuestro alumnado centrarse en sus estudios. No obstante, sabemos que a veces se pueden producir conflictos.&nbsp;<\/p>\n\n\n\n<p class=\"has-text-align-left\" style=\"font-size:14px\">En este <strong>tr\u00edptico<\/strong> dispones de informaci\u00f3n \u00fatil sobre c\u00f3mo actuar dentro del centro si hay alguna situaci\u00f3n que no te parece justa, as\u00ed como las <strong>direcciones de correo electr\u00f3nico<\/strong> a donde te puedes dirigir si quieres notificarlo desde casa.<\/p>\n\n\n\n<div style=\"height:30px\" aria-hidden=\"true\" class=\"wp-block-spacer\"><\/div>\n\n\n\n<center><iframe loading=\"lazy\" src=\"https:\/\/mediateca.educa.madrid.org\/documentos\/j8wz6sdtm5gfcrze\/fs\" width=\"750\" height=\"461\n\" frameborder=\"0\" scrolling=\"no\" style=\"border:0;overflow:hidden\" allowfullscreen><\/iframe><\/center>\n","protected":false},"excerpt":{"rendered":"<p>En el IES El Espinillo trabajamos a diario para mantener un clima de respeto y un ambiente de convivencia que permita a nuestro alumnado centrarse en sus estudios. No obstante, &#8230;<\/p>\n","protected":false},"author":2,"featured_media":0,"parent":2027,"menu_order":96,"comment_status":"closed","ping_status":"closed","template":"","meta":{"footnotes":""},"folder":[],"class_list":["post-2097","page","type-page","status-publish","hentry"],"rttpg_featured_image_url":null,"rttpg_author":{"display_name":"tic.ies.elespinillo.madrid","author_link":"https:\/\/site.educa.madrid.org\/ies.elespinillo.madrid\/index.php\/author\/cuenta_tic-ies-elespinillo-madrid\/"},"rttpg_comment":0,"rttpg_category":false,"rttpg_excerpt":"En el IES El Espinillo trabajamos a diario para mantener un clima de respeto y un ambiente de convivencia que permita a nuestro alumnado centrarse en sus estudios. No obstante, ...","post_mailing_queue_ids":[],"_links":{"self":[{"href":"https:\/\/site.educa.madrid.org\/ies.elespinillo.madrid\/index.php\/wp-json\/wp\/v2\/pages\/2097","targetHints":{"allow":["GET"]}}],"collection":[{"href":"https:\/\/site.educa.madrid.org\/ies.elespinillo.madrid\/index.php\/wp-json\/wp\/v2\/pages"}],"about":[{"href":"https:\/\/site.educa.madrid.org\/ies.elespinillo.madrid\/index.php\/wp-json\/wp\/v2\/types\/page"}],"author":[{"embeddable":true,"href":"https:\/\/site.educa.madrid.org\/ies.elespinillo.madrid\/index.php\/wp-json\/wp\/v2\/users\/2"}],"replies":[{"embeddable":true,"href":"https:\/\/site.educa.madrid.org\/ies.elespinillo.madrid\/index.php\/wp-json\/wp\/v2\/comments?post=2097"}],"version-history":[{"count":41,"href":"https:\/\/site.educa.madrid.org\/ies.elespinillo.madrid\/index.php\/wp-json\/wp\/v2\/pages\/2097\/revisions"}],"predecessor-version":[{"id":2353,"href":"https:\/\/site.educa.madrid.org\/ies.elespinillo.madrid\/index.php\/wp-json\/wp\/v2\/pages\/2097\/revisions\/2353"}],"up":[{"embeddable":true,"href":"https:\/\/site.educa.madrid.org\/ies.elespinillo.madrid\/index.php\/wp-json\/wp\/v2\/pages\/2027"}],"wp:attachment":[{"href":"https:\/\/site.educa.madrid.org\/ies.elespinillo.madrid\/index.php\/wp-json\/wp\/v2\/media?parent=2097"}],"wp:term":[{"taxonomy":"folder","embeddable":true,"href":"https:\/\/site.educa.madrid.org\/ies.elespinillo.madrid\/index.php\/wp-json\/wp\/v2\/folder?post=2097"}],"curies":[{"name":"wp","href":"https:\/\/api.w.org\/{rel}","templated":true}]}}