{"id":2109,"date":"2024-01-31T18:47:11","date_gmt":"2024-01-31T17:47:11","guid":{"rendered":"https:\/\/site.educa.madrid.org\/ies.elespinillo.madrid\/?page_id=2109"},"modified":"2025-11-11T11:39:37","modified_gmt":"2025-11-11T10:39:37","slug":"programa-accede","status":"publish","type":"page","link":"https:\/\/site.educa.madrid.org\/ies.elespinillo.madrid\/index.php\/familias\/programa-accede\/","title":{"rendered":"Programa ACCEDE"},"content":{"rendered":"\n<figure class=\"wp-block-image alignwide size-large\"><img loading=\"lazy\" decoding=\"async\" width=\"1024\" height=\"68\" src=\"https:\/\/site.educa.madrid.org\/ies.elespinillo.madrid\/\/wp-content\/uploads\/ies.elespinillo.madrid\/2024\/06\/112.ProgramaAccede.fw_-1024x68.png\" alt=\"\" class=\"wp-image-2726\" srcset=\"https:\/\/site.educa.madrid.org\/ies.elespinillo.madrid\/\/wp-content\/uploads\/ies.elespinillo.madrid\/2024\/06\/112.ProgramaAccede.fw_-1024x68.png 1024w, https:\/\/site.educa.madrid.org\/ies.elespinillo.madrid\/\/wp-content\/uploads\/ies.elespinillo.madrid\/2024\/06\/112.ProgramaAccede.fw_-300x20.png 300w, https:\/\/site.educa.madrid.org\/ies.elespinillo.madrid\/\/wp-content\/uploads\/ies.elespinillo.madrid\/2024\/06\/112.ProgramaAccede.fw_-768x51.png 768w, https:\/\/site.educa.madrid.org\/ies.elespinillo.madrid\/\/wp-content\/uploads\/ies.elespinillo.madrid\/2024\/06\/112.ProgramaAccede.fw_.png 1500w\" sizes=\"auto, (max-width: 1024px) 100vw, 1024px\" \/><\/figure>\n\n\n\n<figure class=\"wp-block-image size-large\"><img loading=\"lazy\" decoding=\"async\" width=\"1024\" height=\"48\" src=\"https:\/\/site.educa.madrid.org\/ies.elespinillo.madrid\/\/wp-content\/uploads\/ies.elespinillo.madrid\/2025\/11\/mailACCEDE.fw_-1024x48.png\" alt=\"\" class=\"wp-image-3609\" srcset=\"https:\/\/site.educa.madrid.org\/ies.elespinillo.madrid\/\/wp-content\/uploads\/ies.elespinillo.madrid\/2025\/11\/mailACCEDE.fw_-1024x48.png 1024w, https:\/\/site.educa.madrid.org\/ies.elespinillo.madrid\/\/wp-content\/uploads\/ies.elespinillo.madrid\/2025\/11\/mailACCEDE.fw_-300x14.png 300w, https:\/\/site.educa.madrid.org\/ies.elespinillo.madrid\/\/wp-content\/uploads\/ies.elespinillo.madrid\/2025\/11\/mailACCEDE.fw_-768x36.png 768w, https:\/\/site.educa.madrid.org\/ies.elespinillo.madrid\/\/wp-content\/uploads\/ies.elespinillo.madrid\/2025\/11\/mailACCEDE.fw_.png 1055w\" sizes=\"auto, (max-width: 1024px) 100vw, 1024px\" \/><\/figure>\n\n\n\n<h4 class=\"wp-block-heading\">\u00bfQu\u00e9 es el programa Accede?<\/h4>\n\n\n\n<p>El Programa ACCEDE es el sistema de pr\u00e9stamos de libros de texto de la Comunidad de Madrid. Busca garantizar la gratuidad de los libros de texto y el material curricular a todos los alumnos que cursen las ense\u00f1anzas de Educaci\u00f3n Primaria, Educaci\u00f3n Secundaria Obligatoria y Formaci\u00f3n Profesional B\u00e1sica en todos los centros docentes sostenidos con fondos p\u00fablicos en la Comunidad de Madrid.<\/p>\n\n\n\n<h4 class=\"wp-block-heading\"><strong>\u00bfPor qu\u00e9 el Programa ACCEDE?<\/strong><\/h4>\n\n\n\n<p>El Programa ACCEDE es el sistema elegido por la Comunidad de Madrid para profundizar en la efectiva gratuidad de la ense\u00f1anza b\u00e1sica, en cumplimiento del derecho fundamental a la educaci\u00f3n que establece el art\u00edculo 27.1 de la Constituci\u00f3n espa\u00f1ola. Adem\u00e1s, la Ley Org\u00e1nica 2\/2006, de 3 de mayo, de Educaci\u00f3n establece que la ense\u00f1anza b\u00e1sica es obligatoria y gratuita para todas las personas.<\/p>\n\n\n\n<p><em>\u00abLas Administraciones educativas dotar\u00e1n a los centros de los recursos necesarios para hacer posible&nbsp; la gratuidad de las ense\u00f1anzas de car\u00e1cter gratuita\u00bb<\/em>. (Art\u00edculo 88.2 de la Ley Org\u00e1nica de Educaci\u00f3n)<\/p>\n\n\n\n<h4 class=\"wp-block-heading\"><strong>\u00bfC\u00f3mo funciona el Programa ACCEDE?<\/strong><\/h4>\n\n\n\n<p>El Programa ACCEDE funciona mediante la creaci\u00f3n de un banco de libros en cada centro escolar y la puesta en marcha de un sistema de pr\u00e9stamo. La gesti\u00f3n y supervisi\u00f3n del sistema en cada centro corre a cargo de una comisi\u00f3n dependiente del Consejo Escolar y en global de una Comisi\u00f3n de Seguimiento dependiente de la Administraci\u00f3n.<\/p>\n\n\n\n<h4 class=\"wp-block-heading\"><strong>\u00bfQui\u00e9nes pueden beneficiarse de este programa?<\/strong><\/h4>\n\n\n\n<p>Todos los alumnos que cursen las ense\u00f1anzas de Educaci\u00f3n Primaria, Educaci\u00f3n Secundaria Obligatoria y Formaci\u00f3n Profesional B\u00e1sica en todos los centros docentes sostenidos con fondos p\u00fablicos en la Comunidad de Madrid. Esto incluye a los alumnos escolarizados en centros sostenidos con fondos p\u00fablicos de educaci\u00f3n especial.<\/p>\n\n\n\n<h4 class=\"wp-block-heading\"><strong><strong>\u00bfPor qu\u00e9 es importante el Programa ACCEDE?<\/strong><\/strong><\/h4>\n\n\n\n<p>La gratuidad de la educaci\u00f3n b\u00e1sica es un derecho fundamental que garantiza la igualdad de oportunidades de los ciudadanos. El Programa ACCEDE de la Comunidad de Madrid contribuye a este objetivo al garantizar el acceso a los libros de texto y el material curricular sin coste alguno para las familias, al mismo tiempo que fomenta la reutilizaci\u00f3n de los recursos educativos y promueve la sostenibilidad.<\/p>\n\n\n\n<p><\/p>\n\n\n\n<p><em>La fuente oficial de informaci\u00f3n del programa ACCEDE puede encontrarlo haciendo clic en la siguiente imagen que nos redirige al sitio web de la Comunidad de Madrid<\/em><\/p>\n\n\n<div class=\"wp-block-image\">\n<figure class=\"aligncenter size-full is-resized\"><a href=\"https:\/\/www.comunidad.madrid\/servicios\/educacion\/programa-accede\" target=\"_blank\" rel=\"noreferrer noopener\"><img loading=\"lazy\" decoding=\"async\" width=\"318\" height=\"159\" src=\"https:\/\/site.educa.madrid.org\/ies.elespinillo.madrid\/\/wp-content\/uploads\/ies.elespinillo.madrid\/2024\/09\/logoAccede.png\" alt=\"\" class=\"wp-image-2846\" style=\"width:324px;height:auto\" srcset=\"https:\/\/site.educa.madrid.org\/ies.elespinillo.madrid\/\/wp-content\/uploads\/ies.elespinillo.madrid\/2024\/09\/logoAccede.png 318w, https:\/\/site.educa.madrid.org\/ies.elespinillo.madrid\/\/wp-content\/uploads\/ies.elespinillo.madrid\/2024\/09\/logoAccede-300x150.png 300w\" sizes=\"auto, (max-width: 318px) 100vw, 318px\" \/><\/a><\/figure>\n<\/div>\n\n\n<p><\/p>\n","protected":false},"excerpt":{"rendered":"<p>\u00bfQu\u00e9 es el programa Accede? El Programa ACCEDE es el sistema de pr\u00e9stamos de libros de texto de la Comunidad de Madrid. Busca garantizar la gratuidad de los libros de &#8230;<\/p>\n","protected":false},"author":2,"featured_media":0,"parent":2034,"menu_order":112,"comment_status":"closed","ping_status":"closed","template":"","meta":{"footnotes":""},"folder":[],"class_list":["post-2109","page","type-page","status-publish","hentry"],"rttpg_featured_image_url":null,"rttpg_author":{"display_name":"tic.ies.elespinillo.madrid","author_link":"https:\/\/site.educa.madrid.org\/ies.elespinillo.madrid\/index.php\/author\/cuenta_tic-ies-elespinillo-madrid\/"},"rttpg_comment":0,"rttpg_category":false,"rttpg_excerpt":"\u00bfQu\u00e9 es el programa Accede? El Programa ACCEDE es el sistema de pr\u00e9stamos de libros de texto de la Comunidad de Madrid. Busca garantizar la gratuidad de los libros de ...","post_mailing_queue_ids":[],"_links":{"self":[{"href":"https:\/\/site.educa.madrid.org\/ies.elespinillo.madrid\/index.php\/wp-json\/wp\/v2\/pages\/2109","targetHints":{"allow":["GET"]}}],"collection":[{"href":"https:\/\/site.educa.madrid.org\/ies.elespinillo.madrid\/index.php\/wp-json\/wp\/v2\/pages"}],"about":[{"href":"https:\/\/site.educa.madrid.org\/ies.elespinillo.madrid\/index.php\/wp-json\/wp\/v2\/types\/page"}],"author":[{"embeddable":true,"href":"https:\/\/site.educa.madrid.org\/ies.elespinillo.madrid\/index.php\/wp-json\/wp\/v2\/users\/2"}],"replies":[{"embeddable":true,"href":"https:\/\/site.educa.madrid.org\/ies.elespinillo.madrid\/index.php\/wp-json\/wp\/v2\/comments?post=2109"}],"version-history":[{"count":15,"href":"https:\/\/site.educa.madrid.org\/ies.elespinillo.madrid\/index.php\/wp-json\/wp\/v2\/pages\/2109\/revisions"}],"predecessor-version":[{"id":3612,"href":"https:\/\/site.educa.madrid.org\/ies.elespinillo.madrid\/index.php\/wp-json\/wp\/v2\/pages\/2109\/revisions\/3612"}],"up":[{"embeddable":true,"href":"https:\/\/site.educa.madrid.org\/ies.elespinillo.madrid\/index.php\/wp-json\/wp\/v2\/pages\/2034"}],"wp:attachment":[{"href":"https:\/\/site.educa.madrid.org\/ies.elespinillo.madrid\/index.php\/wp-json\/wp\/v2\/media?parent=2109"}],"wp:term":[{"taxonomy":"folder","embeddable":true,"href":"https:\/\/site.educa.madrid.org\/ies.elespinillo.madrid\/index.php\/wp-json\/wp\/v2\/folder?post=2109"}],"curies":[{"name":"wp","href":"https:\/\/api.w.org\/{rel}","templated":true}]}}