{"id":2111,"date":"2024-01-31T18:47:54","date_gmt":"2024-01-31T17:47:54","guid":{"rendered":"https:\/\/site.educa.madrid.org\/ies.elespinillo.madrid\/?page_id=2111"},"modified":"2025-11-11T22:29:30","modified_gmt":"2025-11-11T21:29:30","slug":"criterios-de-evaluacion","status":"publish","type":"page","link":"https:\/\/site.educa.madrid.org\/ies.elespinillo.madrid\/index.php\/familias\/criterios-de-evaluacion\/","title":{"rendered":"Criterios de Evaluaci\u00f3n"},"content":{"rendered":"\n<figure class=\"wp-block-image alignwide size-large\"><img loading=\"lazy\" decoding=\"async\" width=\"1024\" height=\"68\" src=\"https:\/\/site.educa.madrid.org\/ies.elespinillo.madrid\/\/wp-content\/uploads\/ies.elespinillo.madrid\/2025\/02\/117.criteriosDeEvaluacion.fw_-1024x68.png\" alt=\"\" class=\"wp-image-3031\" srcset=\"https:\/\/site.educa.madrid.org\/ies.elespinillo.madrid\/\/wp-content\/uploads\/ies.elespinillo.madrid\/2025\/02\/117.criteriosDeEvaluacion.fw_-1024x68.png 1024w, https:\/\/site.educa.madrid.org\/ies.elespinillo.madrid\/\/wp-content\/uploads\/ies.elespinillo.madrid\/2025\/02\/117.criteriosDeEvaluacion.fw_-300x20.png 300w, https:\/\/site.educa.madrid.org\/ies.elespinillo.madrid\/\/wp-content\/uploads\/ies.elespinillo.madrid\/2025\/02\/117.criteriosDeEvaluacion.fw_-768x51.png 768w, https:\/\/site.educa.madrid.org\/ies.elespinillo.madrid\/\/wp-content\/uploads\/ies.elespinillo.madrid\/2025\/02\/117.criteriosDeEvaluacion.fw_.png 1500w\" sizes=\"auto, (max-width: 1024px) 100vw, 1024px\" \/><\/figure>\n\n\n\n<p>En el siguiente enlace se tiene acceso a la visualizaci\u00f3n de los <strong>extractos de las programaciones de todos los departamentos did\u00e1cticos del centro<\/strong> <strong>para el <\/strong><mark style=\"background-color:rgba(0, 0, 0, 0)\" class=\"has-inline-color has-vivid-red-color\"><strong>curso acad\u00e9mico 2025\/2026<\/strong>.<\/mark> Para ello se accede a una carpeta de Cloud en la que a su vez podemos encontrar una serie de carpetas con los extractos de las programaciones de cada una de las materias impartidas por cada uno de los departamentos.<\/p>\n\n\n\n<p>En los documentos se <strong>pueden consultar, por cada materia y departamento<\/strong>, los siguientes elementos:<\/p>\n\n\n\n<ul class=\"wp-block-list\">\n<li><em><strong>Contenidos<\/strong><\/em><\/li>\n\n\n\n<li><em><strong>Criterios de Evaluaci\u00f3n y Calificaci\u00f3n<\/strong><\/em><\/li>\n\n\n\n<li><em>Procedimientos e <strong>instrumentos de Evaluaci\u00f3n<\/strong><\/em><\/li>\n\n\n\n<li>Sistemas de<strong> r<em>ecuperaci\u00f3n<\/em><\/strong><\/li>\n\n\n\n<li><em>Observaciones.<\/em><\/li>\n<\/ul>\n\n\n\n<p>Al hacer CLIC en el enlace podr\u00e1s encontrar algo como lo que ves en la siguiente imagen. Pueden consultar la organizaci\u00f3n en carpetas por cada uno de los departamentos did\u00e1cticos.<\/p>\n\n\n\n<figure class=\"wp-block-image size-full\"><img loading=\"lazy\" decoding=\"async\" width=\"1555\" height=\"782\" src=\"https:\/\/site.educa.madrid.org\/ies.elespinillo.madrid\/\/wp-content\/uploads\/ies.elespinillo.madrid\/2025\/11\/extractosProgramaciones.fw_.png\" alt=\"\" class=\"wp-image-3613\" srcset=\"https:\/\/site.educa.madrid.org\/ies.elespinillo.madrid\/\/wp-content\/uploads\/ies.elespinillo.madrid\/2025\/11\/extractosProgramaciones.fw_.png 1555w, https:\/\/site.educa.madrid.org\/ies.elespinillo.madrid\/\/wp-content\/uploads\/ies.elespinillo.madrid\/2025\/11\/extractosProgramaciones.fw_-300x150.png 300w, https:\/\/site.educa.madrid.org\/ies.elespinillo.madrid\/\/wp-content\/uploads\/ies.elespinillo.madrid\/2025\/11\/extractosProgramaciones.fw_-1024x515.png 1024w, https:\/\/site.educa.madrid.org\/ies.elespinillo.madrid\/\/wp-content\/uploads\/ies.elespinillo.madrid\/2025\/11\/extractosProgramaciones.fw_-768x386.png 768w, https:\/\/site.educa.madrid.org\/ies.elespinillo.madrid\/\/wp-content\/uploads\/ies.elespinillo.madrid\/2025\/11\/extractosProgramaciones.fw_-1536x772.png 1536w\" sizes=\"auto, (max-width: 1555px) 100vw, 1555px\" \/><\/figure>\n\n\n<div class=\"wp-block-image\">\n<figure class=\"aligncenter size-full\"><a href=\"https:\/\/cloud.educa.madrid.org\/s\/eMm84tWz7ywq5R7\" target=\"_blank\" rel=\"noreferrer noopener\"><img loading=\"lazy\" decoding=\"async\" width=\"128\" height=\"128\" src=\"https:\/\/site.educa.madrid.org\/ies.elespinillo.madrid\/\/wp-content\/uploads\/ies.elespinillo.madrid\/2025\/02\/image-1.png\" alt=\"\" class=\"wp-image-3036\"\/><\/a><figcaption class=\"wp-element-caption\"><em>Haz CLIC para acceder a los <\/em><strong><em>Extractos de las Programaciones Did\u00e1cticas<\/em> <mark style=\"background-color:rgba(0, 0, 0, 0)\" class=\"has-inline-color has-vivid-red-color\">(25-26)<\/mark><\/strong><\/figcaption><\/figure>\n<\/div>\n\n\n<p><\/p>\n","protected":false},"excerpt":{"rendered":"<p>En el siguiente enlace se tiene acceso a la visualizaci\u00f3n de los extractos de las programaciones de todos los departamentos did\u00e1cticos del centro para el curso acad\u00e9mico 2025\/2026. Para ello &#8230;<\/p>\n","protected":false},"author":2,"featured_media":0,"parent":2034,"menu_order":115,"comment_status":"closed","ping_status":"closed","template":"","meta":{"footnotes":""},"folder":[],"class_list":["post-2111","page","type-page","status-publish","hentry"],"rttpg_featured_image_url":null,"rttpg_author":{"display_name":"tic.ies.elespinillo.madrid","author_link":"https:\/\/site.educa.madrid.org\/ies.elespinillo.madrid\/index.php\/author\/cuenta_tic-ies-elespinillo-madrid\/"},"rttpg_comment":0,"rttpg_category":false,"rttpg_excerpt":"En el siguiente enlace se tiene acceso a la visualizaci\u00f3n de los extractos de las programaciones de todos los departamentos did\u00e1cticos del centro para el curso acad\u00e9mico 2025\/2026. Para ello ...","post_mailing_queue_ids":[],"_links":{"self":[{"href":"https:\/\/site.educa.madrid.org\/ies.elespinillo.madrid\/index.php\/wp-json\/wp\/v2\/pages\/2111","targetHints":{"allow":["GET"]}}],"collection":[{"href":"https:\/\/site.educa.madrid.org\/ies.elespinillo.madrid\/index.php\/wp-json\/wp\/v2\/pages"}],"about":[{"href":"https:\/\/site.educa.madrid.org\/ies.elespinillo.madrid\/index.php\/wp-json\/wp\/v2\/types\/page"}],"author":[{"embeddable":true,"href":"https:\/\/site.educa.madrid.org\/ies.elespinillo.madrid\/index.php\/wp-json\/wp\/v2\/users\/2"}],"replies":[{"embeddable":true,"href":"https:\/\/site.educa.madrid.org\/ies.elespinillo.madrid\/index.php\/wp-json\/wp\/v2\/comments?post=2111"}],"version-history":[{"count":6,"href":"https:\/\/site.educa.madrid.org\/ies.elespinillo.madrid\/index.php\/wp-json\/wp\/v2\/pages\/2111\/revisions"}],"predecessor-version":[{"id":3617,"href":"https:\/\/site.educa.madrid.org\/ies.elespinillo.madrid\/index.php\/wp-json\/wp\/v2\/pages\/2111\/revisions\/3617"}],"up":[{"embeddable":true,"href":"https:\/\/site.educa.madrid.org\/ies.elespinillo.madrid\/index.php\/wp-json\/wp\/v2\/pages\/2034"}],"wp:attachment":[{"href":"https:\/\/site.educa.madrid.org\/ies.elespinillo.madrid\/index.php\/wp-json\/wp\/v2\/media?parent=2111"}],"wp:term":[{"taxonomy":"folder","embeddable":true,"href":"https:\/\/site.educa.madrid.org\/ies.elespinillo.madrid\/index.php\/wp-json\/wp\/v2\/folder?post=2111"}],"curies":[{"name":"wp","href":"https:\/\/api.w.org\/{rel}","templated":true}]}}