{"id":2115,"date":"2024-01-31T18:50:36","date_gmt":"2024-01-31T17:50:36","guid":{"rendered":"https:\/\/site.educa.madrid.org\/ies.elespinillo.madrid\/?page_id=2115"},"modified":"2026-05-04T11:21:41","modified_gmt":"2026-05-04T09:21:41","slug":"ampa","status":"publish","type":"page","link":"https:\/\/site.educa.madrid.org\/ies.elespinillo.madrid\/index.php\/familias\/ampa\/","title":{"rendered":"AMPA"},"content":{"rendered":"\n<figure class=\"wp-block-image alignwide size-large\"><img loading=\"lazy\" decoding=\"async\" width=\"1024\" height=\"68\" src=\"https:\/\/site.educa.madrid.org\/ies.elespinillo.madrid\/\/wp-content\/uploads\/ies.elespinillo.madrid\/2024\/05\/116.AMPA_.fw_-1024x68.png\" alt=\"\" class=\"wp-image-2721\" srcset=\"https:\/\/site.educa.madrid.org\/ies.elespinillo.madrid\/\/wp-content\/uploads\/ies.elespinillo.madrid\/2024\/05\/116.AMPA_.fw_-1024x68.png 1024w, https:\/\/site.educa.madrid.org\/ies.elespinillo.madrid\/\/wp-content\/uploads\/ies.elespinillo.madrid\/2024\/05\/116.AMPA_.fw_-300x20.png 300w, https:\/\/site.educa.madrid.org\/ies.elespinillo.madrid\/\/wp-content\/uploads\/ies.elespinillo.madrid\/2024\/05\/116.AMPA_.fw_-768x51.png 768w, https:\/\/site.educa.madrid.org\/ies.elespinillo.madrid\/\/wp-content\/uploads\/ies.elespinillo.madrid\/2024\/05\/116.AMPA_.fw_.png 1500w\" sizes=\"auto, (max-width: 1024px) 100vw, 1024px\" \/><\/figure>\n\n\n<div class=\"wp-block-image\">\n<figure class=\"aligncenter size-full is-resized\"><a href=\"https:\/\/ampaiesespinillo.blogspot.com\" target=\"_blank\" rel=\"noreferrer noopener\"><img loading=\"lazy\" decoding=\"async\" width=\"214\" height=\"220\" src=\"https:\/\/site.educa.madrid.org\/ies.elespinillo.madrid\/\/wp-content\/uploads\/ies.elespinillo.madrid\/2025\/02\/LOGO-AMPA.jpg\" alt=\"\" class=\"wp-image-3077\" style=\"width:140px;height:auto\"\/><\/a><figcaption class=\"wp-element-caption\">CLIC en el logo para dirigirte al blog del AMPA<\/figcaption><\/figure>\n<\/div>\n\n\n<p>Desde la <strong>Asociaci\u00f3n de Madres y Padres del IES \u201cEl Espinillo\u201d <\/strong>queremos hacer un llamamiento a la participaci\u00f3n en nuestra<br>Comunidad Educativa. La Junta Directiva del AMPA est\u00e1 formada por padres y madres que ejercen sus funciones de manera<br>voluntaria. Nuestras <strong>actividades<\/strong> ser\u00edan, entre otras cosas:<\/p>\n\n\n\n<ol class=\"wp-block-list\">\n<li>Participar en la elaboraci\u00f3n del Proyecto Educativo del Centro.<\/li>\n\n\n\n<li>Ser miembros del Consejo Escolar.<\/li>\n\n\n\n<li>Organizar la Graduaci\u00f3n de los Alumnos de 4\u00ba de ESO. Hacer y regalar la foto grupal de clase.<\/li>\n\n\n\n<li>Sortear entre los socios, una aportaci\u00f3n econ\u00f3mica para los viajes de estudios del centro a Francia, Andorra, Italia o Irlanda.<\/li>\n\n\n\n<li>Realizar talleres impartidos por profesionales, para las familias del centro, sobre temas que afectan a nuestros hijos e hijas<br>(drogas, sexo, redes sociales\u2026)<\/li>\n\n\n\n<li>Realizar escritos a la Administraci\u00f3n para plantear situaciones del d\u00eda a d\u00eda en el centro (falta de profesores, problemas<br>con la plataforma educativa..).<\/li>\n\n\n\n<li>Apoyar a la Direcci\u00f3n del centro seg\u00fan necesidades (participar en actividades, realizaci\u00f3n de escritos\u2026).<\/li>\n\n\n\n<li>Cooperar con aportaciones econ\u00f3micas para alguna actividad del centro (excursiones, talleres\u2026)<\/li>\n\n\n\n<li>Pertenecer a la FAPA Giner de los R\u00edos, obteniendo descuentos en m\u00faltiples actividades y poder asistir a eventos de<br>inter\u00e9s educativo.<\/li>\n<\/ol>\n\n\n\n<p>A continuaci\u00f3n os dejamos el <strong>formulario de inscripci\u00f3n<\/strong> para aquellos de vosotros que est\u00e9is interesados en colaborar con nosotros<\/p>\n\n\n<div class=\"wp-block-image\">\n<figure class=\"aligncenter size-full is-resized\"><a href=\"https:\/\/cloud.educa.madrid.org\/s\/GtRDeRwtaDBRQk8\" target=\"_blank\" rel=\"noreferrer noopener\"><img loading=\"lazy\" decoding=\"async\" width=\"256\" height=\"256\" src=\"https:\/\/site.educa.madrid.org\/ies.elespinillo.madrid\/\/wp-content\/uploads\/ies.elespinillo.madrid\/2024\/05\/inscripcionAMPA.png\" alt=\"\" class=\"wp-image-2722\" style=\"width:150px;height:150px\" srcset=\"https:\/\/site.educa.madrid.org\/ies.elespinillo.madrid\/\/wp-content\/uploads\/ies.elespinillo.madrid\/2024\/05\/inscripcionAMPA.png 256w, https:\/\/site.educa.madrid.org\/ies.elespinillo.madrid\/\/wp-content\/uploads\/ies.elespinillo.madrid\/2024\/05\/inscripcionAMPA-150x150.png 150w\" sizes=\"auto, (max-width: 256px) 100vw, 256px\" \/><\/a><\/figure>\n<\/div>","protected":false},"excerpt":{"rendered":"<p>Desde la Asociaci\u00f3n de Madres y Padres del IES \u201cEl Espinillo\u201d queremos hacer un llamamiento a la participaci\u00f3n en nuestraComunidad Educativa. La Junta Directiva del AMPA est\u00e1 formada por padres &#8230;<\/p>\n","protected":false},"author":2,"featured_media":0,"parent":2034,"menu_order":120,"comment_status":"closed","ping_status":"closed","template":"","meta":{"footnotes":""},"folder":[],"class_list":["post-2115","page","type-page","status-publish","hentry"],"rttpg_featured_image_url":null,"rttpg_author":{"display_name":"tic.ies.elespinillo.madrid","author_link":"https:\/\/site.educa.madrid.org\/ies.elespinillo.madrid\/index.php\/author\/cuenta_tic-ies-elespinillo-madrid\/"},"rttpg_comment":0,"rttpg_category":false,"rttpg_excerpt":"Desde la Asociaci\u00f3n de Madres y Padres del IES \u201cEl Espinillo\u201d queremos hacer un llamamiento a la participaci\u00f3n en nuestraComunidad Educativa. La Junta Directiva del AMPA est\u00e1 formada por padres ...","post_mailing_queue_ids":[],"_links":{"self":[{"href":"https:\/\/site.educa.madrid.org\/ies.elespinillo.madrid\/index.php\/wp-json\/wp\/v2\/pages\/2115","targetHints":{"allow":["GET"]}}],"collection":[{"href":"https:\/\/site.educa.madrid.org\/ies.elespinillo.madrid\/index.php\/wp-json\/wp\/v2\/pages"}],"about":[{"href":"https:\/\/site.educa.madrid.org\/ies.elespinillo.madrid\/index.php\/wp-json\/wp\/v2\/types\/page"}],"author":[{"embeddable":true,"href":"https:\/\/site.educa.madrid.org\/ies.elespinillo.madrid\/index.php\/wp-json\/wp\/v2\/users\/2"}],"replies":[{"embeddable":true,"href":"https:\/\/site.educa.madrid.org\/ies.elespinillo.madrid\/index.php\/wp-json\/wp\/v2\/comments?post=2115"}],"version-history":[{"count":4,"href":"https:\/\/site.educa.madrid.org\/ies.elespinillo.madrid\/index.php\/wp-json\/wp\/v2\/pages\/2115\/revisions"}],"predecessor-version":[{"id":3079,"href":"https:\/\/site.educa.madrid.org\/ies.elespinillo.madrid\/index.php\/wp-json\/wp\/v2\/pages\/2115\/revisions\/3079"}],"up":[{"embeddable":true,"href":"https:\/\/site.educa.madrid.org\/ies.elespinillo.madrid\/index.php\/wp-json\/wp\/v2\/pages\/2034"}],"wp:attachment":[{"href":"https:\/\/site.educa.madrid.org\/ies.elespinillo.madrid\/index.php\/wp-json\/wp\/v2\/media?parent=2115"}],"wp:term":[{"taxonomy":"folder","embeddable":true,"href":"https:\/\/site.educa.madrid.org\/ies.elespinillo.madrid\/index.php\/wp-json\/wp\/v2\/folder?post=2115"}],"curies":[{"name":"wp","href":"https:\/\/api.w.org\/{rel}","templated":true}]}}