{"id":2122,"date":"2024-01-31T18:56:02","date_gmt":"2024-01-31T17:56:02","guid":{"rendered":"https:\/\/site.educa.madrid.org\/ies.elespinillo.madrid\/?page_id=2122"},"modified":"2026-05-04T11:25:35","modified_gmt":"2026-05-04T09:25:35","slug":"admision-26-27","status":"publish","type":"page","link":"https:\/\/site.educa.madrid.org\/ies.elespinillo.madrid\/index.php\/secretaria\/admision-26-27\/","title":{"rendered":"Admisi\u00f3n 26\/27"},"content":{"rendered":"\n<figure class=\"wp-block-image alignwide size-large\"><img loading=\"lazy\" decoding=\"async\" width=\"1024\" height=\"68\" src=\"https:\/\/site.educa.madrid.org\/ies.elespinillo.madrid\/\/wp-content\/uploads\/ies.elespinillo.madrid\/2026\/03\/131.admision26-27.fw_-1024x68.png\" alt=\"\" class=\"wp-image-3741\" srcset=\"https:\/\/site.educa.madrid.org\/ies.elespinillo.madrid\/\/wp-content\/uploads\/ies.elespinillo.madrid\/2026\/03\/131.admision26-27.fw_-1024x68.png 1024w, https:\/\/site.educa.madrid.org\/ies.elespinillo.madrid\/\/wp-content\/uploads\/ies.elespinillo.madrid\/2026\/03\/131.admision26-27.fw_-300x20.png 300w, https:\/\/site.educa.madrid.org\/ies.elespinillo.madrid\/\/wp-content\/uploads\/ies.elespinillo.madrid\/2026\/03\/131.admision26-27.fw_-768x51.png 768w, https:\/\/site.educa.madrid.org\/ies.elespinillo.madrid\/\/wp-content\/uploads\/ies.elespinillo.madrid\/2026\/03\/131.admision26-27.fw_.png 1500w\" sizes=\"auto, (max-width: 1024px) 100vw, 1024px\" \/><\/figure>\n\n\n\n<p>La informaci\u00f3n detallada sobre el proceso de admisi\u00f3n a ESO y Bachillerato se puede consultar en la&nbsp;<strong><a href=\"https:\/\/www.comunidad.madrid\/servicios\/educacion\/solicita-tu-admision-educacion-infantil-obligatoria-bachillerato\">p\u00e1gina web de la comunidad de Madrid.<\/a><\/strong><\/p>\n\n\n<div class=\"wp-block-image\">\n<figure class=\"aligncenter size-large is-resized\"><a href=\"https:\/\/cloud.educa.madrid.org\/s\/AtFjdwz6N3smQ8n\" target=\"_blank\" rel=\" noreferrer noopener\"><img loading=\"lazy\" decoding=\"async\" width=\"1024\" height=\"687\" src=\"https:\/\/site.educa.madrid.org\/ies.elespinillo.madrid\/\/wp-content\/uploads\/ies.elespinillo.madrid\/2026\/03\/videoProcesoAdmision.fw_-1024x687.png\" alt=\"\" class=\"wp-image-3754\" style=\"width:398px;height:auto\" srcset=\"https:\/\/site.educa.madrid.org\/ies.elespinillo.madrid\/\/wp-content\/uploads\/ies.elespinillo.madrid\/2026\/03\/videoProcesoAdmision.fw_-1024x687.png 1024w, https:\/\/site.educa.madrid.org\/ies.elespinillo.madrid\/\/wp-content\/uploads\/ies.elespinillo.madrid\/2026\/03\/videoProcesoAdmision.fw_-300x201.png 300w, https:\/\/site.educa.madrid.org\/ies.elespinillo.madrid\/\/wp-content\/uploads\/ies.elespinillo.madrid\/2026\/03\/videoProcesoAdmision.fw_-768x515.png 768w, https:\/\/site.educa.madrid.org\/ies.elespinillo.madrid\/\/wp-content\/uploads\/ies.elespinillo.madrid\/2026\/03\/videoProcesoAdmision.fw_-272x182.png 272w, https:\/\/site.educa.madrid.org\/ies.elespinillo.madrid\/\/wp-content\/uploads\/ies.elespinillo.madrid\/2026\/03\/videoProcesoAdmision.fw_.png 1044w\" sizes=\"auto, (max-width: 1024px) 100vw, 1024px\" \/><\/a><\/figure>\n<\/div>\n\n\n<h3 class=\"wp-block-heading\"><mark style=\"background-color:rgba(0, 0, 0, 0)\" class=\"has-inline-color has-black-color\">CALENDARIO DEL PROCESO ORDINARIO<\/mark><\/h3>\n\n\n\n<hr class=\"wp-block-separator has-alpha-channel-opacity is-style-wide\"\/>\n\n\n\n<figure class=\"wp-block-table\"><table><tbody><tr><td><strong><strong>11 al 25 de marzo<\/strong><\/strong><\/td><td>Plazo de presentaci\u00f3n de solicitudes para el proceso ordinario de admisi\u00f3n.<\/td><\/tr><tr><td><strong><strong>14 de abril<\/strong><\/strong><\/td><td>Los centros publican listado provisional de alumnos que han solicitado el centro en primera opci\u00f3n<\/td><\/tr><tr><td><strong><strong>15, 16 y 17 de abril<\/strong><\/strong><\/td><td>Plazo de reclamaci\u00f3n a los listados de alumnos solicitantes<\/td><\/tr><tr><td><strong><strong>23 de abril<\/strong><\/strong><\/td><td>Publicaci\u00f3n de los listados con la puntuaci\u00f3n provisional obtenida por los alumnos. Estos listados incluir\u00e1n la&nbsp; resoluci\u00f3n de las reclamaciones presentadas a los listados de alumnos solicitantes.<\/td><\/tr><tr><td><strong><strong>24, 27 y 28 de abril<\/strong><\/strong><\/td><td>Plazo para formular reclamaciones a la lista provisional de puntuaciones.<\/td><\/tr><tr><td><strong><strong>7 de mayo<\/strong><\/strong><\/td><td>Publicaci\u00f3n del listado de puntuaciones definitivo, una vez revisadas las posible reclamaciones.<\/td><\/tr><tr><td><strong><strong>27 de mayo<\/strong><\/strong><\/td><td>Publicaci\u00f3n de la lista de admitidos en cada centro.<\/td><\/tr><tr><td><strong><strong>Hasta el 12 de junio<\/strong><\/strong><\/td><td>Adjudicaci\u00f3n de plaza escolar por los Servicios de apoyo a la escolarizaci\u00f3n a los alumnos no admitidos.<\/td><\/tr><tr><td><strong><strong>11 al 25 de junio<\/strong><\/strong><\/td><td>Plazo de matriculaci\u00f3n en los centros de Educaci\u00f3n Infantil, Primaria y Especial.<\/td><\/tr><tr><td><strong><strong>11 de junio al 3 de julio<\/strong><\/strong><\/td><td>Plazo de matriculaci\u00f3n en los centros de Educaci\u00f3n Secundaria<\/td><\/tr><\/tbody><\/table><\/figure>\n\n\n\n<h3 class=\"wp-block-heading\">PRESENTACI\u00d3N DE SOLICITUDES<\/h3>\n\n\n\n<hr class=\"wp-block-separator has-alpha-channel-opacity is-style-wide\"\/>\n\n\n\n<p>El plazo de&nbsp;<strong>presentaci\u00f3n de solicitudes<\/strong>&nbsp;es&nbsp;<strong>del 11 al 25 de marzo<\/strong>.<\/p>\n\n\n\n<p><strong>Las solicitudes se presentar\u00e1n preferentemente por v\u00eda telem\u00e1tica<\/strong>, a trav\u00e9s de la&nbsp;<strong><a href=\"https:\/\/raices.madrid.org\/secretariavirtual\">Secretar\u00eda Virtual de ra\u00edces<\/a><\/strong>, o de forma presencial en el centro educativo solicitado en primer lugar, a trav\u00e9s de los procedimientos contemplados en la Ley 39\/2015. La presentaci\u00f3n de solicitudes por correo electr\u00f3nico no es v\u00e1lida.<\/p>\n\n\n\n<p><strong>La solicitud ser\u00e1 cumplimentada y firmada por ambos padres, madres o tutores legales del alumnado<\/strong>, salvo si se acredita la imposibilidad de hacerlo o alguno de ellos no ostenta la patria potestad, en cuyo caso deber\u00e1 presentarse una&nbsp;<a href=\"https:\/\/ieslasmusas.org\/wp-content\/uploads\/2021\/05\/DeclaracionResponsable.pdf\" target=\"_blank\" rel=\"noreferrer noopener\">declaraci\u00f3n responsable<\/a> junto a la documentaci\u00f3n que la justifique. En las solicitudes cuyos nombres y apellidos incluyan preposici\u00f3n, art\u00edculo o preposici\u00f3n y art\u00edculo (\u00abde\u00bb o \u00abde la\u00bb, por ejemplo), deben grabarse tal y como aparezcan en los documentos oficiales: DNI, NIE o Libro de familia.<\/p>\n\n\n\n<p>Se pondr\u00e1n a disposici\u00f3n <strong>diversas posibilidades de acceso a la Secretar\u00eda Virtual<\/strong>. Los padres, madres o tutores legales, o el alumno solicitante en caso de ser mayor de edad, podr\u00e1n utilizar alguna de las siguientes:<\/p>\n\n\n\n<ul class=\"wp-block-list\">\n<li>A trav\u00e9s del sistema de identificaci\u00f3n electr\u00f3nica para las Administraciones Cl@ve. Se puede acceder a trav\u00e9s de certificado digital, DNI electr\u00f3nico, sistema de identificaci\u00f3n de la Comunidad de Madrid Identifica, Cl@ve PIN, Cl@ve m\u00f3vil, Cl@ve permanente o bien mediante la identificaci\u00f3n con el nodo eIDAS para ciudadanos europeos.<\/li>\n\n\n\n<li>Acceso sin certificado digital a trav\u00e9s de un registro en el sistema inform\u00e1tico @SCV en el que se recoger\u00e1n los siguientes campos: Tipo de documento, NIF\/NIE\/Pasaporte, nombre y apellidos, correo electr\u00f3nico, tel\u00e9fono m\u00f3vil, contrase\u00f1a, pregunta de seguridad y respuesta de seguridad. El registro se activar\u00e1 mediante un mensaje al tel\u00e9fono m\u00f3vil, lo que permitir\u00e1 acceder con su DNI y clave. Esta opci\u00f3n facilita el acceso para todas las nuevas familias que se incorporan al sistema educativo.<\/li>\n\n\n\n<li>Acceso a trav\u00e9s de la validaci\u00f3n de credenciales de la aplicaci\u00f3n Roble\/Ra\u00edces. Las familias que ya tienen credenciales de acceso a Roble\/Ra\u00edces podr\u00e1n acceder a la Secretar\u00eda Virtual con dichas credenciales. Con el fin de facilitar la utilizaci\u00f3n de esta opci\u00f3n, los centros podr\u00e1n generar las credenciales de acceso a los padres, madres o tutores legales que a\u00fan no dispongan de las mismas y tengan a sus hijos matriculados en centros sostenidos con fondos p\u00fablicos durante el curso 2024\/2025.<\/li>\n<\/ul>\n\n\n\n<p>En las solicitudes se podr\u00e1n indicar <strong>hasta seis centros educativos<\/strong> en los que se solicita admisi\u00f3n. Las familias del alumnado que est\u00e9 obligado a ser escolarizado o cambiar de centro deben valorar solicitar varios centros.<\/p>\n\n\n\n<p>En las solicitudes de admisi\u00f3n&nbsp;<strong>para cursar Bachillerato solo podr\u00e1 incluirse una modalidad<\/strong>&nbsp;y v\u00eda de Bachillerato.<\/p>\n\n\n\n<p>La Administraci\u00f3n educativa realizar\u00e1 las consultas relativas a la informaci\u00f3n disponible sobre las circunstancias alegadas en la solicitud, evitando en la medida de lo posible que los solicitantes tengan que aportar o acreditar dicha informaci\u00f3n. Los solicitantes pueden denegar la realizaci\u00f3n de dichas consultas ante otras administraciones, en cuyo caso la solicitud deber\u00e1 ir acompa\u00f1ada por la documentaci\u00f3n acreditativa necesaria para la justificaci\u00f3n de los criterios de baremaci\u00f3n por los que se aspire a obtener puntuaci\u00f3n.<\/p>\n\n\n<div class=\"wp-block-image\">\n<figure class=\"aligncenter size-full is-resized\"><a href=\"https:\/\/www.comunidad.madrid\/servicios\/educacion\/gestion-telematica-solicitud-admision-alumnos-secretaria-virtual\" target=\"_blank\" rel=\"noreferrer noopener\"><img loading=\"lazy\" decoding=\"async\" width=\"611\" height=\"109\" src=\"https:\/\/site.educa.madrid.org\/ies.elespinillo.madrid\/\/wp-content\/uploads\/ies.elespinillo.madrid\/2024\/04\/image.png\" alt=\"\" class=\"wp-image-2504\" style=\"width:325px;height:58px\" srcset=\"https:\/\/site.educa.madrid.org\/ies.elespinillo.madrid\/\/wp-content\/uploads\/ies.elespinillo.madrid\/2024\/04\/image.png 611w, https:\/\/site.educa.madrid.org\/ies.elespinillo.madrid\/\/wp-content\/uploads\/ies.elespinillo.madrid\/2024\/04\/image-300x54.png 300w\" sizes=\"auto, (max-width: 611px) 100vw, 611px\" \/><\/a><\/figure>\n<\/div>\n\n\n<div style=\"height:25px\" aria-hidden=\"true\" class=\"wp-block-spacer\"><\/div>\n\n\n\n<h3 class=\"wp-block-heading\">ADSCRIPCIONES DEL CENTRO Y SERVICIO DE APOYO A LA ESCOLARIZACI\u00d3N <\/h3>\n\n\n\n<hr class=\"wp-block-separator has-alpha-channel-opacity is-style-wide\"\/>\n\n\n\n<p>La sede del&nbsp;<strong><a href=\"https:\/\/cloud.educa.madrid.org\/s\/So2ZrQCdsoR3NaN\">Servicio de Apoyo a la Escolarizaci\u00f3n&nbsp;de Madrid-Capital<\/a><\/strong> se encuentra en la Direcci\u00f3n de \u00c1rea Territorial de Madrid-Capital (c\/ Vitrubio n\u00ba2 &#8211; 28006 Madrid) y la <strong>atenci\u00f3n se prestar\u00e1 con CITA PREVIA<\/strong>.<\/p>\n\n\n\n<p><\/p>\n\n\n\n<p>El <strong>criterio complementario del centro<\/strong>, aprobado por el Consejo Escolar para el Proceso de Admisi\u00f3n es el siguiente:<\/p>\n\n\n\n<ul class=\"wp-block-list\">\n<li>Alumnado matriculado en el CPM Victoria de los \u00c1ngeles<\/li>\n\n\n\n<li>Alumnado matriculado en el CPD Carmen Amaya<\/li>\n<\/ul>\n\n\n\n<p><strong>Los centros de Educaci\u00f3n Primaria adscritos<\/strong> al IES El Espinillo a efectos de escolarizaci\u00f3n en Secundaria son:<\/p>\n\n\n\n<ul class=\"wp-block-list\">\n<li>CP INF-PRI ANTONIO DE NEBRIJA<\/li>\n\n\n\n<li>CP INF-PRI AUSIAS MARCH<\/li>\n\n\n\n<li>CP INF-PRI EL ESPINILLO<\/li>\n\n\n\n<li>CP INF-PRI EL GRECO<\/li>\n\n\n\n<li>CP INF-PRI JUAN DE LA CIERVA<\/li>\n\n\n\n<li>CP INF-PRI LOS ROSALES<\/li>\n\n\n\n<li>CPR INF-PRI LICEO OROQUIETA<\/li>\n<\/ul>\n\n\n\n<div class=\"wp-block-columns is-layout-flex wp-container-core-columns-is-layout-9d6595d7 wp-block-columns-is-layout-flex\">\n<div class=\"wp-block-column is-layout-flow wp-block-column-is-layout-flow\"><div class=\"wp-block-image\">\n<figure class=\"aligncenter size-full\"><a href=\"https:\/\/cloud.educa.madrid.org\/s\/JAawR7B3EFH9HE9\" target=\"_blank\" rel=\" noreferrer noopener\"><img loading=\"lazy\" decoding=\"async\" width=\"128\" height=\"128\" src=\"https:\/\/site.educa.madrid.org\/ies.elespinillo.madrid\/\/wp-content\/uploads\/ies.elespinillo.madrid\/2024\/04\/documentoNube.fw_-1.png\" alt=\"\" class=\"wp-image-2530\"\/><\/a><figcaption class=\"wp-element-caption\">INFORMACI\u00d3N B\u00c1SICA PARA FAMILIAS en el proceso de admisi\u00f3n <strong>26\/27 <\/strong>&#8211; R\u00e9gimen General<\/figcaption><\/figure>\n<\/div><\/div>\n\n\n\n<div class=\"wp-block-column is-layout-flow wp-block-column-is-layout-flow\"><div class=\"wp-block-image\">\n<figure class=\"aligncenter size-full\"><a href=\"https:\/\/cloud.educa.madrid.org\/s\/pbxpF6jcZbeyMwM\" target=\"_blank\" rel=\" noreferrer noopener\"><img loading=\"lazy\" decoding=\"async\" width=\"128\" height=\"128\" src=\"https:\/\/site.educa.madrid.org\/ies.elespinillo.madrid\/\/wp-content\/uploads\/ies.elespinillo.madrid\/2024\/04\/documentoNube.fw_-1.png\" alt=\"\" class=\"wp-image-2530\"\/><\/a><figcaption class=\"wp-element-caption\">OFERTA DE VACANTES<strong> 26\/27<\/strong><\/figcaption><\/figure>\n<\/div><\/div>\n<\/div>\n\n\n\n<p><\/p>\n","protected":false},"excerpt":{"rendered":"<p>La informaci\u00f3n detallada sobre el proceso de admisi\u00f3n a ESO y Bachillerato se puede consultar en la&nbsp;p\u00e1gina web de la comunidad de Madrid. CALENDARIO DEL PROCESO ORDINARIO 11 al 25 &#8230;<\/p>\n","protected":false},"author":2,"featured_media":0,"parent":2037,"menu_order":132,"comment_status":"closed","ping_status":"closed","template":"","meta":{"footnotes":""},"folder":[],"class_list":["post-2122","page","type-page","status-publish","hentry"],"rttpg_featured_image_url":null,"rttpg_author":{"display_name":"tic.ies.elespinillo.madrid","author_link":"https:\/\/site.educa.madrid.org\/ies.elespinillo.madrid\/index.php\/author\/cuenta_tic-ies-elespinillo-madrid\/"},"rttpg_comment":0,"rttpg_category":false,"rttpg_excerpt":"La informaci\u00f3n detallada sobre el proceso de admisi\u00f3n a ESO y Bachillerato se puede consultar en la&nbsp;p\u00e1gina web de la comunidad de Madrid. CALENDARIO DEL PROCESO ORDINARIO 11 al 25 ...","post_mailing_queue_ids":[],"_links":{"self":[{"href":"https:\/\/site.educa.madrid.org\/ies.elespinillo.madrid\/index.php\/wp-json\/wp\/v2\/pages\/2122","targetHints":{"allow":["GET"]}}],"collection":[{"href":"https:\/\/site.educa.madrid.org\/ies.elespinillo.madrid\/index.php\/wp-json\/wp\/v2\/pages"}],"about":[{"href":"https:\/\/site.educa.madrid.org\/ies.elespinillo.madrid\/index.php\/wp-json\/wp\/v2\/types\/page"}],"author":[{"embeddable":true,"href":"https:\/\/site.educa.madrid.org\/ies.elespinillo.madrid\/index.php\/wp-json\/wp\/v2\/users\/2"}],"replies":[{"embeddable":true,"href":"https:\/\/site.educa.madrid.org\/ies.elespinillo.madrid\/index.php\/wp-json\/wp\/v2\/comments?post=2122"}],"version-history":[{"count":30,"href":"https:\/\/site.educa.madrid.org\/ies.elespinillo.madrid\/index.php\/wp-json\/wp\/v2\/pages\/2122\/revisions"}],"predecessor-version":[{"id":3756,"href":"https:\/\/site.educa.madrid.org\/ies.elespinillo.madrid\/index.php\/wp-json\/wp\/v2\/pages\/2122\/revisions\/3756"}],"up":[{"embeddable":true,"href":"https:\/\/site.educa.madrid.org\/ies.elespinillo.madrid\/index.php\/wp-json\/wp\/v2\/pages\/2037"}],"wp:attachment":[{"href":"https:\/\/site.educa.madrid.org\/ies.elespinillo.madrid\/index.php\/wp-json\/wp\/v2\/media?parent=2122"}],"wp:term":[{"taxonomy":"folder","embeddable":true,"href":"https:\/\/site.educa.madrid.org\/ies.elespinillo.madrid\/index.php\/wp-json\/wp\/v2\/folder?post=2122"}],"curies":[{"name":"wp","href":"https:\/\/api.w.org\/{rel}","templated":true}]}}