{"id":2240,"date":"2024-02-19T10:08:53","date_gmt":"2024-02-19T09:08:53","guid":{"rendered":"https:\/\/site.educa.madrid.org\/ies.elespinillo.madrid\/?page_id=2240"},"modified":"2026-05-04T11:22:12","modified_gmt":"2026-05-04T09:22:12","slug":"convivencia-familias","status":"publish","type":"page","link":"https:\/\/site.educa.madrid.org\/ies.elespinillo.madrid\/index.php\/familias\/convivencia-familias\/","title":{"rendered":"Convivencia Acoso"},"content":{"rendered":"\n<p><\/p>\n\n\n\n<figure class=\"wp-block-image alignwide size-large\"><img loading=\"lazy\" decoding=\"async\" width=\"1024\" height=\"68\" src=\"https:\/\/site.educa.madrid.org\/ies.elespinillo.madrid\/\/wp-content\/uploads\/ies.elespinillo.madrid\/2024\/03\/convivenciaAcoso.fw_-1-1024x68.png\" alt=\"\" class=\"wp-image-2354\" srcset=\"https:\/\/site.educa.madrid.org\/ies.elespinillo.madrid\/\/wp-content\/uploads\/ies.elespinillo.madrid\/2024\/03\/convivenciaAcoso.fw_-1-1024x68.png 1024w, https:\/\/site.educa.madrid.org\/ies.elespinillo.madrid\/\/wp-content\/uploads\/ies.elespinillo.madrid\/2024\/03\/convivenciaAcoso.fw_-1-300x20.png 300w, https:\/\/site.educa.madrid.org\/ies.elespinillo.madrid\/\/wp-content\/uploads\/ies.elespinillo.madrid\/2024\/03\/convivenciaAcoso.fw_-1-768x51.png 768w, https:\/\/site.educa.madrid.org\/ies.elespinillo.madrid\/\/wp-content\/uploads\/ies.elespinillo.madrid\/2024\/03\/convivenciaAcoso.fw_-1.png 1500w\" sizes=\"auto, (max-width: 1024px) 100vw, 1024px\" \/><\/figure>\n\n\n\n<p>Como centro, estamos muy sensibilizados con el acoso que puede producirse entre nuestro alumnado. Por ello, cada a\u00f1o <em>actualizamos y mejoramos las medidas de formaci\u00f3n<\/em>, <em>de sensibilizaci\u00f3n, de organizaci\u00f3n y curriculares<\/em>. Otorgamos una gran importancia a las relaciones entre personas desde un marco de valores compartidos, basado en el di\u00e1logo y la participaci\u00f3n. Por este motivo, los ejes principales de nuestro plan de convivencia son los relativos a la prevenci\u00f3n e intervenci\u00f3n en casos de acoso o conductas irrespetuosas, garantizando que, en estos casos, se intervendr\u00e1 con sensibilidad y criterio, pero tambi\u00e9n con rapidez y rigor.\u00a0<\/p>\n\n\n\n<p>A continuaci\u00f3n, dispon\u00e9is del <strong>documento<\/strong> en el que se detallan el procedimiento de <strong>prevenci\u00f3n<\/strong> y <strong>sensibilizaci\u00f3n<\/strong>, la <strong>detecci\u00f3n <\/strong>de casos y las formas de <strong>comunicar <\/strong>dichas situaciones.<\/p>\n\n\n\n<div style=\"height:20px\" aria-hidden=\"true\" class=\"wp-block-spacer\"><\/div>\n\n\n\n<center><iframe loading=\"lazy\" src=\"https:\/\/mediateca.educa.madrid.org\/documentos\/1o7mx5yy44mvwbjc\/fs\" width=\"750\" height=\"461\" frameborder=\"0\" scrolling=\"no\" style=\"border:0;overflow:hidden\" allowfullscreen><\/iframe><\/center>\n\n\n\n<div style=\"height:20px\" aria-hidden=\"true\" class=\"wp-block-spacer\"><\/div>\n\n\n\n<p>Tambi\u00e9n, de forma m\u00e1s resumida, dejamos a vuestra disposici\u00f3n un <strong>tr\u00edptico <\/strong>en el que se concreta esta informaci\u00f3n, y en el que encontrar\u00e9is la<strong>s direcciones de correo electr\u00f3nico<\/strong> necesarias para <strong>notificar <\/strong>un posible caso de acoso.<\/p>\n\n\n\n<div style=\"height:21px\" aria-hidden=\"true\" class=\"wp-block-spacer\"><\/div>\n\n\n\n<center><iframe loading=\"lazy\" src=\"https:\/\/mediateca.educa.madrid.org\/documentos\/j8wz6sdtm5gfcrze\/fs\" width=\"750\" height=\"461\" frameborder=\"0\" scrolling=\"no\" style=\"border:0;overflow:hidden\" allowfullscreen><\/iframe><\/center>\n\n\n\n<div style=\"height:20px\" aria-hidden=\"true\" class=\"wp-block-spacer\"><\/div>\n\n\n\n<p>Para m\u00e1s informaci\u00f3n, pod\u00e9is acceder a la p\u00e1gina de convivencia de la Comunidad de Madrid:<\/p>\n\n\n<div class=\"wp-block-image is-style-default\">\n<figure class=\"aligncenter size-full is-resized\"><a href=\"https:\/\/www.educa2.madrid.org\/web\/convivencia\" target=\"_blank\" rel=\"noreferrer noopener\"><img loading=\"lazy\" decoding=\"async\" src=\"https:\/\/site.educa.madrid.org\/ies.elespinillo.madrid\/\/wp-content\/uploads\/ies.elespinillo.madrid\/2024\/03\/convivenciaComunidadMadrid.fw_.png\" alt=\"\" class=\"wp-image-2362\" width=\"172\" height=\"242\" srcset=\"https:\/\/site.educa.madrid.org\/ies.elespinillo.madrid\/\/wp-content\/uploads\/ies.elespinillo.madrid\/2024\/03\/convivenciaComunidadMadrid.fw_.png 339w, https:\/\/site.educa.madrid.org\/ies.elespinillo.madrid\/\/wp-content\/uploads\/ies.elespinillo.madrid\/2024\/03\/convivenciaComunidadMadrid.fw_-213x300.png 213w\" sizes=\"auto, (max-width: 172px) 100vw, 172px\" \/><\/a><figcaption class=\"wp-element-caption\">Mejora de la convivencia y Clima Social de los Centros Docentes<\/figcaption><\/figure>\n<\/div>","protected":false},"excerpt":{"rendered":"<p>Como centro, estamos muy sensibilizados con el acoso que puede producirse entre nuestro alumnado. Por ello, cada a\u00f1o actualizamos y mejoramos las medidas de formaci\u00f3n, de sensibilizaci\u00f3n, de organizaci\u00f3n y &#8230;<\/p>\n","protected":false},"author":2,"featured_media":0,"parent":2034,"menu_order":118,"comment_status":"closed","ping_status":"closed","template":"","meta":{"footnotes":""},"folder":[],"class_list":["post-2240","page","type-page","status-publish","hentry"],"rttpg_featured_image_url":null,"rttpg_author":{"display_name":"tic.ies.elespinillo.madrid","author_link":"https:\/\/site.educa.madrid.org\/ies.elespinillo.madrid\/index.php\/author\/cuenta_tic-ies-elespinillo-madrid\/"},"rttpg_comment":0,"rttpg_category":false,"rttpg_excerpt":"Como centro, estamos muy sensibilizados con el acoso que puede producirse entre nuestro alumnado. Por ello, cada a\u00f1o actualizamos y mejoramos las medidas de formaci\u00f3n, de sensibilizaci\u00f3n, de organizaci\u00f3n y ...","post_mailing_queue_ids":[],"_links":{"self":[{"href":"https:\/\/site.educa.madrid.org\/ies.elespinillo.madrid\/index.php\/wp-json\/wp\/v2\/pages\/2240","targetHints":{"allow":["GET"]}}],"collection":[{"href":"https:\/\/site.educa.madrid.org\/ies.elespinillo.madrid\/index.php\/wp-json\/wp\/v2\/pages"}],"about":[{"href":"https:\/\/site.educa.madrid.org\/ies.elespinillo.madrid\/index.php\/wp-json\/wp\/v2\/types\/page"}],"author":[{"embeddable":true,"href":"https:\/\/site.educa.madrid.org\/ies.elespinillo.madrid\/index.php\/wp-json\/wp\/v2\/users\/2"}],"replies":[{"embeddable":true,"href":"https:\/\/site.educa.madrid.org\/ies.elespinillo.madrid\/index.php\/wp-json\/wp\/v2\/comments?post=2240"}],"version-history":[{"count":7,"href":"https:\/\/site.educa.madrid.org\/ies.elespinillo.madrid\/index.php\/wp-json\/wp\/v2\/pages\/2240\/revisions"}],"predecessor-version":[{"id":2367,"href":"https:\/\/site.educa.madrid.org\/ies.elespinillo.madrid\/index.php\/wp-json\/wp\/v2\/pages\/2240\/revisions\/2367"}],"up":[{"embeddable":true,"href":"https:\/\/site.educa.madrid.org\/ies.elespinillo.madrid\/index.php\/wp-json\/wp\/v2\/pages\/2034"}],"wp:attachment":[{"href":"https:\/\/site.educa.madrid.org\/ies.elespinillo.madrid\/index.php\/wp-json\/wp\/v2\/media?parent=2240"}],"wp:term":[{"taxonomy":"folder","embeddable":true,"href":"https:\/\/site.educa.madrid.org\/ies.elespinillo.madrid\/index.php\/wp-json\/wp\/v2\/folder?post=2240"}],"curies":[{"name":"wp","href":"https:\/\/api.w.org\/{rel}","templated":true}]}}