{"id":2676,"date":"2024-05-22T13:47:36","date_gmt":"2024-05-22T11:47:36","guid":{"rendered":"https:\/\/site.educa.madrid.org\/ies.elespinillo.madrid\/?page_id=2676"},"modified":"2026-05-04T11:21:29","modified_gmt":"2026-05-04T09:21:29","slug":"materiales-y-recursos","status":"publish","type":"page","link":"https:\/\/site.educa.madrid.org\/ies.elespinillo.madrid\/index.php\/familias\/materiales-y-recursos\/","title":{"rendered":"Materiales y Recursos"},"content":{"rendered":"\n<figure class=\"wp-block-image alignwide size-large\"><img loading=\"lazy\" decoding=\"async\" width=\"1024\" height=\"68\" src=\"https:\/\/site.educa.madrid.org\/ies.elespinillo.madrid\/\/wp-content\/uploads\/ies.elespinillo.madrid\/2024\/05\/118.materialesYrecursos.fw_-1024x68.png\" alt=\"\" class=\"wp-image-2680\" srcset=\"https:\/\/site.educa.madrid.org\/ies.elespinillo.madrid\/\/wp-content\/uploads\/ies.elespinillo.madrid\/2024\/05\/118.materialesYrecursos.fw_-1024x68.png 1024w, https:\/\/site.educa.madrid.org\/ies.elespinillo.madrid\/\/wp-content\/uploads\/ies.elespinillo.madrid\/2024\/05\/118.materialesYrecursos.fw_-300x20.png 300w, https:\/\/site.educa.madrid.org\/ies.elespinillo.madrid\/\/wp-content\/uploads\/ies.elespinillo.madrid\/2024\/05\/118.materialesYrecursos.fw_-768x51.png 768w, https:\/\/site.educa.madrid.org\/ies.elespinillo.madrid\/\/wp-content\/uploads\/ies.elespinillo.madrid\/2024\/05\/118.materialesYrecursos.fw_.png 1500w\" sizes=\"auto, (max-width: 1024px) 100vw, 1024px\" \/><\/figure>\n\n\n\n<div class=\"wp-block-columns is-layout-flex wp-container-core-columns-is-layout-9d6595d7 wp-block-columns-is-layout-flex\">\n<div class=\"wp-block-column is-layout-flow wp-block-column-is-layout-flow\"><div class=\"wp-block-image\">\n<figure class=\"aligncenter size-full is-resized\"><img loading=\"lazy\" decoding=\"async\" width=\"541\" height=\"785\" src=\"https:\/\/site.educa.madrid.org\/ies.elespinillo.madrid\/\/wp-content\/uploads\/ies.elespinillo.madrid\/2025\/12\/portadaPrevencionSuicidio.fw_.png\" alt=\"\" class=\"wp-image-3636\" style=\"width:220px;height:auto\" srcset=\"https:\/\/site.educa.madrid.org\/ies.elespinillo.madrid\/\/wp-content\/uploads\/ies.elespinillo.madrid\/2025\/12\/portadaPrevencionSuicidio.fw_.png 541w, https:\/\/site.educa.madrid.org\/ies.elespinillo.madrid\/\/wp-content\/uploads\/ies.elespinillo.madrid\/2025\/12\/portadaPrevencionSuicidio.fw_-207x300.png 207w\" sizes=\"auto, (max-width: 541px) 100vw, 541px\" \/><\/figure>\n<\/div>\n\n\n<p>Desde la Comunidad de Madrid se ha elaborado una <strong>gu\u00eda para las familias<\/strong> y educadores que permi<strong>te detectar posibles situaciones de riesgo y protecci\u00f3n ante casos de suicidio<\/strong>. est\u00e1 pensada para desde el \u00e1mbito familiar se est\u00e9 pendiente a se\u00f1ales de alarma, ofreciendo asimismo pautas de actuaci\u00f3n, recomendaciones y recursos para abordar los casos.<\/p>\n<\/div>\n\n\n\n<div class=\"wp-block-column is-layout-flow wp-block-column-is-layout-flow\"><div class=\"wp-block-image\">\n<figure class=\"aligncenter size-full is-resized\"><img loading=\"lazy\" decoding=\"async\" width=\"541\" height=\"753\" src=\"https:\/\/site.educa.madrid.org\/ies.elespinillo.madrid\/\/wp-content\/uploads\/ies.elespinillo.madrid\/2025\/12\/portadaTrastornosConductaAlimenticia.fw_-1.png\" alt=\"\" class=\"wp-image-3638\" style=\"width:239px;height:auto\" srcset=\"https:\/\/site.educa.madrid.org\/ies.elespinillo.madrid\/\/wp-content\/uploads\/ies.elespinillo.madrid\/2025\/12\/portadaTrastornosConductaAlimenticia.fw_-1.png 541w, https:\/\/site.educa.madrid.org\/ies.elespinillo.madrid\/\/wp-content\/uploads\/ies.elespinillo.madrid\/2025\/12\/portadaTrastornosConductaAlimenticia.fw_-1-216x300.png 216w\" sizes=\"auto, (max-width: 541px) 100vw, 541px\" \/><\/figure>\n<\/div>\n\n\n<p>El taller \u201c<strong>Vida saludable en el hogar con adolescentes<\/strong>\u201d dirigido a las familias est\u00e1 organizado desde la Direcci\u00f3n General de Salud P\u00fablica de la Consejer\u00eda de Sanidad de la Comunidad de Madrid y se imparte con la colaboraci\u00f3n de Uni\u00f3n de Asociaciones Familiares (UNAF).<\/p>\n<\/div>\n<\/div>\n\n\n\n<hr class=\"wp-block-separator alignwide has-alpha-channel-opacity is-style-wide\"\/>\n\n\n\n<h3 class=\"wp-block-heading\"><strong>TEL\u00c9FONOS DE AYUDA<\/strong><\/h3>\n\n\n\n<p>&#8211; Tel\u00e9fono ANAR del menor:<strong> 900 20 20 10<\/strong><\/p>\n\n\n\n<p>&#8211; Emergencias Comunidad de Madrid: <strong>112<\/strong><\/p>\n\n\n\n<p>&#8211; Tel\u00e9fono de la Esperanza: <strong>717 003 717<\/strong><\/p>\n\n\n\n<p>&#8211; INCIBE: <strong>017<\/strong><\/p>\n\n\n\n<p>&#8211; Atenci\u00f3n a las v\u00edctimas de violencia de g\u00e9nero. Comunidad de Madrid: <strong>116<\/strong><\/p>\n\n\n\n<p>&#8211; L\u00ednea de ayuda a ni\u00f1os y adolescentes de Madrid: <strong>116111<\/strong><\/p>\n\n\n\n<hr class=\"wp-block-separator alignwide has-alpha-channel-opacity is-style-wide\"\/>\n\n\n\n<h3 class=\"wp-block-heading\"><strong>NAVEGACI\u00d3N SEGURA<\/strong><\/h3>\n\n\n\n<ul class=\"wp-block-list\">\n<li>Gu\u00eda de navegaci\u00f3n segura para familias: <a href=\"https:\/\/gestiona3.madrid.org\/bvirtual\/\/BVCM050705.pdf\" target=\"_blank\" rel=\"noreferrer noopener\"><img loading=\"lazy\" decoding=\"async\" width=\"150\" height=\"43\" class=\"wp-image-2713\" style=\"width: 150px;\" src=\"https:\/\/site.educa.madrid.org\/ies.elespinillo.madrid\/\/wp-content\/uploads\/ies.elespinillo.madrid\/2024\/05\/iconoEnlace2.fw_.png\" alt=\"\" srcset=\"https:\/\/site.educa.madrid.org\/ies.elespinillo.madrid\/\/wp-content\/uploads\/ies.elespinillo.madrid\/2024\/05\/iconoEnlace2.fw_.png 1903w, https:\/\/site.educa.madrid.org\/ies.elespinillo.madrid\/\/wp-content\/uploads\/ies.elespinillo.madrid\/2024\/05\/iconoEnlace2.fw_-300x87.png 300w, https:\/\/site.educa.madrid.org\/ies.elespinillo.madrid\/\/wp-content\/uploads\/ies.elespinillo.madrid\/2024\/05\/iconoEnlace2.fw_-1024x296.png 1024w, https:\/\/site.educa.madrid.org\/ies.elespinillo.madrid\/\/wp-content\/uploads\/ies.elespinillo.madrid\/2024\/05\/iconoEnlace2.fw_-768x222.png 768w, https:\/\/site.educa.madrid.org\/ies.elespinillo.madrid\/\/wp-content\/uploads\/ies.elespinillo.madrid\/2024\/05\/iconoEnlace2.fw_-1536x445.png 1536w\" sizes=\"auto, (max-width: 150px) 100vw, 150px\" \/><\/a><\/li>\n\n\n\n<li>Canal prioritario de la Agenda Espa\u00f1ola de Protecci\u00f3n de Datos (AEPD): <a href=\"https:\/\/www.aepd.es\/es\/canalprioritario\" target=\"_blank\" rel=\"noreferrer noopener\"><img loading=\"lazy\" decoding=\"async\" width=\"150\" height=\"43\" class=\"wp-image-2713\" style=\"width: 150px;\" src=\"https:\/\/site.educa.madrid.org\/ies.elespinillo.madrid\/\/wp-content\/uploads\/ies.elespinillo.madrid\/2024\/05\/iconoEnlace2.fw_.png\" alt=\"\" srcset=\"https:\/\/site.educa.madrid.org\/ies.elespinillo.madrid\/\/wp-content\/uploads\/ies.elespinillo.madrid\/2024\/05\/iconoEnlace2.fw_.png 1903w, https:\/\/site.educa.madrid.org\/ies.elespinillo.madrid\/\/wp-content\/uploads\/ies.elespinillo.madrid\/2024\/05\/iconoEnlace2.fw_-300x87.png 300w, https:\/\/site.educa.madrid.org\/ies.elespinillo.madrid\/\/wp-content\/uploads\/ies.elespinillo.madrid\/2024\/05\/iconoEnlace2.fw_-1024x296.png 1024w, https:\/\/site.educa.madrid.org\/ies.elespinillo.madrid\/\/wp-content\/uploads\/ies.elespinillo.madrid\/2024\/05\/iconoEnlace2.fw_-768x222.png 768w, https:\/\/site.educa.madrid.org\/ies.elespinillo.madrid\/\/wp-content\/uploads\/ies.elespinillo.madrid\/2024\/05\/iconoEnlace2.fw_-1536x445.png 1536w\" sizes=\"auto, (max-width: 150px) 100vw, 150px\" \/><\/a><\/li>\n\n\n\n<li>Unidad de delitos Telem\u00e1ticos de la guardia Civil: <a href=\"https:\/\/gdt.guardiacivil.es\/webgdt\/home_alerta.php\" target=\"_blank\" rel=\"noreferrer noopener\"><img loading=\"lazy\" decoding=\"async\" width=\"150\" height=\"43\" class=\"wp-image-2713\" style=\"width: 150px;\" src=\"https:\/\/site.educa.madrid.org\/ies.elespinillo.madrid\/\/wp-content\/uploads\/ies.elespinillo.madrid\/2024\/05\/iconoEnlace2.fw_.png\" alt=\"\" srcset=\"https:\/\/site.educa.madrid.org\/ies.elespinillo.madrid\/\/wp-content\/uploads\/ies.elespinillo.madrid\/2024\/05\/iconoEnlace2.fw_.png 1903w, https:\/\/site.educa.madrid.org\/ies.elespinillo.madrid\/\/wp-content\/uploads\/ies.elespinillo.madrid\/2024\/05\/iconoEnlace2.fw_-300x87.png 300w, https:\/\/site.educa.madrid.org\/ies.elespinillo.madrid\/\/wp-content\/uploads\/ies.elespinillo.madrid\/2024\/05\/iconoEnlace2.fw_-1024x296.png 1024w, https:\/\/site.educa.madrid.org\/ies.elespinillo.madrid\/\/wp-content\/uploads\/ies.elespinillo.madrid\/2024\/05\/iconoEnlace2.fw_-768x222.png 768w, https:\/\/site.educa.madrid.org\/ies.elespinillo.madrid\/\/wp-content\/uploads\/ies.elespinillo.madrid\/2024\/05\/iconoEnlace2.fw_-1536x445.png 1536w\" sizes=\"auto, (max-width: 150px) 100vw, 150px\" \/><\/a><\/li>\n\n\n\n<li>INCIBE internet segura for kids: <a href=\"https:\/\/www.is4k.es\" target=\"_blank\" rel=\"noreferrer noopener\"><img loading=\"lazy\" decoding=\"async\" width=\"150\" height=\"43\" class=\"wp-image-2713\" style=\"width: 150px;\" src=\"https:\/\/site.educa.madrid.org\/ies.elespinillo.madrid\/\/wp-content\/uploads\/ies.elespinillo.madrid\/2024\/05\/iconoEnlace2.fw_.png\" alt=\"\" srcset=\"https:\/\/site.educa.madrid.org\/ies.elespinillo.madrid\/\/wp-content\/uploads\/ies.elespinillo.madrid\/2024\/05\/iconoEnlace2.fw_.png 1903w, https:\/\/site.educa.madrid.org\/ies.elespinillo.madrid\/\/wp-content\/uploads\/ies.elespinillo.madrid\/2024\/05\/iconoEnlace2.fw_-300x87.png 300w, https:\/\/site.educa.madrid.org\/ies.elespinillo.madrid\/\/wp-content\/uploads\/ies.elespinillo.madrid\/2024\/05\/iconoEnlace2.fw_-1024x296.png 1024w, https:\/\/site.educa.madrid.org\/ies.elespinillo.madrid\/\/wp-content\/uploads\/ies.elespinillo.madrid\/2024\/05\/iconoEnlace2.fw_-768x222.png 768w, https:\/\/site.educa.madrid.org\/ies.elespinillo.madrid\/\/wp-content\/uploads\/ies.elespinillo.madrid\/2024\/05\/iconoEnlace2.fw_-1536x445.png 1536w\" sizes=\"auto, (max-width: 150px) 100vw, 150px\" \/><\/a><\/li>\n\n\n\n<li>Aprender a convivir con el m\u00f3vil. Pasos para evitar la adicci\u00f3n al tel\u00e9fono m\u00f3vil: <a href=\"https:\/\/www.madrid.org\/bvirtual\/BVCM014108\" target=\"_blank\" rel=\"noreferrer noopener\"><img loading=\"lazy\" decoding=\"async\" width=\"150\" height=\"43\" class=\"wp-image-2713\" style=\"width: 150px;\" src=\"https:\/\/site.educa.madrid.org\/ies.elespinillo.madrid\/\/wp-content\/uploads\/ies.elespinillo.madrid\/2024\/05\/iconoEnlace2.fw_.png\" alt=\"\" srcset=\"https:\/\/site.educa.madrid.org\/ies.elespinillo.madrid\/\/wp-content\/uploads\/ies.elespinillo.madrid\/2024\/05\/iconoEnlace2.fw_.png 1903w, https:\/\/site.educa.madrid.org\/ies.elespinillo.madrid\/\/wp-content\/uploads\/ies.elespinillo.madrid\/2024\/05\/iconoEnlace2.fw_-300x87.png 300w, https:\/\/site.educa.madrid.org\/ies.elespinillo.madrid\/\/wp-content\/uploads\/ies.elespinillo.madrid\/2024\/05\/iconoEnlace2.fw_-1024x296.png 1024w, https:\/\/site.educa.madrid.org\/ies.elespinillo.madrid\/\/wp-content\/uploads\/ies.elespinillo.madrid\/2024\/05\/iconoEnlace2.fw_-768x222.png 768w, https:\/\/site.educa.madrid.org\/ies.elespinillo.madrid\/\/wp-content\/uploads\/ies.elespinillo.madrid\/2024\/05\/iconoEnlace2.fw_-1536x445.png 1536w\" sizes=\"auto, (max-width: 150px) 100vw, 150px\" \/><\/a><\/li>\n\n\n\n<li>Aprender a convivir con las pantallas, \u00bfle dejo la tablet a mis hijos?: <a href=\"https:\/\/www.comunidad.madrid\/publicacion\/1354694701043\" target=\"_blank\" rel=\"noreferrer noopener\"><img loading=\"lazy\" decoding=\"async\" width=\"150\" height=\"43\" class=\"wp-image-2713\" style=\"width: 150px;\" src=\"https:\/\/site.educa.madrid.org\/ies.elespinillo.madrid\/\/wp-content\/uploads\/ies.elespinillo.madrid\/2024\/05\/iconoEnlace2.fw_.png\" alt=\"\" srcset=\"https:\/\/site.educa.madrid.org\/ies.elespinillo.madrid\/\/wp-content\/uploads\/ies.elespinillo.madrid\/2024\/05\/iconoEnlace2.fw_.png 1903w, https:\/\/site.educa.madrid.org\/ies.elespinillo.madrid\/\/wp-content\/uploads\/ies.elespinillo.madrid\/2024\/05\/iconoEnlace2.fw_-300x87.png 300w, https:\/\/site.educa.madrid.org\/ies.elespinillo.madrid\/\/wp-content\/uploads\/ies.elespinillo.madrid\/2024\/05\/iconoEnlace2.fw_-1024x296.png 1024w, https:\/\/site.educa.madrid.org\/ies.elespinillo.madrid\/\/wp-content\/uploads\/ies.elespinillo.madrid\/2024\/05\/iconoEnlace2.fw_-768x222.png 768w, https:\/\/site.educa.madrid.org\/ies.elespinillo.madrid\/\/wp-content\/uploads\/ies.elespinillo.madrid\/2024\/05\/iconoEnlace2.fw_-1536x445.png 1536w\" sizes=\"auto, (max-width: 150px) 100vw, 150px\" \/><\/a><\/li>\n\n\n\n<li>Programa escolar: \u00abConstruye tu mundo\u00bb: <a href=\"https:\/\/www.campusfad.org\/construye-tu-mundo\" target=\"_blank\" rel=\"noreferrer noopener\"><img loading=\"lazy\" decoding=\"async\" width=\"150\" height=\"43\" class=\"wp-image-2713\" style=\"width: 150px;\" src=\"https:\/\/site.educa.madrid.org\/ies.elespinillo.madrid\/\/wp-content\/uploads\/ies.elespinillo.madrid\/2024\/05\/iconoEnlace2.fw_.png\" alt=\"\" srcset=\"https:\/\/site.educa.madrid.org\/ies.elespinillo.madrid\/\/wp-content\/uploads\/ies.elespinillo.madrid\/2024\/05\/iconoEnlace2.fw_.png 1903w, https:\/\/site.educa.madrid.org\/ies.elespinillo.madrid\/\/wp-content\/uploads\/ies.elespinillo.madrid\/2024\/05\/iconoEnlace2.fw_-300x87.png 300w, https:\/\/site.educa.madrid.org\/ies.elespinillo.madrid\/\/wp-content\/uploads\/ies.elespinillo.madrid\/2024\/05\/iconoEnlace2.fw_-1024x296.png 1024w, https:\/\/site.educa.madrid.org\/ies.elespinillo.madrid\/\/wp-content\/uploads\/ies.elespinillo.madrid\/2024\/05\/iconoEnlace2.fw_-768x222.png 768w, https:\/\/site.educa.madrid.org\/ies.elespinillo.madrid\/\/wp-content\/uploads\/ies.elespinillo.madrid\/2024\/05\/iconoEnlace2.fw_-1536x445.png 1536w\" sizes=\"auto, (max-width: 150px) 100vw, 150px\" \/><\/a><\/li>\n<\/ul>\n\n\n\n<p><\/p>\n\n\n\n<p><\/p>\n\n\n\n<p><\/p>\n","protected":false},"excerpt":{"rendered":"<p>Desde la Comunidad de Madrid se ha elaborado una gu\u00eda para las familias y educadores que permite detectar posibles situaciones de riesgo y protecci\u00f3n ante casos de suicidio. est\u00e1 pensada &#8230;<\/p>\n","protected":false},"author":2,"featured_media":0,"parent":2034,"menu_order":119,"comment_status":"closed","ping_status":"closed","template":"","meta":{"footnotes":""},"folder":[],"class_list":["post-2676","page","type-page","status-publish","hentry"],"rttpg_featured_image_url":null,"rttpg_author":{"display_name":"tic.ies.elespinillo.madrid","author_link":"https:\/\/site.educa.madrid.org\/ies.elespinillo.madrid\/index.php\/author\/cuenta_tic-ies-elespinillo-madrid\/"},"rttpg_comment":0,"rttpg_category":false,"rttpg_excerpt":"Desde la Comunidad de Madrid se ha elaborado una gu\u00eda para las familias y educadores que permite detectar posibles situaciones de riesgo y protecci\u00f3n ante casos de suicidio. est\u00e1 pensada ...","post_mailing_queue_ids":[],"_links":{"self":[{"href":"https:\/\/site.educa.madrid.org\/ies.elespinillo.madrid\/index.php\/wp-json\/wp\/v2\/pages\/2676","targetHints":{"allow":["GET"]}}],"collection":[{"href":"https:\/\/site.educa.madrid.org\/ies.elespinillo.madrid\/index.php\/wp-json\/wp\/v2\/pages"}],"about":[{"href":"https:\/\/site.educa.madrid.org\/ies.elespinillo.madrid\/index.php\/wp-json\/wp\/v2\/types\/page"}],"author":[{"embeddable":true,"href":"https:\/\/site.educa.madrid.org\/ies.elespinillo.madrid\/index.php\/wp-json\/wp\/v2\/users\/2"}],"replies":[{"embeddable":true,"href":"https:\/\/site.educa.madrid.org\/ies.elespinillo.madrid\/index.php\/wp-json\/wp\/v2\/comments?post=2676"}],"version-history":[{"count":10,"href":"https:\/\/site.educa.madrid.org\/ies.elespinillo.madrid\/index.php\/wp-json\/wp\/v2\/pages\/2676\/revisions"}],"predecessor-version":[{"id":3639,"href":"https:\/\/site.educa.madrid.org\/ies.elespinillo.madrid\/index.php\/wp-json\/wp\/v2\/pages\/2676\/revisions\/3639"}],"up":[{"embeddable":true,"href":"https:\/\/site.educa.madrid.org\/ies.elespinillo.madrid\/index.php\/wp-json\/wp\/v2\/pages\/2034"}],"wp:attachment":[{"href":"https:\/\/site.educa.madrid.org\/ies.elespinillo.madrid\/index.php\/wp-json\/wp\/v2\/media?parent=2676"}],"wp:term":[{"taxonomy":"folder","embeddable":true,"href":"https:\/\/site.educa.madrid.org\/ies.elespinillo.madrid\/index.php\/wp-json\/wp\/v2\/folder?post=2676"}],"curies":[{"name":"wp","href":"https:\/\/api.w.org\/{rel}","templated":true}]}}