{"id":2687,"date":"2024-05-22T13:59:55","date_gmt":"2024-05-22T11:59:55","guid":{"rendered":"https:\/\/site.educa.madrid.org\/ies.elespinillo.madrid\/?page_id=2687"},"modified":"2025-03-24T11:03:55","modified_gmt":"2025-03-24T10:03:55","slug":"orientacion-academica-y-profesional","status":"publish","type":"page","link":"https:\/\/site.educa.madrid.org\/ies.elespinillo.madrid\/index.php\/recursos\/orientacion\/orientacion-academica-y-profesional\/","title":{"rendered":"Orientaci\u00f3n Acad\u00e9mica y Profesional"},"content":{"rendered":"\n<figure class=\"wp-block-image alignwide size-large\"><img loading=\"lazy\" decoding=\"async\" width=\"1024\" height=\"68\" src=\"https:\/\/site.educa.madrid.org\/ies.elespinillo.madrid\/\/wp-content\/uploads\/ies.elespinillo.madrid\/2024\/05\/119.orientacionAcademicaYprofesional.fw_-1024x68.png\" alt=\"\" class=\"wp-image-2689\" srcset=\"https:\/\/site.educa.madrid.org\/ies.elespinillo.madrid\/\/wp-content\/uploads\/ies.elespinillo.madrid\/2024\/05\/119.orientacionAcademicaYprofesional.fw_-1024x68.png 1024w, https:\/\/site.educa.madrid.org\/ies.elespinillo.madrid\/\/wp-content\/uploads\/ies.elespinillo.madrid\/2024\/05\/119.orientacionAcademicaYprofesional.fw_-300x20.png 300w, https:\/\/site.educa.madrid.org\/ies.elespinillo.madrid\/\/wp-content\/uploads\/ies.elespinillo.madrid\/2024\/05\/119.orientacionAcademicaYprofesional.fw_-768x51.png 768w, https:\/\/site.educa.madrid.org\/ies.elespinillo.madrid\/\/wp-content\/uploads\/ies.elespinillo.madrid\/2024\/05\/119.orientacionAcademicaYprofesional.fw_.png 1500w\" sizes=\"auto, (max-width: 1024px) 100vw, 1024px\" \/><\/figure>\n\n\n\n<figure class=\"wp-block-image size-full\"><img loading=\"lazy\" decoding=\"async\" width=\"1024\" height=\"150\" src=\"https:\/\/site.educa.madrid.org\/ies.elespinillo.madrid\/\/wp-content\/uploads\/ies.elespinillo.madrid\/2024\/11\/Orientaline.fw_.png\" alt=\"\" class=\"wp-image-2912\" srcset=\"https:\/\/site.educa.madrid.org\/ies.elespinillo.madrid\/\/wp-content\/uploads\/ies.elespinillo.madrid\/2024\/11\/Orientaline.fw_.png 1024w, https:\/\/site.educa.madrid.org\/ies.elespinillo.madrid\/\/wp-content\/uploads\/ies.elespinillo.madrid\/2024\/11\/Orientaline.fw_-300x44.png 300w, https:\/\/site.educa.madrid.org\/ies.elespinillo.madrid\/\/wp-content\/uploads\/ies.elespinillo.madrid\/2024\/11\/Orientaline.fw_-768x113.png 768w\" sizes=\"auto, (max-width: 1024px) 100vw, 1024px\" \/><\/figure>\n\n\n\n<p>Debajo de estas l\u00edneas os dejamos el enlace para acceder a la plataforma online de ORIENTALINE en el que te ayudar\u00e1 a responder preguntas como \u00bfQu\u00e9 estudiar? o \u00bfD\u00f3nde estudiar? y a encontrar todo tipo de informaci\u00f3n sobre la universidad, becas, oferta educativa desde la FP b\u00e1sica hasta la universidad.<\/p>\n\n\n\n<p><a href=\"https:\/\/www.elorienta.com\/espinillo\/\" target=\"_blank\" rel=\"noreferrer noopener\">enlace<\/a><\/p>\n\n\n\n<p><\/p>\n\n\n\n<figure class=\"wp-block-image size-full\"><img loading=\"lazy\" decoding=\"async\" width=\"1024\" height=\"150\" src=\"https:\/\/site.educa.madrid.org\/ies.elespinillo.madrid\/\/wp-content\/uploads\/ies.elespinillo.madrid\/2024\/11\/Universidades.fw_.png\" alt=\"\" class=\"wp-image-2909\" srcset=\"https:\/\/site.educa.madrid.org\/ies.elespinillo.madrid\/\/wp-content\/uploads\/ies.elespinillo.madrid\/2024\/11\/Universidades.fw_.png 1024w, https:\/\/site.educa.madrid.org\/ies.elespinillo.madrid\/\/wp-content\/uploads\/ies.elespinillo.madrid\/2024\/11\/Universidades.fw_-300x44.png 300w, https:\/\/site.educa.madrid.org\/ies.elespinillo.madrid\/\/wp-content\/uploads\/ies.elespinillo.madrid\/2024\/11\/Universidades.fw_-768x113.png 768w\" sizes=\"auto, (max-width: 1024px) 100vw, 1024px\" \/><\/figure>\n\n\n\n<p>A continuaci\u00f3n pod\u00e9is encontrar el enlace a toda la informaci\u00f3n relacionada con las Universidades de la Comunidad de Madrid en la que podr\u00e9is encontrar informaci\u00f3n sobre el sistema universitario, acceso a la universidad, becas universitarias, titulaciones, etc.<\/p>\n\n\n\n<p><a href=\"https:\/\/www.comunidad.madrid\/servicios\/educacion\/universidades#panel-155493\" target=\"_blank\" rel=\"noreferrer noopener\">enlace<\/a><\/p>\n\n\n\n<figure class=\"wp-block-image size-full\"><img loading=\"lazy\" decoding=\"async\" width=\"1024\" height=\"150\" src=\"https:\/\/site.educa.madrid.org\/ies.elespinillo.madrid\/\/wp-content\/uploads\/ies.elespinillo.madrid\/2024\/11\/GuiaParaFamilias.fw_.png\" alt=\"\" class=\"wp-image-2907\" srcset=\"https:\/\/site.educa.madrid.org\/ies.elespinillo.madrid\/\/wp-content\/uploads\/ies.elespinillo.madrid\/2024\/11\/GuiaParaFamilias.fw_.png 1024w, https:\/\/site.educa.madrid.org\/ies.elespinillo.madrid\/\/wp-content\/uploads\/ies.elespinillo.madrid\/2024\/11\/GuiaParaFamilias.fw_-300x44.png 300w, https:\/\/site.educa.madrid.org\/ies.elespinillo.madrid\/\/wp-content\/uploads\/ies.elespinillo.madrid\/2024\/11\/GuiaParaFamilias.fw_-768x113.png 768w\" sizes=\"auto, (max-width: 1024px) 100vw, 1024px\" \/><\/figure>\n\n\n\n<p><\/p>\n\n\n\n<p class=\"has-text-align-left\">Como todos los a\u00f1os, os facilitamos e<strong>l CUADERNO DE ORIENTACI\u00d3N PARA FAMILIAS<\/strong> donde pod\u00e9is encontrar la OFERTA EDUCATIVA de la COMUNIDAD DE MADRID as\u00ed como los centros escolares donde se imparten las distintas ense\u00f1anzas. Este a\u00f1o han mejorado la gu\u00eda y permite interactuar de manera eficiente. Seguro que os gusta.<\/p>\n\n\n\n<p><a href=\"https:\/\/dgbilinguismoycalidad.educa.madrid.org\/guiaparafamilias\/\" target=\"_blank\" rel=\"noreferrer noopener\">enlace<\/a><\/p>\n\n\n\n<figure class=\"wp-block-image size-large\"><img loading=\"lazy\" decoding=\"async\" width=\"1024\" height=\"150\" src=\"https:\/\/site.educa.madrid.org\/ies.elespinillo.madrid\/\/wp-content\/uploads\/ies.elespinillo.madrid\/2024\/05\/enlaceFormacionProfesionaMadridl.fw_-1024x150.png\" alt=\"\" class=\"wp-image-2694\" srcset=\"https:\/\/site.educa.madrid.org\/ies.elespinillo.madrid\/\/wp-content\/uploads\/ies.elespinillo.madrid\/2024\/05\/enlaceFormacionProfesionaMadridl.fw_-1024x150.png 1024w, https:\/\/site.educa.madrid.org\/ies.elespinillo.madrid\/\/wp-content\/uploads\/ies.elespinillo.madrid\/2024\/05\/enlaceFormacionProfesionaMadridl.fw_-300x44.png 300w, https:\/\/site.educa.madrid.org\/ies.elespinillo.madrid\/\/wp-content\/uploads\/ies.elespinillo.madrid\/2024\/05\/enlaceFormacionProfesionaMadridl.fw_-768x112.png 768w, https:\/\/site.educa.madrid.org\/ies.elespinillo.madrid\/\/wp-content\/uploads\/ies.elespinillo.madrid\/2024\/05\/enlaceFormacionProfesionaMadridl.fw_.png 1108w\" sizes=\"auto, (max-width: 1024px) 100vw, 1024px\" \/><\/figure>\n\n\n\n<p><\/p>\n\n\n\n<p>Compartimos aqu\u00ed la p\u00e1gina oficial de la Comunidad de Madrid donde podr\u00e9is encontrar toda la informaci\u00f3n sobre la <strong>oferta de Formaci\u00f3n Profesional de nuestra Comunidad.<\/strong><\/p>\n\n\n\n<p><a rel=\"noreferrer noopener\" href=\"https:\/\/www.comunidad.madrid\/servicios\/educacion\/formacion-profesional\" target=\"_blank\">enlace<\/a><\/p>\n\n\n\n<p>Tambi\u00e9n os dejamos la <strong>p\u00e1gina oficial del Ministerio de Educaci\u00f3n<\/strong>:<\/p>\n\n\n\n<p><a href=\"https:\/\/todofp.es\/inicio.html\" target=\"_blank\" rel=\"noreferrer noopener\">enlace<\/a><\/p>\n","protected":false},"excerpt":{"rendered":"<p>Debajo de estas l\u00edneas os dejamos el enlace para acceder a la plataforma online de ORIENTALINE en el que te ayudar\u00e1 a responder preguntas como \u00bfQu\u00e9 estudiar? o \u00bfD\u00f3nde estudiar? &#8230;<\/p>\n","protected":false},"author":2,"featured_media":0,"parent":2001,"menu_order":52,"comment_status":"closed","ping_status":"closed","template":"","meta":{"footnotes":""},"folder":[],"class_list":["post-2687","page","type-page","status-publish","hentry"],"rttpg_featured_image_url":null,"rttpg_author":{"display_name":"tic.ies.elespinillo.madrid","author_link":"https:\/\/site.educa.madrid.org\/ies.elespinillo.madrid\/index.php\/author\/cuenta_tic-ies-elespinillo-madrid\/"},"rttpg_comment":0,"rttpg_category":false,"rttpg_excerpt":"Debajo de estas l\u00edneas os dejamos el enlace para acceder a la plataforma online de ORIENTALINE en el que te ayudar\u00e1 a responder preguntas como \u00bfQu\u00e9 estudiar? o \u00bfD\u00f3nde estudiar? ...","post_mailing_queue_ids":[],"_links":{"self":[{"href":"https:\/\/site.educa.madrid.org\/ies.elespinillo.madrid\/index.php\/wp-json\/wp\/v2\/pages\/2687","targetHints":{"allow":["GET"]}}],"collection":[{"href":"https:\/\/site.educa.madrid.org\/ies.elespinillo.madrid\/index.php\/wp-json\/wp\/v2\/pages"}],"about":[{"href":"https:\/\/site.educa.madrid.org\/ies.elespinillo.madrid\/index.php\/wp-json\/wp\/v2\/types\/page"}],"author":[{"embeddable":true,"href":"https:\/\/site.educa.madrid.org\/ies.elespinillo.madrid\/index.php\/wp-json\/wp\/v2\/users\/2"}],"replies":[{"embeddable":true,"href":"https:\/\/site.educa.madrid.org\/ies.elespinillo.madrid\/index.php\/wp-json\/wp\/v2\/comments?post=2687"}],"version-history":[{"count":7,"href":"https:\/\/site.educa.madrid.org\/ies.elespinillo.madrid\/index.php\/wp-json\/wp\/v2\/pages\/2687\/revisions"}],"predecessor-version":[{"id":2914,"href":"https:\/\/site.educa.madrid.org\/ies.elespinillo.madrid\/index.php\/wp-json\/wp\/v2\/pages\/2687\/revisions\/2914"}],"up":[{"embeddable":true,"href":"https:\/\/site.educa.madrid.org\/ies.elespinillo.madrid\/index.php\/wp-json\/wp\/v2\/pages\/2001"}],"wp:attachment":[{"href":"https:\/\/site.educa.madrid.org\/ies.elespinillo.madrid\/index.php\/wp-json\/wp\/v2\/media?parent=2687"}],"wp:term":[{"taxonomy":"folder","embeddable":true,"href":"https:\/\/site.educa.madrid.org\/ies.elespinillo.madrid\/index.php\/wp-json\/wp\/v2\/folder?post=2687"}],"curies":[{"name":"wp","href":"https:\/\/api.w.org\/{rel}","templated":true}]}}