{"id":2824,"date":"2024-09-04T23:52:05","date_gmt":"2024-09-04T21:52:05","guid":{"rendered":"https:\/\/site.educa.madrid.org\/ies.elespinillo.madrid\/?page_id=2824"},"modified":"2025-11-11T11:37:50","modified_gmt":"2025-11-11T10:37:50","slug":"devoluciones-junio","status":"publish","type":"page","link":"https:\/\/site.educa.madrid.org\/ies.elespinillo.madrid\/index.php\/familias\/programa-accede\/devoluciones-junio\/","title":{"rendered":"Devoluciones JUNIO 2025"},"content":{"rendered":"\n<h3 class=\"wp-block-heading\"><strong>PROGRAMA ACCEDE &#8211; CALENDARIO DE DEVOLUCI\u00d3N DE LIBROS DEL CURSO 24\/25<\/strong><\/h3>\n\n\n\n<h4 class=\"wp-block-heading has-text-align-center\"><strong><mark style=\"background-color:rgba(0, 0, 0, 0)\" class=\"has-inline-color has-luminous-vivid-orange-color\">J U N I O  2 0 2 5<\/mark><\/strong><\/h4>\n\n\n\n<p>Como todos los a\u00f1os, una vez terminado el curso 23\/24, aquellas familias beneficiarias del programa de pr\u00e9stamos de libros Accede deben devolver los libros para que puedan ser reasignados a nuevos alumnos de cara al pr\u00f3ximo curso 24\/25. Para ello han de tener en cuenta:<\/p>\n\n\n\n<ol class=\"wp-block-list\">\n<li><strong><mark style=\"background-color:#fcb900\" class=\"has-inline-color\">COMPRUEBE (Y TRATE DE RESPETAR) TANTO LA FECHA COMO EL TRAMO HORARIO DE DEVOLUCI\u00d3N ASIGNADO <\/mark>correspondiente al grupo en el que ha estado matriculado su hijo\/a en el curso 24\/25<\/strong>. Deber\u00e1 hacer la devoluci\u00f3n del lote completo de libros en la fecha asignada.<\/li>\n\n\n\n<li><strong><mark style=\"background-color:#fcb900\" class=\"has-inline-color\">NUEVA DIRECCI\u00d3N DE CORREO PARA CONSULTAS RELATIVAS AL PLAN ACCEDE<\/mark><\/strong>: Debido al cambio de coordinador Accede en el centro se ha habilitado una nueva direcci\u00f3n de contacto  para la notificaci\u00f3n de incidencias relacionadas con el plan::<mark style=\"background-color:rgba(0, 0, 0, 0)\" class=\"has-inline-color has-vivid-cyan-blue-color\"> <strong>compdigedu.ies.elespinillo.madrid@educa.madrid.org.<\/strong><\/mark><strong> <\/strong><\/li>\n<\/ol>\n\n\n\n<p>A continuaci\u00f3n puede encontrar <strong>toda la informaci\u00f3n referente a la devoluci\u00f3n de libros prestados por el plan Accede para el curso 24\/25,<\/strong> <strong>incluyendo el <mark style=\"background-color:#8ed1fc\" class=\"has-inline-color\">calendario de devoluciones:<\/mark><\/strong><\/p>\n\n\n\n<figure class=\"wp-block-image alignwide size-large\"><img loading=\"lazy\" decoding=\"async\" width=\"1024\" height=\"724\" src=\"https:\/\/site.educa.madrid.org\/ies.elespinillo.madrid\/\/wp-content\/uploads\/ies.elespinillo.madrid\/2025\/06\/R1-TablaCitacionFamiliasRecogida24-25-1_page-0001-1024x724.jpg\" alt=\"\" class=\"wp-image-3499\" srcset=\"https:\/\/site.educa.madrid.org\/ies.elespinillo.madrid\/\/wp-content\/uploads\/ies.elespinillo.madrid\/2025\/06\/R1-TablaCitacionFamiliasRecogida24-25-1_page-0001-1024x724.jpg 1024w, https:\/\/site.educa.madrid.org\/ies.elespinillo.madrid\/\/wp-content\/uploads\/ies.elespinillo.madrid\/2025\/06\/R1-TablaCitacionFamiliasRecogida24-25-1_page-0001-300x212.jpg 300w, https:\/\/site.educa.madrid.org\/ies.elespinillo.madrid\/\/wp-content\/uploads\/ies.elespinillo.madrid\/2025\/06\/R1-TablaCitacionFamiliasRecogida24-25-1_page-0001-768x543.jpg 768w, https:\/\/site.educa.madrid.org\/ies.elespinillo.madrid\/\/wp-content\/uploads\/ies.elespinillo.madrid\/2025\/06\/R1-TablaCitacionFamiliasRecogida24-25-1_page-0001-1536x1085.jpg 1536w, https:\/\/site.educa.madrid.org\/ies.elespinillo.madrid\/\/wp-content\/uploads\/ies.elespinillo.madrid\/2025\/06\/R1-TablaCitacionFamiliasRecogida24-25-1_page-0001.jpg 1755w\" sizes=\"auto, (max-width: 1024px) 100vw, 1024px\" \/><\/figure>\n\n\n\n<figure class=\"wp-block-image alignwide size-large\"><img loading=\"lazy\" decoding=\"async\" width=\"1024\" height=\"724\" src=\"https:\/\/site.educa.madrid.org\/ies.elespinillo.madrid\/\/wp-content\/uploads\/ies.elespinillo.madrid\/2025\/06\/R2-TablaCitacionFamiliasRecogida24-25-2_page-0001-1024x724.jpg\" alt=\"\" class=\"wp-image-3500\" srcset=\"https:\/\/site.educa.madrid.org\/ies.elespinillo.madrid\/\/wp-content\/uploads\/ies.elespinillo.madrid\/2025\/06\/R2-TablaCitacionFamiliasRecogida24-25-2_page-0001-1024x724.jpg 1024w, https:\/\/site.educa.madrid.org\/ies.elespinillo.madrid\/\/wp-content\/uploads\/ies.elespinillo.madrid\/2025\/06\/R2-TablaCitacionFamiliasRecogida24-25-2_page-0001-300x212.jpg 300w, https:\/\/site.educa.madrid.org\/ies.elespinillo.madrid\/\/wp-content\/uploads\/ies.elespinillo.madrid\/2025\/06\/R2-TablaCitacionFamiliasRecogida24-25-2_page-0001-768x543.jpg 768w, https:\/\/site.educa.madrid.org\/ies.elespinillo.madrid\/\/wp-content\/uploads\/ies.elespinillo.madrid\/2025\/06\/R2-TablaCitacionFamiliasRecogida24-25-2_page-0001-1536x1085.jpg 1536w, https:\/\/site.educa.madrid.org\/ies.elespinillo.madrid\/\/wp-content\/uploads\/ies.elespinillo.madrid\/2025\/06\/R2-TablaCitacionFamiliasRecogida24-25-2_page-0001.jpg 1755w\" sizes=\"auto, (max-width: 1024px) 100vw, 1024px\" \/><\/figure>\n\n\n\n<figure class=\"wp-block-image alignwide size-large\"><img loading=\"lazy\" decoding=\"async\" width=\"1024\" height=\"724\" src=\"https:\/\/site.educa.madrid.org\/ies.elespinillo.madrid\/\/wp-content\/uploads\/ies.elespinillo.madrid\/2025\/06\/R3-TablaCitacionFamiliasRecogida24-25-3_page-0001-1024x724.jpg\" alt=\"\" class=\"wp-image-3501\" srcset=\"https:\/\/site.educa.madrid.org\/ies.elespinillo.madrid\/\/wp-content\/uploads\/ies.elespinillo.madrid\/2025\/06\/R3-TablaCitacionFamiliasRecogida24-25-3_page-0001-1024x724.jpg 1024w, https:\/\/site.educa.madrid.org\/ies.elespinillo.madrid\/\/wp-content\/uploads\/ies.elespinillo.madrid\/2025\/06\/R3-TablaCitacionFamiliasRecogida24-25-3_page-0001-300x212.jpg 300w, https:\/\/site.educa.madrid.org\/ies.elespinillo.madrid\/\/wp-content\/uploads\/ies.elespinillo.madrid\/2025\/06\/R3-TablaCitacionFamiliasRecogida24-25-3_page-0001-768x543.jpg 768w, https:\/\/site.educa.madrid.org\/ies.elespinillo.madrid\/\/wp-content\/uploads\/ies.elespinillo.madrid\/2025\/06\/R3-TablaCitacionFamiliasRecogida24-25-3_page-0001-1536x1085.jpg 1536w, https:\/\/site.educa.madrid.org\/ies.elespinillo.madrid\/\/wp-content\/uploads\/ies.elespinillo.madrid\/2025\/06\/R3-TablaCitacionFamiliasRecogida24-25-3_page-0001.jpg 1755w\" sizes=\"auto, (max-width: 1024px) 100vw, 1024px\" \/><\/figure>\n\n\n<div class=\"wp-block-image\">\n<figure class=\"aligncenter size-full is-resized\"><a href=\"https:\/\/cloud.educa.madrid.org\/s\/H7JS5D7zsjw6Wc4\" target=\"_blank\" rel=\" noreferrer noopener\"><img loading=\"lazy\" decoding=\"async\" width=\"866\" height=\"615\" src=\"https:\/\/site.educa.madrid.org\/ies.elespinillo.madrid\/\/wp-content\/uploads\/ies.elespinillo.madrid\/2025\/06\/tablaCitacionFamilias-Devoluciones-Junio25.fw_.png\" alt=\"\" class=\"wp-image-3473\" style=\"width:511px;height:auto\" srcset=\"https:\/\/site.educa.madrid.org\/ies.elespinillo.madrid\/\/wp-content\/uploads\/ies.elespinillo.madrid\/2025\/06\/tablaCitacionFamilias-Devoluciones-Junio25.fw_.png 866w, https:\/\/site.educa.madrid.org\/ies.elespinillo.madrid\/\/wp-content\/uploads\/ies.elespinillo.madrid\/2025\/06\/tablaCitacionFamilias-Devoluciones-Junio25.fw_-300x213.png 300w, https:\/\/site.educa.madrid.org\/ies.elespinillo.madrid\/\/wp-content\/uploads\/ies.elespinillo.madrid\/2025\/06\/tablaCitacionFamilias-Devoluciones-Junio25.fw_-768x545.png 768w\" sizes=\"auto, (max-width: 866px) 100vw, 866px\" \/><\/a><figcaption class=\"wp-element-caption\"><strong>Haz CLIC<\/strong> para acceder al calendario e instrucciones ACCEDE<\/figcaption><\/figure>\n<\/div>","protected":false},"excerpt":{"rendered":"<p>PROGRAMA ACCEDE &#8211; CALENDARIO DE DEVOLUCI\u00d3N DE LIBROS DEL CURSO 24\/25 J U N I O 2 0 2 5 Como todos los a\u00f1os, una vez terminado el curso 23\/24, &#8230;<\/p>\n","protected":false},"author":2,"featured_media":0,"parent":2109,"menu_order":113,"comment_status":"closed","ping_status":"closed","template":"","meta":{"footnotes":""},"folder":[],"class_list":["post-2824","page","type-page","status-publish","hentry"],"rttpg_featured_image_url":null,"rttpg_author":{"display_name":"tic.ies.elespinillo.madrid","author_link":"https:\/\/site.educa.madrid.org\/ies.elespinillo.madrid\/index.php\/author\/cuenta_tic-ies-elespinillo-madrid\/"},"rttpg_comment":0,"rttpg_category":false,"rttpg_excerpt":"PROGRAMA ACCEDE &#8211; CALENDARIO DE DEVOLUCI\u00d3N DE LIBROS DEL CURSO 24\/25 J U N I O 2 0 2 5 Como todos los a\u00f1os, una vez terminado el curso 23\/24, ...","post_mailing_queue_ids":[],"_links":{"self":[{"href":"https:\/\/site.educa.madrid.org\/ies.elespinillo.madrid\/index.php\/wp-json\/wp\/v2\/pages\/2824","targetHints":{"allow":["GET"]}}],"collection":[{"href":"https:\/\/site.educa.madrid.org\/ies.elespinillo.madrid\/index.php\/wp-json\/wp\/v2\/pages"}],"about":[{"href":"https:\/\/site.educa.madrid.org\/ies.elespinillo.madrid\/index.php\/wp-json\/wp\/v2\/types\/page"}],"author":[{"embeddable":true,"href":"https:\/\/site.educa.madrid.org\/ies.elespinillo.madrid\/index.php\/wp-json\/wp\/v2\/users\/2"}],"replies":[{"embeddable":true,"href":"https:\/\/site.educa.madrid.org\/ies.elespinillo.madrid\/index.php\/wp-json\/wp\/v2\/comments?post=2824"}],"version-history":[{"count":13,"href":"https:\/\/site.educa.madrid.org\/ies.elespinillo.madrid\/index.php\/wp-json\/wp\/v2\/pages\/2824\/revisions"}],"predecessor-version":[{"id":3607,"href":"https:\/\/site.educa.madrid.org\/ies.elespinillo.madrid\/index.php\/wp-json\/wp\/v2\/pages\/2824\/revisions\/3607"}],"up":[{"embeddable":true,"href":"https:\/\/site.educa.madrid.org\/ies.elespinillo.madrid\/index.php\/wp-json\/wp\/v2\/pages\/2109"}],"wp:attachment":[{"href":"https:\/\/site.educa.madrid.org\/ies.elespinillo.madrid\/index.php\/wp-json\/wp\/v2\/media?parent=2824"}],"wp:term":[{"taxonomy":"folder","embeddable":true,"href":"https:\/\/site.educa.madrid.org\/ies.elespinillo.madrid\/index.php\/wp-json\/wp\/v2\/folder?post=2824"}],"curies":[{"name":"wp","href":"https:\/\/api.w.org\/{rel}","templated":true}]}}