{"id":2826,"date":"2024-09-04T23:52:30","date_gmt":"2024-09-04T21:52:30","guid":{"rendered":"https:\/\/site.educa.madrid.org\/ies.elespinillo.madrid\/?page_id=2826"},"modified":"2025-11-11T11:37:26","modified_gmt":"2025-11-11T10:37:26","slug":"entregas-septiembre","status":"publish","type":"page","link":"https:\/\/site.educa.madrid.org\/ies.elespinillo.madrid\/index.php\/familias\/programa-accede\/entregas-septiembre\/","title":{"rendered":"Entregas SEPTIEMBRE 2025"},"content":{"rendered":"\n<h3 class=\"wp-block-heading\"><strong>PROGRAMA ACCEDE &#8211; CALENDARIO DE ENTREGA DE LIBROS DEL CURSO 25\/2<\/strong>6<\/h3>\n\n\n\n<h4 class=\"wp-block-heading has-text-align-center\"><strong><mark style=\"background-color:rgba(0, 0, 0, 0)\" class=\"has-inline-color has-luminous-vivid-orange-color\">S E P T I E M B R E  <\/mark><\/strong><mark style=\"background-color:rgba(0, 0, 0, 0)\" class=\"has-inline-color has-luminous-vivid-orange-color\">2 0 2 5<\/mark><\/h4>\n\n\n\n<p>Comenzamos el curso 2025\/2026 y como todos los cursos procederemos a hacer las <strong>entregas de lotes de libros de pr\u00e9stamo del programa Accede a aquellas familias beneficiarias del programa que han cumplido todos los requisitos <\/strong>para seguir o bien incorporarse al programa. Para llevar a cabo las recogidas han de tener en cuenta lo siguiente:<\/p>\n\n\n\n<ol class=\"wp-block-list\">\n<li><strong><mark style=\"background-color:#fcb900\" class=\"has-inline-color\">COMPRUEBE TANTO LA FECHA COMO EL TRAMO HORARIO<\/mark> de entrega asignado<\/strong> correspondiente al grupo en el que ha sido matriculado su hijo\/a en el presente curso 25\/26. Ser\u00e1n los propios alumnos los que recibir\u00e1n las entregas de los lotes de libros. Puede encontrar el calendario de pr\u00e9stamo de libros en el documento que se encuentra enlazado en la imagen que pueden encontrar al final de estas l\u00edneas.<\/li>\n\n\n\n<li><strong><mark style=\"background-color:#fcb900\" class=\"has-inline-color\">LEA DETENIDAMENTE las INSTRUCCIONES A TENER EN CUENTA<\/mark><\/strong> a la hora de hacer la recogida de los lotes de libros. Puede encontrar toda la informaci\u00f3n completa en el documento que se encuentra enlazado en la imagen que pueden encontrar al final de estas l\u00edneas.<\/li>\n\n\n\n<li>Aquellos <mark style=\"background-color:#fcb900\" class=\"has-inline-color\"><strong>ALUMNOS QUE NO HAN EFECTUADO LA DEVOLUCI\u00d3N DE SUS LOTES<\/strong> <strong>o NO RESOLVIERON SUS INCIDENCIAS CON LOS LIBROS PRESTADOS <\/strong><\/mark>en el periodo habilitado para ello en el mes de Junio\/Julio, <mark style=\"background-color:#fcb900\" class=\"has-inline-color\"><strong>NO HAN SIDO INCLUIDOS EN EL PROGRAMA DE PRESTAMOS PARA EL CURSO 25\/26<\/strong><\/mark><\/li>\n\n\n\n<li><strong><mark style=\"background-color:#fcb900\" class=\"has-inline-color\">NUEVA DIRECCI\u00d3N DE CORREO PARA CONSULTAS RELATIVAS AL PLAN ACCEDE<\/mark><\/strong>: Debido al cambio de coordinador Accede en el centro se ha habilitado una nueva direcci\u00f3n de contacto para la notificaci\u00f3n de incidencias relacionadas con el plan:<mark style=\"background-color:rgba(0, 0, 0, 0)\" class=\"has-inline-color has-vivid-cyan-blue-color\"> <strong>compdigedu.ies.elespinillo.madrid@educa.madrid.org.<\/strong><\/mark><\/li>\n<\/ol>\n\n\n\n<p><strong>Haga clic en la siguiente imagen <\/strong>para acceder a toda la informaci\u00f3n referente a la entrega de libros prestados por el plan Accede para el curso 25\/26, incluyendo el calendario de entregas:<\/p>\n\n\n<div class=\"wp-block-image\">\n<figure class=\"aligncenter size-full is-resized\"><a href=\"https:\/\/cloud.educa.madrid.org\/s\/5HMP8WAxWsLKr7J\" target=\"_blank\" rel=\"noreferrer noopener\"><img loading=\"lazy\" decoding=\"async\" width=\"655\" height=\"774\" src=\"https:\/\/site.educa.madrid.org\/ies.elespinillo.madrid\/\/wp-content\/uploads\/ies.elespinillo.madrid\/2024\/09\/infoIconEntregas.fw_.png\" alt=\"\" class=\"wp-image-2835\" style=\"width:167px;height:auto\" srcset=\"https:\/\/site.educa.madrid.org\/ies.elespinillo.madrid\/\/wp-content\/uploads\/ies.elespinillo.madrid\/2024\/09\/infoIconEntregas.fw_.png 655w, https:\/\/site.educa.madrid.org\/ies.elespinillo.madrid\/\/wp-content\/uploads\/ies.elespinillo.madrid\/2024\/09\/infoIconEntregas.fw_-254x300.png 254w\" sizes=\"auto, (max-width: 655px) 100vw, 655px\" \/><\/a><\/figure>\n<\/div>\n\n\n<figure class=\"wp-block-image size-large\"><img loading=\"lazy\" decoding=\"async\" width=\"1024\" height=\"672\" src=\"https:\/\/site.educa.madrid.org\/ies.elespinillo.madrid\/\/wp-content\/uploads\/ies.elespinillo.madrid\/2025\/09\/accedeSeptiembre2025.fw_-1024x672.png\" alt=\"\" class=\"wp-image-3523\" srcset=\"https:\/\/site.educa.madrid.org\/ies.elespinillo.madrid\/\/wp-content\/uploads\/ies.elespinillo.madrid\/2025\/09\/accedeSeptiembre2025.fw_-1024x672.png 1024w, https:\/\/site.educa.madrid.org\/ies.elespinillo.madrid\/\/wp-content\/uploads\/ies.elespinillo.madrid\/2025\/09\/accedeSeptiembre2025.fw_-300x197.png 300w, https:\/\/site.educa.madrid.org\/ies.elespinillo.madrid\/\/wp-content\/uploads\/ies.elespinillo.madrid\/2025\/09\/accedeSeptiembre2025.fw_-768x504.png 768w, https:\/\/site.educa.madrid.org\/ies.elespinillo.madrid\/\/wp-content\/uploads\/ies.elespinillo.madrid\/2025\/09\/accedeSeptiembre2025.fw_.png 1474w\" sizes=\"auto, (max-width: 1024px) 100vw, 1024px\" \/><\/figure>\n\n\n\n<figure class=\"wp-block-image size-large\"><img loading=\"lazy\" decoding=\"async\" width=\"1024\" height=\"672\" src=\"https:\/\/site.educa.madrid.org\/ies.elespinillo.madrid\/\/wp-content\/uploads\/ies.elespinillo.madrid\/2025\/09\/accedeSeptiembre20252.fw_-1024x672.png\" alt=\"\" class=\"wp-image-3524\" srcset=\"https:\/\/site.educa.madrid.org\/ies.elespinillo.madrid\/\/wp-content\/uploads\/ies.elespinillo.madrid\/2025\/09\/accedeSeptiembre20252.fw_-1024x672.png 1024w, https:\/\/site.educa.madrid.org\/ies.elespinillo.madrid\/\/wp-content\/uploads\/ies.elespinillo.madrid\/2025\/09\/accedeSeptiembre20252.fw_-300x197.png 300w, https:\/\/site.educa.madrid.org\/ies.elespinillo.madrid\/\/wp-content\/uploads\/ies.elespinillo.madrid\/2025\/09\/accedeSeptiembre20252.fw_-768x504.png 768w, https:\/\/site.educa.madrid.org\/ies.elespinillo.madrid\/\/wp-content\/uploads\/ies.elespinillo.madrid\/2025\/09\/accedeSeptiembre20252.fw_.png 1474w\" sizes=\"auto, (max-width: 1024px) 100vw, 1024px\" \/><\/figure>\n","protected":false},"excerpt":{"rendered":"<p>PROGRAMA ACCEDE &#8211; CALENDARIO DE ENTREGA DE LIBROS DEL CURSO 25\/26 S E P T I E M B R E 2 0 2 5 Comenzamos el curso 2025\/2026 y &#8230;<\/p>\n","protected":false},"author":2,"featured_media":0,"parent":2109,"menu_order":114,"comment_status":"closed","ping_status":"closed","template":"","meta":{"footnotes":""},"folder":[],"class_list":["post-2826","page","type-page","status-publish","hentry"],"rttpg_featured_image_url":null,"rttpg_author":{"display_name":"tic.ies.elespinillo.madrid","author_link":"https:\/\/site.educa.madrid.org\/ies.elespinillo.madrid\/index.php\/author\/cuenta_tic-ies-elespinillo-madrid\/"},"rttpg_comment":0,"rttpg_category":false,"rttpg_excerpt":"PROGRAMA ACCEDE &#8211; CALENDARIO DE ENTREGA DE LIBROS DEL CURSO 25\/26 S E P T I E M B R E 2 0 2 5 Comenzamos el curso 2025\/2026 y ...","post_mailing_queue_ids":[],"_links":{"self":[{"href":"https:\/\/site.educa.madrid.org\/ies.elespinillo.madrid\/index.php\/wp-json\/wp\/v2\/pages\/2826","targetHints":{"allow":["GET"]}}],"collection":[{"href":"https:\/\/site.educa.madrid.org\/ies.elespinillo.madrid\/index.php\/wp-json\/wp\/v2\/pages"}],"about":[{"href":"https:\/\/site.educa.madrid.org\/ies.elespinillo.madrid\/index.php\/wp-json\/wp\/v2\/types\/page"}],"author":[{"embeddable":true,"href":"https:\/\/site.educa.madrid.org\/ies.elespinillo.madrid\/index.php\/wp-json\/wp\/v2\/users\/2"}],"replies":[{"embeddable":true,"href":"https:\/\/site.educa.madrid.org\/ies.elespinillo.madrid\/index.php\/wp-json\/wp\/v2\/comments?post=2826"}],"version-history":[{"count":15,"href":"https:\/\/site.educa.madrid.org\/ies.elespinillo.madrid\/index.php\/wp-json\/wp\/v2\/pages\/2826\/revisions"}],"predecessor-version":[{"id":3606,"href":"https:\/\/site.educa.madrid.org\/ies.elespinillo.madrid\/index.php\/wp-json\/wp\/v2\/pages\/2826\/revisions\/3606"}],"up":[{"embeddable":true,"href":"https:\/\/site.educa.madrid.org\/ies.elespinillo.madrid\/index.php\/wp-json\/wp\/v2\/pages\/2109"}],"wp:attachment":[{"href":"https:\/\/site.educa.madrid.org\/ies.elespinillo.madrid\/index.php\/wp-json\/wp\/v2\/media?parent=2826"}],"wp:term":[{"taxonomy":"folder","embeddable":true,"href":"https:\/\/site.educa.madrid.org\/ies.elespinillo.madrid\/index.php\/wp-json\/wp\/v2\/folder?post=2826"}],"curies":[{"name":"wp","href":"https:\/\/api.w.org\/{rel}","templated":true}]}}