{"id":3039,"date":"2025-02-23T22:37:32","date_gmt":"2025-02-23T21:37:32","guid":{"rendered":"https:\/\/site.educa.madrid.org\/ies.elespinillo.madrid\/?page_id=3039"},"modified":"2026-05-04T11:22:38","modified_gmt":"2026-05-04T09:22:38","slug":"procedimiento-de-revision","status":"publish","type":"page","link":"https:\/\/site.educa.madrid.org\/ies.elespinillo.madrid\/index.php\/familias\/procedimiento-de-revision\/","title":{"rendered":"Procedimiento Revisi\u00f3n Calificaciones"},"content":{"rendered":"\n<figure class=\"wp-block-image alignwide size-large\"><img loading=\"lazy\" decoding=\"async\" width=\"1024\" height=\"68\" src=\"https:\/\/site.educa.madrid.org\/ies.elespinillo.madrid\/\/wp-content\/uploads\/ies.elespinillo.madrid\/2025\/02\/121.procedimientoDeRevision.fw_-1024x68.png\" alt=\"\" class=\"wp-image-3042\" srcset=\"https:\/\/site.educa.madrid.org\/ies.elespinillo.madrid\/\/wp-content\/uploads\/ies.elespinillo.madrid\/2025\/02\/121.procedimientoDeRevision.fw_-1024x68.png 1024w, https:\/\/site.educa.madrid.org\/ies.elespinillo.madrid\/\/wp-content\/uploads\/ies.elespinillo.madrid\/2025\/02\/121.procedimientoDeRevision.fw_-300x20.png 300w, https:\/\/site.educa.madrid.org\/ies.elespinillo.madrid\/\/wp-content\/uploads\/ies.elespinillo.madrid\/2025\/02\/121.procedimientoDeRevision.fw_-768x51.png 768w, https:\/\/site.educa.madrid.org\/ies.elespinillo.madrid\/\/wp-content\/uploads\/ies.elespinillo.madrid\/2025\/02\/121.procedimientoDeRevision.fw_.png 1500w\" sizes=\"auto, (max-width: 1024px) 100vw, 1024px\" \/><\/figure>\n\n\n\n<h3 class=\"wp-block-heading has-text-align-center\">PROCEDIMIENTO DE REVISI\u00d3N DE LOS RESULTADOS DE LA EVALUACI\u00d3N FINAL<\/h3>\n\n\n<div class=\"wp-block-image\">\n<figure class=\"aligncenter size-full is-resized\"><img loading=\"lazy\" decoding=\"async\" width=\"512\" height=\"512\" src=\"https:\/\/site.educa.madrid.org\/ies.elespinillo.madrid\/\/wp-content\/uploads\/ies.elespinillo.madrid\/2025\/02\/complain_2016279.png\" alt=\"\" class=\"wp-image-3052\" style=\"width:160px;height:auto\" srcset=\"https:\/\/site.educa.madrid.org\/ies.elespinillo.madrid\/\/wp-content\/uploads\/ies.elespinillo.madrid\/2025\/02\/complain_2016279.png 512w, https:\/\/site.educa.madrid.org\/ies.elespinillo.madrid\/\/wp-content\/uploads\/ies.elespinillo.madrid\/2025\/02\/complain_2016279-300x300.png 300w, https:\/\/site.educa.madrid.org\/ies.elespinillo.madrid\/\/wp-content\/uploads\/ies.elespinillo.madrid\/2025\/02\/complain_2016279-150x150.png 150w, https:\/\/site.educa.madrid.org\/ies.elespinillo.madrid\/\/wp-content\/uploads\/ies.elespinillo.madrid\/2025\/02\/complain_2016279-500x500.png 500w\" sizes=\"auto, (max-width: 512px) 100vw, 512px\" \/><\/figure>\n<\/div>\n\n\n<p class=\"has-text-align-center\"><em>El Procedimiento de Reclamaci\u00f3n de calificaciones se encuentra regulado en los art\u00edculos 46 y 47 de la Orden 1712\/2023 para la E.S.O. y los art\u00edculos 38 y 39 de la Orden 2067\/2023 para Bachillerato.<\/em><\/p>\n\n\n\n<hr class=\"wp-block-separator has-alpha-channel-opacity\"\/>\n\n\n\n<div class=\"wp-block-columns is-layout-flex wp-container-core-columns-is-layout-9d6595d7 wp-block-columns-is-layout-flex\">\n<div class=\"wp-block-column is-layout-flow wp-block-column-is-layout-flow\">\n<figure class=\"wp-block-image alignfull size-large\"><img loading=\"lazy\" decoding=\"async\" width=\"419\" height=\"1024\" src=\"https:\/\/site.educa.madrid.org\/ies.elespinillo.madrid\/\/wp-content\/uploads\/ies.elespinillo.madrid\/2025\/03\/Captura-de-pantalla-2025-03-18-a-las-20.41.44-419x1024.png\" alt=\"\" class=\"wp-image-3189\" srcset=\"https:\/\/site.educa.madrid.org\/ies.elespinillo.madrid\/\/wp-content\/uploads\/ies.elespinillo.madrid\/2025\/03\/Captura-de-pantalla-2025-03-18-a-las-20.41.44-419x1024.png 419w, https:\/\/site.educa.madrid.org\/ies.elespinillo.madrid\/\/wp-content\/uploads\/ies.elespinillo.madrid\/2025\/03\/Captura-de-pantalla-2025-03-18-a-las-20.41.44-123x300.png 123w, https:\/\/site.educa.madrid.org\/ies.elespinillo.madrid\/\/wp-content\/uploads\/ies.elespinillo.madrid\/2025\/03\/Captura-de-pantalla-2025-03-18-a-las-20.41.44-768x1878.png 768w, https:\/\/site.educa.madrid.org\/ies.elespinillo.madrid\/\/wp-content\/uploads\/ies.elespinillo.madrid\/2025\/03\/Captura-de-pantalla-2025-03-18-a-las-20.41.44-628x1536.png 628w, https:\/\/site.educa.madrid.org\/ies.elespinillo.madrid\/\/wp-content\/uploads\/ies.elespinillo.madrid\/2025\/03\/Captura-de-pantalla-2025-03-18-a-las-20.41.44-837x2048.png 837w, https:\/\/site.educa.madrid.org\/ies.elespinillo.madrid\/\/wp-content\/uploads\/ies.elespinillo.madrid\/2025\/03\/Captura-de-pantalla-2025-03-18-a-las-20.41.44.png 1050w\" sizes=\"auto, (max-width: 419px) 100vw, 419px\" \/><\/figure>\n<\/div>\n\n\n\n<div class=\"wp-block-column is-layout-flow wp-block-column-is-layout-flow\">\n<ol class=\"wp-block-list\">\n<li>El alumnado o sus padres o tutores legales podr\u00e1n <strong>solicitar al profesorado aclaraciones<\/strong> sobre la calificaci\u00f3n final en una determinada \u00e1rea o materia.<\/li>\n\n\n\n<li>Tras las oportunas aclaraciones por parte del profesorado, en el supuesto de que exista desacuerdo o disconformidad con la calificaci\u00f3n final obtenida en una materia o \u00e1mbito o con la decisi\u00f3n de promoci\u00f3n, titulaci\u00f3n, el\/la alumno\/a (si es mayor de edad), sus padres o tutores legales podr\u00e1n <strong>solicitar la revisi\u00f3n de dicha calificaci\u00f3n o decisi\u00f3n.<\/strong> Para ello, deber\u00e1n cumplimentar un impreso que se encontrar\u00e1 a su disposici\u00f3n en la secretar\u00eda del centro. Dicha solicitud de revisi\u00f3n se presentar\u00e1 en la secretar\u00eda del centro en el plazo de 2 d\u00edas h\u00e1biles a partir de aquel en que se produjo la comunicaci\u00f3n de dicha calificaci\u00f3n o decisi\u00f3n. La solicitud de revisi\u00f3n contendr\u00e1 cuantas alegaciones justifiquen la disconformidad con la calificaci\u00f3n final o con la decisi\u00f3n adoptada y ser\u00e1 dirigida a la jefatura de estudios, quien la trasladar\u00e1 de forma inmediata al departamento de coordinaci\u00f3n did\u00e1ctica responsable de la materia o \u00e1mbito con cuya calificaci\u00f3n se manifiesta el desacuerdo.<\/li>\n\n\n\n<li>Los departamentos de coordinaci\u00f3n did\u00e1ctica trasladar\u00e1n los informes elaborados a la <strong>jefatura de estudios, quien comunicar\u00e1 por escrito al alumno\/a y a sus padres o tutores legales la decisi\u00f3n razonada de ratificaci\u00f3n o modificaci\u00f3n<\/strong> de la calificaci\u00f3n objeto de revisi\u00f3n, lo que pondr\u00e1 termino al procedimiento de revisi\u00f3n.<\/li>\n\n\n\n<li>En el caso de que, tras el procedimiento de revisi\u00f3n en el centro, existan discrepancias y desacuerdo con las explicaciones de la resoluci\u00f3n de la reclamaci\u00f3n, los <strong>padres o tutores legales, o el alumno si es mayor de edad, podr\u00e1n interponer una reclamaci\u00f3n ante la Direcci\u00f3n de \u00c1rea Territorial. <\/strong>Para ello, en el plazo de 2 d\u00edas h\u00e1biles a partir de la \u00faltima comunicaci\u00f3n, se podr\u00e1 presentar escrito dirigido a la directora del centro, con la motivaci\u00f3n de dicha reclamaci\u00f3n. Dicha solicitud ser\u00e1 entregada por registro en la secretar\u00eda del centro.<\/li>\n<\/ol>\n<\/div>\n<\/div>\n\n\n\n<hr class=\"wp-block-separator has-alpha-channel-opacity\"\/>\n","protected":false},"excerpt":{"rendered":"<p>PROCEDIMIENTO DE REVISI\u00d3N DE LOS RESULTADOS DE LA EVALUACI\u00d3N FINAL El Procedimiento de Reclamaci\u00f3n de calificaciones se encuentra regulado en los art\u00edculos 46 y 47 de la Orden 1712\/2023 para &#8230;<\/p>\n","protected":false},"author":2,"featured_media":0,"parent":2034,"menu_order":116,"comment_status":"closed","ping_status":"closed","template":"","meta":{"footnotes":""},"folder":[],"class_list":["post-3039","page","type-page","status-publish","hentry"],"rttpg_featured_image_url":null,"rttpg_author":{"display_name":"tic.ies.elespinillo.madrid","author_link":"https:\/\/site.educa.madrid.org\/ies.elespinillo.madrid\/index.php\/author\/cuenta_tic-ies-elespinillo-madrid\/"},"rttpg_comment":0,"rttpg_category":false,"rttpg_excerpt":"PROCEDIMIENTO DE REVISI\u00d3N DE LOS RESULTADOS DE LA EVALUACI\u00d3N FINAL El Procedimiento de Reclamaci\u00f3n de calificaciones se encuentra regulado en los art\u00edculos 46 y 47 de la Orden 1712\/2023 para ...","post_mailing_queue_ids":[],"_links":{"self":[{"href":"https:\/\/site.educa.madrid.org\/ies.elespinillo.madrid\/index.php\/wp-json\/wp\/v2\/pages\/3039","targetHints":{"allow":["GET"]}}],"collection":[{"href":"https:\/\/site.educa.madrid.org\/ies.elespinillo.madrid\/index.php\/wp-json\/wp\/v2\/pages"}],"about":[{"href":"https:\/\/site.educa.madrid.org\/ies.elespinillo.madrid\/index.php\/wp-json\/wp\/v2\/types\/page"}],"author":[{"embeddable":true,"href":"https:\/\/site.educa.madrid.org\/ies.elespinillo.madrid\/index.php\/wp-json\/wp\/v2\/users\/2"}],"replies":[{"embeddable":true,"href":"https:\/\/site.educa.madrid.org\/ies.elespinillo.madrid\/index.php\/wp-json\/wp\/v2\/comments?post=3039"}],"version-history":[{"count":13,"href":"https:\/\/site.educa.madrid.org\/ies.elespinillo.madrid\/index.php\/wp-json\/wp\/v2\/pages\/3039\/revisions"}],"predecessor-version":[{"id":3195,"href":"https:\/\/site.educa.madrid.org\/ies.elespinillo.madrid\/index.php\/wp-json\/wp\/v2\/pages\/3039\/revisions\/3195"}],"up":[{"embeddable":true,"href":"https:\/\/site.educa.madrid.org\/ies.elespinillo.madrid\/index.php\/wp-json\/wp\/v2\/pages\/2034"}],"wp:attachment":[{"href":"https:\/\/site.educa.madrid.org\/ies.elespinillo.madrid\/index.php\/wp-json\/wp\/v2\/media?parent=3039"}],"wp:term":[{"taxonomy":"folder","embeddable":true,"href":"https:\/\/site.educa.madrid.org\/ies.elespinillo.madrid\/index.php\/wp-json\/wp\/v2\/folder?post=3039"}],"curies":[{"name":"wp","href":"https:\/\/api.w.org\/{rel}","templated":true}]}}