{"id":3290,"date":"2025-04-07T10:37:07","date_gmt":"2025-04-07T08:37:07","guid":{"rendered":"https:\/\/site.educa.madrid.org\/ies.elespinillo.madrid\/?page_id=3290"},"modified":"2026-05-04T11:13:17","modified_gmt":"2026-05-04T09:13:17","slug":"conservatorios","status":"publish","type":"page","link":"https:\/\/site.educa.madrid.org\/ies.elespinillo.madrid\/index.php\/recursos\/recursos-del-entorno\/conservatorios\/","title":{"rendered":"Conservatorios"},"content":{"rendered":"\n<p>Muy cercano a nuestro centro, a tan solo 5 minutos caminando, se encuentran el <strong>Conservatorio de M\u00fasica Victoria de los \u00c1ngeles y el Conservatorio de Danza Carmen Amaya<\/strong> que permiten completar la formaci\u00f3n acad\u00e9mica del alumnado de nuestro barrio.<\/p>\n\n\n\n<p>Con el objetivo de beneficiar al alumnado que all\u00ed estudia, el Consejo Escolar de nuestro centro acord\u00f3 conceder <strong>3 puntos<\/strong> como criterio complementario al alumnado matriculado en cualquier de estos conservatorios que quiera escolarizarse en el IES El Espinillo.<\/p>\n\n\n\n<p>Para favorecer el horario y dedicaci\u00f3n de este alumnado, desde nuestro centro se gestiona la <strong>convalidaci\u00f3n o exenci\u00f3n<\/strong> de las materias optativas que permite la normativa.<\/p>\n\n\n\n<p>Cabe destacar la <strong>buena relaci\u00f3n y coordinaci\u00f3n<\/strong> que mantiene el IES El Espinillo con los conservatorios, muestra de lo cual es el concierto que se celebr\u00f3 el 5 de marzo de 2025 para conmemorar los 25 a\u00f1os de nuestro centro, en el que alumnado y profesorado del IES El Espinillo deleitaron al p\u00fablico con un espl\u00e9ndido concierto celebrado en el magn\u00edfico auditorio del Conservatorio Victoria de los \u00c1ngeles.&nbsp;<\/p>\n\n\n\n<figure class=\"wp-block-image size-large\"><img loading=\"lazy\" decoding=\"async\" width=\"1024\" height=\"488\" src=\"https:\/\/site.educa.madrid.org\/ies.elespinillo.madrid\/\/wp-content\/uploads\/ies.elespinillo.madrid\/2025\/04\/conservatorios-1024x488.jpg\" alt=\"\" class=\"wp-image-3294\" srcset=\"https:\/\/site.educa.madrid.org\/ies.elespinillo.madrid\/\/wp-content\/uploads\/ies.elespinillo.madrid\/2025\/04\/conservatorios-1024x488.jpg 1024w, https:\/\/site.educa.madrid.org\/ies.elespinillo.madrid\/\/wp-content\/uploads\/ies.elespinillo.madrid\/2025\/04\/conservatorios-300x143.jpg 300w, https:\/\/site.educa.madrid.org\/ies.elespinillo.madrid\/\/wp-content\/uploads\/ies.elespinillo.madrid\/2025\/04\/conservatorios-768x366.jpg 768w, https:\/\/site.educa.madrid.org\/ies.elespinillo.madrid\/\/wp-content\/uploads\/ies.elespinillo.madrid\/2025\/04\/conservatorios-1536x731.jpg 1536w, https:\/\/site.educa.madrid.org\/ies.elespinillo.madrid\/\/wp-content\/uploads\/ies.elespinillo.madrid\/2025\/04\/conservatorios-2048x975.jpg 2048w\" sizes=\"auto, (max-width: 1024px) 100vw, 1024px\" \/><\/figure>\n","protected":false},"excerpt":{"rendered":"<p>Muy cercano a nuestro centro, a tan solo 5 minutos caminando, se encuentran el Conservatorio de M\u00fasica Victoria de los \u00c1ngeles y el Conservatorio de Danza Carmen Amaya que permiten &#8230;<\/p>\n","protected":false},"author":2,"featured_media":0,"parent":3287,"menu_order":60,"comment_status":"closed","ping_status":"closed","template":"","meta":{"footnotes":""},"folder":[],"class_list":["post-3290","page","type-page","status-publish","hentry"],"rttpg_featured_image_url":null,"rttpg_author":{"display_name":"tic.ies.elespinillo.madrid","author_link":"https:\/\/site.educa.madrid.org\/ies.elespinillo.madrid\/index.php\/author\/cuenta_tic-ies-elespinillo-madrid\/"},"rttpg_comment":0,"rttpg_category":false,"rttpg_excerpt":"Muy cercano a nuestro centro, a tan solo 5 minutos caminando, se encuentran el Conservatorio de M\u00fasica Victoria de los \u00c1ngeles y el Conservatorio de Danza Carmen Amaya que permiten ...","post_mailing_queue_ids":[],"_links":{"self":[{"href":"https:\/\/site.educa.madrid.org\/ies.elespinillo.madrid\/index.php\/wp-json\/wp\/v2\/pages\/3290","targetHints":{"allow":["GET"]}}],"collection":[{"href":"https:\/\/site.educa.madrid.org\/ies.elespinillo.madrid\/index.php\/wp-json\/wp\/v2\/pages"}],"about":[{"href":"https:\/\/site.educa.madrid.org\/ies.elespinillo.madrid\/index.php\/wp-json\/wp\/v2\/types\/page"}],"author":[{"embeddable":true,"href":"https:\/\/site.educa.madrid.org\/ies.elespinillo.madrid\/index.php\/wp-json\/wp\/v2\/users\/2"}],"replies":[{"embeddable":true,"href":"https:\/\/site.educa.madrid.org\/ies.elespinillo.madrid\/index.php\/wp-json\/wp\/v2\/comments?post=3290"}],"version-history":[{"count":2,"href":"https:\/\/site.educa.madrid.org\/ies.elespinillo.madrid\/index.php\/wp-json\/wp\/v2\/pages\/3290\/revisions"}],"predecessor-version":[{"id":3295,"href":"https:\/\/site.educa.madrid.org\/ies.elespinillo.madrid\/index.php\/wp-json\/wp\/v2\/pages\/3290\/revisions\/3295"}],"up":[{"embeddable":true,"href":"https:\/\/site.educa.madrid.org\/ies.elespinillo.madrid\/index.php\/wp-json\/wp\/v2\/pages\/3287"}],"wp:attachment":[{"href":"https:\/\/site.educa.madrid.org\/ies.elespinillo.madrid\/index.php\/wp-json\/wp\/v2\/media?parent=3290"}],"wp:term":[{"taxonomy":"folder","embeddable":true,"href":"https:\/\/site.educa.madrid.org\/ies.elespinillo.madrid\/index.php\/wp-json\/wp\/v2\/folder?post=3290"}],"curies":[{"name":"wp","href":"https:\/\/api.w.org\/{rel}","templated":true}]}}