{"id":3856,"date":"2026-05-04T18:48:26","date_gmt":"2026-05-04T16:48:26","guid":{"rendered":"https:\/\/site.educa.madrid.org\/ies.elespinillo.madrid\/?page_id=3856"},"modified":"2026-05-04T21:37:51","modified_gmt":"2026-05-04T19:37:51","slug":"departamento-de-biologia-y-geologia","status":"publish","type":"page","link":"https:\/\/site.educa.madrid.org\/ies.elespinillo.madrid\/index.php\/ensenanzas\/departamentos-didacticos\/departamento-de-biologia-y-geologia\/","title":{"rendered":"Departamento de Biolog\u00eda y Geolog\u00eda"},"content":{"rendered":"\n<figure class=\"wp-block-image alignwide size-large\"><img loading=\"lazy\" decoding=\"async\" width=\"1024\" height=\"68\" src=\"https:\/\/site.educa.madrid.org\/ies.elespinillo.madrid\/\/wp-content\/uploads\/ies.elespinillo.madrid\/2026\/05\/25.DptoBiologia.fw_-1024x68.png\" alt=\"\" class=\"wp-image-3857\" srcset=\"https:\/\/site.educa.madrid.org\/ies.elespinillo.madrid\/\/wp-content\/uploads\/ies.elespinillo.madrid\/2026\/05\/25.DptoBiologia.fw_-1024x68.png 1024w, https:\/\/site.educa.madrid.org\/ies.elespinillo.madrid\/\/wp-content\/uploads\/ies.elespinillo.madrid\/2026\/05\/25.DptoBiologia.fw_-300x20.png 300w, https:\/\/site.educa.madrid.org\/ies.elespinillo.madrid\/\/wp-content\/uploads\/ies.elespinillo.madrid\/2026\/05\/25.DptoBiologia.fw_-768x51.png 768w, https:\/\/site.educa.madrid.org\/ies.elespinillo.madrid\/\/wp-content\/uploads\/ies.elespinillo.madrid\/2026\/05\/25.DptoBiologia.fw_.png 1500w\" sizes=\"auto, (max-width: 1024px) 100vw, 1024px\" \/><\/figure>\n\n\n<div class=\"wp-block-image\">\n<figure class=\"aligncenter size-large is-resized\"><img loading=\"lazy\" decoding=\"async\" width=\"1024\" height=\"599\" src=\"https:\/\/site.educa.madrid.org\/ies.elespinillo.madrid\/\/wp-content\/uploads\/ies.elespinillo.madrid\/2026\/05\/logoBiologia2-1024x599.png\" alt=\"\" class=\"wp-image-3861\" style=\"aspect-ratio:1.709517664721479;width:349px;height:auto\" srcset=\"https:\/\/site.educa.madrid.org\/ies.elespinillo.madrid\/\/wp-content\/uploads\/ies.elespinillo.madrid\/2026\/05\/logoBiologia2-1024x599.png 1024w, https:\/\/site.educa.madrid.org\/ies.elespinillo.madrid\/\/wp-content\/uploads\/ies.elespinillo.madrid\/2026\/05\/logoBiologia2-300x176.png 300w, https:\/\/site.educa.madrid.org\/ies.elespinillo.madrid\/\/wp-content\/uploads\/ies.elespinillo.madrid\/2026\/05\/logoBiologia2-768x449.png 768w, https:\/\/site.educa.madrid.org\/ies.elespinillo.madrid\/\/wp-content\/uploads\/ies.elespinillo.madrid\/2026\/05\/logoBiologia2-1536x899.png 1536w, https:\/\/site.educa.madrid.org\/ies.elespinillo.madrid\/\/wp-content\/uploads\/ies.elespinillo.madrid\/2026\/05\/logoBiologia2-2048x1199.png 2048w\" sizes=\"auto, (max-width: 1024px) 100vw, 1024px\" \/><\/figure>\n<\/div>\n\n\n<p class=\"has-text-align-left\">Bienvenidos al <strong>Departamento de Biolog\u00eda y Geolog\u00eda <\/strong>de nuestro instituto, un espacio dedicado al descubrimiento y la comprensi\u00f3n del mundo natural. Aqu\u00ed exploramos la vida en todas sus formas, desde las c\u00e9lulas m\u00e1s peque\u00f1as hasta los ecosistemas m\u00e1s complejos, as\u00ed como la estructura y din\u00e1mica de la Tierra. Nuestro objetivo es despertar la curiosidad cient\u00edfica y fomentar el pensamiento cr\u00edtico en cada estudiante. Para ello, realizamos pr\u00e1cticas de laboratorio como la observaci\u00f3n al microscopio, disecciones o an\u00e1lisis de muestras. Tambi\u00e9n llevamos a cabo salidas de campo para estudiar rocas, f\u00f3siles y paisajes geol\u00f3gicos en su entorno natural. En el aula, se desarrollan proyectos de investigaci\u00f3n, experimentos y actividades colaborativas. Estudiar Biolog\u00eda y Geolog\u00eda nos permite entender mejor nuestro entorno y el papel que desempe\u00f1amos en \u00e9l. Esperamos que este sea un lugar de aprendizaje, inspiraci\u00f3n y crecimiento para toda la comunidad educativa. El departamento est\u00e1 compuesto por los siguientes componentes:<\/p>\n\n\n\n<div class=\"wp-block-group\"><div class=\"wp-block-group__inner-container is-layout-constrained wp-block-group-is-layout-constrained\">\n<figure class=\"wp-block-table is-style-stripes\"><table class=\"has-fixed-layout\"><tbody><tr><td><a href=\"https:\/\/aulavirtual33.educa.madrid.org\/ies.elespinillo.madrid\/course\/index.php?categoryid=41\" target=\"_blank\" rel=\"noreferrer noopener\">GARC\u00cdA P\u00c9REZ, Francisco L.<\/a><\/td><td><em>Jefe de Departamento<\/em><\/td><\/tr><tr><td><a href=\"https:\/\/aulavirtual33.educa.madrid.org\/ies.elespinillo.madrid\/course\/index.php?categoryid=337\" target=\"_blank\" rel=\"noreferrer noopener\">ALONSO GUERRERO, Guillermo<\/a><\/td><td><\/td><\/tr><tr><td><a href=\"https:\/\/aulavirtual33.educa.madrid.org\/ies.elespinillo.madrid\/course\/index.php?categoryid=402\" target=\"_blank\" rel=\"noreferrer noopener\">AMORES S\u00c1NCHEZ, Mar\u00eda<\/a><\/td><td><\/td><\/tr><tr><td><a href=\"https:\/\/aulavirtual33.educa.madrid.org\/ies.elespinillo.madrid\/course\/index.php?categoryid=483\" target=\"_blank\" rel=\"noreferrer noopener\">CONTRERAS MART\u00cdN, Beatriz<\/a><\/td><td><\/td><\/tr><tr><td><a href=\"https:\/\/aulavirtual33.educa.madrid.org\/ies.elespinillo.madrid\/course\/index.php?categoryid=46\" target=\"_blank\" rel=\"noreferrer noopener\">MU\u00d1OZ P\u00c9REZ, Jos\u00e9 \u00c1ngel<\/a><\/td><td><em>Jefatura Estudios 1\u00ba E.S.O.<\/em><\/td><\/tr><tr><td><a href=\"https:\/\/aulavirtual33.educa.madrid.org\/ies.elespinillo.madrid\/course\/index.php?categoryid=45\" target=\"_blank\" rel=\"noreferrer noopener\">NIETO RUBIO, Elena<\/a><\/td><td><\/td><\/tr><tr><td><a href=\"https:\/\/aulavirtual33.educa.madrid.org\/ies.elespinillo.madrid\/course\/index.php?categoryid=542\" target=\"_blank\" rel=\"noreferrer noopener\">RODR\u00cdGUEZ PE\u00d1ALVER, Juan Manuel <\/a><\/td><td><\/td><\/tr><tr><td><a href=\"https:\/\/aulavirtual33.educa.madrid.org\/ies.elespinillo.madrid\/course\/index.php?categoryid=47\" target=\"_blank\" rel=\"noreferrer noopener\">ROSA M\u00c1RMOL, Gabriel de la<\/a><\/td><td><\/td><\/tr><tr><td><a href=\"https:\/\/aulavirtual33.educa.madrid.org\/ies.elespinillo.madrid\/course\/index.php?categoryid=340\" target=\"_blank\" rel=\"noreferrer noopener\">SANCHEZ CARPINTERO, M\u00aa Eugenia<\/a><\/td><td><\/td><\/tr><\/tbody><\/table><\/figure>\n<\/div><\/div>\n\n\n\n<p><\/p>\n","protected":false},"excerpt":{"rendered":"<p>Bienvenidos al Departamento de Biolog\u00eda y Geolog\u00eda de nuestro instituto, un espacio dedicado al descubrimiento y la comprensi\u00f3n del mundo natural. Aqu\u00ed exploramos la vida en todas sus formas, desde &#8230;<\/p>\n","protected":false},"author":2,"featured_media":0,"parent":1985,"menu_order":25,"comment_status":"closed","ping_status":"closed","template":"","meta":{"footnotes":""},"folder":[],"class_list":["post-3856","page","type-page","status-publish","hentry"],"rttpg_featured_image_url":null,"rttpg_author":{"display_name":"tic.ies.elespinillo.madrid","author_link":"https:\/\/site.educa.madrid.org\/ies.elespinillo.madrid\/index.php\/author\/cuenta_tic-ies-elespinillo-madrid\/"},"rttpg_comment":0,"rttpg_category":false,"rttpg_excerpt":"Bienvenidos al Departamento de Biolog\u00eda y Geolog\u00eda de nuestro instituto, un espacio dedicado al descubrimiento y la comprensi\u00f3n del mundo natural. Aqu\u00ed exploramos la vida en todas sus formas, desde ...","post_mailing_queue_ids":[],"_links":{"self":[{"href":"https:\/\/site.educa.madrid.org\/ies.elespinillo.madrid\/index.php\/wp-json\/wp\/v2\/pages\/3856","targetHints":{"allow":["GET"]}}],"collection":[{"href":"https:\/\/site.educa.madrid.org\/ies.elespinillo.madrid\/index.php\/wp-json\/wp\/v2\/pages"}],"about":[{"href":"https:\/\/site.educa.madrid.org\/ies.elespinillo.madrid\/index.php\/wp-json\/wp\/v2\/types\/page"}],"author":[{"embeddable":true,"href":"https:\/\/site.educa.madrid.org\/ies.elespinillo.madrid\/index.php\/wp-json\/wp\/v2\/users\/2"}],"replies":[{"embeddable":true,"href":"https:\/\/site.educa.madrid.org\/ies.elespinillo.madrid\/index.php\/wp-json\/wp\/v2\/comments?post=3856"}],"version-history":[{"count":11,"href":"https:\/\/site.educa.madrid.org\/ies.elespinillo.madrid\/index.php\/wp-json\/wp\/v2\/pages\/3856\/revisions"}],"predecessor-version":[{"id":3975,"href":"https:\/\/site.educa.madrid.org\/ies.elespinillo.madrid\/index.php\/wp-json\/wp\/v2\/pages\/3856\/revisions\/3975"}],"up":[{"embeddable":true,"href":"https:\/\/site.educa.madrid.org\/ies.elespinillo.madrid\/index.php\/wp-json\/wp\/v2\/pages\/1985"}],"wp:attachment":[{"href":"https:\/\/site.educa.madrid.org\/ies.elespinillo.madrid\/index.php\/wp-json\/wp\/v2\/media?parent=3856"}],"wp:term":[{"taxonomy":"folder","embeddable":true,"href":"https:\/\/site.educa.madrid.org\/ies.elespinillo.madrid\/index.php\/wp-json\/wp\/v2\/folder?post=3856"}],"curies":[{"name":"wp","href":"https:\/\/api.w.org\/{rel}","templated":true}]}}