{"id":3871,"date":"2026-05-04T19:13:14","date_gmt":"2026-05-04T17:13:14","guid":{"rendered":"https:\/\/site.educa.madrid.org\/ies.elespinillo.madrid\/?page_id=3871"},"modified":"2026-05-04T21:39:46","modified_gmt":"2026-05-04T19:39:46","slug":"departamento-de-economia","status":"publish","type":"page","link":"https:\/\/site.educa.madrid.org\/ies.elespinillo.madrid\/index.php\/ensenanzas\/departamentos-didacticos\/departamento-de-economia\/","title":{"rendered":"Departamento de Econom\u00eda"},"content":{"rendered":"\n<figure class=\"wp-block-image alignwide size-large\"><img loading=\"lazy\" decoding=\"async\" width=\"1024\" height=\"68\" src=\"https:\/\/site.educa.madrid.org\/ies.elespinillo.madrid\/\/wp-content\/uploads\/ies.elespinillo.madrid\/2026\/05\/27.DptoEconomia.fw_-1024x68.png\" alt=\"\" class=\"wp-image-3872\" srcset=\"https:\/\/site.educa.madrid.org\/ies.elespinillo.madrid\/\/wp-content\/uploads\/ies.elespinillo.madrid\/2026\/05\/27.DptoEconomia.fw_-1024x68.png 1024w, https:\/\/site.educa.madrid.org\/ies.elespinillo.madrid\/\/wp-content\/uploads\/ies.elespinillo.madrid\/2026\/05\/27.DptoEconomia.fw_-300x20.png 300w, https:\/\/site.educa.madrid.org\/ies.elespinillo.madrid\/\/wp-content\/uploads\/ies.elespinillo.madrid\/2026\/05\/27.DptoEconomia.fw_-768x51.png 768w, https:\/\/site.educa.madrid.org\/ies.elespinillo.madrid\/\/wp-content\/uploads\/ies.elespinillo.madrid\/2026\/05\/27.DptoEconomia.fw_.png 1500w\" sizes=\"auto, (max-width: 1024px) 100vw, 1024px\" \/><\/figure>\n\n\n<div class=\"wp-block-image\">\n<figure class=\"aligncenter size-large is-resized\"><img loading=\"lazy\" decoding=\"async\" width=\"1024\" height=\"599\" src=\"https:\/\/site.educa.madrid.org\/ies.elespinillo.madrid\/\/wp-content\/uploads\/ies.elespinillo.madrid\/2026\/05\/economia-1024x599.png\" alt=\"\" class=\"wp-image-3873\" style=\"aspect-ratio:1.709517664721479;width:368px;height:auto\" srcset=\"https:\/\/site.educa.madrid.org\/ies.elespinillo.madrid\/\/wp-content\/uploads\/ies.elespinillo.madrid\/2026\/05\/economia-1024x599.png 1024w, https:\/\/site.educa.madrid.org\/ies.elespinillo.madrid\/\/wp-content\/uploads\/ies.elespinillo.madrid\/2026\/05\/economia-300x176.png 300w, https:\/\/site.educa.madrid.org\/ies.elespinillo.madrid\/\/wp-content\/uploads\/ies.elespinillo.madrid\/2026\/05\/economia-768x449.png 768w, https:\/\/site.educa.madrid.org\/ies.elespinillo.madrid\/\/wp-content\/uploads\/ies.elespinillo.madrid\/2026\/05\/economia-1536x899.png 1536w, https:\/\/site.educa.madrid.org\/ies.elespinillo.madrid\/\/wp-content\/uploads\/ies.elespinillo.madrid\/2026\/05\/economia-2048x1199.png 2048w\" sizes=\"auto, (max-width: 1024px) 100vw, 1024px\" \/><\/figure>\n<\/div>\n\n\n<p>En el <strong>Departamento de Econom\u00eda<\/strong> de nuestro instituto os damos la bienvenida a un espacio dedicado a comprender el funcionamiento del mundo que nos rodea desde una perspectiva social y financiera. A lo largo del curso, el alumnado analizar\u00e1 c\u00f3mo se toman decisiones econ\u00f3micas y c\u00f3mo estas influyen en la vida cotidiana. En clase se realizan actividades pr\u00e1cticas como la elaboraci\u00f3n de presupuestos, estudios de mercado y simulaciones empresariales. Tambi\u00e9n se desarrollan ejercicios de an\u00e1lisis de gr\u00e1ficos, interpretaci\u00f3n de datos y resoluci\u00f3n de problemas relacionados con la actualidad econ\u00f3mica. A trav\u00e9s de proyectos colaborativos, se fomenta el pensamiento cr\u00edtico y la capacidad de argumentaci\u00f3n. Adem\u00e1s, se trabajan conceptos como el ahorro, la inversi\u00f3n o el emprendimiento mediante casos reales y din\u00e1micas participativas. Nuestro objetivo es acercar la econom\u00eda de forma \u00fatil y comprensible. Esperamos que este departamento sea un lugar para aprender, reflexionar y desarrollar una visi\u00f3n responsable del entorno econ\u00f3mico. El departamento est\u00e1 compuesto por los siguientes componentes:<\/p>\n\n\n\n<figure class=\"wp-block-table is-style-stripes\"><table class=\"has-fixed-layout\"><tbody><tr><td><a href=\"https:\/\/aulavirtual33.educa.madrid.org\/ies.elespinillo.madrid\/course\/index.php?categoryid=484\" target=\"_blank\" rel=\"noreferrer noopener\">CARRO GARC\u00cdA, Astrid<\/a><\/td><td><em>Jefa de Departamento<\/em><\/td><\/tr><tr><td><a href=\"https:\/\/aulavirtual33.educa.madrid.org\/ies.elespinillo.madrid\/course\/index.php?categoryid=407\">DE LAS HERAS MELERO, Marta<\/a><\/td><td><em>Coordinadora 4\u00ba+Empresa<\/em><\/td><\/tr><tr><td><a href=\"https:\/\/aulavirtual33.educa.madrid.org\/ies.elespinillo.madrid\/course\/index.php?categoryid=485\" target=\"_blank\" rel=\"noreferrer noopener\">GARRIDO DELGADO, Marta<\/a><\/td><td><\/td><\/tr><\/tbody><\/table><\/figure>\n\n\n\n<p><\/p>\n","protected":false},"excerpt":{"rendered":"<p>En el Departamento de Econom\u00eda de nuestro instituto os damos la bienvenida a un espacio dedicado a comprender el funcionamiento del mundo que nos rodea desde una perspectiva social y &#8230;<\/p>\n","protected":false},"author":2,"featured_media":0,"parent":1985,"menu_order":27,"comment_status":"closed","ping_status":"closed","template":"","meta":{"footnotes":""},"folder":[],"class_list":["post-3871","page","type-page","status-publish","hentry"],"rttpg_featured_image_url":null,"rttpg_author":{"display_name":"tic.ies.elespinillo.madrid","author_link":"https:\/\/site.educa.madrid.org\/ies.elespinillo.madrid\/index.php\/author\/cuenta_tic-ies-elespinillo-madrid\/"},"rttpg_comment":0,"rttpg_category":false,"rttpg_excerpt":"En el Departamento de Econom\u00eda de nuestro instituto os damos la bienvenida a un espacio dedicado a comprender el funcionamiento del mundo que nos rodea desde una perspectiva social y ...","post_mailing_queue_ids":[],"_links":{"self":[{"href":"https:\/\/site.educa.madrid.org\/ies.elespinillo.madrid\/index.php\/wp-json\/wp\/v2\/pages\/3871","targetHints":{"allow":["GET"]}}],"collection":[{"href":"https:\/\/site.educa.madrid.org\/ies.elespinillo.madrid\/index.php\/wp-json\/wp\/v2\/pages"}],"about":[{"href":"https:\/\/site.educa.madrid.org\/ies.elespinillo.madrid\/index.php\/wp-json\/wp\/v2\/types\/page"}],"author":[{"embeddable":true,"href":"https:\/\/site.educa.madrid.org\/ies.elespinillo.madrid\/index.php\/wp-json\/wp\/v2\/users\/2"}],"replies":[{"embeddable":true,"href":"https:\/\/site.educa.madrid.org\/ies.elespinillo.madrid\/index.php\/wp-json\/wp\/v2\/comments?post=3871"}],"version-history":[{"count":2,"href":"https:\/\/site.educa.madrid.org\/ies.elespinillo.madrid\/index.php\/wp-json\/wp\/v2\/pages\/3871\/revisions"}],"predecessor-version":[{"id":3977,"href":"https:\/\/site.educa.madrid.org\/ies.elespinillo.madrid\/index.php\/wp-json\/wp\/v2\/pages\/3871\/revisions\/3977"}],"up":[{"embeddable":true,"href":"https:\/\/site.educa.madrid.org\/ies.elespinillo.madrid\/index.php\/wp-json\/wp\/v2\/pages\/1985"}],"wp:attachment":[{"href":"https:\/\/site.educa.madrid.org\/ies.elespinillo.madrid\/index.php\/wp-json\/wp\/v2\/media?parent=3871"}],"wp:term":[{"taxonomy":"folder","embeddable":true,"href":"https:\/\/site.educa.madrid.org\/ies.elespinillo.madrid\/index.php\/wp-json\/wp\/v2\/folder?post=3871"}],"curies":[{"name":"wp","href":"https:\/\/api.w.org\/{rel}","templated":true}]}}