{"id":3882,"date":"2026-05-04T19:48:18","date_gmt":"2026-05-04T17:48:18","guid":{"rendered":"https:\/\/site.educa.madrid.org\/ies.elespinillo.madrid\/?page_id=3882"},"modified":"2026-05-04T21:44:43","modified_gmt":"2026-05-04T19:44:43","slug":"departamento-de-fisica-y-quimica","status":"publish","type":"page","link":"https:\/\/site.educa.madrid.org\/ies.elespinillo.madrid\/index.php\/ensenanzas\/departamentos-didacticos\/departamento-de-fisica-y-quimica\/","title":{"rendered":"Departamento de F\u00edsica y Qu\u00edmica"},"content":{"rendered":"\n<figure class=\"wp-block-image alignwide size-large\"><img loading=\"lazy\" decoding=\"async\" width=\"1024\" height=\"68\" src=\"https:\/\/site.educa.madrid.org\/ies.elespinillo.madrid\/\/wp-content\/uploads\/ies.elespinillo.madrid\/2026\/05\/29.DptoFYQ.fw_-1024x68.png\" alt=\"\" class=\"wp-image-3883\" srcset=\"https:\/\/site.educa.madrid.org\/ies.elespinillo.madrid\/\/wp-content\/uploads\/ies.elespinillo.madrid\/2026\/05\/29.DptoFYQ.fw_-1024x68.png 1024w, https:\/\/site.educa.madrid.org\/ies.elespinillo.madrid\/\/wp-content\/uploads\/ies.elespinillo.madrid\/2026\/05\/29.DptoFYQ.fw_-300x20.png 300w, https:\/\/site.educa.madrid.org\/ies.elespinillo.madrid\/\/wp-content\/uploads\/ies.elespinillo.madrid\/2026\/05\/29.DptoFYQ.fw_-768x51.png 768w, https:\/\/site.educa.madrid.org\/ies.elespinillo.madrid\/\/wp-content\/uploads\/ies.elespinillo.madrid\/2026\/05\/29.DptoFYQ.fw_.png 1500w\" sizes=\"auto, (max-width: 1024px) 100vw, 1024px\" \/><\/figure>\n\n\n<div class=\"wp-block-image\">\n<figure class=\"aligncenter size-large is-resized\"><img loading=\"lazy\" decoding=\"async\" width=\"1024\" height=\"599\" src=\"https:\/\/site.educa.madrid.org\/ies.elespinillo.madrid\/\/wp-content\/uploads\/ies.elespinillo.madrid\/2026\/05\/fyq2-1024x599.png\" alt=\"\" class=\"wp-image-3885\" style=\"aspect-ratio:1.708648330047963;width:388px;height:auto\" srcset=\"https:\/\/site.educa.madrid.org\/ies.elespinillo.madrid\/\/wp-content\/uploads\/ies.elespinillo.madrid\/2026\/05\/fyq2-1024x599.png 1024w, https:\/\/site.educa.madrid.org\/ies.elespinillo.madrid\/\/wp-content\/uploads\/ies.elespinillo.madrid\/2026\/05\/fyq2-300x176.png 300w, https:\/\/site.educa.madrid.org\/ies.elespinillo.madrid\/\/wp-content\/uploads\/ies.elespinillo.madrid\/2026\/05\/fyq2-768x449.png 768w, https:\/\/site.educa.madrid.org\/ies.elespinillo.madrid\/\/wp-content\/uploads\/ies.elespinillo.madrid\/2026\/05\/fyq2-1536x899.png 1536w, https:\/\/site.educa.madrid.org\/ies.elespinillo.madrid\/\/wp-content\/uploads\/ies.elespinillo.madrid\/2026\/05\/fyq2-2048x1199.png 2048w\" sizes=\"auto, (max-width: 1024px) 100vw, 1024px\" \/><\/figure>\n<\/div>\n\n\n<p>En el <strong>Departamento de F\u00edsica y Qu\u00edmica <\/strong>encontrar\u00e9is un espacio para descubrir las leyes que rigen la naturaleza y comprender los fen\u00f3menos que nos rodean. A lo largo del curso, el alumnado se adentra en el estudio de la materia, la energ\u00eda y sus transformaciones mediante actividades variadas. En el laboratorio se realizan pr\u00e1cticas como la preparaci\u00f3n de disoluciones, experimentos de reacciones qu\u00edmicas o el montaje de pr\u00e1cticas de estudio del movimiento. Tambi\u00e9n se llevan a cabo ejercicios de resoluci\u00f3n de problemas, an\u00e1lisis de datos y peque\u00f1as investigaciones cient\u00edficas. A trav\u00e9s de demostraciones, proyectos y trabajo en equipo, se fomenta la curiosidad y el razonamiento l\u00f3gico. El uso de materiales experimentales y herramientas digitales permite reforzar el aprendizaje de forma pr\u00e1ctica y visual. Todo ello busca desarrollar una comprensi\u00f3n s\u00f3lida de la ciencia y su aplicaci\u00f3n en la vida cotidiana. Esperamos que este departamento sea un lugar donde explorar, experimentar y aprender con entusiasmo. El departamento est\u00e1 compuesto por los siguientes componentes:<\/p>\n\n\n\n<figure class=\"wp-block-table is-style-stripes\"><table class=\"has-fixed-layout\"><tbody><tr><td><a href=\"https:\/\/aulavirtual33.educa.madrid.org\/ies.elespinillo.madrid\/course\/index.php?categoryid=87\" target=\"_blank\" rel=\"noreferrer noopener\">GONZ\u00c1LEZ S\u00c1NCHEZ, Juan Manuel<\/a><\/td><td><em>Jefe de Departamento<\/em><\/td><\/tr><tr><td><a href=\"https:\/\/aulavirtual33.educa.madrid.org\/ies.elespinillo.madrid\/course\/index.php?categoryid=414\" target=\"_blank\" rel=\"noreferrer noopener\">GARC\u00cdA L\u00d3PEZ, M.Teresa<\/a><\/td><td><\/td><\/tr><tr><td><a href=\"https:\/\/aulavirtual33.educa.madrid.org\/ies.elespinillo.madrid\/course\/index.php?categoryid=349\" target=\"_blank\" rel=\"noreferrer noopener\">GORDO FLORES, Raquel<\/a><\/td><td><\/td><\/tr><tr><td><a href=\"https:\/\/aulavirtual33.educa.madrid.org\/ies.elespinillo.madrid\/course\/index.php?categoryid=492\" target=\"_blank\" rel=\"noreferrer noopener\">LEMOS OJEA, Valeria In\u00e9s<\/a><\/td><td><\/td><\/tr><tr><td><a href=\"https:\/\/aulavirtual33.educa.madrid.org\/ies.elespinillo.madrid\/course\/index.php?categoryid=255\" target=\"_blank\" rel=\"noreferrer noopener\">LUEIRO VALENCIA, Manuel Carlos<\/a><\/td><td><\/td><\/tr><tr><td><a href=\"https:\/\/aulavirtual33.educa.madrid.org\/ies.elespinillo.madrid\/course\/index.php?categoryid=516\" target=\"_blank\" rel=\"noreferrer noopener\">MAR\u00cdN GRANIZO, Daniel<\/a><\/td><td><\/td><\/tr><tr><td><a href=\"https:\/\/aulavirtual33.educa.madrid.org\/ies.elespinillo.madrid\/course\/index.php?categoryid=350\" target=\"_blank\" rel=\"noreferrer noopener\">MORENO ROJO, Almudena<\/a><\/td><td><\/td><\/tr><tr><td><a href=\"https:\/\/aulavirtual33.educa.madrid.org\/ies.elespinillo.madrid\/course\/index.php?categoryid=88\" target=\"_blank\" rel=\"noreferrer noopener\">OLOMBRADA ARROYO, Bego\u00f1a<\/a><\/td><td><\/td><\/tr><\/tbody><\/table><\/figure>\n\n\n\n<p><\/p>\n","protected":false},"excerpt":{"rendered":"<p>En el Departamento de F\u00edsica y Qu\u00edmica encontrar\u00e9is un espacio para descubrir las leyes que rigen la naturaleza y comprender los fen\u00f3menos que nos rodean. A lo largo del curso, &#8230;<\/p>\n","protected":false},"author":2,"featured_media":0,"parent":1985,"menu_order":29,"comment_status":"closed","ping_status":"closed","template":"","meta":{"footnotes":""},"folder":[],"class_list":["post-3882","page","type-page","status-publish","hentry"],"rttpg_featured_image_url":null,"rttpg_author":{"display_name":"tic.ies.elespinillo.madrid","author_link":"https:\/\/site.educa.madrid.org\/ies.elespinillo.madrid\/index.php\/author\/cuenta_tic-ies-elespinillo-madrid\/"},"rttpg_comment":0,"rttpg_category":false,"rttpg_excerpt":"En el Departamento de F\u00edsica y Qu\u00edmica encontrar\u00e9is un espacio para descubrir las leyes que rigen la naturaleza y comprender los fen\u00f3menos que nos rodean. A lo largo del curso, ...","post_mailing_queue_ids":[],"_links":{"self":[{"href":"https:\/\/site.educa.madrid.org\/ies.elespinillo.madrid\/index.php\/wp-json\/wp\/v2\/pages\/3882","targetHints":{"allow":["GET"]}}],"collection":[{"href":"https:\/\/site.educa.madrid.org\/ies.elespinillo.madrid\/index.php\/wp-json\/wp\/v2\/pages"}],"about":[{"href":"https:\/\/site.educa.madrid.org\/ies.elespinillo.madrid\/index.php\/wp-json\/wp\/v2\/types\/page"}],"author":[{"embeddable":true,"href":"https:\/\/site.educa.madrid.org\/ies.elespinillo.madrid\/index.php\/wp-json\/wp\/v2\/users\/2"}],"replies":[{"embeddable":true,"href":"https:\/\/site.educa.madrid.org\/ies.elespinillo.madrid\/index.php\/wp-json\/wp\/v2\/comments?post=3882"}],"version-history":[{"count":3,"href":"https:\/\/site.educa.madrid.org\/ies.elespinillo.madrid\/index.php\/wp-json\/wp\/v2\/pages\/3882\/revisions"}],"predecessor-version":[{"id":3981,"href":"https:\/\/site.educa.madrid.org\/ies.elespinillo.madrid\/index.php\/wp-json\/wp\/v2\/pages\/3882\/revisions\/3981"}],"up":[{"embeddable":true,"href":"https:\/\/site.educa.madrid.org\/ies.elespinillo.madrid\/index.php\/wp-json\/wp\/v2\/pages\/1985"}],"wp:attachment":[{"href":"https:\/\/site.educa.madrid.org\/ies.elespinillo.madrid\/index.php\/wp-json\/wp\/v2\/media?parent=3882"}],"wp:term":[{"taxonomy":"folder","embeddable":true,"href":"https:\/\/site.educa.madrid.org\/ies.elespinillo.madrid\/index.php\/wp-json\/wp\/v2\/folder?post=3882"}],"curies":[{"name":"wp","href":"https:\/\/api.w.org\/{rel}","templated":true}]}}