{"id":3900,"date":"2026-05-04T20:00:30","date_gmt":"2026-05-04T18:00:30","guid":{"rendered":"https:\/\/site.educa.madrid.org\/ies.elespinillo.madrid\/?page_id=3900"},"modified":"2026-05-04T21:58:09","modified_gmt":"2026-05-04T19:58:09","slug":"departamento-de-geografia-e-historia","status":"publish","type":"page","link":"https:\/\/site.educa.madrid.org\/ies.elespinillo.madrid\/index.php\/ensenanzas\/departamentos-didacticos\/departamento-de-geografia-e-historia\/","title":{"rendered":"Departamento de Geograf\u00eda e Historia"},"content":{"rendered":"\n<figure class=\"wp-block-image alignwide size-large\"><img loading=\"lazy\" decoding=\"async\" width=\"1024\" height=\"68\" src=\"https:\/\/site.educa.madrid.org\/ies.elespinillo.madrid\/\/wp-content\/uploads\/ies.elespinillo.madrid\/2026\/05\/32.Geografia.fw_-1024x68.png\" alt=\"\" class=\"wp-image-3902\" srcset=\"https:\/\/site.educa.madrid.org\/ies.elespinillo.madrid\/\/wp-content\/uploads\/ies.elespinillo.madrid\/2026\/05\/32.Geografia.fw_-1024x68.png 1024w, https:\/\/site.educa.madrid.org\/ies.elespinillo.madrid\/\/wp-content\/uploads\/ies.elespinillo.madrid\/2026\/05\/32.Geografia.fw_-300x20.png 300w, https:\/\/site.educa.madrid.org\/ies.elespinillo.madrid\/\/wp-content\/uploads\/ies.elespinillo.madrid\/2026\/05\/32.Geografia.fw_-768x51.png 768w, https:\/\/site.educa.madrid.org\/ies.elespinillo.madrid\/\/wp-content\/uploads\/ies.elespinillo.madrid\/2026\/05\/32.Geografia.fw_.png 1500w\" sizes=\"auto, (max-width: 1024px) 100vw, 1024px\" \/><\/figure>\n\n\n<div class=\"wp-block-image\">\n<figure class=\"aligncenter size-large is-resized\"><img loading=\"lazy\" decoding=\"async\" width=\"1024\" height=\"599\" src=\"https:\/\/site.educa.madrid.org\/ies.elespinillo.madrid\/\/wp-content\/uploads\/ies.elespinillo.madrid\/2026\/05\/historia-1024x599.png\" alt=\"\" class=\"wp-image-3903\" style=\"aspect-ratio:1.709517664721479;width:374px;height:auto\" srcset=\"https:\/\/site.educa.madrid.org\/ies.elespinillo.madrid\/\/wp-content\/uploads\/ies.elespinillo.madrid\/2026\/05\/historia-1024x599.png 1024w, https:\/\/site.educa.madrid.org\/ies.elespinillo.madrid\/\/wp-content\/uploads\/ies.elespinillo.madrid\/2026\/05\/historia-300x176.png 300w, https:\/\/site.educa.madrid.org\/ies.elespinillo.madrid\/\/wp-content\/uploads\/ies.elespinillo.madrid\/2026\/05\/historia-768x449.png 768w, https:\/\/site.educa.madrid.org\/ies.elespinillo.madrid\/\/wp-content\/uploads\/ies.elespinillo.madrid\/2026\/05\/historia-1536x899.png 1536w, https:\/\/site.educa.madrid.org\/ies.elespinillo.madrid\/\/wp-content\/uploads\/ies.elespinillo.madrid\/2026\/05\/historia-2048x1199.png 2048w\" sizes=\"auto, (max-width: 1024px) 100vw, 1024px\" \/><\/figure>\n<\/div>\n\n\n<p>Desde el <strong>Departamento de Geograf\u00eda e Historia<\/strong> de nuestro instituto os abrimos las puertas a un espacio donde comprendemos el pasado y analizamos el mundo en el que vivimos. A lo largo del curso, el alumnado estudia civilizaciones, procesos hist\u00f3ricos y la evoluci\u00f3n de las sociedades hasta la actualidad. En clase se realizan actividades como el an\u00e1lisis de mapas, comentarios de textos hist\u00f3ricos y elaboraci\u00f3n de l\u00edneas del tiempo. Tambi\u00e9n se trabajan proyectos de investigaci\u00f3n sobre distintos periodos y regiones del mundo. A trav\u00e9s de debates y exposiciones, se fomenta la capacidad de argumentar y relacionar hechos hist\u00f3ricos con la realidad presente. El uso de recursos visuales y digitales ayuda a entender mejor los contenidos y a desarrollar el pensamiento cr\u00edtico. Nuestro objetivo es que comprend\u00e1is la importancia de la historia y la geograf\u00eda para interpretar el mundo actual. Esperamos que este departamento sea un lugar donde aprender del pasado para entender el presente y construir el futuro. El departamento est\u00e1 compuesto por los siguientes componentes:<\/p>\n\n\n\n<figure class=\"wp-block-table is-style-stripes\"><table class=\"has-fixed-layout\"><tbody><tr><td><a href=\"https:\/\/aulavirtual33.educa.madrid.org\/ies.elespinillo.madrid\/course\/index.php?categoryid=96\" target=\"_blank\" rel=\"noreferrer noopener\">ORTEU BERROCAL, Manuel<\/a><\/td><td><em>Jefe de Departamento<\/em><\/td><\/tr><tr><td><a href=\"https:\/\/aulavirtual33.educa.madrid.org\/ies.elespinillo.madrid\/course\/index.php?categoryid=417\" target=\"_blank\" rel=\"noreferrer noopener\">GONZ\u00c1LEZ SAN ROM\u00c1N, Natividad<\/a><\/td><td><\/td><\/tr><tr><td><a href=\"https:\/\/aulavirtual33.educa.madrid.org\/ies.elespinillo.madrid\/course\/index.php?categoryid=209\" target=\"_blank\" rel=\"noreferrer noopener\">HERRERO IZQUIERDO, Sara<\/a><\/td><td><\/td><\/tr><tr><td><a href=\"https:\/\/aulavirtual33.educa.madrid.org\/ies.elespinillo.madrid\/course\/index.php?categoryid=493\" target=\"_blank\" rel=\"noreferrer noopener\">JIM\u00c9NEZ PALOMO, Guillermo<\/a><\/td><td><\/td><\/tr><tr><td><a href=\"https:\/\/aulavirtual33.educa.madrid.org\/ies.elespinillo.madrid\/course\/index.php?categoryid=98\" target=\"_blank\" rel=\"noreferrer noopener\">MEDRANO FERN\u00c1NDEZ, Violeta<\/a><\/td><td><em>Jefatura Estudios 3\u00ba y 4\u00ba E.S.O.<\/em><\/td><\/tr><tr><td><a href=\"https:\/\/aulavirtual33.educa.madrid.org\/ies.elespinillo.madrid\/course\/index.php?categoryid=97\" target=\"_blank\" rel=\"noreferrer noopener\">OLMOS BARRIOS, Sara<\/a><\/td><td><em>Jefatura Estudios<\/em><\/td><\/tr><tr><td><a href=\"https:\/\/aulavirtual33.educa.madrid.org\/ies.elespinillo.madrid\/course\/index.php?categoryid=494\" target=\"_blank\" rel=\"noreferrer noopener\">PALACIO MAESTRO, Virginia<\/a><\/td><td><\/td><\/tr><tr><td><a href=\"https:\/\/aulavirtual33.educa.madrid.org\/ies.elespinillo.madrid\/course\/index.php?categoryid=354\" target=\"_blank\" rel=\"noreferrer noopener\">RODR\u00cdGUEZ GONZ\u00c1LEZ, Andrea<\/a><\/td><td><\/td><\/tr><tr><td><a href=\"https:\/\/aulavirtual33.educa.madrid.org\/ies.elespinillo.madrid\/course\/index.php?categoryid=210\" target=\"_blank\" rel=\"noreferrer noopener\">SOLANO GONZ\u00c1LEZ, Luis Miguel<\/a><\/td><td><\/td><\/tr><tr><td><a href=\"https:\/\/aulavirtual33.educa.madrid.org\/ies.elespinillo.madrid\/course\/index.php?categoryid=211\" target=\"_blank\" rel=\"noreferrer noopener\">TORRE MART\u00cdNEZ, Jorge de la<\/a><\/td><td><\/td><\/tr><tr><td><a href=\"https:\/\/aulavirtual33.educa.madrid.org\/ies.elespinillo.madrid\/course\/index.php?categoryid=95\" target=\"_blank\" rel=\"noreferrer noopener\">VALIENTE FERN\u00c1NDEZ, Paloma<\/a><\/td><td><em>Jefatura Estudios Bachillerato<\/em><\/td><\/tr><\/tbody><\/table><\/figure>\n\n\n\n<p><\/p>\n","protected":false},"excerpt":{"rendered":"<p>Desde el Departamento de Geograf\u00eda e Historia de nuestro instituto os abrimos las puertas a un espacio donde comprendemos el pasado y analizamos el mundo en el que vivimos. A &#8230;<\/p>\n","protected":false},"author":2,"featured_media":0,"parent":1985,"menu_order":32,"comment_status":"closed","ping_status":"closed","template":"","meta":{"footnotes":""},"folder":[],"class_list":["post-3900","page","type-page","status-publish","hentry"],"rttpg_featured_image_url":null,"rttpg_author":{"display_name":"tic.ies.elespinillo.madrid","author_link":"https:\/\/site.educa.madrid.org\/ies.elespinillo.madrid\/index.php\/author\/cuenta_tic-ies-elespinillo-madrid\/"},"rttpg_comment":0,"rttpg_category":false,"rttpg_excerpt":"Desde el Departamento de Geograf\u00eda e Historia de nuestro instituto os abrimos las puertas a un espacio donde comprendemos el pasado y analizamos el mundo en el que vivimos. A ...","post_mailing_queue_ids":[],"_links":{"self":[{"href":"https:\/\/site.educa.madrid.org\/ies.elespinillo.madrid\/index.php\/wp-json\/wp\/v2\/pages\/3900","targetHints":{"allow":["GET"]}}],"collection":[{"href":"https:\/\/site.educa.madrid.org\/ies.elespinillo.madrid\/index.php\/wp-json\/wp\/v2\/pages"}],"about":[{"href":"https:\/\/site.educa.madrid.org\/ies.elespinillo.madrid\/index.php\/wp-json\/wp\/v2\/types\/page"}],"author":[{"embeddable":true,"href":"https:\/\/site.educa.madrid.org\/ies.elespinillo.madrid\/index.php\/wp-json\/wp\/v2\/users\/2"}],"replies":[{"embeddable":true,"href":"https:\/\/site.educa.madrid.org\/ies.elespinillo.madrid\/index.php\/wp-json\/wp\/v2\/comments?post=3900"}],"version-history":[{"count":5,"href":"https:\/\/site.educa.madrid.org\/ies.elespinillo.madrid\/index.php\/wp-json\/wp\/v2\/pages\/3900\/revisions"}],"predecessor-version":[{"id":3989,"href":"https:\/\/site.educa.madrid.org\/ies.elespinillo.madrid\/index.php\/wp-json\/wp\/v2\/pages\/3900\/revisions\/3989"}],"up":[{"embeddable":true,"href":"https:\/\/site.educa.madrid.org\/ies.elespinillo.madrid\/index.php\/wp-json\/wp\/v2\/pages\/1985"}],"wp:attachment":[{"href":"https:\/\/site.educa.madrid.org\/ies.elespinillo.madrid\/index.php\/wp-json\/wp\/v2\/media?parent=3900"}],"wp:term":[{"taxonomy":"folder","embeddable":true,"href":"https:\/\/site.educa.madrid.org\/ies.elespinillo.madrid\/index.php\/wp-json\/wp\/v2\/folder?post=3900"}],"curies":[{"name":"wp","href":"https:\/\/api.w.org\/{rel}","templated":true}]}}