{"id":3907,"date":"2026-05-04T20:04:57","date_gmt":"2026-05-04T18:04:57","guid":{"rendered":"https:\/\/site.educa.madrid.org\/ies.elespinillo.madrid\/?page_id=3907"},"modified":"2026-05-04T22:02:01","modified_gmt":"2026-05-04T20:02:01","slug":"departamento-de-ingles","status":"publish","type":"page","link":"https:\/\/site.educa.madrid.org\/ies.elespinillo.madrid\/index.php\/ensenanzas\/departamentos-didacticos\/departamento-de-ingles\/","title":{"rendered":"Departamento de Ingl\u00e9s"},"content":{"rendered":"\n<figure class=\"wp-block-image alignwide size-large\"><img loading=\"lazy\" decoding=\"async\" width=\"1024\" height=\"68\" src=\"https:\/\/site.educa.madrid.org\/ies.elespinillo.madrid\/\/wp-content\/uploads\/ies.elespinillo.madrid\/2026\/05\/33.DptoIngles.fw_-1024x68.png\" alt=\"\" class=\"wp-image-3908\" srcset=\"https:\/\/site.educa.madrid.org\/ies.elespinillo.madrid\/\/wp-content\/uploads\/ies.elespinillo.madrid\/2026\/05\/33.DptoIngles.fw_-1024x68.png 1024w, https:\/\/site.educa.madrid.org\/ies.elespinillo.madrid\/\/wp-content\/uploads\/ies.elespinillo.madrid\/2026\/05\/33.DptoIngles.fw_-300x20.png 300w, https:\/\/site.educa.madrid.org\/ies.elespinillo.madrid\/\/wp-content\/uploads\/ies.elespinillo.madrid\/2026\/05\/33.DptoIngles.fw_-768x51.png 768w, https:\/\/site.educa.madrid.org\/ies.elespinillo.madrid\/\/wp-content\/uploads\/ies.elespinillo.madrid\/2026\/05\/33.DptoIngles.fw_.png 1500w\" sizes=\"auto, (max-width: 1024px) 100vw, 1024px\" \/><\/figure>\n\n\n<div class=\"wp-block-image\">\n<figure class=\"aligncenter size-large is-resized\"><img loading=\"lazy\" decoding=\"async\" width=\"1024\" height=\"599\" src=\"https:\/\/site.educa.madrid.org\/ies.elespinillo.madrid\/\/wp-content\/uploads\/ies.elespinillo.madrid\/2026\/05\/ingles3-1024x599.png\" alt=\"\" class=\"wp-image-3910\" style=\"aspect-ratio:1.709517664721479;width:371px;height:auto\" srcset=\"https:\/\/site.educa.madrid.org\/ies.elespinillo.madrid\/\/wp-content\/uploads\/ies.elespinillo.madrid\/2026\/05\/ingles3-1024x599.png 1024w, https:\/\/site.educa.madrid.org\/ies.elespinillo.madrid\/\/wp-content\/uploads\/ies.elespinillo.madrid\/2026\/05\/ingles3-300x176.png 300w, https:\/\/site.educa.madrid.org\/ies.elespinillo.madrid\/\/wp-content\/uploads\/ies.elespinillo.madrid\/2026\/05\/ingles3-768x449.png 768w, https:\/\/site.educa.madrid.org\/ies.elespinillo.madrid\/\/wp-content\/uploads\/ies.elespinillo.madrid\/2026\/05\/ingles3-1536x899.png 1536w, https:\/\/site.educa.madrid.org\/ies.elespinillo.madrid\/\/wp-content\/uploads\/ies.elespinillo.madrid\/2026\/05\/ingles3-2048x1199.png 2048w\" sizes=\"auto, (max-width: 1024px) 100vw, 1024px\" \/><\/figure>\n<\/div>\n\n\n<p>Desde el <strong>Departamento de Ingl\u00e9s<\/strong> de nuestro instituto os damos la bienvenida a un espacio donde aprender la lengua se convierte en una herramienta para comunicarse con el mundo. A lo largo del curso, el alumnado desarrolla sus competencias de comprensi\u00f3n y expresi\u00f3n oral y escrita mediante actividades din\u00e1micas, debates, juegos de rol y ejercicios de escucha. Tambi\u00e9n se trabajan textos, v\u00eddeos y situaciones cotidianas que acercan el idioma a contextos reales. Se fomenta especialmente la participaci\u00f3n activa en clase para ganar fluidez y confianza al hablar. En 1\u00ba de Bachillerato, uno de los momentos m\u00e1s enriquecedores es la salida de inmersi\u00f3n ling\u00fc\u00edstica a Irlanda, donde el alumnado tiene la oportunidad de convivir y comunicarse en ingl\u00e9s en un entorno real. Esta experiencia contribuye de forma decisiva a mejorar la competencia ling\u00fc\u00edstica y la autonom\u00eda personal. Nuestro objetivo es que el aprendizaje del ingl\u00e9s sea pr\u00e1ctico, motivador y \u00fatil para el futuro acad\u00e9mico y profesional. Esperamos que este departamento sea un lugar donde aprender, comunicarse y abrirse a nuevas culturas. El departamento est\u00e1 compuesto por los siguientes componentes:<\/p>\n\n\n\n<figure class=\"wp-block-table is-style-stripes\"><table class=\"has-fixed-layout\"><tbody><tr><td><a href=\"https:\/\/aulavirtual33.educa.madrid.org\/ies.elespinillo.madrid\/course\/index.php?categoryid=107\" target=\"_blank\" rel=\"noreferrer noopener\">MART\u00cdNEZ CARRILLO, Maribel<\/a><\/td><td><em>Jefa de Departamento<\/em><\/td><\/tr><tr><td><a href=\"https:\/\/aulavirtual33.educa.madrid.org\/ies.elespinillo.madrid\/course\/index.php?categoryid=198\" target=\"_blank\" rel=\"noreferrer noopener\">D\u00cdEZ PALOMAR, M\u00aa Jes\u00fas<\/a><\/td><td><\/td><\/tr><tr><td><a href=\"https:\/\/aulavirtual33.educa.madrid.org\/ies.elespinillo.madrid\/course\/index.php?categoryid=495\" target=\"_blank\" rel=\"noreferrer noopener\">GARC\u00cdA FORCADA, Ainhoa Tadea<\/a><\/td><td><\/td><\/tr><tr><td><a href=\"https:\/\/aulavirtual33.educa.madrid.org\/ies.elespinillo.madrid\/course\/index.php?categoryid=496\" target=\"_blank\" rel=\"noreferrer noopener\">GIL ROLD\u00c1N, Marta<\/a><\/td><td><\/td><\/tr><tr><td><a href=\"https:\/\/aulavirtual33.educa.madrid.org\/ies.elespinillo.madrid\/course\/index.php?categoryid=515\" target=\"_blank\" rel=\"noreferrer noopener\">HURTADO SECADES, Montserrat<\/a><\/td><td><\/td><\/tr><tr><td><a href=\"https:\/\/aulavirtual33.educa.madrid.org\/ies.elespinillo.madrid\/course\/index.php?categoryid=105\" target=\"_blank\" rel=\"noreferrer noopener\">JIM\u00c9NEZ RUIZ, Ana Mar\u00eda<\/a><\/td><td><em>Coordinadora de Actividades Extraescolares<\/em><\/td><\/tr><tr><td><a href=\"https:\/\/aulavirtual33.educa.madrid.org\/ies.elespinillo.madrid\/course\/index.php?categoryid=519\" target=\"_blank\" rel=\"noreferrer noopener\">MART\u00cdNEZ FREILE, Ylenia<\/a><\/td><td><\/td><\/tr><tr><td><a href=\"https:\/\/aulavirtual33.educa.madrid.org\/ies.elespinillo.madrid\/course\/index.php?categoryid=359\" target=\"_blank\" rel=\"noreferrer noopener\">PAJARES BL\u00c1NQUEZ, Silvia<\/a><\/td><td><\/td><\/tr><tr><td><a href=\"https:\/\/aulavirtual33.educa.madrid.org\/ies.elespinillo.madrid\/course\/index.php?categoryid=497\" target=\"_blank\" rel=\"noreferrer noopener\">RUIZ GARC\u00cdA, Adriana Mar\u00eda<\/a><\/td><td><\/td><\/tr><tr><td><a href=\"https:\/\/aulavirtual33.educa.madrid.org\/ies.elespinillo.madrid\/course\/index.php?categoryid=419\" target=\"_blank\" rel=\"noreferrer noopener\">SANZ GASC\u00d3N, Gema<\/a><\/td><td><\/td><\/tr><tr><td><a href=\"https:\/\/aulavirtual33.educa.madrid.org\/ies.elespinillo.madrid\/course\/index.php?categoryid=360\" target=\"_blank\" rel=\"noreferrer noopener\">SANZ S\u00c1NCHEZ, Jes\u00fas Mar\u00eda<\/a><\/td><td><\/td><\/tr><tr><td><a href=\"https:\/\/aulavirtual33.educa.madrid.org\/ies.elespinillo.madrid\/course\/index.php?categoryid=106\" target=\"_blank\" rel=\"noreferrer noopener\">SU\u00c1REZ GARC\u00cdA, Marianela<\/a><\/td><td><em>Coordinadora Erasmus+<\/em><\/td><\/tr><tr><td><a href=\"https:\/\/aulavirtual33.educa.madrid.org\/ies.elespinillo.madrid\/course\/index.php?categoryid=203\" target=\"_blank\" rel=\"noreferrer noopener\">TERUEL MART\u00cdN, Mar\u00eda<\/a><\/td><td><\/td><\/tr><\/tbody><\/table><\/figure>\n\n\n\n<p><\/p>\n","protected":false},"excerpt":{"rendered":"<p>Desde el Departamento de Ingl\u00e9s de nuestro instituto os damos la bienvenida a un espacio donde aprender la lengua se convierte en una herramienta para comunicarse con el mundo. A &#8230;<\/p>\n","protected":false},"author":2,"featured_media":0,"parent":1985,"menu_order":33,"comment_status":"closed","ping_status":"closed","template":"","meta":{"footnotes":""},"folder":[],"class_list":["post-3907","page","type-page","status-publish","hentry"],"rttpg_featured_image_url":null,"rttpg_author":{"display_name":"tic.ies.elespinillo.madrid","author_link":"https:\/\/site.educa.madrid.org\/ies.elespinillo.madrid\/index.php\/author\/cuenta_tic-ies-elespinillo-madrid\/"},"rttpg_comment":0,"rttpg_category":false,"rttpg_excerpt":"Desde el Departamento de Ingl\u00e9s de nuestro instituto os damos la bienvenida a un espacio donde aprender la lengua se convierte en una herramienta para comunicarse con el mundo. A ...","post_mailing_queue_ids":[],"_links":{"self":[{"href":"https:\/\/site.educa.madrid.org\/ies.elespinillo.madrid\/index.php\/wp-json\/wp\/v2\/pages\/3907","targetHints":{"allow":["GET"]}}],"collection":[{"href":"https:\/\/site.educa.madrid.org\/ies.elespinillo.madrid\/index.php\/wp-json\/wp\/v2\/pages"}],"about":[{"href":"https:\/\/site.educa.madrid.org\/ies.elespinillo.madrid\/index.php\/wp-json\/wp\/v2\/types\/page"}],"author":[{"embeddable":true,"href":"https:\/\/site.educa.madrid.org\/ies.elespinillo.madrid\/index.php\/wp-json\/wp\/v2\/users\/2"}],"replies":[{"embeddable":true,"href":"https:\/\/site.educa.madrid.org\/ies.elespinillo.madrid\/index.php\/wp-json\/wp\/v2\/comments?post=3907"}],"version-history":[{"count":4,"href":"https:\/\/site.educa.madrid.org\/ies.elespinillo.madrid\/index.php\/wp-json\/wp\/v2\/pages\/3907\/revisions"}],"predecessor-version":[{"id":3992,"href":"https:\/\/site.educa.madrid.org\/ies.elespinillo.madrid\/index.php\/wp-json\/wp\/v2\/pages\/3907\/revisions\/3992"}],"up":[{"embeddable":true,"href":"https:\/\/site.educa.madrid.org\/ies.elespinillo.madrid\/index.php\/wp-json\/wp\/v2\/pages\/1985"}],"wp:attachment":[{"href":"https:\/\/site.educa.madrid.org\/ies.elespinillo.madrid\/index.php\/wp-json\/wp\/v2\/media?parent=3907"}],"wp:term":[{"taxonomy":"folder","embeddable":true,"href":"https:\/\/site.educa.madrid.org\/ies.elespinillo.madrid\/index.php\/wp-json\/wp\/v2\/folder?post=3907"}],"curies":[{"name":"wp","href":"https:\/\/api.w.org\/{rel}","templated":true}]}}