{"id":3920,"date":"2026-05-04T20:14:23","date_gmt":"2026-05-04T18:14:23","guid":{"rendered":"https:\/\/site.educa.madrid.org\/ies.elespinillo.madrid\/?page_id=3920"},"modified":"2026-05-04T22:06:53","modified_gmt":"2026-05-04T20:06:53","slug":"departamento-de-lengua","status":"publish","type":"page","link":"https:\/\/site.educa.madrid.org\/ies.elespinillo.madrid\/index.php\/ensenanzas\/departamentos-didacticos\/departamento-de-lengua\/","title":{"rendered":"Departamento de Lengua"},"content":{"rendered":"\n<figure class=\"wp-block-image alignwide size-large\"><img loading=\"lazy\" decoding=\"async\" width=\"1024\" height=\"68\" src=\"https:\/\/site.educa.madrid.org\/ies.elespinillo.madrid\/\/wp-content\/uploads\/ies.elespinillo.madrid\/2026\/05\/35.DptoLengua.fw_-1024x68.png\" alt=\"\" class=\"wp-image-3922\" srcset=\"https:\/\/site.educa.madrid.org\/ies.elespinillo.madrid\/\/wp-content\/uploads\/ies.elespinillo.madrid\/2026\/05\/35.DptoLengua.fw_-1024x68.png 1024w, https:\/\/site.educa.madrid.org\/ies.elespinillo.madrid\/\/wp-content\/uploads\/ies.elespinillo.madrid\/2026\/05\/35.DptoLengua.fw_-300x20.png 300w, https:\/\/site.educa.madrid.org\/ies.elespinillo.madrid\/\/wp-content\/uploads\/ies.elespinillo.madrid\/2026\/05\/35.DptoLengua.fw_-768x51.png 768w, https:\/\/site.educa.madrid.org\/ies.elespinillo.madrid\/\/wp-content\/uploads\/ies.elespinillo.madrid\/2026\/05\/35.DptoLengua.fw_.png 1500w\" sizes=\"auto, (max-width: 1024px) 100vw, 1024px\" \/><\/figure>\n\n\n<div class=\"wp-block-image\">\n<figure class=\"aligncenter size-large is-resized\"><img loading=\"lazy\" decoding=\"async\" width=\"1024\" height=\"599\" src=\"https:\/\/site.educa.madrid.org\/ies.elespinillo.madrid\/\/wp-content\/uploads\/ies.elespinillo.madrid\/2026\/05\/lengua-1024x599.png\" alt=\"\" class=\"wp-image-3925\" style=\"aspect-ratio:1.709517664721479;width:398px;height:auto\" srcset=\"https:\/\/site.educa.madrid.org\/ies.elespinillo.madrid\/\/wp-content\/uploads\/ies.elespinillo.madrid\/2026\/05\/lengua-1024x599.png 1024w, https:\/\/site.educa.madrid.org\/ies.elespinillo.madrid\/\/wp-content\/uploads\/ies.elespinillo.madrid\/2026\/05\/lengua-300x176.png 300w, https:\/\/site.educa.madrid.org\/ies.elespinillo.madrid\/\/wp-content\/uploads\/ies.elespinillo.madrid\/2026\/05\/lengua-768x449.png 768w, https:\/\/site.educa.madrid.org\/ies.elespinillo.madrid\/\/wp-content\/uploads\/ies.elespinillo.madrid\/2026\/05\/lengua-1536x899.png 1536w, https:\/\/site.educa.madrid.org\/ies.elespinillo.madrid\/\/wp-content\/uploads\/ies.elespinillo.madrid\/2026\/05\/lengua-2048x1199.png 2048w\" sizes=\"auto, (max-width: 1024px) 100vw, 1024px\" \/><\/figure>\n<\/div>\n\n\n<p>Desde el <strong>Departamento de Lengua Castellana y Literatura<\/strong> de nuestro instituto os invitamos a adentraros en el mundo de la palabra, la comunicaci\u00f3n y la literatura. A lo largo del curso, el alumnado desarrolla sus competencias ling\u00fc\u00edsticas mediante la lectura, la escritura y la expresi\u00f3n oral en distintos contextos. En clase se realizan actividades como el an\u00e1lisis de textos, la creaci\u00f3n de composiciones propias, debates y exposiciones orales. Tambi\u00e9n se trabaja la comprensi\u00f3n de obras literarias de distintas \u00e9pocas y autores, fomentando el gusto por la lectura. A trav\u00e9s de comentarios de texto y ejercicios de gram\u00e1tica, se refuerza el dominio de la lengua y su uso correcto. Adem\u00e1s, se promueve la creatividad mediante la escritura de relatos, poemas y otros g\u00e9neros. Nuestro objetivo es que utilic\u00e9is la lengua como una herramienta para pensar, expresar y comunicar con claridad. Esperamos que este departamento sea un lugar donde descubrir el poder de las palabras y disfrutar de la literatura. El departamento est\u00e1 compuesto por los siguientes componentes:<\/p>\n\n\n\n<figure class=\"wp-block-table is-style-stripes\"><table class=\"has-fixed-layout\"><tbody><tr><td><a href=\"https:\/\/aulavirtual33.educa.madrid.org\/ies.elespinillo.madrid\/course\/index.php?categoryid=51\" target=\"_blank\" rel=\"noreferrer noopener\">ARG\u00dcELLO SAN JOS\u00c9, Teresa<\/a><\/td><td><em>Jefa de Departamento<\/em><\/td><\/tr><tr><td><a href=\"https:\/\/aulavirtual33.educa.madrid.org\/ies.elespinillo.madrid\/course\/index.php?categoryid=498\" target=\"_blank\" rel=\"noreferrer noopener\">BALBAS RIVERA, Carmen A.<\/a><\/td><td><\/td><\/tr><tr><td><a href=\"https:\/\/aulavirtual33.educa.madrid.org\/ies.elespinillo.madrid\/course\/index.php?categoryid=499\" target=\"_blank\" rel=\"noreferrer noopener\">CALVO CASTRO, Luis David<\/a><\/td><td><\/td><\/tr><tr><td><a href=\"https:\/\/aulavirtual33.educa.madrid.org\/ies.elespinillo.madrid\/course\/index.php?categoryid=421\" target=\"_blank\" rel=\"noreferrer noopener\">CEPEDA HERN\u00c1NDEZ, M.Teresa<\/a><\/td><td><\/td><\/tr><tr><td><a href=\"https:\/\/aulavirtual33.educa.madrid.org\/ies.elespinillo.madrid\/course\/index.php?categoryid=50\" target=\"_blank\" rel=\"noreferrer noopener\">D\u00cdAZ MART\u00cdN, Jos\u00e9 Enrique<\/a><\/td><td><\/td><\/tr><tr><td><a href=\"https:\/\/aulavirtual33.educa.madrid.org\/ies.elespinillo.madrid\/course\/index.php?categoryid=63\" target=\"_blank\" rel=\"noreferrer noopener\">G\u00c1LVEZ SANZ, Mar\u00eda Elena<\/a><\/td><td><\/td><\/tr><tr><td><a href=\"https:\/\/aulavirtual33.educa.madrid.org\/ies.elespinillo.madrid\/course\/index.php?categoryid=500\" target=\"_blank\" rel=\"noreferrer noopener\">GARC\u00cdA RODR\u00cdGUEZ, Marina<\/a><\/td><td><\/td><\/tr><tr><td><a href=\"https:\/\/aulavirtual33.educa.madrid.org\/ies.elespinillo.madrid\/course\/index.php?categoryid=401\" target=\"_blank\" rel=\"noreferrer noopener\">GONZ\u00c1LEZ MORENO, Alba<\/a><\/td><td><\/td><\/tr><tr><td><a href=\"https:\/\/aulavirtual33.educa.madrid.org\/ies.elespinillo.madrid\/course\/index.php?categoryid=501\" target=\"_blank\" rel=\"noreferrer noopener\">JIM\u00c9NEZ ARAG\u00d3N, M.Nazaret<\/a><\/td><td><\/td><\/tr><tr><td><a href=\"https:\/\/aulavirtual33.educa.madrid.org\/ies.elespinillo.madrid\/course\/index.php?categoryid=55\" target=\"_blank\" rel=\"noreferrer noopener\">LE\u00d3N DEOGRACIAS, Raquel<\/a><\/td><td><\/td><\/tr><tr><td><a href=\"https:\/\/aulavirtual33.educa.madrid.org\/ies.elespinillo.madrid\/course\/index.php?categoryid=216\" target=\"_blank\" rel=\"noreferrer noopener\">L\u00d3PEZ CHUST, Cristina<\/a><\/td><td><\/td><\/tr><tr><td><a href=\"https:\/\/aulavirtual33.educa.madrid.org\/ies.elespinillo.madrid\/course\/index.php?categoryid=217\" target=\"_blank\" rel=\"noreferrer noopener\">MART\u00cdN \u00c1LVAREZ, Jes\u00fas David<\/a><\/td><td><\/td><\/tr><tr><td><a href=\"https:\/\/aulavirtual33.educa.madrid.org\/ies.elespinillo.madrid\/course\/index.php?categoryid=54\" target=\"_blank\" rel=\"noreferrer noopener\">MART\u00cdNEZ S\u00c1NCHEZ, Mercedes<\/a><\/td><td><\/td><\/tr><tr><td><a href=\"https:\/\/aulavirtual33.educa.madrid.org\/ies.elespinillo.madrid\/course\/index.php?categoryid=57\" target=\"_blank\" rel=\"noreferrer noopener\">MIJARES BUITRAGO, Clara<\/a><\/td><td><em>Jefatura Estudios 2\u00ba E.S.O.<\/em><\/td><\/tr><tr><td><a href=\"https:\/\/aulavirtual33.educa.madrid.org\/ies.elespinillo.madrid\/course\/index.php?categoryid=423\" target=\"_blank\" rel=\"noreferrer noopener\">PARDO SANTOS, Mar\u00eda Estela<\/a><\/td><td><\/td><\/tr><tr><td><a href=\"https:\/\/aulavirtual33.educa.madrid.org\/ies.elespinillo.madrid\/course\/index.php?categoryid=502\" target=\"_blank\" rel=\"noreferrer noopener\">RODR\u00cdGUEZ GONZ\u00c1LEZ, Carlos<\/a><\/td><td><\/td><\/tr><tr><td><a href=\"https:\/\/aulavirtual33.educa.madrid.org\/ies.elespinillo.madrid\/course\/index.php?categoryid=514\" target=\"_blank\" rel=\"noreferrer noopener\">SEDANO RUIZ, Ana<\/a><\/td><td><\/td><\/tr><\/tbody><\/table><\/figure>\n","protected":false},"excerpt":{"rendered":"<p>Desde el Departamento de Lengua Castellana y Literatura de nuestro instituto os invitamos a adentraros en el mundo de la palabra, la comunicaci\u00f3n y la literatura. A lo largo del &#8230;<\/p>\n","protected":false},"author":2,"featured_media":0,"parent":1985,"menu_order":35,"comment_status":"closed","ping_status":"closed","template":"","meta":{"footnotes":""},"folder":[],"class_list":["post-3920","page","type-page","status-publish","hentry"],"rttpg_featured_image_url":null,"rttpg_author":{"display_name":"tic.ies.elespinillo.madrid","author_link":"https:\/\/site.educa.madrid.org\/ies.elespinillo.madrid\/index.php\/author\/cuenta_tic-ies-elespinillo-madrid\/"},"rttpg_comment":0,"rttpg_category":false,"rttpg_excerpt":"Desde el Departamento de Lengua Castellana y Literatura de nuestro instituto os invitamos a adentraros en el mundo de la palabra, la comunicaci\u00f3n y la literatura. A lo largo del ...","post_mailing_queue_ids":[],"_links":{"self":[{"href":"https:\/\/site.educa.madrid.org\/ies.elespinillo.madrid\/index.php\/wp-json\/wp\/v2\/pages\/3920","targetHints":{"allow":["GET"]}}],"collection":[{"href":"https:\/\/site.educa.madrid.org\/ies.elespinillo.madrid\/index.php\/wp-json\/wp\/v2\/pages"}],"about":[{"href":"https:\/\/site.educa.madrid.org\/ies.elespinillo.madrid\/index.php\/wp-json\/wp\/v2\/types\/page"}],"author":[{"embeddable":true,"href":"https:\/\/site.educa.madrid.org\/ies.elespinillo.madrid\/index.php\/wp-json\/wp\/v2\/users\/2"}],"replies":[{"embeddable":true,"href":"https:\/\/site.educa.madrid.org\/ies.elespinillo.madrid\/index.php\/wp-json\/wp\/v2\/comments?post=3920"}],"version-history":[{"count":4,"href":"https:\/\/site.educa.madrid.org\/ies.elespinillo.madrid\/index.php\/wp-json\/wp\/v2\/pages\/3920\/revisions"}],"predecessor-version":[{"id":3995,"href":"https:\/\/site.educa.madrid.org\/ies.elespinillo.madrid\/index.php\/wp-json\/wp\/v2\/pages\/3920\/revisions\/3995"}],"up":[{"embeddable":true,"href":"https:\/\/site.educa.madrid.org\/ies.elespinillo.madrid\/index.php\/wp-json\/wp\/v2\/pages\/1985"}],"wp:attachment":[{"href":"https:\/\/site.educa.madrid.org\/ies.elespinillo.madrid\/index.php\/wp-json\/wp\/v2\/media?parent=3920"}],"wp:term":[{"taxonomy":"folder","embeddable":true,"href":"https:\/\/site.educa.madrid.org\/ies.elespinillo.madrid\/index.php\/wp-json\/wp\/v2\/folder?post=3920"}],"curies":[{"name":"wp","href":"https:\/\/api.w.org\/{rel}","templated":true}]}}