{"id":3930,"date":"2026-05-04T20:24:53","date_gmt":"2026-05-04T18:24:53","guid":{"rendered":"https:\/\/site.educa.madrid.org\/ies.elespinillo.madrid\/?page_id=3930"},"modified":"2026-05-04T22:10:42","modified_gmt":"2026-05-04T20:10:42","slug":"departamento-de-matematicas","status":"publish","type":"page","link":"https:\/\/site.educa.madrid.org\/ies.elespinillo.madrid\/index.php\/ensenanzas\/departamentos-didacticos\/departamento-de-matematicas\/","title":{"rendered":"Departamento de Matem\u00e1ticas"},"content":{"rendered":"\n<figure class=\"wp-block-image alignwide size-large\"><img loading=\"lazy\" decoding=\"async\" width=\"1024\" height=\"68\" src=\"https:\/\/site.educa.madrid.org\/ies.elespinillo.madrid\/\/wp-content\/uploads\/ies.elespinillo.madrid\/2026\/05\/36.DptoMatematicas.fw_-1024x68.png\" alt=\"\" class=\"wp-image-3932\" srcset=\"https:\/\/site.educa.madrid.org\/ies.elespinillo.madrid\/\/wp-content\/uploads\/ies.elespinillo.madrid\/2026\/05\/36.DptoMatematicas.fw_-1024x68.png 1024w, https:\/\/site.educa.madrid.org\/ies.elespinillo.madrid\/\/wp-content\/uploads\/ies.elespinillo.madrid\/2026\/05\/36.DptoMatematicas.fw_-300x20.png 300w, https:\/\/site.educa.madrid.org\/ies.elespinillo.madrid\/\/wp-content\/uploads\/ies.elespinillo.madrid\/2026\/05\/36.DptoMatematicas.fw_-768x51.png 768w, https:\/\/site.educa.madrid.org\/ies.elespinillo.madrid\/\/wp-content\/uploads\/ies.elespinillo.madrid\/2026\/05\/36.DptoMatematicas.fw_.png 1500w\" sizes=\"auto, (max-width: 1024px) 100vw, 1024px\" \/><\/figure>\n\n\n<div class=\"wp-block-image\">\n<figure class=\"aligncenter size-large is-resized\"><img loading=\"lazy\" decoding=\"async\" width=\"1024\" height=\"599\" src=\"https:\/\/site.educa.madrid.org\/ies.elespinillo.madrid\/\/wp-content\/uploads\/ies.elespinillo.madrid\/2026\/05\/matematicas--1024x599.png\" alt=\"\" class=\"wp-image-3933\" style=\"aspect-ratio:1.709517664721479;width:385px;height:auto\" srcset=\"https:\/\/site.educa.madrid.org\/ies.elespinillo.madrid\/\/wp-content\/uploads\/ies.elespinillo.madrid\/2026\/05\/matematicas--1024x599.png 1024w, https:\/\/site.educa.madrid.org\/ies.elespinillo.madrid\/\/wp-content\/uploads\/ies.elespinillo.madrid\/2026\/05\/matematicas--300x176.png 300w, https:\/\/site.educa.madrid.org\/ies.elespinillo.madrid\/\/wp-content\/uploads\/ies.elespinillo.madrid\/2026\/05\/matematicas--768x449.png 768w, https:\/\/site.educa.madrid.org\/ies.elespinillo.madrid\/\/wp-content\/uploads\/ies.elespinillo.madrid\/2026\/05\/matematicas--1536x899.png 1536w, https:\/\/site.educa.madrid.org\/ies.elespinillo.madrid\/\/wp-content\/uploads\/ies.elespinillo.madrid\/2026\/05\/matematicas--2048x1199.png 2048w\" sizes=\"auto, (max-width: 1024px) 100vw, 1024px\" \/><\/figure>\n<\/div>\n\n\n<p>Desde el <strong>Departamento de Matem\u00e1ticas<\/strong> de nuestro instituto os damos la bienvenida a un mundo donde los n\u00fameros, el razonamiento y la l\u00f3gica son protagonistas. A lo largo del curso, el alumnado trabaja contenidos como el \u00e1lgebra, la geometr\u00eda, la estad\u00edstica y la resoluci\u00f3n de problemas aplicados a situaciones reales. En clase se realizan ejercicios pr\u00e1cticos, c\u00e1lculos, an\u00e1lisis de gr\u00e1ficos y actividades de razonamiento que ayudan a desarrollar el pensamiento l\u00f3gico. Tambi\u00e9n se plantean problemas abiertos y proyectos en los que es necesario buscar distintas estrategias de soluci\u00f3n. El uso de herramientas digitales y representaciones visuales facilita la comprensi\u00f3n de conceptos m\u00e1s complejos. A trav\u00e9s del trabajo individual y en equipo, se fomenta la precisi\u00f3n, la constancia y la capacidad de argumentaci\u00f3n. Nuestro objetivo es que entend\u00e1is las matem\u00e1ticas como una herramienta \u00fatil para interpretar el mundo. Esperamos que este departamento sea un lugar donde aprender, razonar y disfrutar del desaf\u00edo matem\u00e1tico. El departamento est\u00e1 compuesto por los siguientes componentes:<\/p>\n\n\n\n<figure class=\"wp-block-table is-style-stripes\"><table class=\"has-fixed-layout\"><tbody><tr><td><a href=\"https:\/\/aulavirtual33.educa.madrid.org\/ies.elespinillo.madrid\/course\/index.php?categoryid=142\" target=\"_blank\" rel=\"noreferrer noopener\">L\u00d3PEZ GARC\u00cdA-MIGUEL, Miguel \u00c1ngel<\/a><\/td><td><em>Jefe de Departamento<\/em><\/td><\/tr><tr><td><a href=\"https:\/\/aulavirtual33.educa.madrid.org\/ies.elespinillo.madrid\/course\/index.php?categoryid=270\" target=\"_blank\" rel=\"noreferrer noopener\">AHIJADO BRAOJOS, Mar\u00eda Julia<\/a><\/td><td><em>Coordinadora Programa Accede<\/em><\/td><\/tr><tr><td><a href=\"https:\/\/aulavirtual33.educa.madrid.org\/ies.elespinillo.madrid\/course\/index.php?categoryid=503\" target=\"_blank\" rel=\"noreferrer noopener\">ALMODOVAR SALVADOR, Susana Mar\u00eda<\/a><\/td><td><\/td><\/tr><tr><td><a href=\"https:\/\/aulavirtual33.educa.madrid.org\/ies.elespinillo.madrid\/course\/index.php?categoryid=504\" target=\"_blank\" rel=\"noreferrer noopener\">ANAYA G\u00d3MEZ, Mar\u00eda<\/a><\/td><td><\/td><\/tr><tr><td><a href=\"https:\/\/aulavirtual33.educa.madrid.org\/ies.elespinillo.madrid\/course\/index.php?categoryid=138\" target=\"_blank\" rel=\"noreferrer noopener\">CARDE\u00d1OSA LE\u00d3N , Juan F\u00e9lix<\/a><\/td><td><em>Coordinador Equipo Mediaci\u00f3n<\/em><\/td><\/tr><tr><td><a href=\"https:\/\/aulavirtual33.educa.madrid.org\/ies.elespinillo.madrid\/course\/index.php?categoryid=140\" target=\"_blank\" rel=\"noreferrer noopener\">CREGO HERRERO, Nuria<\/a><\/td><td><\/td><\/tr><tr><td><a href=\"https:\/\/aulavirtual33.educa.madrid.org\/ies.elespinillo.madrid\/course\/index.php?categoryid=505\" target=\"_blank\" rel=\"noreferrer noopener\">DELGADO GONZ\u00c1LEZ, Bego\u00f1a<\/a><\/td><td><\/td><\/tr><tr><td><a href=\"https:\/\/aulavirtual33.educa.madrid.org\/ies.elespinillo.madrid\/course\/index.php?categoryid=506\" target=\"_blank\" rel=\"noreferrer noopener\">DELGADO TORRES, Enrique Arturo<\/a><\/td><td><\/td><\/tr><tr><td><a href=\"https:\/\/aulavirtual33.educa.madrid.org\/ies.elespinillo.madrid\/course\/index.php?categoryid=507\" target=\"_blank\" rel=\"noreferrer noopener\">GUERRA MART\u00cdNEZ, Astor<\/a><\/td><td><\/td><\/tr><tr><td><a href=\"https:\/\/aulavirtual33.educa.madrid.org\/ies.elespinillo.madrid\/course\/index.php?categoryid=367\" target=\"_blank\" rel=\"noreferrer noopener\">L\u00d3PEZ GARC\u00cdA, Pablo<\/a><\/td><td><\/td><\/tr><tr><td><a href=\"https:\/\/aulavirtual33.educa.madrid.org\/ies.elespinillo.madrid\/course\/index.php?categoryid=517\" target=\"_blank\" rel=\"noreferrer noopener\">MAR\u00cdN GAMERO, Pablo<\/a><\/td><td><\/td><\/tr><tr><td><a href=\"https:\/\/aulavirtual33.educa.madrid.org\/ies.elespinillo.madrid\/course\/index.php?categoryid=508\" target=\"_blank\" rel=\"noreferrer noopener\">MART\u00cdN RUBIO, Ana Mar\u00eda<\/a><\/td><td><\/td><\/tr><tr><td><a href=\"https:\/\/aulavirtual33.educa.madrid.org\/ies.elespinillo.madrid\/course\/index.php?categoryid=144\" target=\"_blank\" rel=\"noreferrer noopener\">MORGADES VILLAESCUSA, Margarita<\/a><\/td><td><\/td><\/tr><tr><td><a href=\"https:\/\/aulavirtual33.educa.madrid.org\/ies.elespinillo.madrid\/course\/index.php?categoryid=509\" target=\"_blank\" rel=\"noreferrer noopener\">PRIETO FERRERAS, Agust\u00edn<\/a><\/td><td><\/td><\/tr><tr><td><a href=\"https:\/\/aulavirtual33.educa.madrid.org\/ies.elespinillo.madrid\/course\/index.php?categoryid=429\" target=\"_blank\" rel=\"noreferrer noopener\">RICART TORRES, Antonio<\/a><\/td><td><\/td><\/tr><tr><td><a href=\"https:\/\/aulavirtual33.educa.madrid.org\/ies.elespinillo.madrid\/course\/index.php?categoryid=371\" target=\"_blank\" rel=\"noreferrer noopener\">TOM\u00c9 VALIENTE, Laura<\/a><\/td><td><\/td><\/tr><\/tbody><\/table><\/figure>\n\n\n\n<p><\/p>\n","protected":false},"excerpt":{"rendered":"<p>Desde el Departamento de Matem\u00e1ticas de nuestro instituto os damos la bienvenida a un mundo donde los n\u00fameros, el razonamiento y la l\u00f3gica son protagonistas. A lo largo del curso, &#8230;<\/p>\n","protected":false},"author":2,"featured_media":0,"parent":1985,"menu_order":36,"comment_status":"closed","ping_status":"closed","template":"","meta":{"footnotes":""},"folder":[],"class_list":["post-3930","page","type-page","status-publish","hentry"],"rttpg_featured_image_url":null,"rttpg_author":{"display_name":"tic.ies.elespinillo.madrid","author_link":"https:\/\/site.educa.madrid.org\/ies.elespinillo.madrid\/index.php\/author\/cuenta_tic-ies-elespinillo-madrid\/"},"rttpg_comment":0,"rttpg_category":false,"rttpg_excerpt":"Desde el Departamento de Matem\u00e1ticas de nuestro instituto os damos la bienvenida a un mundo donde los n\u00fameros, el razonamiento y la l\u00f3gica son protagonistas. A lo largo del curso, ...","post_mailing_queue_ids":[],"_links":{"self":[{"href":"https:\/\/site.educa.madrid.org\/ies.elespinillo.madrid\/index.php\/wp-json\/wp\/v2\/pages\/3930","targetHints":{"allow":["GET"]}}],"collection":[{"href":"https:\/\/site.educa.madrid.org\/ies.elespinillo.madrid\/index.php\/wp-json\/wp\/v2\/pages"}],"about":[{"href":"https:\/\/site.educa.madrid.org\/ies.elespinillo.madrid\/index.php\/wp-json\/wp\/v2\/types\/page"}],"author":[{"embeddable":true,"href":"https:\/\/site.educa.madrid.org\/ies.elespinillo.madrid\/index.php\/wp-json\/wp\/v2\/users\/2"}],"replies":[{"embeddable":true,"href":"https:\/\/site.educa.madrid.org\/ies.elespinillo.madrid\/index.php\/wp-json\/wp\/v2\/comments?post=3930"}],"version-history":[{"count":3,"href":"https:\/\/site.educa.madrid.org\/ies.elespinillo.madrid\/index.php\/wp-json\/wp\/v2\/pages\/3930\/revisions"}],"predecessor-version":[{"id":3997,"href":"https:\/\/site.educa.madrid.org\/ies.elespinillo.madrid\/index.php\/wp-json\/wp\/v2\/pages\/3930\/revisions\/3997"}],"up":[{"embeddable":true,"href":"https:\/\/site.educa.madrid.org\/ies.elespinillo.madrid\/index.php\/wp-json\/wp\/v2\/pages\/1985"}],"wp:attachment":[{"href":"https:\/\/site.educa.madrid.org\/ies.elespinillo.madrid\/index.php\/wp-json\/wp\/v2\/media?parent=3930"}],"wp:term":[{"taxonomy":"folder","embeddable":true,"href":"https:\/\/site.educa.madrid.org\/ies.elespinillo.madrid\/index.php\/wp-json\/wp\/v2\/folder?post=3930"}],"curies":[{"name":"wp","href":"https:\/\/api.w.org\/{rel}","templated":true}]}}