{"id":3942,"date":"2026-05-04T20:53:32","date_gmt":"2026-05-04T18:53:32","guid":{"rendered":"https:\/\/site.educa.madrid.org\/ies.elespinillo.madrid\/?page_id=3942"},"modified":"2026-05-04T22:23:19","modified_gmt":"2026-05-04T20:23:19","slug":"departamento-de-orientacion","status":"publish","type":"page","link":"https:\/\/site.educa.madrid.org\/ies.elespinillo.madrid\/index.php\/ensenanzas\/departamentos-didacticos\/departamento-de-orientacion\/","title":{"rendered":"Departamento de Orientaci\u00f3n"},"content":{"rendered":"\n<figure class=\"wp-block-image alignwide size-large\"><img loading=\"lazy\" decoding=\"async\" width=\"1024\" height=\"68\" src=\"https:\/\/site.educa.madrid.org\/ies.elespinillo.madrid\/\/wp-content\/uploads\/ies.elespinillo.madrid\/2026\/05\/38.DptoOrientacion.fw_-1024x68.png\" alt=\"\" class=\"wp-image-3944\" srcset=\"https:\/\/site.educa.madrid.org\/ies.elespinillo.madrid\/\/wp-content\/uploads\/ies.elespinillo.madrid\/2026\/05\/38.DptoOrientacion.fw_-1024x68.png 1024w, https:\/\/site.educa.madrid.org\/ies.elespinillo.madrid\/\/wp-content\/uploads\/ies.elespinillo.madrid\/2026\/05\/38.DptoOrientacion.fw_-300x20.png 300w, https:\/\/site.educa.madrid.org\/ies.elespinillo.madrid\/\/wp-content\/uploads\/ies.elespinillo.madrid\/2026\/05\/38.DptoOrientacion.fw_-768x51.png 768w, https:\/\/site.educa.madrid.org\/ies.elespinillo.madrid\/\/wp-content\/uploads\/ies.elespinillo.madrid\/2026\/05\/38.DptoOrientacion.fw_.png 1500w\" sizes=\"auto, (max-width: 1024px) 100vw, 1024px\" \/><\/figure>\n\n\n<div class=\"wp-block-image\">\n<figure class=\"aligncenter size-large is-resized\"><img loading=\"lazy\" decoding=\"async\" width=\"1024\" height=\"599\" src=\"https:\/\/site.educa.madrid.org\/ies.elespinillo.madrid\/\/wp-content\/uploads\/ies.elespinillo.madrid\/2026\/05\/orientacion-1024x599.png\" alt=\"\" class=\"wp-image-3945\" style=\"aspect-ratio:1.709517664721479;width:391px;height:auto\" srcset=\"https:\/\/site.educa.madrid.org\/ies.elespinillo.madrid\/\/wp-content\/uploads\/ies.elespinillo.madrid\/2026\/05\/orientacion-1024x599.png 1024w, https:\/\/site.educa.madrid.org\/ies.elespinillo.madrid\/\/wp-content\/uploads\/ies.elespinillo.madrid\/2026\/05\/orientacion-300x176.png 300w, https:\/\/site.educa.madrid.org\/ies.elespinillo.madrid\/\/wp-content\/uploads\/ies.elespinillo.madrid\/2026\/05\/orientacion-768x449.png 768w, https:\/\/site.educa.madrid.org\/ies.elespinillo.madrid\/\/wp-content\/uploads\/ies.elespinillo.madrid\/2026\/05\/orientacion-1536x899.png 1536w, https:\/\/site.educa.madrid.org\/ies.elespinillo.madrid\/\/wp-content\/uploads\/ies.elespinillo.madrid\/2026\/05\/orientacion-2048x1199.png 2048w\" sizes=\"auto, (max-width: 1024px) 100vw, 1024px\" \/><\/figure>\n<\/div>\n\n\n<p>Desde el <strong>Departamento de Orientaci\u00f3n<\/strong> de nuestro instituto os damos la bienvenida a un espacio dedicado al acompa\u00f1amiento, la atenci\u00f3n a la diversidad y el desarrollo integral del alumnado. A lo largo del curso, trabajamos de forma coordinada para atender las necesidades educativas, personales y sociales de cada estudiante. Este departamento est\u00e1 formado por la orientadora, profesorado de Pedagog\u00eda Terap\u00e9utica, especialistas en Audici\u00f3n y Lenguaje, docentes que apoyan al alumnado con Trastorno del Espectro Autista y profesionales de Servicios a la Comunidad. En nuestro d\u00eda a d\u00eda se realizan intervenciones educativas individualizadas, apoyos en el aula, programas de refuerzo y actividades para mejorar la comunicaci\u00f3n y la autonom\u00eda. Tambi\u00e9n se colabora con las familias y el resto del profesorado para favorecer el progreso acad\u00e9mico y emocional del alumnado. Nuestro objetivo es garantizar una educaci\u00f3n inclusiva, equitativa y adaptada a cada persona. Esperamos que este departamento sea un lugar de apoyo, comprensi\u00f3n y crecimiento para toda la comunidad educativa. El departamento est\u00e1 compuesto por los siguientes componentes:<\/p>\n\n\n\n<figure class=\"wp-block-table is-style-stripes\"><table class=\"has-fixed-layout\"><tbody><tr><td>MART\u00cdNEZ ESCOBAR, Nuria<\/td><td><em>Jefa de Departamento, Orientadora<\/em><\/td><\/tr><tr><td>MARCHANTE FUENTE, Miriam<\/td><td><em>Orientadora<\/em><\/td><\/tr><tr><td>VILLAPALOS IPARRAGUIRRE, Ana<\/td><td><em>Audici\u00f3n y Lenguaje (AL)<\/em><\/td><\/tr><tr><td>GONZ\u00c1LEZ REDONDO, Alba<\/td><td><em>Audici\u00f3n y Lenguaje (AL)<\/em><\/td><\/tr><tr><td>BESADA ROTEA, Alba<\/td><td><em>Pedagog\u00eda Terap\u00e9utica (PT)<\/em><\/td><\/tr><tr><td>RUIZ RODR\u00cdGUEZ, Roc\u00edo<\/td><td><em>Pedagog\u00eda Terap\u00e9utica (PT)<\/em><\/td><\/tr><tr><td>L\u00d3PEZ S\u00c1NCHEZ, Dami\u00e1n<\/td><td><em>Pedagog\u00eda Terap\u00e9utica (PT)<\/em><\/td><\/tr><tr><td>RODR\u00cdGUEZ SANZ, ALICIA<\/td><td><em>Servicios a la Comunidad (PSC)<\/em><\/td><\/tr><tr><td>MEDRANO TAMAYO, Roberto<\/td><td><em>Servicios a la Comunidad (PSC)<\/em><\/td><\/tr><\/tbody><\/table><\/figure>\n\n\n\n<p><\/p>\n","protected":false},"excerpt":{"rendered":"<p>Desde el Departamento de Orientaci\u00f3n de nuestro instituto os damos la bienvenida a un espacio dedicado al acompa\u00f1amiento, la atenci\u00f3n a la diversidad y el desarrollo integral del alumnado. A &#8230;<\/p>\n","protected":false},"author":2,"featured_media":0,"parent":1985,"menu_order":38,"comment_status":"closed","ping_status":"closed","template":"","meta":{"footnotes":""},"folder":[],"class_list":["post-3942","page","type-page","status-publish","hentry"],"rttpg_featured_image_url":null,"rttpg_author":{"display_name":"tic.ies.elespinillo.madrid","author_link":"https:\/\/site.educa.madrid.org\/ies.elespinillo.madrid\/index.php\/author\/cuenta_tic-ies-elespinillo-madrid\/"},"rttpg_comment":0,"rttpg_category":false,"rttpg_excerpt":"Desde el Departamento de Orientaci\u00f3n de nuestro instituto os damos la bienvenida a un espacio dedicado al acompa\u00f1amiento, la atenci\u00f3n a la diversidad y el desarrollo integral del alumnado. A ...","post_mailing_queue_ids":[],"_links":{"self":[{"href":"https:\/\/site.educa.madrid.org\/ies.elespinillo.madrid\/index.php\/wp-json\/wp\/v2\/pages\/3942","targetHints":{"allow":["GET"]}}],"collection":[{"href":"https:\/\/site.educa.madrid.org\/ies.elespinillo.madrid\/index.php\/wp-json\/wp\/v2\/pages"}],"about":[{"href":"https:\/\/site.educa.madrid.org\/ies.elespinillo.madrid\/index.php\/wp-json\/wp\/v2\/types\/page"}],"author":[{"embeddable":true,"href":"https:\/\/site.educa.madrid.org\/ies.elespinillo.madrid\/index.php\/wp-json\/wp\/v2\/users\/2"}],"replies":[{"embeddable":true,"href":"https:\/\/site.educa.madrid.org\/ies.elespinillo.madrid\/index.php\/wp-json\/wp\/v2\/comments?post=3942"}],"version-history":[{"count":4,"href":"https:\/\/site.educa.madrid.org\/ies.elespinillo.madrid\/index.php\/wp-json\/wp\/v2\/pages\/3942\/revisions"}],"predecessor-version":[{"id":4005,"href":"https:\/\/site.educa.madrid.org\/ies.elespinillo.madrid\/index.php\/wp-json\/wp\/v2\/pages\/3942\/revisions\/4005"}],"up":[{"embeddable":true,"href":"https:\/\/site.educa.madrid.org\/ies.elespinillo.madrid\/index.php\/wp-json\/wp\/v2\/pages\/1985"}],"wp:attachment":[{"href":"https:\/\/site.educa.madrid.org\/ies.elespinillo.madrid\/index.php\/wp-json\/wp\/v2\/media?parent=3942"}],"wp:term":[{"taxonomy":"folder","embeddable":true,"href":"https:\/\/site.educa.madrid.org\/ies.elespinillo.madrid\/index.php\/wp-json\/wp\/v2\/folder?post=3942"}],"curies":[{"name":"wp","href":"https:\/\/api.w.org\/{rel}","templated":true}]}}