{"id":3956,"date":"2026-05-04T21:01:42","date_gmt":"2026-05-04T19:01:42","guid":{"rendered":"https:\/\/site.educa.madrid.org\/ies.elespinillo.madrid\/?page_id=3956"},"modified":"2026-05-04T22:16:20","modified_gmt":"2026-05-04T20:16:20","slug":"departamento-de-tecnologia","status":"publish","type":"page","link":"https:\/\/site.educa.madrid.org\/ies.elespinillo.madrid\/index.php\/ensenanzas\/departamentos-didacticos\/departamento-de-tecnologia\/","title":{"rendered":"Departamento de Tecnolog\u00eda"},"content":{"rendered":"\n<figure class=\"wp-block-image alignwide size-large\"><img loading=\"lazy\" decoding=\"async\" width=\"1024\" height=\"68\" src=\"https:\/\/site.educa.madrid.org\/ies.elespinillo.madrid\/\/wp-content\/uploads\/ies.elespinillo.madrid\/2026\/05\/40.DptoTecnologia.fw_-1024x68.png\" alt=\"\" class=\"wp-image-3958\" srcset=\"https:\/\/site.educa.madrid.org\/ies.elespinillo.madrid\/\/wp-content\/uploads\/ies.elespinillo.madrid\/2026\/05\/40.DptoTecnologia.fw_-1024x68.png 1024w, https:\/\/site.educa.madrid.org\/ies.elespinillo.madrid\/\/wp-content\/uploads\/ies.elespinillo.madrid\/2026\/05\/40.DptoTecnologia.fw_-300x20.png 300w, https:\/\/site.educa.madrid.org\/ies.elespinillo.madrid\/\/wp-content\/uploads\/ies.elespinillo.madrid\/2026\/05\/40.DptoTecnologia.fw_-768x51.png 768w, https:\/\/site.educa.madrid.org\/ies.elespinillo.madrid\/\/wp-content\/uploads\/ies.elespinillo.madrid\/2026\/05\/40.DptoTecnologia.fw_.png 1500w\" sizes=\"auto, (max-width: 1024px) 100vw, 1024px\" \/><\/figure>\n\n\n<div class=\"wp-block-image\">\n<figure class=\"aligncenter size-large is-resized\"><img loading=\"lazy\" decoding=\"async\" width=\"1024\" height=\"599\" src=\"https:\/\/site.educa.madrid.org\/ies.elespinillo.madrid\/\/wp-content\/uploads\/ies.elespinillo.madrid\/2026\/05\/tecnologia-1024x599.png\" alt=\"\" class=\"wp-image-3959\" style=\"aspect-ratio:1.709517664721479;width:368px;height:auto\" srcset=\"https:\/\/site.educa.madrid.org\/ies.elespinillo.madrid\/\/wp-content\/uploads\/ies.elespinillo.madrid\/2026\/05\/tecnologia-1024x599.png 1024w, https:\/\/site.educa.madrid.org\/ies.elespinillo.madrid\/\/wp-content\/uploads\/ies.elespinillo.madrid\/2026\/05\/tecnologia-300x176.png 300w, https:\/\/site.educa.madrid.org\/ies.elespinillo.madrid\/\/wp-content\/uploads\/ies.elespinillo.madrid\/2026\/05\/tecnologia-768x449.png 768w, https:\/\/site.educa.madrid.org\/ies.elespinillo.madrid\/\/wp-content\/uploads\/ies.elespinillo.madrid\/2026\/05\/tecnologia-1536x899.png 1536w, https:\/\/site.educa.madrid.org\/ies.elespinillo.madrid\/\/wp-content\/uploads\/ies.elespinillo.madrid\/2026\/05\/tecnologia-2048x1199.png 2048w\" sizes=\"auto, (max-width: 1024px) 100vw, 1024px\" \/><\/figure>\n<\/div>\n\n\n<p>Desde el <strong>Departamento de Tecnolog\u00eda <\/strong>de nuestro centro os damos la bienvenida a un espacio donde la innovaci\u00f3n, la creatividad y la resoluci\u00f3n de problemas son fundamentales. A lo largo del curso, el alumnado trabaja contenidos relacionados con el dise\u00f1o, la electricidad, la programaci\u00f3n y los sistemas tecnol\u00f3gicos. En nuestras aulas de inform\u00e1tica y talleres se llevan a cabo proyectos pr\u00e1cticos en los que se dise\u00f1an y construyen soluciones a distintos retos. Tambi\u00e9n se realizan actividades de programaci\u00f3n, uso de herramientas digitales y elaboraci\u00f3n de prototipos. El aprendizaje se basa en la experimentaci\u00f3n, el trabajo en equipo y la aplicaci\u00f3n de los conocimientos a situaciones reales. Adem\u00e1s, se fomenta el uso responsable de la tecnolog\u00eda y el desarrollo del pensamiento computacional. Nuestro objetivo es que comprend\u00e1is c\u00f3mo la tecnolog\u00eda forma parte de la vida cotidiana y c\u00f3mo pod\u00e9is crearla y mejorarla. Esperamos que este departamento sea un lugar donde aprender, dise\u00f1ar e innovar con entusiasmo. El departamento est\u00e1 compuesto por los siguientes componentes:<\/p>\n\n\n\n<figure class=\"wp-block-table is-style-stripes\"><table class=\"has-fixed-layout\"><tbody><tr><td><a href=\"https:\/\/aulavirtual33.educa.madrid.org\/ies.elespinillo.madrid\/course\/index.php?categoryid=36\" target=\"_blank\" rel=\"noreferrer noopener\">MART\u00cdNEZ JUAREZ, Ana<\/a><\/td><td><em>Jefa de Departamento<\/em><\/td><\/tr><tr><td><a href=\"https:\/\/aulavirtual33.educa.madrid.org\/ies.elespinillo.madrid\/course\/index.php?categoryid=33\" target=\"_blank\" rel=\"noreferrer noopener\">G\u00d3MEZ ARIAS, Jos\u00e9 Javier<\/a><\/td><td><em>Coordinador TIC, Coordinador Rob\u00f3tica<\/em><\/td><\/tr><tr><td><a href=\"https:\/\/aulavirtual33.educa.madrid.org\/ies.elespinillo.madrid\/course\/index.php?categoryid=512\" target=\"_blank\" rel=\"noreferrer noopener\">G\u00d3MEZ MANRIQUE, Diana<\/a><\/td><td><\/td><\/tr><tr><td><a href=\"https:\/\/aulavirtual33.educa.madrid.org\/ies.elespinillo.madrid\/course\/index.php?categoryid=511\" target=\"_blank\" rel=\"noreferrer noopener\">G\u00d3MEZ L\u00d3PEZ, Miguel \u00c1ngel<\/a><\/td><td><\/td><\/tr><tr><td><a href=\"https:\/\/aulavirtual33.educa.madrid.org\/ies.elespinillo.madrid\/course\/index.php?categoryid=513\" target=\"_blank\" rel=\"noreferrer noopener\">MORENO RUS, Mar\u00eda Jos\u00e9<\/a><\/td><td><\/td><\/tr><tr><td><a href=\"https:\/\/aulavirtual33.educa.madrid.org\/ies.elespinillo.madrid\/course\/index.php?categoryid=37\" target=\"_blank\" rel=\"noreferrer noopener\">NIETO BORREGUERO, Jos\u00e9 Ram\u00f3n<\/a><\/td><td><em>Secretario<\/em><\/td><\/tr><tr><td><a href=\"https:\/\/aulavirtual33.educa.madrid.org\/ies.elespinillo.madrid\/course\/index.php?categoryid=432\" target=\"_blank\" rel=\"noreferrer noopener\">RODR\u00cdGUEZ FERRERA, Edith<\/a><\/td><td><\/td><\/tr><\/tbody><\/table><\/figure>\n\n\n\n<p><\/p>\n","protected":false},"excerpt":{"rendered":"<p>Desde el Departamento de Tecnolog\u00eda de nuestro centro os damos la bienvenida a un espacio donde la innovaci\u00f3n, la creatividad y la resoluci\u00f3n de problemas son fundamentales. A lo largo &#8230;<\/p>\n","protected":false},"author":2,"featured_media":0,"parent":1985,"menu_order":40,"comment_status":"closed","ping_status":"closed","template":"","meta":{"footnotes":""},"folder":[],"class_list":["post-3956","page","type-page","status-publish","hentry"],"rttpg_featured_image_url":null,"rttpg_author":{"display_name":"tic.ies.elespinillo.madrid","author_link":"https:\/\/site.educa.madrid.org\/ies.elespinillo.madrid\/index.php\/author\/cuenta_tic-ies-elespinillo-madrid\/"},"rttpg_comment":0,"rttpg_category":false,"rttpg_excerpt":"Desde el Departamento de Tecnolog\u00eda de nuestro centro os damos la bienvenida a un espacio donde la innovaci\u00f3n, la creatividad y la resoluci\u00f3n de problemas son fundamentales. A lo largo ...","post_mailing_queue_ids":[],"_links":{"self":[{"href":"https:\/\/site.educa.madrid.org\/ies.elespinillo.madrid\/index.php\/wp-json\/wp\/v2\/pages\/3956","targetHints":{"allow":["GET"]}}],"collection":[{"href":"https:\/\/site.educa.madrid.org\/ies.elespinillo.madrid\/index.php\/wp-json\/wp\/v2\/pages"}],"about":[{"href":"https:\/\/site.educa.madrid.org\/ies.elespinillo.madrid\/index.php\/wp-json\/wp\/v2\/types\/page"}],"author":[{"embeddable":true,"href":"https:\/\/site.educa.madrid.org\/ies.elespinillo.madrid\/index.php\/wp-json\/wp\/v2\/users\/2"}],"replies":[{"embeddable":true,"href":"https:\/\/site.educa.madrid.org\/ies.elespinillo.madrid\/index.php\/wp-json\/wp\/v2\/comments?post=3956"}],"version-history":[{"count":4,"href":"https:\/\/site.educa.madrid.org\/ies.elespinillo.madrid\/index.php\/wp-json\/wp\/v2\/pages\/3956\/revisions"}],"predecessor-version":[{"id":4003,"href":"https:\/\/site.educa.madrid.org\/ies.elespinillo.madrid\/index.php\/wp-json\/wp\/v2\/pages\/3956\/revisions\/4003"}],"up":[{"embeddable":true,"href":"https:\/\/site.educa.madrid.org\/ies.elespinillo.madrid\/index.php\/wp-json\/wp\/v2\/pages\/1985"}],"wp:attachment":[{"href":"https:\/\/site.educa.madrid.org\/ies.elespinillo.madrid\/index.php\/wp-json\/wp\/v2\/media?parent=3956"}],"wp:term":[{"taxonomy":"folder","embeddable":true,"href":"https:\/\/site.educa.madrid.org\/ies.elespinillo.madrid\/index.php\/wp-json\/wp\/v2\/folder?post=3956"}],"curies":[{"name":"wp","href":"https:\/\/api.w.org\/{rel}","templated":true}]}}