{"id":1106,"date":"2025-03-20T13:04:46","date_gmt":"2025-03-20T12:04:46","guid":{"rendered":"https:\/\/site.educa.madrid.org\/ies.elpinar.alcorcon\/?page_id=1106"},"modified":"2026-03-04T13:19:56","modified_gmt":"2026-03-04T12:19:56","slug":"tecnologia","status":"publish","type":"page","link":"https:\/\/site.educa.madrid.org\/ies.elpinar.alcorcon\/index.php\/quienes-somos\/departamentos\/tecnologia\/","title":{"rendered":"Tecnolog\u00eda"},"content":{"rendered":"<style type='text\/css' media='all'>#rt-tpg-container-2290815325 .rt-holder .rt-woo-info .price{color:#0693e3;}body .rt-tpg-container .rt-tpg-isotope-buttons .selected,\n\t\t\t\t\t#rt-tpg-container-2290815325 .layout12 .rt-holder:hover .rt-detail,\n\t\t\t\t\t#rt-tpg-container-2290815325 .isotope8 .rt-holder:hover .rt-detail,\n\t\t\t\t\t#rt-tpg-container-2290815325 .carousel8 .rt-holder:hover .rt-detail,\n\t\t\t\t\t#rt-tpg-container-2290815325 .layout13 .rt-holder .overlay .post-info,\n\t\t\t\t\t#rt-tpg-container-2290815325 .isotope9 .rt-holder .overlay .post-info,\n\t\t\t\t\t#rt-tpg-container-2290815325.rt-tpg-container .layout4 .rt-holder .rt-detail,\n\t\t\t\t\t.rt-modal-2290815325 .md-content,\n\t\t\t\t\t.rt-modal-2290815325 .md-content > .rt-md-content-holder .rt-md-content,\n\t\t\t\t\t.rt-popup-wrap-2290815325.rt-popup-wrap .rt-popup-navigation-wrap,\n\t\t\t\t\t#rt-tpg-container-2290815325 .carousel9 .rt-holder .overlay .post-info{background-color:#0693e3;}#rt-tpg-container-2290815325 .layout5 .rt-holder .overlay, #rt-tpg-container-2290815325 .isotope2 .rt-holder .overlay, #rt-tpg-container-2290815325 .carousel2 .rt-holder .overlay,#rt-tpg-container-2290815325 .layout15 .rt-holder h3, #rt-tpg-container-2290815325 .isotope11 .rt-holder h3, #rt-tpg-container-2290815325 .carousel11 .rt-holder h3, #rt-tpg-container-2290815325 .layout16 .rt-holder h3,\n\t\t\t\t\t#rt-tpg-container-2290815325 .isotope12 .rt-holder h3, #rt-tpg-container-2290815325 .carousel12 .rt-holder h3 {background-color:rgba(6,147,227,0.8);}#rt-tpg-container-2290815325 .pagination-list li a,\n\t\t\t\t\trt-tpg-container-2290815325 .pagination-list li span,\n\t\t\t\t\trt-tpg-container-2290815325 .pagination li a,\n\t\t\t\t\t#rt-tpg-container-2290815325 .rt-tpg-isotope-buttons button,\n\t\t\t\t\t#rt-tpg-container-2290815325 .rt-tpg-utility .rt-tpg-load-more button,\n\t\t\t\t\t#rt-tpg-container-2290815325.rt-tpg-container .swiper-navigation .slider-btn,\n\t\t\t\t\t#rt-tpg-container-2290815325.rt-tpg-container .swiper-pagination-bullet,\n\t\t\t\t\t#rt-tpg-container-2290815325 .wc1 .rt-holder .rt-img-holder .overlay .product-more ul li a,\n\t\t\t\t\t#rt-tpg-container-2290815325 .wc2 .rt-detail .rt-wc-add-to-cart,\n\t\t\t\t\t#rt-tpg-container-2290815325 .wc3 .rt-detail .rt-wc-add-to-cart,\n\t\t\t\t\t#rt-tpg-container-2290815325 .wc4 .rt-detail .rt-wc-add-to-cart,\n\t\t\t\t\t#rt-tpg-container-2290815325 .wc-carousel2 .rt-detail .rt-wc-add-to-cart,\n\t\t\t\t\t#rt-tpg-container-2290815325 .wc-isotope2 .rt-detail .rt-wc-add-to-cart,\n\t\t\t\t\t#rt-tpg-container-2290815325 .rt-layout-filter-container .rt-filter-wrap .rt-filter-item-wrap.rt-filter-dropdown-wrap .rt-filter-dropdown,\n\t\t\t\t\t#rt-tpg-container-2290815325 .rt-layout-filter-container .rt-filter-sub-tax.sub-button-group .rt-filter-button-item,\n\t\t\t\t\t#rt-tpg-container-2290815325.rt-tpg-container .rt-pagination-wrap .rt-page-numbers .paginationjs .paginationjs-pages ul li>a,\n\t\t\t\t\t#rt-tpg-container-2290815325 .rt-filter-item-wrap.rt-filter-button-wrap span.rt-filter-button-item,\n\t\t\t\t\t#rt-tpg-container-2290815325.rt-tpg-container .rt-pagination-wrap  .rt-loadmore-btn,\n\t\t\t\t\t#rt-tpg-container-2290815325.rt-tpg-container .rt-pagination-wrap .rt-cb-page-prev-next > *,\n\t\t\t\t\t#rt-tpg-container-2290815325 .rt-read-more,\n\t\t\t\t\t#rt-tooltip-2290815325, #rt-tooltip-2290815325 .rt-tooltip-bottom:after{background-color:#0693e3;}#rt-tpg-container-2290815325 .rt-filter-item-wrap.rt-filter-button-wrap span.rt-filter-button-item,\n\t\t\t\t\t#rt-tpg-container-2290815325 .rt-layout-filter-container .rt-filter-sub-tax.sub-button-group .rt-filter-button-item{border-color:#0693e3;}#rt-tpg-container-2290815325.rt-tpg-container .layout17 .rt-holder .overlay a.tpg-zoom .fa{color:#0693e3;}#rt-tpg-container-2290815325 .rt-holder .read-more a {background-color:#0693e3;padding: 8px 15px;}#rt-tpg-container-2290815325 .pagination-list li a,\n\t\t\t\t\t#rt-tpg-container-2290815325 .pagination li a,\n\t\t\t\t\t#rt-tpg-container-2290815325 .rt-tpg-isotope-buttons button,\n\t\t\t\t\t#rt-tpg-container-2290815325 .rt-holder .read-more a,\n\t\t\t\t\t#rt-tpg-container-2290815325 .rt-tpg-utility .rt-tpg-load-more button,\n\t\t\t\t\t#rt-tpg-container-2290815325.rt-tpg-container .swiper-navigation .slider-btn,\n\t\t\t\t\t#rt-tpg-container-2290815325 .wc1 .rt-holder .rt-img-holder .overlay .product-more ul li a,\n\t\t\t\t\t#rt-tpg-container-2290815325 .edd1 .rt-holder .rt-img-holder .overlay .product-more ul li a,\n\t\t\t\t\t#rt-tpg-container-2290815325 .wc2 .rt-detail .rt-wc-add-to-cart,\n\t\t\t\t\t#rt-tpg-container-2290815325 .wc3 .rt-detail .rt-wc-add-to-cart,\n\t\t\t\t\t#rt-tpg-container-2290815325 .edd2 .rt-detail .rt-wc-add-to-cart,\n\t\t\t\t\t#rt-tpg-container-2290815325 .wc4 .rt-detail .rt-wc-add-to-cart,\n\t\t\t\t\t#rt-tpg-container-2290815325 .edd3 .rt-detail .rt-wc-add-to-cart,\n\t\t\t\t\t#rt-tpg-container-2290815325 .wc-carousel2 .rt-detail .rt-wc-add-to-cart,\n\t\t\t\t\t#rt-tpg-container-2290815325 .wc-isotope2 .rt-detail .rt-wc-add-to-cart,\n\t\t\t\t\t#rt-tpg-container-2290815325 .rt-tpg-utility .rt-tpg-load-more button,\n\t\t\t\t\t#rt-tooltip-2290815325,\n\t\t\t\t\t#rt-tpg-container-2290815325 .rt-filter-item-wrap.rt-filter-button-wrap span.rt-filter-button-item,\n\t\t\t\t\t#rt-tpg-container-2290815325 .rt-layout-filter-container .rt-filter-sub-tax.sub-button-group .rt-filter-button-item,\n\t\t\t\t\t#rt-tpg-container-2290815325 .rt-layout-filter-container .rt-filter-wrap .rt-filter-item-wrap.rt-sort-order-action,\n\t\t\t\t\t#rt-tpg-container-2290815325 .rt-layout-filter-container .rt-filter-wrap .rt-filter-item-wrap.rt-filter-dropdown-wrap .rt-filter-dropdown .rt-filter-dropdown-item,\n\t\t\t\t\t#rt-tpg-container-2290815325.rt-tpg-container .rt-pagination-wrap .rt-page-numbers .paginationjs .paginationjs-pages ul li>a,\n\t\t\t\t\t#rt-tpg-container-2290815325.rt-tpg-container .rt-pagination-wrap .rt-cb-page-prev-next > *,\n\t\t\t\t\t#rt-tpg-container-2290815325.rt-tpg-container .rt-pagination-wrap  .rt-loadmore-btn,\n\t\t\t\t\t#rt-tpg-container-2290815325 .rt-read-more,\n\t\t\t\t\t#rt-tooltip-2290815325 .rt-tooltip-bottom:after{color:#0693e3;}#rt-tpg-container-2290815325 .read-more a{border-radius:px;}#rt-tpg-container-2290815325 .rt-img-holder img.rt-img-responsive,#rt-tpg-container-2290815325 .rt-img-holder,\n\t\t\t\t\t#rt-tpg-container-2290815325 .rt-post-overlay .post-img,\n\t\t\t\t\t#rt-tpg-container-2290815325 .post-sm .post-img,\n\t\t\t\t\t#rt-tpg-container-2290815325 .rt-post-grid .post-img,\n\t\t\t\t\t#rt-tpg-container-2290815325 .post-img img {border-radius:px;}#rt-tpg-container-2290815325 .layout2 .rt-holder h2.entry-title,\n\t\t\t\t\t#rt-tpg-container-2290815325 .layout2 .rt-holder h3.entry-title,\n\t\t\t\t\t#rt-tpg-container-2290815325 .layout2 .rt-holder h4.entry-title,\n\t\t\t\t\t#rt-tpg-container-2290815325 .layout2 .rt-holder h2.entry-title a,\n\t\t\t\t\t#rt-tpg-container-2290815325 .layout2 .rt-holder h3.entry-title a,\n\t\t\t\t\t#rt-tpg-container-2290815325 .layout2 .rt-holder h4.entry-title a,\n\t\t\t\t\t#rt-tpg-container-2290815325 .rt-holder .rt-woo-info h2 a,\n\t\t\t\t\t#rt-tpg-container-2290815325 .rt-holder .rt-woo-info h3 a,\n\t\t\t\t\t#rt-tpg-container-2290815325 .rt-holder .rt-woo-info h4 a,\n\t\t\t\t\t#rt-tpg-container-2290815325 .post-content .post-title,\n\t\t\t\t\t#rt-tpg-container-2290815325 .rt-post-grid .post-title,\n\t\t\t\t\t#rt-tpg-container-2290815325 .rt-post-grid .post-title a,\n\t\t\t\t\t#rt-tpg-container-2290815325 .post-content .post-title a,\n\t\t\t\t\t#rt-tpg-container-2290815325 .rt-holder .rt-woo-info h2,\n\t\t\t\t\t#rt-tpg-container-2290815325 .rt-holder .rt-woo-info h3,\n\t\t\t\t\t#rt-tpg-container-2290815325 .rt-holder .rt-woo-info h4{color:#0693e3;text-align:center;}<\/style><div class='rt-container-fluid rt-tpg-container tpg-shortcode-main-wrapper ' id='rt-tpg-container-2290815325'   data-layout='layout2' data-grid-style='even' data-desktop-col='1'  data-tab-col='2'  data-mobile-col='1' data-sc-id='1105'><div data-title='Loading ...' class='rt-row rt-content-loader   layout2 tpg-even '><div class=\"rt-col-md-12 rt-col-sm-6 rt-col-xs-12 even-grid-item rt-grid-item\" data-id=\"2306\"><div class=\"rt-holder\"><div class=\"rt-row\"><div class='rt-col-xs-12'><div class='rt-detail'><h3 class=\"entry-title\"><a data-id=\"2306\" class=\"\" href=\"https:\/\/site.educa.madrid.org\/ies.elpinar.alcorcon\/index.php\/2026\/02\/11\/dia-de-la-mujer-y-la-nina-en-la-ciencia\/\">D\u00eda de la Mujer y la Ni\u00f1a en la Ciencia<\/a><\/h3><div class='post-meta-user '><span class='date-meta'><i class='far fa-calendar-alt '><\/i>11 febrero, 2026<\/span><\/div><div class='tpg-excerpt'>\n<figure class=\"wp-block-image\"><img decoding=\"async\" loading=\"lazy\" width=\"1024\" height=\"784\" src=\"https:\/\/site.educa.madrid.org\/ies.elpinar.alcorcon\/\/wp-content\/uploads\/ies.elpinar.alcorcon\/2026\/02\/1771161441138-e1771166488800-1024x784.jpg\" alt=\"\" class=\"wp-image-2305\" srcset=\"https:\/\/site.educa.madrid.org\/ies.elpinar.alcorcon\/\/wp-content\/uploads\/ies.elpinar.alcorcon\/2026\/02\/1771161441138-e1771166488800-1024x784.jpg 1024w, https:\/\/site.educa.madrid.org\/ies.elpinar.alcorcon\/\/wp-content\/uploads\/ies.elpinar.alcorcon\/2026\/02\/1771161441138-e1771166488800-300x230.jpg 300w, https:\/\/site.educa.madrid.org\/ies.elpinar.alcorcon\/\/wp-content\/uploads\/ies.elpinar.alcorcon\/2026\/02\/1771161441138-e1771166488800-768x588.jpg 768w, https:\/\/site.educa.madrid.org\/ies.elpinar.alcorcon\/\/wp-content\/uploads\/ies.elpinar.alcorcon\/2026\/02\/1771161441138-e1771166488800.jpg 1363w\" sizes=\"auto, (max-width: 706px) 89vw, (max-width: 767px) 82vw, 740px\" \/><\/figure>\n\n\n\n<p>Para conmemorar el d\u00eda 11 de Febrero, d\u00eda Internacional de la mujer y la ni\u00f1a en la Ciencia, las profesoras del centro han participado en una actividad de roleplaying organizada por el departamento de F\u00edsica y Qu\u00edmica.<\/p>\n\n\n\n<p>Las profesoras se caracterizaron de diversas mujeres que tiene un papel relevante en el \u00e1mbito cient\u00edfico y el alumnado ten\u00eda que averiguar mediante preguntas a quien representaban.<\/p>\n\n\n\n<p>Hipatia de Alejandr\u00eda, Jane Goodall, Ada Lovelace, Marie Curie, Valentina Tereshkova, Margarita Salas y Hedy Lamarr&#8230; \u00bfA cu\u00e1ntas reconoces?<\/p>\n\n\n\n<p>Fue un momento muy agradable de aprendizaje durante el recreo del mi\u00e9rcoles 11 de Febrero.<\/p>\n<\/div><\/div><\/div><\/div><\/div><\/div><div class=\"rt-col-md-12 rt-col-sm-6 rt-col-xs-12 even-grid-item rt-grid-item\" data-id=\"1946\"><div class=\"rt-holder\"><div class=\"rt-row\"><div class='rt-col-xs-12'><div class='rt-detail'><h3 class=\"entry-title\"><a data-id=\"1946\" class=\"\" href=\"https:\/\/site.educa.madrid.org\/ies.elpinar.alcorcon\/index.php\/2025\/12\/11\/llavero-solidario\/\">Llavero Solidario<\/a><\/h3><div class='post-meta-user '><span class='date-meta'><i class='far fa-calendar-alt '><\/i>11 diciembre, 2025<\/span><\/div><div class='tpg-excerpt'><div class=\"wp-block-image\">\n<figure class=\"aligncenter size-full is-resized\"><a href=\"https:\/\/site.educa.madrid.org\/ies.elpinar.alcorcon\/\/wp-content\/uploads\/ies.elpinar.alcorcon\/2025\/12\/Captura-de-pantalla-2025-12-11-140025.png\"><img decoding=\"async\" loading=\"lazy\" width=\"261\" height=\"369\" src=\"https:\/\/site.educa.madrid.org\/ies.elpinar.alcorcon\/\/wp-content\/uploads\/ies.elpinar.alcorcon\/2025\/12\/Captura-de-pantalla-2025-12-11-140025.png\" alt=\"\" class=\"wp-image-1949\" style=\"width:448px;height:auto\" srcset=\"https:\/\/site.educa.madrid.org\/ies.elpinar.alcorcon\/\/wp-content\/uploads\/ies.elpinar.alcorcon\/2025\/12\/Captura-de-pantalla-2025-12-11-140025.png 261w, https:\/\/site.educa.madrid.org\/ies.elpinar.alcorcon\/\/wp-content\/uploads\/ies.elpinar.alcorcon\/2025\/12\/Captura-de-pantalla-2025-12-11-140025-212x300.png 212w\" sizes=\"auto, (max-width: 261px) 100vw, 261px\" \/><\/a><\/figure>\n<\/div><\/div><\/div><\/div><\/div><\/div><\/div><div class=\"rt-col-md-12 rt-col-sm-6 rt-col-xs-12 even-grid-item rt-grid-item\" data-id=\"1860\"><div class=\"rt-holder\"><div class=\"rt-row\"><div class='rt-col-xs-12'><div class='rt-detail'><h3 class=\"entry-title\"><a data-id=\"1860\" class=\"\" href=\"https:\/\/site.educa.madrid.org\/ies.elpinar.alcorcon\/index.php\/2025\/11\/21\/semana-ciencia\/\">Semana de la Ciencia<\/a><\/h3><div class='post-meta-user '><span class='date-meta'><i class='far fa-calendar-alt '><\/i>21 noviembre, 2025<\/span><\/div><div class='tpg-excerpt'>\n<figure class=\"wp-block-gallery has-nested-images columns-default is-cropped wp-block-gallery-1 is-layout-flex wp-block-gallery-is-layout-flex\">\n<figure class=\"wp-block-image size-large\"><img decoding=\"async\" loading=\"lazy\" width=\"768\" height=\"1024\" data-id=\"1865\" src=\"https:\/\/site.educa.madrid.org\/ies.elpinar.alcorcon\/\/wp-content\/uploads\/ies.elpinar.alcorcon\/2025\/11\/IMG-20251113-WA0016-768x1024.jpg\" alt=\"\" class=\"wp-image-1865\" srcset=\"https:\/\/site.educa.madrid.org\/ies.elpinar.alcorcon\/\/wp-content\/uploads\/ies.elpinar.alcorcon\/2025\/11\/IMG-20251113-WA0016-768x1024.jpg 768w, https:\/\/site.educa.madrid.org\/ies.elpinar.alcorcon\/\/wp-content\/uploads\/ies.elpinar.alcorcon\/2025\/11\/IMG-20251113-WA0016-225x300.jpg 225w, https:\/\/site.educa.madrid.org\/ies.elpinar.alcorcon\/\/wp-content\/uploads\/ies.elpinar.alcorcon\/2025\/11\/IMG-20251113-WA0016-300x400.jpg 300w, https:\/\/site.educa.madrid.org\/ies.elpinar.alcorcon\/\/wp-content\/uploads\/ies.elpinar.alcorcon\/2025\/11\/IMG-20251113-WA0016-1152x1536.jpg 1152w, https:\/\/site.educa.madrid.org\/ies.elpinar.alcorcon\/\/wp-content\/uploads\/ies.elpinar.alcorcon\/2025\/11\/IMG-20251113-WA0016.jpg 1200w\" sizes=\"auto, (max-width: 706px) 89vw, (max-width: 767px) 82vw, 740px\" \/><\/figure>\n\n\n\n<figure class=\"wp-block-image size-large\"><img decoding=\"async\" loading=\"lazy\" width=\"1024\" height=\"562\" data-id=\"1866\" src=\"https:\/\/site.educa.madrid.org\/ies.elpinar.alcorcon\/\/wp-content\/uploads\/ies.elpinar.alcorcon\/2025\/11\/20251112_131317-scaled-e1763723821771-1024x562.jpg\" alt=\"\" class=\"wp-image-1866\" srcset=\"https:\/\/site.educa.madrid.org\/ies.elpinar.alcorcon\/\/wp-content\/uploads\/ies.elpinar.alcorcon\/2025\/11\/20251112_131317-scaled-e1763723821771-1024x562.jpg 1024w, https:\/\/site.educa.madrid.org\/ies.elpinar.alcorcon\/\/wp-content\/uploads\/ies.elpinar.alcorcon\/2025\/11\/20251112_131317-scaled-e1763723821771-300x165.jpg 300w, https:\/\/site.educa.madrid.org\/ies.elpinar.alcorcon\/\/wp-content\/uploads\/ies.elpinar.alcorcon\/2025\/11\/20251112_131317-scaled-e1763723821771-768x421.jpg 768w, https:\/\/site.educa.madrid.org\/ies.elpinar.alcorcon\/\/wp-content\/uploads\/ies.elpinar.alcorcon\/2025\/11\/20251112_131317-scaled-e1763723821771-1536x842.jpg 1536w, https:\/\/site.educa.madrid.org\/ies.elpinar.alcorcon\/\/wp-content\/uploads\/ies.elpinar.alcorcon\/2025\/11\/20251112_131317-scaled-e1763723821771-2048x1123.jpg 2048w\" sizes=\"auto, (max-width: 706px) 89vw, (max-width: 767px) 82vw, 740px\" \/><\/figure>\n\n\n\n<figure class=\"wp-block-image size-large\"><img decoding=\"async\" loading=\"lazy\" width=\"942\" height=\"1024\" data-id=\"1864\" src=\"https:\/\/site.educa.madrid.org\/ies.elpinar.alcorcon\/\/wp-content\/uploads\/ies.elpinar.alcorcon\/2025\/11\/IMG-20251112-WA0013-e1763723851223-942x1024.jpg\" alt=\"\" class=\"wp-image-1864\" srcset=\"https:\/\/site.educa.madrid.org\/ies.elpinar.alcorcon\/\/wp-content\/uploads\/ies.elpinar.alcorcon\/2025\/11\/IMG-20251112-WA0013-e1763723851223-942x1024.jpg 942w, https:\/\/site.educa.madrid.org\/ies.elpinar.alcorcon\/\/wp-content\/uploads\/ies.elpinar.alcorcon\/2025\/11\/IMG-20251112-WA0013-e1763723851223-276x300.jpg 276w, https:\/\/site.educa.madrid.org\/ies.elpinar.alcorcon\/\/wp-content\/uploads\/ies.elpinar.alcorcon\/2025\/11\/IMG-20251112-WA0013-e1763723851223-768x835.jpg 768w, https:\/\/site.educa.madrid.org\/ies.elpinar.alcorcon\/\/wp-content\/uploads\/ies.elpinar.alcorcon\/2025\/11\/IMG-20251112-WA0013-e1763723851223.jpg 1096w\" sizes=\"auto, (max-width: 706px) 89vw, (max-width: 767px) 82vw, 740px\" \/><\/figure>\n\n\n\n<figure class=\"wp-block-image size-large\"><img decoding=\"async\" loading=\"lazy\" width=\"1024\" height=\"917\" data-id=\"1863\" src=\"https:\/\/site.educa.madrid.org\/ies.elpinar.alcorcon\/\/wp-content\/uploads\/ies.elpinar.alcorcon\/2025\/11\/IMG-20251112-WA0008-e1763723875296-1024x917.jpg\" alt=\"\" class=\"wp-image-1863\" srcset=\"https:\/\/site.educa.madrid.org\/ies.elpinar.alcorcon\/\/wp-content\/uploads\/ies.elpinar.alcorcon\/2025\/11\/IMG-20251112-WA0008-e1763723875296-1024x917.jpg 1024w, https:\/\/site.educa.madrid.org\/ies.elpinar.alcorcon\/\/wp-content\/uploads\/ies.elpinar.alcorcon\/2025\/11\/IMG-20251112-WA0008-e1763723875296-300x269.jpg 300w, https:\/\/site.educa.madrid.org\/ies.elpinar.alcorcon\/\/wp-content\/uploads\/ies.elpinar.alcorcon\/2025\/11\/IMG-20251112-WA0008-e1763723875296-768x688.jpg 768w, https:\/\/site.educa.madrid.org\/ies.elpinar.alcorcon\/\/wp-content\/uploads\/ies.elpinar.alcorcon\/2025\/11\/IMG-20251112-WA0008-e1763723875296.jpg 1117w\" sizes=\"auto, (max-width: 706px) 89vw, (max-width: 767px) 82vw, 740px\" \/><\/figure>\n<\/figure>\n\n\n\n<p class=\"has-text-align-center\">Con motivo de la celebraci\u00f3n de la Semana de Ciencia y la Innovaci\u00f3n, nuestro alumnado de 1\u00ba de Bachillerato de Ciencias ha participado en el taller<strong><em> \u00abDonde la ciencia se transforma en energ\u00eda\u00bb<\/em><\/strong> impartido por un grupo de investigadores del IMDEA.<\/p>\n<\/div><\/div><\/div><\/div><\/div><\/div><div class=\"rt-col-md-12 rt-col-sm-6 rt-col-xs-12 even-grid-item rt-grid-item\" data-id=\"1072\"><div class=\"rt-holder\"><div class=\"rt-row\"><div class='rt-col-xs-12'><div class='rt-detail'><h3 class=\"entry-title\"><a data-id=\"1072\" class=\"\" href=\"https:\/\/site.educa.madrid.org\/ies.elpinar.alcorcon\/index.php\/2025\/03\/19\/archi3td\/\">Fase Intracentros proyecto ArchiT3D<\/a><\/h3><div class='post-meta-user '><span class='date-meta'><i class='far fa-calendar-alt '><\/i>19 marzo, 2025<\/span><\/div><div class='tpg-excerpt'><div id='gallery-1' class='gallery galleryid-1072 gallery-columns-3 gallery-size-thumbnail'><figure class='gallery-item'>\n\t\t\t<div class='gallery-icon portrait'>\n\t\t\t\t<img decoding=\"async\" loading=\"lazy\" width=\"150\" height=\"150\" src=\"https:\/\/site.educa.madrid.org\/ies.elpinar.alcorcon\/\/wp-content\/uploads\/ies.elpinar.alcorcon\/2025\/03\/IMG_9937-150x150.jpg\" class=\"attachment-thumbnail size-thumbnail\" alt=\"\" \/>\n\t\t\t<\/div><\/figure><figure class='gallery-item'>\n\t\t\t<div class='gallery-icon landscape'>\n\t\t\t\t<img decoding=\"async\" loading=\"lazy\" width=\"150\" height=\"150\" src=\"https:\/\/site.educa.madrid.org\/ies.elpinar.alcorcon\/\/wp-content\/uploads\/ies.elpinar.alcorcon\/2025\/03\/Captura-150x150.png\" class=\"attachment-thumbnail size-thumbnail\" alt=\"\" \/>\n\t\t\t<\/div><\/figure><figure class='gallery-item'>\n\t\t\t<div class='gallery-icon landscape'>\n\t\t\t\t<img decoding=\"async\" loading=\"lazy\" width=\"150\" height=\"150\" src=\"https:\/\/site.educa.madrid.org\/ies.elpinar.alcorcon\/\/wp-content\/uploads\/ies.elpinar.alcorcon\/2025\/03\/IMG_9946-150x150.jpg\" class=\"attachment-thumbnail size-thumbnail\" alt=\"\" \/>\n\t\t\t<\/div><\/figure>\n\t\t<\/div>\n\n\n\n<p>Hoy se ha celebrado la fase intracentros del proyecto ArchiT3D. Queremos agradecer su dedicaci\u00f3n al equipo de la organizaci\u00f3n del la DG de Biling\u00fcismo y Calidad educativa, a los miembros del jurado y a las personas que han venido a apoyarnos en esta fase.<\/p>\n\n\n\n <a href=\"https:\/\/site.educa.madrid.org\/ies.elpinar.alcorcon\/index.php\/2025\/03\/19\/archi3td\/#more-1072\" class=\"more-link\"><span aria-label=\"Sigue leyendo Fase Intracentros proyecto ArchiT3D\">(m\u00e1s&hellip;)<\/span><\/a><\/div><\/div><\/div><\/div><\/div><\/div><\/div><\/div>","protected":false},"excerpt":{"rendered":"","protected":false},"author":2,"featured_media":0,"parent":896,"menu_order":9,"comment_status":"closed","ping_status":"closed","template":"","meta":{"footnotes":""},"folder":[],"class_list":["post-1106","page","type-page","status-publish","hentry"],"rttpg_featured_image_url":null,"rttpg_author":{"display_name":"tic.ies.elpinar.alcorcon","author_link":"https:\/\/site.educa.madrid.org\/ies.elpinar.alcorcon\/index.php\/author\/cuenta_tic-ies-elpinar-alcorcon\/"},"rttpg_comment":0,"rttpg_category":false,"rttpg_excerpt":null,"post_mailing_queue_ids":[],"_links":{"self":[{"href":"https:\/\/site.educa.madrid.org\/ies.elpinar.alcorcon\/index.php\/wp-json\/wp\/v2\/pages\/1106","targetHints":{"allow":["GET"]}}],"collection":[{"href":"https:\/\/site.educa.madrid.org\/ies.elpinar.alcorcon\/index.php\/wp-json\/wp\/v2\/pages"}],"about":[{"href":"https:\/\/site.educa.madrid.org\/ies.elpinar.alcorcon\/index.php\/wp-json\/wp\/v2\/types\/page"}],"author":[{"embeddable":true,"href":"https:\/\/site.educa.madrid.org\/ies.elpinar.alcorcon\/index.php\/wp-json\/wp\/v2\/users\/2"}],"replies":[{"embeddable":true,"href":"https:\/\/site.educa.madrid.org\/ies.elpinar.alcorcon\/index.php\/wp-json\/wp\/v2\/comments?post=1106"}],"version-history":[{"count":2,"href":"https:\/\/site.educa.madrid.org\/ies.elpinar.alcorcon\/index.php\/wp-json\/wp\/v2\/pages\/1106\/revisions"}],"predecessor-version":[{"id":1108,"href":"https:\/\/site.educa.madrid.org\/ies.elpinar.alcorcon\/index.php\/wp-json\/wp\/v2\/pages\/1106\/revisions\/1108"}],"up":[{"embeddable":true,"href":"https:\/\/site.educa.madrid.org\/ies.elpinar.alcorcon\/index.php\/wp-json\/wp\/v2\/pages\/896"}],"wp:attachment":[{"href":"https:\/\/site.educa.madrid.org\/ies.elpinar.alcorcon\/index.php\/wp-json\/wp\/v2\/media?parent=1106"}],"wp:term":[{"taxonomy":"folder","embeddable":true,"href":"https:\/\/site.educa.madrid.org\/ies.elpinar.alcorcon\/index.php\/wp-json\/wp\/v2\/folder?post=1106"}],"curies":[{"name":"wp","href":"https:\/\/api.w.org\/{rel}","templated":true}]}}