{"id":1188,"date":"2025-05-08T12:12:05","date_gmt":"2025-05-08T10:12:05","guid":{"rendered":"https:\/\/site.educa.madrid.org\/ies.elpinar.alcorcon\/?page_id=1188"},"modified":"2025-05-08T12:16:48","modified_gmt":"2025-05-08T10:16:48","slug":"intercambio-francia","status":"publish","type":"page","link":"https:\/\/site.educa.madrid.org\/ies.elpinar.alcorcon\/index.php\/quienes-somos\/departamentos\/frances\/intercambio-francia\/","title":{"rendered":"Intercambio a Francia"},"content":{"rendered":"\n<p class=\"has-text-align-center has-vivid-cyan-blue-color has-text-color has-link-color has-medium-font-size wp-elements-691a6bec03bf212d9d30ff0063316205\">Intercambio con el coll\u00e8ge Marie Curie de D\u00e9sertines<\/p>\n\n\n<div class=\"wp-block-image\">\n<figure class=\"aligncenter size-full is-resized\"><img loading=\"lazy\" decoding=\"async\" width=\"1148\" height=\"320\" src=\"https:\/\/site.educa.madrid.org\/ies.elpinar.alcorcon\/\/wp-content\/uploads\/ies.elpinar.alcorcon\/2025\/05\/intercambio-frances.jpg\" alt=\"\" class=\"wp-image-1191\" style=\"width:538px;height:auto\" srcset=\"https:\/\/site.educa.madrid.org\/ies.elpinar.alcorcon\/\/wp-content\/uploads\/ies.elpinar.alcorcon\/2025\/05\/intercambio-frances.jpg 1148w, https:\/\/site.educa.madrid.org\/ies.elpinar.alcorcon\/\/wp-content\/uploads\/ies.elpinar.alcorcon\/2025\/05\/intercambio-frances-300x84.jpg 300w, https:\/\/site.educa.madrid.org\/ies.elpinar.alcorcon\/\/wp-content\/uploads\/ies.elpinar.alcorcon\/2025\/05\/intercambio-frances-1024x285.jpg 1024w, https:\/\/site.educa.madrid.org\/ies.elpinar.alcorcon\/\/wp-content\/uploads\/ies.elpinar.alcorcon\/2025\/05\/intercambio-frances-768x214.jpg 768w\" sizes=\"auto, (max-width: 706px) 89vw, (max-width: 767px) 82vw, 740px\" \/><\/figure>\n<\/div>\n\n\n<p class=\"has-text-align-center\">Nuestros alumnos de 2\u00ba ESO participan en un proyecto de intercambio junto con los alumnos del coll\u00e8ge Marie Curie de D\u00e9sertines. Nos enviamos v\u00eddeos, nos escribimos cartas, contactamos con nuestros nuevos amigos por redes sociales y hasta nos enviamos dulces t\u00edpicos.<br>\u00a1El pr\u00f3ximo curso tendremos que ir a visitarles!<\/p>\n\n\n\n<p class=\"has-text-align-left\"><\/p>\n","protected":false},"excerpt":{"rendered":"<p>Intercambio con el coll\u00e8ge Marie Curie de D\u00e9sertines Nuestros alumnos de 2\u00ba ESO participan en un proyecto de intercambio junto con los alumnos del coll\u00e8ge Marie Curie de D\u00e9sertines. Nos enviamos v\u00eddeos, nos escribimos cartas, contactamos con nuestros nuevos amigos por redes sociales y hasta nos enviamos dulces t\u00edpicos.\u00a1El pr\u00f3ximo curso tendremos que ir a &hellip; <\/p>\n<p class=\"link-more\"><a href=\"https:\/\/site.educa.madrid.org\/ies.elpinar.alcorcon\/index.php\/quienes-somos\/departamentos\/frances\/intercambio-francia\/\" class=\"more-link\">Continuar leyendo<span class=\"screen-reader-text\"> \u00abIntercambio a Francia\u00bb<\/span><\/a><\/p>\n","protected":false},"author":2,"featured_media":0,"parent":1138,"menu_order":0,"comment_status":"closed","ping_status":"closed","template":"page-with-siblings-submenu.php","meta":{"footnotes":""},"folder":[],"class_list":["post-1188","page","type-page","status-publish","hentry"],"rttpg_featured_image_url":null,"rttpg_author":{"display_name":"tic.ies.elpinar.alcorcon","author_link":"https:\/\/site.educa.madrid.org\/ies.elpinar.alcorcon\/index.php\/author\/cuenta_tic-ies-elpinar-alcorcon\/"},"rttpg_comment":0,"rttpg_category":false,"rttpg_excerpt":"Intercambio con el coll\u00e8ge Marie Curie de D\u00e9sertines Nuestros alumnos de 2\u00ba ESO participan en un proyecto de intercambio junto con los alumnos del coll\u00e8ge Marie Curie de D\u00e9sertines. Nos enviamos v\u00eddeos, nos escribimos cartas, contactamos con nuestros nuevos amigos por redes sociales y hasta nos enviamos dulces t\u00edpicos.\u00a1El pr\u00f3ximo curso tendremos que ir a&hellip;","post_mailing_queue_ids":[],"_links":{"self":[{"href":"https:\/\/site.educa.madrid.org\/ies.elpinar.alcorcon\/index.php\/wp-json\/wp\/v2\/pages\/1188","targetHints":{"allow":["GET"]}}],"collection":[{"href":"https:\/\/site.educa.madrid.org\/ies.elpinar.alcorcon\/index.php\/wp-json\/wp\/v2\/pages"}],"about":[{"href":"https:\/\/site.educa.madrid.org\/ies.elpinar.alcorcon\/index.php\/wp-json\/wp\/v2\/types\/page"}],"author":[{"embeddable":true,"href":"https:\/\/site.educa.madrid.org\/ies.elpinar.alcorcon\/index.php\/wp-json\/wp\/v2\/users\/2"}],"replies":[{"embeddable":true,"href":"https:\/\/site.educa.madrid.org\/ies.elpinar.alcorcon\/index.php\/wp-json\/wp\/v2\/comments?post=1188"}],"version-history":[{"count":4,"href":"https:\/\/site.educa.madrid.org\/ies.elpinar.alcorcon\/index.php\/wp-json\/wp\/v2\/pages\/1188\/revisions"}],"predecessor-version":[{"id":1193,"href":"https:\/\/site.educa.madrid.org\/ies.elpinar.alcorcon\/index.php\/wp-json\/wp\/v2\/pages\/1188\/revisions\/1193"}],"up":[{"embeddable":true,"href":"https:\/\/site.educa.madrid.org\/ies.elpinar.alcorcon\/index.php\/wp-json\/wp\/v2\/pages\/1138"}],"wp:attachment":[{"href":"https:\/\/site.educa.madrid.org\/ies.elpinar.alcorcon\/index.php\/wp-json\/wp\/v2\/media?parent=1188"}],"wp:term":[{"taxonomy":"folder","embeddable":true,"href":"https:\/\/site.educa.madrid.org\/ies.elpinar.alcorcon\/index.php\/wp-json\/wp\/v2\/folder?post=1188"}],"curies":[{"name":"wp","href":"https:\/\/api.w.org\/{rel}","templated":true}]}}