{"id":1271,"date":"2025-05-22T13:41:51","date_gmt":"2025-05-22T11:41:51","guid":{"rendered":"https:\/\/site.educa.madrid.org\/ies.elpinar.alcorcon\/?page_id=1271"},"modified":"2025-12-19T11:13:44","modified_gmt":"2025-12-19T10:13:44","slug":"matematicas-2eso","status":"publish","type":"page","link":"https:\/\/site.educa.madrid.org\/ies.elpinar.alcorcon\/index.php\/quienes-somos\/departamentos\/matematicas\/matematicas-pendientes\/matematicas-2eso\/","title":{"rendered":"Matem\u00e1ticas 2\u00ba ESO"},"content":{"rendered":"\n<p><\/p>\n\n\n\n<p class=\"has-text-align-center has-black-color has-text-color has-link-color wp-elements-be4e824426939529d8c23c59f6ba41f0\"><strong>1\u00aa Prueba:<\/strong> 3 de Febrero de 2026 a 7\u00aa hora<\/p>\n\n\n\n<p class=\"has-text-align-center has-black-color has-text-color has-link-color wp-elements-16a0f605c97aa0323ed9bf9e8e008024\"><strong>2\u00aa Prueba:<\/strong> 24 de Marzo de 2026 a 7\u00aa hora<\/p>\n\n\n\n<p class=\"has-vivid-cyan-blue-color has-text-color has-link-color wp-elements-64c8571bae7abc189bca767606fafb8f\"><a href=\"https:\/\/cloud.educa.madrid.org\/s\/X4kkmTJ65DA6oem\">Contenido de los ex\u00e1menes parciales para el curso 2025\/2026 <\/a><\/p>\n\n\n\n<figure class=\"wp-block-table is-style-stripes\"><table class=\"has-vivid-cyan-blue-color has-text-color has-link-color has-fixed-layout\"><thead><tr><th>Fichas de Ejercicios<\/th><\/tr><\/thead><tbody><tr><td><a href=\"https:\/\/cloud.educa.madrid.org\/s\/ypc72g5YTkfGTTd\">H1 &#8211; N\u00fameros enteros. Divisibilidad<\/a><\/td><\/tr><tr><td><a href=\"https:\/\/cloud.educa.madrid.org\/s\/Ycb628kzgj4bw58\">H2 &#8211; Sistema de numeraci\u00f3n Decimal y Sistema Sexagesimal<\/a><\/td><\/tr><tr><td><a href=\"https:\/\/cloud.educa.madrid.org\/s\/ERmmHBwyJKwSp9a\">H3 &#8211; Fracciones<\/a><\/td><\/tr><tr><td><a href=\"https:\/\/cloud.educa.madrid.org\/s\/a75RWs94eAegEaL\">H4 &#8211; Proporcionalidad, porcentajes y problemas aritm\u00e9ticos<\/a><\/td><\/tr><tr><td><a href=\"https:\/\/cloud.educa.madrid.org\/s\/NisjxjAbP4nCo4p\">H5 &#8211; Expresiones algebraicas<\/a><\/td><\/tr><tr><td><a href=\"https:\/\/cloud.educa.madrid.org\/s\/ybwQRLTPDYZCbNL\">H6 &#8211; Ecuaciones de primer grado<\/a><\/td><\/tr><tr><td><a href=\"https:\/\/cloud.educa.madrid.org\/s\/jbZ6GPkdmwWgrRw\">H7 &#8211; Ecuaciones de segundo grado<\/a><\/td><\/tr><tr><td><a href=\"https:\/\/cloud.educa.madrid.org\/s\/e3SBayXj4W8fqPz\">H8 &#8211; Sistemas de Ecuaciones<\/a><\/td><\/tr><tr><td><a href=\"https:\/\/cloud.educa.madrid.org\/s\/G2Ccqi6wZgY4YYG\">H9 &#8211; Geometr\u00eda del plano. Teorema de Pit\u00e1goras. Semejanza<\/a><\/td><\/tr><tr><td><a href=\"https:\/\/cloud.educa.madrid.org\/s\/kD4JMocW8TpAea7\">H10 &#8211; Geometr\u00eda del espacio. Cuerpos Geom\u00e9tricos. \u00c1reas y vol\u00famenes<\/a><\/td><\/tr><\/tbody><\/table><\/figure>\n\n\n\n<p><\/p>\n","protected":false},"excerpt":{"rendered":"<p>1\u00aa Prueba: 3 de Febrero de 2026 a 7\u00aa hora 2\u00aa Prueba: 24 de Marzo de 2026 a 7\u00aa hora Contenido de los ex\u00e1menes parciales para el curso 2025\/2026 Fichas de Ejercicios H1 &#8211; N\u00fameros enteros. Divisibilidad H2 &#8211; Sistema de numeraci\u00f3n Decimal y Sistema Sexagesimal H3 &#8211; Fracciones H4 &#8211; Proporcionalidad, porcentajes y problemas &hellip; <\/p>\n<p class=\"link-more\"><a href=\"https:\/\/site.educa.madrid.org\/ies.elpinar.alcorcon\/index.php\/quienes-somos\/departamentos\/matematicas\/matematicas-pendientes\/matematicas-2eso\/\" class=\"more-link\">Continuar leyendo<span class=\"screen-reader-text\"> \u00abMatem\u00e1ticas 2\u00ba ESO\u00bb<\/span><\/a><\/p>\n","protected":false},"author":2,"featured_media":0,"parent":1260,"menu_order":1,"comment_status":"closed","ping_status":"closed","template":"","meta":{"footnotes":""},"folder":[],"class_list":["post-1271","page","type-page","status-publish","hentry"],"rttpg_featured_image_url":null,"rttpg_author":{"display_name":"tic.ies.elpinar.alcorcon","author_link":"https:\/\/site.educa.madrid.org\/ies.elpinar.alcorcon\/index.php\/author\/cuenta_tic-ies-elpinar-alcorcon\/"},"rttpg_comment":0,"rttpg_category":false,"rttpg_excerpt":"1\u00aa Prueba: 3 de Febrero de 2026 a 7\u00aa hora 2\u00aa Prueba: 24 de Marzo de 2026 a 7\u00aa hora Contenido de los ex\u00e1menes parciales para el curso 2025\/2026 Fichas de Ejercicios H1 &#8211; N\u00fameros enteros. Divisibilidad H2 &#8211; Sistema de numeraci\u00f3n Decimal y Sistema Sexagesimal H3 &#8211; Fracciones H4 &#8211; Proporcionalidad, porcentajes y problemas&hellip;","post_mailing_queue_ids":[],"_links":{"self":[{"href":"https:\/\/site.educa.madrid.org\/ies.elpinar.alcorcon\/index.php\/wp-json\/wp\/v2\/pages\/1271","targetHints":{"allow":["GET"]}}],"collection":[{"href":"https:\/\/site.educa.madrid.org\/ies.elpinar.alcorcon\/index.php\/wp-json\/wp\/v2\/pages"}],"about":[{"href":"https:\/\/site.educa.madrid.org\/ies.elpinar.alcorcon\/index.php\/wp-json\/wp\/v2\/types\/page"}],"author":[{"embeddable":true,"href":"https:\/\/site.educa.madrid.org\/ies.elpinar.alcorcon\/index.php\/wp-json\/wp\/v2\/users\/2"}],"replies":[{"embeddable":true,"href":"https:\/\/site.educa.madrid.org\/ies.elpinar.alcorcon\/index.php\/wp-json\/wp\/v2\/comments?post=1271"}],"version-history":[{"count":6,"href":"https:\/\/site.educa.madrid.org\/ies.elpinar.alcorcon\/index.php\/wp-json\/wp\/v2\/pages\/1271\/revisions"}],"predecessor-version":[{"id":1984,"href":"https:\/\/site.educa.madrid.org\/ies.elpinar.alcorcon\/index.php\/wp-json\/wp\/v2\/pages\/1271\/revisions\/1984"}],"up":[{"embeddable":true,"href":"https:\/\/site.educa.madrid.org\/ies.elpinar.alcorcon\/index.php\/wp-json\/wp\/v2\/pages\/1260"}],"wp:attachment":[{"href":"https:\/\/site.educa.madrid.org\/ies.elpinar.alcorcon\/index.php\/wp-json\/wp\/v2\/media?parent=1271"}],"wp:term":[{"taxonomy":"folder","embeddable":true,"href":"https:\/\/site.educa.madrid.org\/ies.elpinar.alcorcon\/index.php\/wp-json\/wp\/v2\/folder?post=1271"}],"curies":[{"name":"wp","href":"https:\/\/api.w.org\/{rel}","templated":true}]}}