{"id":1274,"date":"2025-05-22T14:12:11","date_gmt":"2025-05-22T12:12:11","guid":{"rendered":"https:\/\/site.educa.madrid.org\/ies.elpinar.alcorcon\/?page_id=1274"},"modified":"2025-12-19T11:13:05","modified_gmt":"2025-12-19T10:13:05","slug":"matematicas-3eso","status":"publish","type":"page","link":"https:\/\/site.educa.madrid.org\/ies.elpinar.alcorcon\/index.php\/quienes-somos\/departamentos\/matematicas\/matematicas-pendientes\/matematicas-3eso\/","title":{"rendered":"Matem\u00e1ticas 3\u00ba ESO"},"content":{"rendered":"\n<p><\/p>\n\n\n\n<p class=\"has-text-align-center has-black-color has-text-color has-link-color wp-elements-be4e824426939529d8c23c59f6ba41f0\"><strong>1\u00aa Prueba:<\/strong> 3 de Febrero de 2026 a 7\u00aa hora<\/p>\n\n\n\n<p class=\"has-text-align-center has-black-color has-text-color has-link-color wp-elements-16a0f605c97aa0323ed9bf9e8e008024\"><strong>2\u00aa Prueba:<\/strong> 24 de Marzo de 2026 a 7\u00aa hora<\/p>\n\n\n\n<p class=\"has-vivid-cyan-blue-color has-text-color has-link-color wp-elements-30c8569125250aac5c2fcba7e0439ae8\"><a href=\"https:\/\/cloud.educa.madrid.org\/s\/ZMfSzd4t6NbgJDi\">Contenido de los ex\u00e1menes parciales para el curso 2025\/2026 <\/a><\/p>\n\n\n\n<div class=\"wp-block-columns is-layout-flex wp-container-core-columns-is-layout-9d6595d7 wp-block-columns-is-layout-flex\">\n<div class=\"wp-block-column is-layout-flow wp-block-column-is-layout-flow\" style=\"flex-basis:100%\">\n<div class=\"wp-block-columns is-layout-flex wp-container-core-columns-is-layout-9d6595d7 wp-block-columns-is-layout-flex\">\n<div class=\"wp-block-column is-layout-flow wp-block-column-is-layout-flow\" style=\"flex-basis:100%\">\n<figure class=\"wp-block-table is-style-stripes\"><table class=\"has-vivid-cyan-blue-color has-text-color has-link-color has-fixed-layout\"><thead><tr><th>Fichas de Ejercicios<\/th><\/tr><\/thead><tbody><tr><td><a href=\"https:\/\/cloud.educa.madrid.org\/s\/wfEK5scTikjZAeZ\">H1 &#8211; Los n\u00fameros y sus utilidades<\/a><\/td><\/tr><tr><td><a href=\"https:\/\/cloud.educa.madrid.org\/s\/4qm9rCaySENqn9R\">H2 &#8211; Proporcionalidad y porcentajes<\/a><\/td><\/tr><tr><td><a href=\"https:\/\/cloud.educa.madrid.org\/s\/GdM3nCHcM6C32NH\">H3 &#8211; El lenguaje algebraico. Polinomios y fracciones algebraicas<\/a><\/td><\/tr><tr><td><a href=\"https:\/\/cloud.educa.madrid.org\/s\/2ZFP8RLfztsysQQ\">H4 &#8211; Ecuaciones<\/a><\/td><\/tr><tr><td><a href=\"https:\/\/cloud.educa.madrid.org\/s\/XAfwzsZtt6aokZd\">H5 &#8211; Sistemas de Ecuaciones<\/a><\/td><\/tr><tr><td><a href=\"https:\/\/cloud.educa.madrid.org\/s\/qFMMSZMxCeyowkn\">H6 &#8211; Funciones y gr\u00e1ficas. Funciones lineales<\/a><\/td><\/tr><tr><td><a href=\"https:\/\/cloud.educa.madrid.org\/s\/swi5LyyPWiJW543\">H7 &#8211; Estad\u00edstica<\/a><\/td><\/tr><tr><td><a href=\"https:\/\/cloud.educa.madrid.org\/s\/R462Dgad4wJDza3\">H8 &#8211; Azar y probabilidad<\/a><\/td><\/tr><tr><td><a href=\"https:\/\/cloud.educa.madrid.org\/s\/kgiaMtcdPotjSwq\">H9 &#8211; Geometr\u00eda del plano. Problemas m\u00e9tricos<\/a><\/td><\/tr><tr><td><a href=\"https:\/\/cloud.educa.madrid.org\/s\/xBnjf99mQrw6tDy\">H10 &#8211; Geometr\u00eda del espacio. Cuerpos Geom\u00e9tricos. \u00c1reas y vol\u00famenes<\/a><\/td><\/tr><tr><td><a href=\"https:\/\/cloud.educa.madrid.org\/s\/RMp2W53ksqTtwn6\">H11 &#8211; Sucesiones de n\u00fameros reales<\/a><\/td><\/tr><\/tbody><\/table><\/figure>\n<\/div>\n<\/div>\n<\/div>\n<\/div>\n\n\n\n<p><\/p>\n","protected":false},"excerpt":{"rendered":"<p>1\u00aa Prueba: 3 de Febrero de 2026 a 7\u00aa hora 2\u00aa Prueba: 24 de Marzo de 2026 a 7\u00aa hora Contenido de los ex\u00e1menes parciales para el curso 2025\/2026 Fichas de Ejercicios H1 &#8211; Los n\u00fameros y sus utilidades H2 &#8211; Proporcionalidad y porcentajes H3 &#8211; El lenguaje algebraico. Polinomios y fracciones algebraicas H4 &#8211; &hellip; <\/p>\n<p class=\"link-more\"><a href=\"https:\/\/site.educa.madrid.org\/ies.elpinar.alcorcon\/index.php\/quienes-somos\/departamentos\/matematicas\/matematicas-pendientes\/matematicas-3eso\/\" class=\"more-link\">Continuar leyendo<span class=\"screen-reader-text\"> \u00abMatem\u00e1ticas 3\u00ba ESO\u00bb<\/span><\/a><\/p>\n","protected":false},"author":2,"featured_media":0,"parent":1260,"menu_order":1,"comment_status":"closed","ping_status":"closed","template":"","meta":{"footnotes":""},"folder":[],"class_list":["post-1274","page","type-page","status-publish","hentry"],"rttpg_featured_image_url":null,"rttpg_author":{"display_name":"tic.ies.elpinar.alcorcon","author_link":"https:\/\/site.educa.madrid.org\/ies.elpinar.alcorcon\/index.php\/author\/cuenta_tic-ies-elpinar-alcorcon\/"},"rttpg_comment":0,"rttpg_category":false,"rttpg_excerpt":"1\u00aa Prueba: 3 de Febrero de 2026 a 7\u00aa hora 2\u00aa Prueba: 24 de Marzo de 2026 a 7\u00aa hora Contenido de los ex\u00e1menes parciales para el curso 2025\/2026 Fichas de Ejercicios H1 &#8211; Los n\u00fameros y sus utilidades H2 &#8211; Proporcionalidad y porcentajes H3 &#8211; El lenguaje algebraico. Polinomios y fracciones algebraicas H4 &#8211;&hellip;","post_mailing_queue_ids":[],"_links":{"self":[{"href":"https:\/\/site.educa.madrid.org\/ies.elpinar.alcorcon\/index.php\/wp-json\/wp\/v2\/pages\/1274","targetHints":{"allow":["GET"]}}],"collection":[{"href":"https:\/\/site.educa.madrid.org\/ies.elpinar.alcorcon\/index.php\/wp-json\/wp\/v2\/pages"}],"about":[{"href":"https:\/\/site.educa.madrid.org\/ies.elpinar.alcorcon\/index.php\/wp-json\/wp\/v2\/types\/page"}],"author":[{"embeddable":true,"href":"https:\/\/site.educa.madrid.org\/ies.elpinar.alcorcon\/index.php\/wp-json\/wp\/v2\/users\/2"}],"replies":[{"embeddable":true,"href":"https:\/\/site.educa.madrid.org\/ies.elpinar.alcorcon\/index.php\/wp-json\/wp\/v2\/comments?post=1274"}],"version-history":[{"count":6,"href":"https:\/\/site.educa.madrid.org\/ies.elpinar.alcorcon\/index.php\/wp-json\/wp\/v2\/pages\/1274\/revisions"}],"predecessor-version":[{"id":1983,"href":"https:\/\/site.educa.madrid.org\/ies.elpinar.alcorcon\/index.php\/wp-json\/wp\/v2\/pages\/1274\/revisions\/1983"}],"up":[{"embeddable":true,"href":"https:\/\/site.educa.madrid.org\/ies.elpinar.alcorcon\/index.php\/wp-json\/wp\/v2\/pages\/1260"}],"wp:attachment":[{"href":"https:\/\/site.educa.madrid.org\/ies.elpinar.alcorcon\/index.php\/wp-json\/wp\/v2\/media?parent=1274"}],"wp:term":[{"taxonomy":"folder","embeddable":true,"href":"https:\/\/site.educa.madrid.org\/ies.elpinar.alcorcon\/index.php\/wp-json\/wp\/v2\/folder?post=1274"}],"curies":[{"name":"wp","href":"https:\/\/api.w.org\/{rel}","templated":true}]}}