{"id":1300,"date":"2025-05-26T13:49:07","date_gmt":"2025-05-26T11:49:07","guid":{"rendered":"https:\/\/site.educa.madrid.org\/ies.elpinar.alcorcon\/?page_id=1300"},"modified":"2025-12-19T11:12:14","modified_gmt":"2025-12-19T10:12:14","slug":"matematicas-i","status":"publish","type":"page","link":"https:\/\/site.educa.madrid.org\/ies.elpinar.alcorcon\/index.php\/quienes-somos\/departamentos\/matematicas\/matematicas-pendientes\/matematicas-i\/","title":{"rendered":"Matem\u00e1ticas  I"},"content":{"rendered":"\n<p><\/p>\n\n\n\n<p class=\"has-text-align-center has-black-color has-text-color has-link-color wp-elements-be4e824426939529d8c23c59f6ba41f0\"><strong>1\u00aa Prueba:<\/strong> 3 de Febrero de 2026 a 7\u00aa hora<\/p>\n\n\n\n<p class=\"has-text-align-center has-black-color has-text-color has-link-color wp-elements-16a0f605c97aa0323ed9bf9e8e008024\"><strong>2\u00aa Prueba:<\/strong> 24 de Marzo de 2026 a 7\u00aa hora<\/p>\n\n\n\n<p class=\"has-vivid-cyan-blue-color has-text-color has-link-color wp-elements-527869c1289dd72a02d35a48ea7d9363\"><a href=\"https:\/\/cloud.educa.madrid.org\/s\/HgHtyC93rTBrx7j\">Contenido de los ex\u00e1menes parciales para el curso 2025\/2026 <\/a><\/p>\n\n\n\n<figure class=\"wp-block-table is-style-stripes\"><table class=\"has-vivid-cyan-blue-color has-text-color has-link-color has-fixed-layout\"><thead><tr><th>Fichas de Ejercicios<\/th><\/tr><\/thead><tbody><tr><td><a href=\"https:\/\/cloud.educa.madrid.org\/s\/kSJQEtJ6yX3ktZw\">H1 &#8211; N\u00fameros reales. Potencias. Logaritmos<\/a><\/td><\/tr><tr><td><a href=\"https:\/\/cloud.educa.madrid.org\/s\/aCY5ibRZMwNNa47\">H2 &#8211; \u00c1lgebra. Ecuaciones, Inecuaciones y Sistemas<\/a><\/td><\/tr><tr><td><a href=\"https:\/\/cloud.educa.madrid.org\/s\/FtXS7XNDaLoTPrt\">H3 &#8211; Trigonometr\u00eda<\/a><\/td><\/tr><tr><td><a href=\"https:\/\/cloud.educa.madrid.org\/s\/bi56FtKMXWW7FAC\">H4 &#8211; Geometr\u00eda plana. Puntos y vectores en el plano<\/a><\/td><\/tr><tr><td><a href=\"https:\/\/cloud.educa.madrid.org\/s\/4eZ2ySzPsM9mmKH\">H5 &#8211; Rectas, \u00e1ngulos y distancias en el plano<\/a><\/td><\/tr><tr><td><a href=\"https:\/\/cloud.educa.madrid.org\/s\/fs64dPPMWJztrs6\">H6 &#8211; Funci\u00f3n real de variable real. Funciones elementales<\/a><\/td><\/tr><tr><td><a href=\"https:\/\/cloud.educa.madrid.org\/s\/mTbnWazL4YR2bmK\">H7 &#8211; L\u00edmites y continuidad de funciones<\/a><\/td><\/tr><tr><td><a href=\"https:\/\/cloud.educa.madrid.org\/s\/9gnYxLZi4aGryqp\">H8 &#8211; Derivada de una funci\u00f3n. C\u00e1lculo de derivadas<\/a><\/td><\/tr><tr><td><a href=\"https:\/\/cloud.educa.madrid.org\/s\/zZSJD8Cz5w7PaF5\">H9 &#8211; Aplicaciones de las derivadas<\/a><\/td><\/tr><\/tbody><\/table><\/figure>\n\n\n\n<p class=\"has-medium-font-size\">Prueba Extraordinaria de Pendientes: <strong><mark style=\"background-color:rgba(0, 0, 0, 0)\" class=\"has-inline-color has-vivid-red-color\">Jueves 9 de Octubre a 7\u00aa hora<\/mark><\/strong><\/p>\n\n\n\n<p><\/p>\n","protected":false},"excerpt":{"rendered":"<p>1\u00aa Prueba: 3 de Febrero de 2026 a 7\u00aa hora 2\u00aa Prueba: 24 de Marzo de 2026 a 7\u00aa hora Contenido de los ex\u00e1menes parciales para el curso 2025\/2026 Fichas de Ejercicios H1 &#8211; N\u00fameros reales. Potencias. Logaritmos H2 &#8211; \u00c1lgebra. Ecuaciones, Inecuaciones y Sistemas H3 &#8211; Trigonometr\u00eda H4 &#8211; Geometr\u00eda plana. Puntos y vectores &hellip; <\/p>\n<p class=\"link-more\"><a href=\"https:\/\/site.educa.madrid.org\/ies.elpinar.alcorcon\/index.php\/quienes-somos\/departamentos\/matematicas\/matematicas-pendientes\/matematicas-i\/\" class=\"more-link\">Continuar leyendo<span class=\"screen-reader-text\"> \u00abMatem\u00e1ticas  I\u00bb<\/span><\/a><\/p>\n","protected":false},"author":2,"featured_media":0,"parent":1260,"menu_order":4,"comment_status":"closed","ping_status":"closed","template":"","meta":{"footnotes":""},"folder":[],"class_list":["post-1300","page","type-page","status-publish","hentry"],"rttpg_featured_image_url":null,"rttpg_author":{"display_name":"tic.ies.elpinar.alcorcon","author_link":"https:\/\/site.educa.madrid.org\/ies.elpinar.alcorcon\/index.php\/author\/cuenta_tic-ies-elpinar-alcorcon\/"},"rttpg_comment":0,"rttpg_category":false,"rttpg_excerpt":"1\u00aa Prueba: 3 de Febrero de 2026 a 7\u00aa hora 2\u00aa Prueba: 24 de Marzo de 2026 a 7\u00aa hora Contenido de los ex\u00e1menes parciales para el curso 2025\/2026 Fichas de Ejercicios H1 &#8211; N\u00fameros reales. Potencias. Logaritmos H2 &#8211; \u00c1lgebra. Ecuaciones, Inecuaciones y Sistemas H3 &#8211; Trigonometr\u00eda H4 &#8211; Geometr\u00eda plana. Puntos y vectores&hellip;","post_mailing_queue_ids":[],"_links":{"self":[{"href":"https:\/\/site.educa.madrid.org\/ies.elpinar.alcorcon\/index.php\/wp-json\/wp\/v2\/pages\/1300","targetHints":{"allow":["GET"]}}],"collection":[{"href":"https:\/\/site.educa.madrid.org\/ies.elpinar.alcorcon\/index.php\/wp-json\/wp\/v2\/pages"}],"about":[{"href":"https:\/\/site.educa.madrid.org\/ies.elpinar.alcorcon\/index.php\/wp-json\/wp\/v2\/types\/page"}],"author":[{"embeddable":true,"href":"https:\/\/site.educa.madrid.org\/ies.elpinar.alcorcon\/index.php\/wp-json\/wp\/v2\/users\/2"}],"replies":[{"embeddable":true,"href":"https:\/\/site.educa.madrid.org\/ies.elpinar.alcorcon\/index.php\/wp-json\/wp\/v2\/comments?post=1300"}],"version-history":[{"count":9,"href":"https:\/\/site.educa.madrid.org\/ies.elpinar.alcorcon\/index.php\/wp-json\/wp\/v2\/pages\/1300\/revisions"}],"predecessor-version":[{"id":1982,"href":"https:\/\/site.educa.madrid.org\/ies.elpinar.alcorcon\/index.php\/wp-json\/wp\/v2\/pages\/1300\/revisions\/1982"}],"up":[{"embeddable":true,"href":"https:\/\/site.educa.madrid.org\/ies.elpinar.alcorcon\/index.php\/wp-json\/wp\/v2\/pages\/1260"}],"wp:attachment":[{"href":"https:\/\/site.educa.madrid.org\/ies.elpinar.alcorcon\/index.php\/wp-json\/wp\/v2\/media?parent=1300"}],"wp:term":[{"taxonomy":"folder","embeddable":true,"href":"https:\/\/site.educa.madrid.org\/ies.elpinar.alcorcon\/index.php\/wp-json\/wp\/v2\/folder?post=1300"}],"curies":[{"name":"wp","href":"https:\/\/api.w.org\/{rel}","templated":true}]}}