{"id":1501,"date":"2025-06-28T10:28:14","date_gmt":"2025-06-28T08:28:14","guid":{"rendered":"https:\/\/site.educa.madrid.org\/ies.elpinar.alcorcon\/?page_id=1501"},"modified":"2025-09-01T18:17:01","modified_gmt":"2025-09-01T16:17:01","slug":"instrucciones-de-matricula-espad","status":"publish","type":"page","link":"https:\/\/site.educa.madrid.org\/ies.elpinar.alcorcon\/index.php\/educacion-a-distancia\/espad\/instrucciones-de-matricula-espad\/","title":{"rendered":"Instrucciones de Matr\u00edcula ESPAD"},"content":{"rendered":"<p style=\"text-align: center;\"><span style=\"color: #ff0000;\"><strong>INSTRUCCIONES DE MATR\u00cdCULA<\/strong><\/span><\/p>\n<p>Reuni\u00f3n informativa de principio de curso: <em><span style=\"color: #ff0000;\">9 de septiembre a las 18:00 horas.<\/span><\/em><\/p>\n<p><span style=\"color: #3366ff;\">\u00bfCU\u00c1L ES EL PLAZO DE MATR\u00cdCULA?<\/span><\/p>\n<p>La matr\u00edcula se podr\u00e1 realizar del 1 de septiembre al 31 de octubre de 2025. (Los impresos se recoger\u00e1n y se entregar\u00e1n en el centro).<\/p>\n<p><span style=\"color: #3366ff;\"><b>REQUISITOS<\/b> PARA PODER MATRICULARSE<\/span><\/p>\n<p>La ense\u00f1anza secundaria para personas adultas se estructura en dos niveles, Nivel I y Nivel II, <b><u>ofreci\u00e9ndose solamente el Nivel II en el IES El Pinar<\/u><\/b>.<\/p>\n<p>Los alumnos que quieran matricularse en el Nivel II directamente deben tener en cuenta que pueden hacerlo en los siguientes supuestos:<\/p>\n<ul>\n<li>Estar en posesi\u00f3n del Graduado Escolar.<\/li>\n<li>Haber superado el Nivel I de ESPAD.<\/li>\n<li>Haber aprobado todo 1.\u00ba y 2.\u00ba de la ESO.<\/li>\n<li>Haber superado todas las materias que componen uno o dos \u00e1mbitos de conocimiento del Nivel II, matricul\u00e1ndose entonces en el \u00e1mbito o \u00e1mbitos que les falten por superar.<\/li>\n<li>Los casos particulares ser\u00e1n tratados individualmente en la secretar\u00eda del centro.<\/li>\n<\/ul>\n\n\n<p><\/p>\n","protected":false},"excerpt":{"rendered":"<p>INSTRUCCIONES DE MATR\u00cdCULA Reuni\u00f3n informativa de principio de curso: 9 de septiembre a las 18:00 horas. \u00bfCU\u00c1L ES EL PLAZO DE MATR\u00cdCULA? La matr\u00edcula se podr\u00e1 realizar del 1 de septiembre al 31 de octubre de 2025. (Los impresos se recoger\u00e1n y se entregar\u00e1n en el centro). REQUISITOS PARA PODER MATRICULARSE La ense\u00f1anza secundaria para &hellip; <\/p>\n<p class=\"link-more\"><a href=\"https:\/\/site.educa.madrid.org\/ies.elpinar.alcorcon\/index.php\/educacion-a-distancia\/espad\/instrucciones-de-matricula-espad\/\" class=\"more-link\">Continuar leyendo<span class=\"screen-reader-text\"> \u00abInstrucciones de Matr\u00edcula ESPAD\u00bb<\/span><\/a><\/p>\n","protected":false},"author":2,"featured_media":0,"parent":479,"menu_order":0,"comment_status":"closed","ping_status":"closed","template":"","meta":{"footnotes":""},"folder":[],"class_list":["post-1501","page","type-page","status-publish","hentry"],"rttpg_featured_image_url":null,"rttpg_author":{"display_name":"tic.ies.elpinar.alcorcon","author_link":"https:\/\/site.educa.madrid.org\/ies.elpinar.alcorcon\/index.php\/author\/cuenta_tic-ies-elpinar-alcorcon\/"},"rttpg_comment":0,"rttpg_category":false,"rttpg_excerpt":"INSTRUCCIONES DE MATR\u00cdCULA Reuni\u00f3n informativa de principio de curso: 9 de septiembre a las 18:00 horas. \u00bfCU\u00c1L ES EL PLAZO DE MATR\u00cdCULA? La matr\u00edcula se podr\u00e1 realizar del 1 de septiembre al 31 de octubre de 2025. (Los impresos se recoger\u00e1n y se entregar\u00e1n en el centro). REQUISITOS PARA PODER MATRICULARSE La ense\u00f1anza secundaria para&hellip;","post_mailing_queue_ids":[],"_links":{"self":[{"href":"https:\/\/site.educa.madrid.org\/ies.elpinar.alcorcon\/index.php\/wp-json\/wp\/v2\/pages\/1501","targetHints":{"allow":["GET"]}}],"collection":[{"href":"https:\/\/site.educa.madrid.org\/ies.elpinar.alcorcon\/index.php\/wp-json\/wp\/v2\/pages"}],"about":[{"href":"https:\/\/site.educa.madrid.org\/ies.elpinar.alcorcon\/index.php\/wp-json\/wp\/v2\/types\/page"}],"author":[{"embeddable":true,"href":"https:\/\/site.educa.madrid.org\/ies.elpinar.alcorcon\/index.php\/wp-json\/wp\/v2\/users\/2"}],"replies":[{"embeddable":true,"href":"https:\/\/site.educa.madrid.org\/ies.elpinar.alcorcon\/index.php\/wp-json\/wp\/v2\/comments?post=1501"}],"version-history":[{"count":6,"href":"https:\/\/site.educa.madrid.org\/ies.elpinar.alcorcon\/index.php\/wp-json\/wp\/v2\/pages\/1501\/revisions"}],"predecessor-version":[{"id":1612,"href":"https:\/\/site.educa.madrid.org\/ies.elpinar.alcorcon\/index.php\/wp-json\/wp\/v2\/pages\/1501\/revisions\/1612"}],"up":[{"embeddable":true,"href":"https:\/\/site.educa.madrid.org\/ies.elpinar.alcorcon\/index.php\/wp-json\/wp\/v2\/pages\/479"}],"wp:attachment":[{"href":"https:\/\/site.educa.madrid.org\/ies.elpinar.alcorcon\/index.php\/wp-json\/wp\/v2\/media?parent=1501"}],"wp:term":[{"taxonomy":"folder","embeddable":true,"href":"https:\/\/site.educa.madrid.org\/ies.elpinar.alcorcon\/index.php\/wp-json\/wp\/v2\/folder?post=1501"}],"curies":[{"name":"wp","href":"https:\/\/api.w.org\/{rel}","templated":true}]}}