{"id":1523,"date":"2025-06-28T14:35:49","date_gmt":"2025-06-28T12:35:49","guid":{"rendered":"https:\/\/site.educa.madrid.org\/ies.elpinar.alcorcon\/?page_id=1523"},"modified":"2026-02-09T18:21:40","modified_gmt":"2026-02-09T17:21:40","slug":"distancia-informacion","status":"publish","type":"page","link":"https:\/\/site.educa.madrid.org\/ies.elpinar.alcorcon\/index.php\/educacion-a-distancia\/distancia-informacion\/","title":{"rendered":"INFORMACI\u00d3N GENERAL"},"content":{"rendered":"\n<h3 class=\"wp-block-heading has-vivid-cyan-blue-color has-text-color has-link-color has-large-font-size wp-elements-e664abacf8be052cdbb06075c3ca2cb4\">Contacto:<\/h3>\n\n\n\n<p class=\"has-medium-font-size\">Para solicitar <strong>informaci\u00f3n acad\u00e9mica<\/strong> sobre Educaci\u00f3n a Distancia, por favor, dir\u00edjase al siguiente correo: <em><a href=\"mailto:distancia.ies.elpinar.alcorcon@educa.madrid.org\">distancia.ies.elpinar.alcorcon@educa.madrid.org<\/a><\/em><\/p>\n\n\n\n<h3 class=\"wp-block-heading has-medium-font-size\">Para obtener la clave de <strong>usuario de EducaMadrid<\/strong>, es imprescindible que hayan transcurrido al menos 24 horas desde la formalizaci\u00f3n de la matr\u00edcula. En tal caso, debe solicitarlas a trav\u00e9s del siguiente correo:<em> <a href=\"mailto:tic.ies.elpinar.alcorcon@educa.madrid.org\">tic.ies.elpinar.alcorcon@educa.madrid.org<\/a><\/em><\/h3>\n\n\n\n<div class=\"wp-block-media-text is-stacked-on-mobile\" style=\"grid-template-columns:24% auto\"><figure class=\"wp-block-media-text__media\"><a href=\"https:\/\/aulavirtual33.educa.madrid.org\/ies.elpinar.alcorcon\/course\/index.php?categoryid=119\"><img loading=\"lazy\" decoding=\"async\" width=\"834\" height=\"834\" src=\"https:\/\/site.educa.madrid.org\/ies.elpinar.alcorcon\/\/wp-content\/uploads\/ies.elpinar.alcorcon\/2025\/03\/aulavirtual.png\" alt=\"\" class=\"wp-image-872 size-full\" srcset=\"https:\/\/site.educa.madrid.org\/ies.elpinar.alcorcon\/\/wp-content\/uploads\/ies.elpinar.alcorcon\/2025\/03\/aulavirtual.png 834w, https:\/\/site.educa.madrid.org\/ies.elpinar.alcorcon\/\/wp-content\/uploads\/ies.elpinar.alcorcon\/2025\/03\/aulavirtual-300x300.png 300w, https:\/\/site.educa.madrid.org\/ies.elpinar.alcorcon\/\/wp-content\/uploads\/ies.elpinar.alcorcon\/2025\/03\/aulavirtual-150x150.png 150w, https:\/\/site.educa.madrid.org\/ies.elpinar.alcorcon\/\/wp-content\/uploads\/ies.elpinar.alcorcon\/2025\/03\/aulavirtual-768x768.png 768w, https:\/\/site.educa.madrid.org\/ies.elpinar.alcorcon\/\/wp-content\/uploads\/ies.elpinar.alcorcon\/2025\/03\/aulavirtual-500x500.png 500w, https:\/\/site.educa.madrid.org\/ies.elpinar.alcorcon\/\/wp-content\/uploads\/ies.elpinar.alcorcon\/2025\/03\/aulavirtual-100x100.png 100w\" sizes=\"auto, (max-width: 706px) 89vw, (max-width: 767px) 82vw, 740px\" \/><\/a><\/figure><div class=\"wp-block-media-text__content\">\n<p><strong>Aula Virtual de Educaci\u00f3n a Distancia<\/strong><\/p>\n\n\n\n<p>Aula Virtual del IES El Pinar<\/p>\n<\/div><\/div>\n\n\n\n<p class=\"has-text-align-center has-vivid-cyan-blue-color has-text-color has-link-color has-medium-font-size wp-elements-169b0ecebadc7eb7c0c58cb0e79c2c36\"><a href=\"https:\/\/cloud.educa.madrid.org\/s\/A5Nn8fkFxZNns7T\">Informaci\u00f3n general de los estudios a distancia<\/a><\/p>\n\n\n\n<p class=\"has-text-align-center has-vivid-cyan-blue-color has-text-color has-link-color has-medium-font-size wp-elements-3ac96014cdf678ea5c8c9d7b29fc7cec\"><a href=\"https:\/\/site.educa.madrid.org\/ies.elpinar.alcorcon\/index.php\/educacion-a-distancia\/distancia-informacion\/distancia-calendario\/\" data-type=\"page\" data-id=\"1595\">Calendario Anual Curso 2025\/2026<\/a><\/p>\n\n\n\n<p class=\"has-text-align-center has-vivid-cyan-blue-color has-text-color has-link-color has-medium-font-size wp-elements-b003fd9ce7a2e9601416fa1e0710f0ac\">Calendario Septiembre 2025<\/p>\n\n\n\n<figure class=\"wp-block-table is-style-stripes\"><table class=\"has-black-color has-text-color has-link-color\"><tbody><tr><td class=\"has-text-align-center\" data-align=\"center\"><strong>1 AL 15 DE SEPTIEMBRE (*)<\/strong><\/td><td class=\"has-text-align-center\" data-align=\"center\"><strong>PER\u00cdODO DE MATRICULACI\u00d3N<\/strong><br>Los impresos para la misma se recogen en la Secretar\u00eda del centro o<br>se pueden imprimir directamente desde la p\u00e1gina web: en la pesta\u00f1a Documentaci\u00f3n de Matr\u00edcula que encontrar\u00e1 en <a href=\"https:\/\/site.educa.madrid.org\/ies.elpinar.alcorcon\/index.php\/educacion-a-distancia\/espad\/documentacion-de-matricula-espad\/\" data-type=\"page\" data-id=\"1528\">ESPAD<\/a> o <a href=\"https:\/\/site.educa.madrid.org\/ies.elpinar.alcorcon\/index.php\/educacion-a-distancia\/distancia-bachillerato\/documentacion-de-matricula-bad\/\" data-type=\"page\" data-id=\"1533\">BAD<\/a>.<\/td><\/tr><tr><td class=\"has-text-align-center\" data-align=\"center\"><strong>9 DE SEPTIEMBRE (MARTES)<\/strong><\/td><td class=\"has-text-align-center\" data-align=\"center\"><strong>REUNI\u00d3N INFORMATIVA SOBRE LA MATRICULACI\u00d3N Y RESOLUCI\u00d3N DE DUDAS&nbsp;<\/strong><br><strong>ESPAD<\/strong>:&nbsp; a las 18:00 horas. Lugar: Aula de V\u00eddeo<br><strong>BAD<\/strong>: a las 19:00 horas.&nbsp;Lugar: Aula de V\u00eddeo<\/td><\/tr><tr><td class=\"has-text-align-center\" data-align=\"center\"><strong>11 DE SEPTIEMBRE (JUEVES)<\/strong><\/td><td class=\"has-text-align-center\" data-align=\"center\"><strong>D\u00cdA DE MATRICULACI\u00d3N POR LA TARDE:<\/strong><br>De 16:00 a 19:00 HORAS.<br><strong>PRUEBAS V\u00cdA DE VALORACI\u00d3N INICIAL PARA ALUMNOS DE ESPAD<\/strong><br>17:00 HORAS<\/td><\/tr><tr><td class=\"has-text-align-center\" data-align=\"center\"><strong>18 DE SEPTIEMBRE (JUEVES)<\/strong><\/td><td class=\"has-text-align-center\" data-align=\"center\"><strong>INICIO DE LAS TUTOR\u00cdAS COLECTIVAS E INDIVIDUALES<\/strong><br>(seg\u00fan calendario del grupo)<\/td><\/tr><\/tbody><\/table><\/figure>\n\n\n\n<p>(*)&nbsp; El per\u00edodo de matriculaci\u00f3n se extender\u00e1 hasta el 31 de octubre de 2025.<\/p>\n\n\n\n<div class=\"wp-block-group is-vertical is-layout-flex wp-container-core-group-is-layout-8cf370e7 wp-block-group-is-layout-flex\">\n<div class=\"wp-block-group is-vertical is-content-justification-center is-layout-flex wp-container-core-group-is-layout-4b2eccd6 wp-block-group-is-layout-flex\"><\/div>\n<\/div>\n\n\n\n<p><\/p>\n","protected":false},"excerpt":{"rendered":"<p>Contacto: Para solicitar informaci\u00f3n acad\u00e9mica sobre Educaci\u00f3n a Distancia, por favor, dir\u00edjase al siguiente correo: distancia.ies.elpinar.alcorcon@educa.madrid.org Para obtener la clave de usuario de EducaMadrid, es imprescindible que hayan transcurrido al menos 24 horas desde la formalizaci\u00f3n de la matr\u00edcula. En tal caso, debe solicitarlas a trav\u00e9s del siguiente correo: tic.ies.elpinar.alcorcon@educa.madrid.org Aula Virtual de Educaci\u00f3n a &hellip; <\/p>\n<p class=\"link-more\"><a href=\"https:\/\/site.educa.madrid.org\/ies.elpinar.alcorcon\/index.php\/educacion-a-distancia\/distancia-informacion\/\" class=\"more-link\">Continuar leyendo<span class=\"screen-reader-text\"> \u00abINFORMACI\u00d3N GENERAL\u00bb<\/span><\/a><\/p>\n","protected":false},"author":2,"featured_media":0,"parent":154,"menu_order":3,"comment_status":"closed","ping_status":"closed","template":"","meta":{"footnotes":""},"folder":[],"class_list":["post-1523","page","type-page","status-publish","hentry"],"rttpg_featured_image_url":null,"rttpg_author":{"display_name":"tic.ies.elpinar.alcorcon","author_link":"https:\/\/site.educa.madrid.org\/ies.elpinar.alcorcon\/index.php\/author\/cuenta_tic-ies-elpinar-alcorcon\/"},"rttpg_comment":0,"rttpg_category":false,"rttpg_excerpt":"Contacto: Para solicitar informaci\u00f3n acad\u00e9mica sobre Educaci\u00f3n a Distancia, por favor, dir\u00edjase al siguiente correo: distancia.ies.elpinar.alcorcon@educa.madrid.org Para obtener la clave de usuario de EducaMadrid, es imprescindible que hayan transcurrido al menos 24 horas desde la formalizaci\u00f3n de la matr\u00edcula. En tal caso, debe solicitarlas a trav\u00e9s del siguiente correo: tic.ies.elpinar.alcorcon@educa.madrid.org Aula Virtual de Educaci\u00f3n a&hellip;","post_mailing_queue_ids":[],"_links":{"self":[{"href":"https:\/\/site.educa.madrid.org\/ies.elpinar.alcorcon\/index.php\/wp-json\/wp\/v2\/pages\/1523","targetHints":{"allow":["GET"]}}],"collection":[{"href":"https:\/\/site.educa.madrid.org\/ies.elpinar.alcorcon\/index.php\/wp-json\/wp\/v2\/pages"}],"about":[{"href":"https:\/\/site.educa.madrid.org\/ies.elpinar.alcorcon\/index.php\/wp-json\/wp\/v2\/types\/page"}],"author":[{"embeddable":true,"href":"https:\/\/site.educa.madrid.org\/ies.elpinar.alcorcon\/index.php\/wp-json\/wp\/v2\/users\/2"}],"replies":[{"embeddable":true,"href":"https:\/\/site.educa.madrid.org\/ies.elpinar.alcorcon\/index.php\/wp-json\/wp\/v2\/comments?post=1523"}],"version-history":[{"count":22,"href":"https:\/\/site.educa.madrid.org\/ies.elpinar.alcorcon\/index.php\/wp-json\/wp\/v2\/pages\/1523\/revisions"}],"predecessor-version":[{"id":2194,"href":"https:\/\/site.educa.madrid.org\/ies.elpinar.alcorcon\/index.php\/wp-json\/wp\/v2\/pages\/1523\/revisions\/2194"}],"up":[{"embeddable":true,"href":"https:\/\/site.educa.madrid.org\/ies.elpinar.alcorcon\/index.php\/wp-json\/wp\/v2\/pages\/154"}],"wp:attachment":[{"href":"https:\/\/site.educa.madrid.org\/ies.elpinar.alcorcon\/index.php\/wp-json\/wp\/v2\/media?parent=1523"}],"wp:term":[{"taxonomy":"folder","embeddable":true,"href":"https:\/\/site.educa.madrid.org\/ies.elpinar.alcorcon\/index.php\/wp-json\/wp\/v2\/folder?post=1523"}],"curies":[{"name":"wp","href":"https:\/\/api.w.org\/{rel}","templated":true}]}}