{"id":1528,"date":"2025-06-28T14:49:36","date_gmt":"2025-06-28T12:49:36","guid":{"rendered":"https:\/\/site.educa.madrid.org\/ies.elpinar.alcorcon\/?page_id=1528"},"modified":"2025-09-01T18:38:44","modified_gmt":"2025-09-01T16:38:44","slug":"documentacion-de-matricula-espad","status":"publish","type":"page","link":"https:\/\/site.educa.madrid.org\/ies.elpinar.alcorcon\/index.php\/educacion-a-distancia\/espad\/documentacion-de-matricula-espad\/","title":{"rendered":"Documentaci\u00f3n de Matr\u00edcula ESPAD"},"content":{"rendered":"<p style=\"text-align: center;\"><span style=\"color: #3366ff;\">DOCUMENTACI\u00d3N PARA ENTREGAR CIN LA MATR\u00cdCULA<\/span><\/p>\n<p>1. Sobre de matr\u00edcula debidamente cumplimentado. Se puede recoger en la secretar\u00eda del centro o puede descargarlo <a href=\"https:\/\/cloud.educa.madrid.org\/s\/t4XYF3y5MzzwjAQ\">aqu\u00ed<\/a> para imprimir.<\/p>\n<p>2. Si el alumno es nuevo:<\/p>\n<ul style=\"list-style-type: square;\">\n<li>Alumnos procedentes de BUP: deben presentar certificado de notas.<\/li>\n<li>Alumnos procedentes de ESO: deben solicitar certificado de notas.<\/li>\n<li>Alumnos que tengan el Graduado Escolar: deben aportar fotocopia del T\u00edtulo.<\/li>\n<li>Alumnos en otras circunstancias: deben consultar en Jefatura de Estudios y\/o en Direcci\u00f3n las condiciones de su matr\u00edcula.<\/li>\n<\/ul>\n<p style=\"text-align: center;\"><b>Solamente se consideran materias aprobadas aquellas que fueron superadas en el \u00faltimo a\u00f1o en que el alumno realiz\u00f3 estudios.<\/b><\/p>\n<p>3.\u00a0Los alumnos que no acrediten los estudios necesarios para poder formalizar su matr\u00edcula en el Nivel II deber\u00e1n realizar una <b><u>prueba<\/u><\/b> de valoraci\u00f3n inicial que tendr\u00e1 lugar <b>el jueves 11 de septiembre de 2025 a las 17:00 horas.<\/b><\/p>\n<p>4. Los alumnos <b>menores de 28 a\u00f1os deben pagar un recibo \u00fanico e individualizado de 1,12 \u20ac<\/b> en concepto de Seguro Escolar Obligatorio en la cuenta de CaixaBank:<\/p>\n<p style=\"text-align: center;\"><b>IBAN: ES91 2100 7935 6813 0037 8557<\/b><\/p>\n<p>5. Una fotograf\u00eda reciente tama\u00f1o carn\u00e9 (con el nombre completo escrito por detr\u00e1s).<\/p>\n<p>6. Una fotocopia del DNI, Tarjeta de Residencia (NIE) o Pasaporte, en su caso.<\/p>\n<p>7. Los alumnos mayores de 16 a\u00f1os y menores de 18 a\u00f1os deber\u00e1n cumplimentar una instancia solicitando la matr\u00edcula y traer la documentaci\u00f3n necesaria para justificar los motivos por los cuales no pueden matricularse en la ense\u00f1anza presencial.<\/p>\n<p style=\"text-align: center;\"><b>NO SE RECOGER\u00c1 LA MATR\u00cdCULA CARENTE DE ALGUNA DOCUMENTACI\u00d3N O REQUISITO<\/b><\/p>\n","protected":false},"excerpt":{"rendered":"<p>DOCUMENTACI\u00d3N PARA ENTREGAR CIN LA MATR\u00cdCULA 1. Sobre de matr\u00edcula debidamente cumplimentado. Se puede recoger en la secretar\u00eda del centro o puede descargarlo aqu\u00ed para imprimir. 2. Si el alumno es nuevo: Alumnos procedentes de BUP: deben presentar certificado de notas. Alumnos procedentes de ESO: deben solicitar certificado de notas. Alumnos que tengan el Graduado &hellip; <\/p>\n<p class=\"link-more\"><a href=\"https:\/\/site.educa.madrid.org\/ies.elpinar.alcorcon\/index.php\/educacion-a-distancia\/espad\/documentacion-de-matricula-espad\/\" class=\"more-link\">Continuar leyendo<span class=\"screen-reader-text\"> \u00abDocumentaci\u00f3n de Matr\u00edcula ESPAD\u00bb<\/span><\/a><\/p>\n","protected":false},"author":2,"featured_media":0,"parent":479,"menu_order":1,"comment_status":"closed","ping_status":"closed","template":"","meta":{"footnotes":""},"folder":[],"class_list":["post-1528","page","type-page","status-publish","hentry"],"rttpg_featured_image_url":null,"rttpg_author":{"display_name":"tic.ies.elpinar.alcorcon","author_link":"https:\/\/site.educa.madrid.org\/ies.elpinar.alcorcon\/index.php\/author\/cuenta_tic-ies-elpinar-alcorcon\/"},"rttpg_comment":0,"rttpg_category":false,"rttpg_excerpt":"DOCUMENTACI\u00d3N PARA ENTREGAR CIN LA MATR\u00cdCULA 1. Sobre de matr\u00edcula debidamente cumplimentado. Se puede recoger en la secretar\u00eda del centro o puede descargarlo aqu\u00ed para imprimir. 2. Si el alumno es nuevo: Alumnos procedentes de BUP: deben presentar certificado de notas. Alumnos procedentes de ESO: deben solicitar certificado de notas. Alumnos que tengan el Graduado&hellip;","post_mailing_queue_ids":[],"_links":{"self":[{"href":"https:\/\/site.educa.madrid.org\/ies.elpinar.alcorcon\/index.php\/wp-json\/wp\/v2\/pages\/1528","targetHints":{"allow":["GET"]}}],"collection":[{"href":"https:\/\/site.educa.madrid.org\/ies.elpinar.alcorcon\/index.php\/wp-json\/wp\/v2\/pages"}],"about":[{"href":"https:\/\/site.educa.madrid.org\/ies.elpinar.alcorcon\/index.php\/wp-json\/wp\/v2\/types\/page"}],"author":[{"embeddable":true,"href":"https:\/\/site.educa.madrid.org\/ies.elpinar.alcorcon\/index.php\/wp-json\/wp\/v2\/users\/2"}],"replies":[{"embeddable":true,"href":"https:\/\/site.educa.madrid.org\/ies.elpinar.alcorcon\/index.php\/wp-json\/wp\/v2\/comments?post=1528"}],"version-history":[{"count":7,"href":"https:\/\/site.educa.madrid.org\/ies.elpinar.alcorcon\/index.php\/wp-json\/wp\/v2\/pages\/1528\/revisions"}],"predecessor-version":[{"id":1620,"href":"https:\/\/site.educa.madrid.org\/ies.elpinar.alcorcon\/index.php\/wp-json\/wp\/v2\/pages\/1528\/revisions\/1620"}],"up":[{"embeddable":true,"href":"https:\/\/site.educa.madrid.org\/ies.elpinar.alcorcon\/index.php\/wp-json\/wp\/v2\/pages\/479"}],"wp:attachment":[{"href":"https:\/\/site.educa.madrid.org\/ies.elpinar.alcorcon\/index.php\/wp-json\/wp\/v2\/media?parent=1528"}],"wp:term":[{"taxonomy":"folder","embeddable":true,"href":"https:\/\/site.educa.madrid.org\/ies.elpinar.alcorcon\/index.php\/wp-json\/wp\/v2\/folder?post=1528"}],"curies":[{"name":"wp","href":"https:\/\/api.w.org\/{rel}","templated":true}]}}