{"id":1539,"date":"2025-06-28T15:00:57","date_gmt":"2025-06-28T13:00:57","guid":{"rendered":"https:\/\/site.educa.madrid.org\/ies.elpinar.alcorcon\/?page_id=1539"},"modified":"2025-11-14T09:50:14","modified_gmt":"2025-11-14T08:50:14","slug":"profesorado-bad","status":"publish","type":"page","link":"https:\/\/site.educa.madrid.org\/ies.elpinar.alcorcon\/index.php\/educacion-a-distancia\/distancia-bachillerato\/profesorado-bad\/","title":{"rendered":"Profesorado"},"content":{"rendered":"\n<figure class=\"wp-block-table is-style-stripes has-small-font-size\"><table class=\"has-black-color has-text-color has-link-color has-fixed-layout\"><thead><tr><th class=\"has-text-align-left\" data-align=\"left\"><strong><mark style=\"background-color:rgba(0, 0, 0, 0)\" class=\"has-inline-color has-vivid-cyan-blue-color\">Profesorado de Bachillerato<\/mark> <mark style=\"background-color:rgba(0, 0, 0, 0)\" class=\"has-inline-color has-vivid-cyan-blue-color\">a Distancia (curso 2025-2026)<\/mark><\/strong><\/th><\/tr><\/thead><tbody><tr><td class=\"has-text-align-left\" data-align=\"left\"><strong>Ciencias de la Computaci\u00f3n I y II:<\/strong> D\u00f1a. Ana Rodr\u00edguez Checa<\/td><\/tr><tr><td class=\"has-text-align-left\" data-align=\"left\"><strong>Educaci\u00f3n F\u00edsica:<\/strong> D. Miguel Fern\u00e1ndez Lago<\/td><\/tr><tr><td class=\"has-text-align-left\" data-align=\"left\"><strong>Econom\u00eda, Empresa y Dise\u00f1o de Modelos de Negocio:<\/strong> D\u00f1a. Soraya Rodr\u00edguez G\u00f3mez<\/td><\/tr><tr><td class=\"has-text-align-left\" data-align=\"left\"><strong>Filosof\u00eda:<\/strong> D\u00f1a. M.\u00aa Mercedes Montero Aparicio<\/td><\/tr><tr><td class=\"has-text-align-left\" data-align=\"left\"><strong>Historia de la Filosof\u00eda:<\/strong> D\u00f1a. Montserrat S\u00e1ez Mart\u00edn<\/td><\/tr><tr><td class=\"has-text-align-left\" data-align=\"left\"><strong>Geograf\u00eda:<\/strong> D\u00f1a. Lorena Mart\u00edn Jim\u00e9nez<\/td><\/tr><tr><td class=\"has-text-align-left\" data-align=\"left\"><strong>Historia de Espa\u00f1a:<\/strong> D\u00f1a. Lorena Mart\u00edn Jim\u00e9nez<\/td><\/tr><tr><td class=\"has-text-align-left\" data-align=\"left\"><strong>Historia del Mundo Contempor\u00e1neo:<\/strong> D\u00f1a. Lourdes Navarro Guti\u00e9rrez<\/td><\/tr><tr><td class=\"has-text-align-left\" data-align=\"left\"><strong>Ingl\u00e9s de 1.\u00ba:<\/strong> D. Juan Francisco Intillaque Padilla<\/td><\/tr><tr><td class=\"has-text-align-left\" data-align=\"left\"><strong>Ingl\u00e9s de 2.\u00ba:<\/strong> D\u00f1a. In\u00e9s Lorenzo Rial<\/td><\/tr><tr><td class=\"has-text-align-left\" data-align=\"left\"><strong>Lat\u00edn:<\/strong> D\u00f1a. Carmen D. Garc\u00eda Utrilla<\/td><\/tr><tr><td class=\"has-text-align-left\" data-align=\"left\"><strong>Lengua Castellana y Literatura I y II:<\/strong> D\u00f1a. Margarita Hidalgo Hidalgo<\/td><\/tr><tr><td class=\"has-text-align-left\" data-align=\"left\"><strong>Literatura Universal:<\/strong> D\u00f1a. Margarita Hidalgo Hidalgo<\/td><\/tr><tr><td class=\"has-text-align-left\" data-align=\"left\"><strong>Matem\u00e1ticas Aplicadas a las CC. SS. I:<\/strong> D. Luis L\u00f3pez Zueros<\/td><\/tr><tr><td class=\"has-text-align-left\" data-align=\"left\"><strong>Matem\u00e1ticas Aplicadas a las CC. SS. II:<\/strong> D. Abel Escudero S\u00e1nchez<\/td><\/tr><tr><td class=\"has-text-align-left\" data-align=\"left\"><strong>Psicolog\u00eda:<\/strong> D\u00f1a. Montserrat S\u00e1ez Mart\u00edn<\/td><\/tr><tr><td class=\"has-text-align-left\" data-align=\"left\"><strong>Religi\u00f3n: <\/strong>D. Jorge Fl\u00f3rez L\u00f3pez<\/td><\/tr><\/tbody><\/table><\/figure>\n\n\n\n<p><\/p>\n","protected":false},"excerpt":{"rendered":"<p>Profesorado de Bachillerato a Distancia (curso 2025-2026) Ciencias de la Computaci\u00f3n I y II: D\u00f1a. Ana Rodr\u00edguez Checa Educaci\u00f3n F\u00edsica: D. Miguel Fern\u00e1ndez Lago Econom\u00eda, Empresa y Dise\u00f1o de Modelos de Negocio: D\u00f1a. Soraya Rodr\u00edguez G\u00f3mez Filosof\u00eda: D\u00f1a. M.\u00aa Mercedes Montero Aparicio Historia de la Filosof\u00eda: D\u00f1a. Montserrat S\u00e1ez Mart\u00edn Geograf\u00eda: D\u00f1a. Lorena Mart\u00edn Jim\u00e9nez &hellip; <\/p>\n<p class=\"link-more\"><a href=\"https:\/\/site.educa.madrid.org\/ies.elpinar.alcorcon\/index.php\/educacion-a-distancia\/distancia-bachillerato\/profesorado-bad\/\" class=\"more-link\">Continuar leyendo<span class=\"screen-reader-text\"> \u00abProfesorado\u00bb<\/span><\/a><\/p>\n","protected":false},"author":2,"featured_media":0,"parent":496,"menu_order":2,"comment_status":"closed","ping_status":"closed","template":"","meta":{"footnotes":""},"folder":[],"class_list":["post-1539","page","type-page","status-publish","hentry"],"rttpg_featured_image_url":null,"rttpg_author":{"display_name":"tic.ies.elpinar.alcorcon","author_link":"https:\/\/site.educa.madrid.org\/ies.elpinar.alcorcon\/index.php\/author\/cuenta_tic-ies-elpinar-alcorcon\/"},"rttpg_comment":0,"rttpg_category":false,"rttpg_excerpt":"Profesorado de Bachillerato a Distancia (curso 2025-2026) Ciencias de la Computaci\u00f3n I y II: D\u00f1a. Ana Rodr\u00edguez Checa Educaci\u00f3n F\u00edsica: D. Miguel Fern\u00e1ndez Lago Econom\u00eda, Empresa y Dise\u00f1o de Modelos de Negocio: D\u00f1a. Soraya Rodr\u00edguez G\u00f3mez Filosof\u00eda: D\u00f1a. M.\u00aa Mercedes Montero Aparicio Historia de la Filosof\u00eda: D\u00f1a. Montserrat S\u00e1ez Mart\u00edn Geograf\u00eda: D\u00f1a. Lorena Mart\u00edn Jim\u00e9nez&hellip;","post_mailing_queue_ids":[],"_links":{"self":[{"href":"https:\/\/site.educa.madrid.org\/ies.elpinar.alcorcon\/index.php\/wp-json\/wp\/v2\/pages\/1539","targetHints":{"allow":["GET"]}}],"collection":[{"href":"https:\/\/site.educa.madrid.org\/ies.elpinar.alcorcon\/index.php\/wp-json\/wp\/v2\/pages"}],"about":[{"href":"https:\/\/site.educa.madrid.org\/ies.elpinar.alcorcon\/index.php\/wp-json\/wp\/v2\/types\/page"}],"author":[{"embeddable":true,"href":"https:\/\/site.educa.madrid.org\/ies.elpinar.alcorcon\/index.php\/wp-json\/wp\/v2\/users\/2"}],"replies":[{"embeddable":true,"href":"https:\/\/site.educa.madrid.org\/ies.elpinar.alcorcon\/index.php\/wp-json\/wp\/v2\/comments?post=1539"}],"version-history":[{"count":4,"href":"https:\/\/site.educa.madrid.org\/ies.elpinar.alcorcon\/index.php\/wp-json\/wp\/v2\/pages\/1539\/revisions"}],"predecessor-version":[{"id":1858,"href":"https:\/\/site.educa.madrid.org\/ies.elpinar.alcorcon\/index.php\/wp-json\/wp\/v2\/pages\/1539\/revisions\/1858"}],"up":[{"embeddable":true,"href":"https:\/\/site.educa.madrid.org\/ies.elpinar.alcorcon\/index.php\/wp-json\/wp\/v2\/pages\/496"}],"wp:attachment":[{"href":"https:\/\/site.educa.madrid.org\/ies.elpinar.alcorcon\/index.php\/wp-json\/wp\/v2\/media?parent=1539"}],"wp:term":[{"taxonomy":"folder","embeddable":true,"href":"https:\/\/site.educa.madrid.org\/ies.elpinar.alcorcon\/index.php\/wp-json\/wp\/v2\/folder?post=1539"}],"curies":[{"name":"wp","href":"https:\/\/api.w.org\/{rel}","templated":true}]}}