{"id":1541,"date":"2025-06-28T15:02:10","date_gmt":"2025-06-28T13:02:10","guid":{"rendered":"https:\/\/site.educa.madrid.org\/ies.elpinar.alcorcon\/?page_id=1541"},"modified":"2025-11-14T09:44:50","modified_gmt":"2025-11-14T08:44:50","slug":"materiales-curriculares","status":"publish","type":"page","link":"https:\/\/site.educa.madrid.org\/ies.elpinar.alcorcon\/index.php\/educacion-a-distancia\/espad\/materiales-curriculares\/","title":{"rendered":"Materiales Curriculares"},"content":{"rendered":"\n<p><\/p>\n\n\n\n<figure class=\"wp-block-table\"><table class=\"has-fixed-layout\"><tbody><tr><td class=\"has-text-align-center\" data-align=\"center\" colspan=\"2\"><strong><mark style=\"background-color:rgba(0, 0, 0, 0)\" class=\"has-inline-color has-vivid-cyan-blue-color\">Programaciones Did\u00e1cticas de cada m\u00f3dulo<\/mark><\/strong><\/td><\/tr><tr><td class=\"has-text-align-center\" data-align=\"center\" rowspan=\"2\"><strong>\u00c1mbito de la Comunicaci\u00f3n&nbsp;<\/strong><\/td><td class=\"has-text-align-center\" data-align=\"center\"><a href=\"https:\/\/cloud.educa.madrid.org\/s\/g6oy493aAKSfc3R\">M\u00f3dulo de Lengua Castellana y Literatura<\/a><\/td><\/tr><tr><td class=\"has-text-align-center\" data-align=\"center\"><a href=\"https:\/\/cloud.educa.madrid.org\/s\/qd8oZrrixAF4Kbg\">M\u00f3dulo de Primera Lengua Extranjera<\/a> (Ingl\u00e9s)<\/td><\/tr><tr><td class=\"has-text-align-center\" data-align=\"center\"><strong>\u00c1mbito Social<\/strong><\/td><td class=\"has-text-align-center\" data-align=\"center\"><a href=\"https:\/\/cloud.educa.madrid.org\/s\/pQyimJSMYzzwmkg\">M\u00f3dulo de Sociedad<\/a><\/td><\/tr><tr><td class=\"has-text-align-center\" data-align=\"center\" rowspan=\"2\"><strong>\u00c1mbito Cient\u00edfico-Tecnol\u00f3gico&nbsp;<\/strong><\/td><td class=\"has-text-align-center\" data-align=\"center\"><a href=\"https:\/\/cloud.educa.madrid.org\/s\/iKTAqmpxX6bwEpz\">M\u00f3dulo de Matem\u00e1ticas Aplicadas<\/a><\/td><\/tr><tr><td class=\"has-text-align-center\" data-align=\"center\"><a href=\"https:\/\/cloud.educa.madrid.org\/s\/zWzEd6rA2bE8Ez7\">M\u00f3dulo de Tecnolog\u00eda<\/a><\/td><\/tr><\/tbody><\/table><\/figure>\n\n\n\n<p><\/p>\n","protected":false},"excerpt":{"rendered":"<p>Programaciones Did\u00e1cticas de cada m\u00f3dulo \u00c1mbito de la Comunicaci\u00f3n&nbsp; M\u00f3dulo de Lengua Castellana y Literatura M\u00f3dulo de Primera Lengua Extranjera (Ingl\u00e9s) \u00c1mbito Social M\u00f3dulo de Sociedad \u00c1mbito Cient\u00edfico-Tecnol\u00f3gico&nbsp; M\u00f3dulo de Matem\u00e1ticas Aplicadas M\u00f3dulo de Tecnolog\u00eda<\/p>\n","protected":false},"author":2,"featured_media":0,"parent":479,"menu_order":3,"comment_status":"closed","ping_status":"closed","template":"","meta":{"footnotes":""},"folder":[],"class_list":["post-1541","page","type-page","status-publish","hentry"],"rttpg_featured_image_url":null,"rttpg_author":{"display_name":"tic.ies.elpinar.alcorcon","author_link":"https:\/\/site.educa.madrid.org\/ies.elpinar.alcorcon\/index.php\/author\/cuenta_tic-ies-elpinar-alcorcon\/"},"rttpg_comment":0,"rttpg_category":false,"rttpg_excerpt":"Programaciones Did\u00e1cticas de cada m\u00f3dulo \u00c1mbito de la Comunicaci\u00f3n&nbsp; M\u00f3dulo de Lengua Castellana y Literatura M\u00f3dulo de Primera Lengua Extranjera (Ingl\u00e9s) \u00c1mbito Social M\u00f3dulo de Sociedad \u00c1mbito Cient\u00edfico-Tecnol\u00f3gico&nbsp; M\u00f3dulo de Matem\u00e1ticas Aplicadas M\u00f3dulo de Tecnolog\u00eda","post_mailing_queue_ids":[],"_links":{"self":[{"href":"https:\/\/site.educa.madrid.org\/ies.elpinar.alcorcon\/index.php\/wp-json\/wp\/v2\/pages\/1541","targetHints":{"allow":["GET"]}}],"collection":[{"href":"https:\/\/site.educa.madrid.org\/ies.elpinar.alcorcon\/index.php\/wp-json\/wp\/v2\/pages"}],"about":[{"href":"https:\/\/site.educa.madrid.org\/ies.elpinar.alcorcon\/index.php\/wp-json\/wp\/v2\/types\/page"}],"author":[{"embeddable":true,"href":"https:\/\/site.educa.madrid.org\/ies.elpinar.alcorcon\/index.php\/wp-json\/wp\/v2\/users\/2"}],"replies":[{"embeddable":true,"href":"https:\/\/site.educa.madrid.org\/ies.elpinar.alcorcon\/index.php\/wp-json\/wp\/v2\/comments?post=1541"}],"version-history":[{"count":4,"href":"https:\/\/site.educa.madrid.org\/ies.elpinar.alcorcon\/index.php\/wp-json\/wp\/v2\/pages\/1541\/revisions"}],"predecessor-version":[{"id":1851,"href":"https:\/\/site.educa.madrid.org\/ies.elpinar.alcorcon\/index.php\/wp-json\/wp\/v2\/pages\/1541\/revisions\/1851"}],"up":[{"embeddable":true,"href":"https:\/\/site.educa.madrid.org\/ies.elpinar.alcorcon\/index.php\/wp-json\/wp\/v2\/pages\/479"}],"wp:attachment":[{"href":"https:\/\/site.educa.madrid.org\/ies.elpinar.alcorcon\/index.php\/wp-json\/wp\/v2\/media?parent=1541"}],"wp:term":[{"taxonomy":"folder","embeddable":true,"href":"https:\/\/site.educa.madrid.org\/ies.elpinar.alcorcon\/index.php\/wp-json\/wp\/v2\/folder?post=1541"}],"curies":[{"name":"wp","href":"https:\/\/api.w.org\/{rel}","templated":true}]}}