{"id":1551,"date":"2025-06-28T15:08:36","date_gmt":"2025-06-28T13:08:36","guid":{"rendered":"https:\/\/site.educa.madrid.org\/ies.elpinar.alcorcon\/?page_id=1551"},"modified":"2025-09-29T18:02:35","modified_gmt":"2025-09-29T16:02:35","slug":"examenes-espad","status":"publish","type":"page","link":"https:\/\/site.educa.madrid.org\/ies.elpinar.alcorcon\/index.php\/educacion-a-distancia\/espad\/examenes-espad\/","title":{"rendered":"Ex\u00e1menes ESPAD"},"content":{"rendered":"\n<p class=\"has-text-align-center has-vivid-cyan-blue-color has-text-color has-link-color has-medium-font-size wp-elements-0cf71dad17c3d461bac016cf8ea272c0\">Ex\u00e1menes 1\u00aa Evaluaci\u00f3n<\/p>\n\n\n\n<figure class=\"wp-block-image size-full\"><a href=\"https:\/\/site.educa.madrid.org\/ies.elpinar.alcorcon\/\/wp-content\/uploads\/ies.elpinar.alcorcon\/2025\/09\/examenesESPAD1.png\"><img loading=\"lazy\" decoding=\"async\" width=\"1008\" height=\"713\" src=\"https:\/\/site.educa.madrid.org\/ies.elpinar.alcorcon\/\/wp-content\/uploads\/ies.elpinar.alcorcon\/2025\/09\/examenesESPAD1.png\" alt=\"\" class=\"wp-image-1684\" srcset=\"https:\/\/site.educa.madrid.org\/ies.elpinar.alcorcon\/\/wp-content\/uploads\/ies.elpinar.alcorcon\/2025\/09\/examenesESPAD1.png 1008w, https:\/\/site.educa.madrid.org\/ies.elpinar.alcorcon\/\/wp-content\/uploads\/ies.elpinar.alcorcon\/2025\/09\/examenesESPAD1-300x212.png 300w, https:\/\/site.educa.madrid.org\/ies.elpinar.alcorcon\/\/wp-content\/uploads\/ies.elpinar.alcorcon\/2025\/09\/examenesESPAD1-768x543.png 768w\" sizes=\"auto, (max-width: 706px) 89vw, (max-width: 767px) 82vw, 740px\" \/><\/a><\/figure>\n\n\n\n<p class=\"has-text-align-center has-vivid-cyan-blue-color has-text-color has-link-color has-medium-font-size wp-elements-2be9d9dff4b9b691416d0dec961f2c85\">Ex\u00e1menes 2\u00aa Evaluaci\u00f3n<\/p>\n\n\n\n<figure class=\"wp-block-image size-full\"><a href=\"https:\/\/site.educa.madrid.org\/ies.elpinar.alcorcon\/\/wp-content\/uploads\/ies.elpinar.alcorcon\/2025\/09\/examenesESPAD2.png\"><img loading=\"lazy\" decoding=\"async\" width=\"758\" height=\"541\" src=\"https:\/\/site.educa.madrid.org\/ies.elpinar.alcorcon\/\/wp-content\/uploads\/ies.elpinar.alcorcon\/2025\/09\/examenesESPAD2.png\" alt=\"\" class=\"wp-image-1685\" srcset=\"https:\/\/site.educa.madrid.org\/ies.elpinar.alcorcon\/\/wp-content\/uploads\/ies.elpinar.alcorcon\/2025\/09\/examenesESPAD2.png 758w, https:\/\/site.educa.madrid.org\/ies.elpinar.alcorcon\/\/wp-content\/uploads\/ies.elpinar.alcorcon\/2025\/09\/examenesESPAD2-300x214.png 300w\" sizes=\"auto, (max-width: 706px) 89vw, (max-width: 767px) 82vw, 740px\" \/><\/a><\/figure>\n\n\n\n<p class=\"has-text-align-center has-vivid-cyan-blue-color has-text-color has-link-color has-medium-font-size wp-elements-544a8432d95ef1c32f6c0779ccc55460\">Ex\u00e1menes 3\u00aa Evaluaci\u00f3n<\/p>\n\n\n\n<figure class=\"wp-block-image size-full\"><a href=\"https:\/\/site.educa.madrid.org\/ies.elpinar.alcorcon\/\/wp-content\/uploads\/ies.elpinar.alcorcon\/2025\/09\/examenes-ESPAD3.png\"><img loading=\"lazy\" decoding=\"async\" width=\"761\" height=\"534\" src=\"https:\/\/site.educa.madrid.org\/ies.elpinar.alcorcon\/\/wp-content\/uploads\/ies.elpinar.alcorcon\/2025\/09\/examenes-ESPAD3.png\" alt=\"\" class=\"wp-image-1686\" srcset=\"https:\/\/site.educa.madrid.org\/ies.elpinar.alcorcon\/\/wp-content\/uploads\/ies.elpinar.alcorcon\/2025\/09\/examenes-ESPAD3.png 761w, https:\/\/site.educa.madrid.org\/ies.elpinar.alcorcon\/\/wp-content\/uploads\/ies.elpinar.alcorcon\/2025\/09\/examenes-ESPAD3-300x211.png 300w\" sizes=\"auto, (max-width: 706px) 89vw, (max-width: 767px) 82vw, 740px\" \/><\/a><\/figure>\n\n\n\n<p class=\"has-text-align-center has-vivid-cyan-blue-color has-text-color has-link-color has-medium-font-size wp-elements-0d483b1955f9078f1ca0a4a6f3730128\">Ex\u00e1menes Evaluaci\u00f3n Extraordinaria<\/p>\n\n\n\n<figure class=\"wp-block-image size-full\"><a href=\"https:\/\/site.educa.madrid.org\/ies.elpinar.alcorcon\/\/wp-content\/uploads\/ies.elpinar.alcorcon\/2025\/09\/examenes-ESPADextra.png\"><img loading=\"lazy\" decoding=\"async\" width=\"996\" height=\"705\" src=\"https:\/\/site.educa.madrid.org\/ies.elpinar.alcorcon\/\/wp-content\/uploads\/ies.elpinar.alcorcon\/2025\/09\/examenes-ESPADextra.png\" alt=\"\" class=\"wp-image-1698\" srcset=\"https:\/\/site.educa.madrid.org\/ies.elpinar.alcorcon\/\/wp-content\/uploads\/ies.elpinar.alcorcon\/2025\/09\/examenes-ESPADextra.png 996w, https:\/\/site.educa.madrid.org\/ies.elpinar.alcorcon\/\/wp-content\/uploads\/ies.elpinar.alcorcon\/2025\/09\/examenes-ESPADextra-300x212.png 300w, https:\/\/site.educa.madrid.org\/ies.elpinar.alcorcon\/\/wp-content\/uploads\/ies.elpinar.alcorcon\/2025\/09\/examenes-ESPADextra-768x544.png 768w\" sizes=\"auto, (max-width: 706px) 89vw, (max-width: 767px) 82vw, 740px\" \/><\/a><\/figure>\n","protected":false},"excerpt":{"rendered":"<p>Ex\u00e1menes 1\u00aa Evaluaci\u00f3n Ex\u00e1menes 2\u00aa Evaluaci\u00f3n Ex\u00e1menes 3\u00aa Evaluaci\u00f3n Ex\u00e1menes Evaluaci\u00f3n Extraordinaria<\/p>\n","protected":false},"author":2,"featured_media":0,"parent":479,"menu_order":5,"comment_status":"closed","ping_status":"closed","template":"","meta":{"footnotes":""},"folder":[],"class_list":["post-1551","page","type-page","status-publish","hentry"],"rttpg_featured_image_url":null,"rttpg_author":{"display_name":"tic.ies.elpinar.alcorcon","author_link":"https:\/\/site.educa.madrid.org\/ies.elpinar.alcorcon\/index.php\/author\/cuenta_tic-ies-elpinar-alcorcon\/"},"rttpg_comment":0,"rttpg_category":false,"rttpg_excerpt":"Ex\u00e1menes 1\u00aa Evaluaci\u00f3n Ex\u00e1menes 2\u00aa Evaluaci\u00f3n Ex\u00e1menes 3\u00aa Evaluaci\u00f3n Ex\u00e1menes Evaluaci\u00f3n Extraordinaria","post_mailing_queue_ids":[],"_links":{"self":[{"href":"https:\/\/site.educa.madrid.org\/ies.elpinar.alcorcon\/index.php\/wp-json\/wp\/v2\/pages\/1551","targetHints":{"allow":["GET"]}}],"collection":[{"href":"https:\/\/site.educa.madrid.org\/ies.elpinar.alcorcon\/index.php\/wp-json\/wp\/v2\/pages"}],"about":[{"href":"https:\/\/site.educa.madrid.org\/ies.elpinar.alcorcon\/index.php\/wp-json\/wp\/v2\/types\/page"}],"author":[{"embeddable":true,"href":"https:\/\/site.educa.madrid.org\/ies.elpinar.alcorcon\/index.php\/wp-json\/wp\/v2\/users\/2"}],"replies":[{"embeddable":true,"href":"https:\/\/site.educa.madrid.org\/ies.elpinar.alcorcon\/index.php\/wp-json\/wp\/v2\/comments?post=1551"}],"version-history":[{"count":6,"href":"https:\/\/site.educa.madrid.org\/ies.elpinar.alcorcon\/index.php\/wp-json\/wp\/v2\/pages\/1551\/revisions"}],"predecessor-version":[{"id":1699,"href":"https:\/\/site.educa.madrid.org\/ies.elpinar.alcorcon\/index.php\/wp-json\/wp\/v2\/pages\/1551\/revisions\/1699"}],"up":[{"embeddable":true,"href":"https:\/\/site.educa.madrid.org\/ies.elpinar.alcorcon\/index.php\/wp-json\/wp\/v2\/pages\/479"}],"wp:attachment":[{"href":"https:\/\/site.educa.madrid.org\/ies.elpinar.alcorcon\/index.php\/wp-json\/wp\/v2\/media?parent=1551"}],"wp:term":[{"taxonomy":"folder","embeddable":true,"href":"https:\/\/site.educa.madrid.org\/ies.elpinar.alcorcon\/index.php\/wp-json\/wp\/v2\/folder?post=1551"}],"curies":[{"name":"wp","href":"https:\/\/api.w.org\/{rel}","templated":true}]}}