{"id":169,"date":"2022-02-21T16:43:50","date_gmt":"2022-02-21T15:43:50","guid":{"rendered":"https:\/\/site.educa.madrid.org\/ies.elpinar.alcorcon\/?page_id=169"},"modified":"2024-02-16T12:45:46","modified_gmt":"2024-02-16T11:45:46","slug":"ensenanzas","status":"publish","type":"page","link":"https:\/\/site.educa.madrid.org\/ies.elpinar.alcorcon\/index.php\/ensenanzas\/","title":{"rendered":"ENSE\u00d1ANZAS Y SERVICIOS"},"content":{"rendered":"\n<p>En el IES El Pinar se ofrecen ense\u00f1anzas de ESO y Bachillerato en modalidad presencial y a distancia. Al ser  un centro biling\u00fce, los alumnos de la modalidad presencial cursan sus estudios en el programa o en la secci\u00f3n biling\u00fce de acuerdo con su competencia ling\u00fc\u00edstica en lengua inglesa. En Bachillerato se ofrecen las modalidades de Ciencias y Humanidades y Ciencias Sociales en la modalidad presencial y, en la modalidad de Educaci\u00f3n a Distancia Bachillerato de Humanidades y Ciencias Sociales y Bachillerato de Ciencias (solo en 2\u00ba).<\/p>\n\n\n\n<p><\/p>\n\n\n\n<div class=\"wp-block-mediateca-bloque-mediateca align wide\"><\/div>\n\n\n\n<div class=\"wp-block-mediateca-bloque-mediateca align wide\"><\/div>\n","protected":false},"excerpt":{"rendered":"<p>En el IES El Pinar se ofrecen ense\u00f1anzas de ESO y Bachillerato en modalidad presencial y a distancia. Al ser un centro biling\u00fce, los alumnos de la modalidad presencial cursan sus estudios en el programa o en la secci\u00f3n biling\u00fce de acuerdo con su competencia ling\u00fc\u00edstica en lengua inglesa. En Bachillerato se ofrecen las modalidades &hellip; <\/p>\n<p class=\"link-more\"><a href=\"https:\/\/site.educa.madrid.org\/ies.elpinar.alcorcon\/index.php\/ensenanzas\/\" class=\"more-link\">Continuar leyendo<span class=\"screen-reader-text\"> \u00abENSE\u00d1ANZAS Y SERVICIOS\u00bb<\/span><\/a><\/p>\n","protected":false},"author":5,"featured_media":0,"parent":0,"menu_order":2,"comment_status":"closed","ping_status":"closed","template":"","meta":{"footnotes":""},"folder":[],"class_list":["post-169","page","type-page","status-publish","hentry"],"rttpg_featured_image_url":null,"rttpg_author":{"display_name":"Nieves Guti\u00e9rrez de la Concepci\u00f3n","author_link":"https:\/\/site.educa.madrid.org\/ies.elpinar.alcorcon\/index.php\/author\/nieves_gutirrez-de-la-concepcin\/"},"rttpg_comment":0,"rttpg_category":false,"rttpg_excerpt":"En el IES El Pinar se ofrecen ense\u00f1anzas de ESO y Bachillerato en modalidad presencial y a distancia. Al ser un centro biling\u00fce, los alumnos de la modalidad presencial cursan sus estudios en el programa o en la secci\u00f3n biling\u00fce de acuerdo con su competencia ling\u00fc\u00edstica en lengua inglesa. En Bachillerato se ofrecen las modalidades&hellip;","post_mailing_queue_ids":[],"_links":{"self":[{"href":"https:\/\/site.educa.madrid.org\/ies.elpinar.alcorcon\/index.php\/wp-json\/wp\/v2\/pages\/169","targetHints":{"allow":["GET"]}}],"collection":[{"href":"https:\/\/site.educa.madrid.org\/ies.elpinar.alcorcon\/index.php\/wp-json\/wp\/v2\/pages"}],"about":[{"href":"https:\/\/site.educa.madrid.org\/ies.elpinar.alcorcon\/index.php\/wp-json\/wp\/v2\/types\/page"}],"author":[{"embeddable":true,"href":"https:\/\/site.educa.madrid.org\/ies.elpinar.alcorcon\/index.php\/wp-json\/wp\/v2\/users\/5"}],"replies":[{"embeddable":true,"href":"https:\/\/site.educa.madrid.org\/ies.elpinar.alcorcon\/index.php\/wp-json\/wp\/v2\/comments?post=169"}],"version-history":[{"count":6,"href":"https:\/\/site.educa.madrid.org\/ies.elpinar.alcorcon\/index.php\/wp-json\/wp\/v2\/pages\/169\/revisions"}],"predecessor-version":[{"id":540,"href":"https:\/\/site.educa.madrid.org\/ies.elpinar.alcorcon\/index.php\/wp-json\/wp\/v2\/pages\/169\/revisions\/540"}],"wp:attachment":[{"href":"https:\/\/site.educa.madrid.org\/ies.elpinar.alcorcon\/index.php\/wp-json\/wp\/v2\/media?parent=169"}],"wp:term":[{"taxonomy":"folder","embeddable":true,"href":"https:\/\/site.educa.madrid.org\/ies.elpinar.alcorcon\/index.php\/wp-json\/wp\/v2\/folder?post=169"}],"curies":[{"name":"wp","href":"https:\/\/api.w.org\/{rel}","templated":true}]}}