{"id":173,"date":"2022-02-21T17:02:56","date_gmt":"2022-02-21T16:02:56","guid":{"rendered":"https:\/\/site.educa.madrid.org\/ies.elpinar.alcorcon\/?page_id=173"},"modified":"2026-03-23T18:14:30","modified_gmt":"2026-03-23T17:14:30","slug":"revista","status":"publish","type":"page","link":"https:\/\/site.educa.madrid.org\/ies.elpinar.alcorcon\/index.php\/revista\/","title":{"rendered":"INICIO"},"content":{"rendered":"\n<div class=\"wp-block-group\"><div class=\"wp-block-group__inner-container is-layout-flow wp-block-group-is-layout-flow\">\n<p><strong>IES EL PINAR<\/strong><\/p>\n\n\n\n<p><strong>Parque Ferial, s\/n<\/strong><\/p>\n\n\n\n<p><strong>Alcorc\u00f3n 28923 (Madrid)<\/strong><\/p>\n\n\n\n<p><strong>Tel: &nbsp;91 643 96 44<\/strong><\/p>\n\n\n\n<p>C\u00f3digo de Centro: <strong>28041366<\/strong><\/p>\n\n\n\n<p><strong>Horario: 08:30 a 20:30<\/strong> horas<\/p>\n\n\n\n<p><strong>Horario de Secretar\u00eda: 09:00 a 14:00 horas<\/strong><\/p>\n\n\n\n<p><strong><a href=\"mailto:ies.elpinar.alcorcon@educa.madrid.org\" target=\"_blank\" rel=\"noreferrer noopener\">ies.elpinar.alcorcon@educa.madrid.org<\/a><\/strong><\/p>\n<\/div><\/div>\n\n\n\n<div class=\"wp-block-columns is-layout-flex wp-container-core-columns-is-layout-9d6595d7 wp-block-columns-is-layout-flex\">\n<div class=\"wp-block-column is-layout-flow wp-block-column-is-layout-flow\" style=\"flex-basis:100%\"><\/div>\n<\/div>\n\n\n\n<iframe src=\"https:\/\/www.google.com\/maps\/embed?pb=!1m18!1m12!1m3!1d3041.130807162569!2d-3.826637523284602!3d40.33944417145207!2m3!1f0!2f0!3f0!3m2!1i1024!2i768!4f13.1!3m3!1m2!1s0xd41894d1312f3eb%3A0xf8e6375575ae7ab2!2sIES%20El%20Pinar!5e0!3m2!1ses-419!2ses!4v1770657244918!5m2!1ses-419!2ses\" width=\"600\" height=\"450\" style=\"border:0;\" allowfullscreen=\"\" loading=\"lazy\" referrerpolicy=\"no-referrer-when-downgrade\"><\/iframe>\n","protected":false},"excerpt":{"rendered":"<p>IES EL PINAR Parque Ferial, s\/n Alcorc\u00f3n 28923 (Madrid) Tel: &nbsp;91 643 96 44 C\u00f3digo de Centro: 28041366 Horario: 08:30 a 20:30 horas Horario de Secretar\u00eda: 09:00 a 14:00 horas ies.elpinar.alcorcon@educa.madrid.org<\/p>\n","protected":false},"author":5,"featured_media":0,"parent":0,"menu_order":9,"comment_status":"closed","ping_status":"closed","template":"template-business.php","meta":{"footnotes":""},"folder":[],"class_list":["post-173","page","type-page","status-publish","hentry"],"rttpg_featured_image_url":null,"rttpg_author":{"display_name":"Nieves Guti\u00e9rrez de la Concepci\u00f3n","author_link":"https:\/\/site.educa.madrid.org\/ies.elpinar.alcorcon\/index.php\/author\/nieves_gutirrez-de-la-concepcin\/"},"rttpg_comment":0,"rttpg_category":false,"rttpg_excerpt":"IES EL PINAR Parque Ferial, s\/n Alcorc\u00f3n 28923 (Madrid) Tel: &nbsp;91 643 96 44 C\u00f3digo de Centro: 28041366 Horario: 08:30 a 20:30 horas Horario de Secretar\u00eda: 09:00 a 14:00 horas ies.elpinar.alcorcon@educa.madrid.org","post_mailing_queue_ids":[],"_links":{"self":[{"href":"https:\/\/site.educa.madrid.org\/ies.elpinar.alcorcon\/index.php\/wp-json\/wp\/v2\/pages\/173","targetHints":{"allow":["GET"]}}],"collection":[{"href":"https:\/\/site.educa.madrid.org\/ies.elpinar.alcorcon\/index.php\/wp-json\/wp\/v2\/pages"}],"about":[{"href":"https:\/\/site.educa.madrid.org\/ies.elpinar.alcorcon\/index.php\/wp-json\/wp\/v2\/types\/page"}],"author":[{"embeddable":true,"href":"https:\/\/site.educa.madrid.org\/ies.elpinar.alcorcon\/index.php\/wp-json\/wp\/v2\/users\/5"}],"replies":[{"embeddable":true,"href":"https:\/\/site.educa.madrid.org\/ies.elpinar.alcorcon\/index.php\/wp-json\/wp\/v2\/comments?post=173"}],"version-history":[{"count":12,"href":"https:\/\/site.educa.madrid.org\/ies.elpinar.alcorcon\/index.php\/wp-json\/wp\/v2\/pages\/173\/revisions"}],"predecessor-version":[{"id":2499,"href":"https:\/\/site.educa.madrid.org\/ies.elpinar.alcorcon\/index.php\/wp-json\/wp\/v2\/pages\/173\/revisions\/2499"}],"wp:attachment":[{"href":"https:\/\/site.educa.madrid.org\/ies.elpinar.alcorcon\/index.php\/wp-json\/wp\/v2\/media?parent=173"}],"wp:term":[{"taxonomy":"folder","embeddable":true,"href":"https:\/\/site.educa.madrid.org\/ies.elpinar.alcorcon\/index.php\/wp-json\/wp\/v2\/folder?post=173"}],"curies":[{"name":"wp","href":"https:\/\/api.w.org\/{rel}","templated":true}]}}