{"id":181,"date":"2022-02-21T17:11:45","date_gmt":"2022-02-21T16:11:45","guid":{"rendered":"https:\/\/site.educa.madrid.org\/ies.elpinar.alcorcon\/?page_id=181"},"modified":"2025-03-06T14:17:54","modified_gmt":"2025-03-06T13:17:54","slug":"asociaciones-de-padres-y-madres","status":"publish","type":"page","link":"https:\/\/site.educa.madrid.org\/ies.elpinar.alcorcon\/index.php\/quienes-somos\/asociaciones-de-padres-y-madres\/","title":{"rendered":"ASOCIACI\u00d3N DE MADRES Y PADRES"},"content":{"rendered":"\n<p>Familias y escuela formamos un equipo alineado en la formaci\u00f3n de nuestros hijos y alumnos. Nos gustar\u00eda much\u00edsimo reactivar el AMPA del centro. Invitamos a todas las familias del IES El Pinar a participar y dinamizar la vida del centro y ofrecemos un espacio para compartir inquietudes en este momento crucial de la vida de nuestros hijos e hijas, en que van tomando las riendas de su vida y construyendo su propia identidad.<\/p>\n\n\n\n<p><\/p>\n\n\n\n<p><\/p>\n\n\n\n<div class=\"wp-block-buttons is-layout-flex wp-block-buttons-is-layout-flex\">\n<div class=\"wp-block-button\"><a class=\"wp-block-button__link wp-element-button\" href=\"https:\/\/guiaparafamilias.educa2.madrid.org\/\" target=\"_blank\" rel=\"noreferrer noopener\">Enlace a la Gu\u00eda para Familias de la Comunidad de Madrid<\/a><\/div>\n<\/div>\n","protected":false},"excerpt":{"rendered":"<p>Familias y escuela formamos un equipo alineado en la formaci\u00f3n de nuestros hijos y alumnos. Nos gustar\u00eda much\u00edsimo reactivar el AMPA del centro. Invitamos a todas las familias del IES El Pinar a participar y dinamizar la vida del centro y ofrecemos un espacio para compartir inquietudes en este momento crucial de la vida de &hellip; <\/p>\n<p class=\"link-more\"><a href=\"https:\/\/site.educa.madrid.org\/ies.elpinar.alcorcon\/index.php\/quienes-somos\/asociaciones-de-padres-y-madres\/\" class=\"more-link\">Continuar leyendo<span class=\"screen-reader-text\"> \u00abASOCIACI\u00d3N DE MADRES Y PADRES\u00bb<\/span><\/a><\/p>\n","protected":false},"author":5,"featured_media":0,"parent":163,"menu_order":3,"comment_status":"closed","ping_status":"closed","template":"template\/template-page-full-width.php","meta":{"footnotes":""},"folder":[],"class_list":["post-181","page","type-page","status-publish","hentry"],"rttpg_featured_image_url":null,"rttpg_author":{"display_name":"Nieves Guti\u00e9rrez de la Concepci\u00f3n","author_link":"https:\/\/site.educa.madrid.org\/ies.elpinar.alcorcon\/index.php\/author\/nieves_gutirrez-de-la-concepcin\/"},"rttpg_comment":0,"rttpg_category":false,"rttpg_excerpt":"Familias y escuela formamos un equipo alineado en la formaci\u00f3n de nuestros hijos y alumnos. Nos gustar\u00eda much\u00edsimo reactivar el AMPA del centro. Invitamos a todas las familias del IES El Pinar a participar y dinamizar la vida del centro y ofrecemos un espacio para compartir inquietudes en este momento crucial de la vida de&hellip;","post_mailing_queue_ids":[],"_links":{"self":[{"href":"https:\/\/site.educa.madrid.org\/ies.elpinar.alcorcon\/index.php\/wp-json\/wp\/v2\/pages\/181","targetHints":{"allow":["GET"]}}],"collection":[{"href":"https:\/\/site.educa.madrid.org\/ies.elpinar.alcorcon\/index.php\/wp-json\/wp\/v2\/pages"}],"about":[{"href":"https:\/\/site.educa.madrid.org\/ies.elpinar.alcorcon\/index.php\/wp-json\/wp\/v2\/types\/page"}],"author":[{"embeddable":true,"href":"https:\/\/site.educa.madrid.org\/ies.elpinar.alcorcon\/index.php\/wp-json\/wp\/v2\/users\/5"}],"replies":[{"embeddable":true,"href":"https:\/\/site.educa.madrid.org\/ies.elpinar.alcorcon\/index.php\/wp-json\/wp\/v2\/comments?post=181"}],"version-history":[{"count":8,"href":"https:\/\/site.educa.madrid.org\/ies.elpinar.alcorcon\/index.php\/wp-json\/wp\/v2\/pages\/181\/revisions"}],"predecessor-version":[{"id":667,"href":"https:\/\/site.educa.madrid.org\/ies.elpinar.alcorcon\/index.php\/wp-json\/wp\/v2\/pages\/181\/revisions\/667"}],"up":[{"embeddable":true,"href":"https:\/\/site.educa.madrid.org\/ies.elpinar.alcorcon\/index.php\/wp-json\/wp\/v2\/pages\/163"}],"wp:attachment":[{"href":"https:\/\/site.educa.madrid.org\/ies.elpinar.alcorcon\/index.php\/wp-json\/wp\/v2\/media?parent=181"}],"wp:term":[{"taxonomy":"folder","embeddable":true,"href":"https:\/\/site.educa.madrid.org\/ies.elpinar.alcorcon\/index.php\/wp-json\/wp\/v2\/folder?post=181"}],"curies":[{"name":"wp","href":"https:\/\/api.w.org\/{rel}","templated":true}]}}