{"id":183,"date":"2022-02-21T17:12:25","date_gmt":"2022-02-21T16:12:25","guid":{"rendered":"https:\/\/site.educa.madrid.org\/ies.elpinar.alcorcon\/?page_id=183"},"modified":"2025-03-06T14:52:26","modified_gmt":"2025-03-06T13:52:26","slug":"consejo-escolar","status":"publish","type":"page","link":"https:\/\/site.educa.madrid.org\/ies.elpinar.alcorcon\/index.php\/quienes-somos\/consejo-escolar\/","title":{"rendered":"CONSEJO ESCOLAR"},"content":{"rendered":"\n<p>El Consejo Escolar es un \u00f3rgano colegiado de gobierno, en el que est\u00e1n representados todos los colectivos de la comunidad educativa: los alumnos, las familias, los docentes y el personal no docente. Est\u00e1 presidido por el director del Centro. Los miembros del CE se eligen por votaci\u00f3n y se renuevan por mitades cada dos a\u00f1os.<\/p>\n\n\n\n<p>Entre las competencias del CE est\u00e1 aprobar la Programaci\u00f3n General Anual, proponer medidas e iniciativas para mejorar la convivencia y las instalaciones, valorar el funcionamiento general del centro, el rendimiento escolar y los resultados de las evaluaciones externas e internas, aprobar la propuesta del presupuesto y participar en la selecci\u00f3n del director o directora. <\/p>\n","protected":false},"excerpt":{"rendered":"<p>El Consejo Escolar es un \u00f3rgano colegiado de gobierno, en el que est\u00e1n representados todos los colectivos de la comunidad educativa: los alumnos, las familias, los docentes y el personal no docente. Est\u00e1 presidido por el director del Centro. Los miembros del CE se eligen por votaci\u00f3n y se renuevan por mitades cada dos a\u00f1os. &hellip; <\/p>\n<p class=\"link-more\"><a href=\"https:\/\/site.educa.madrid.org\/ies.elpinar.alcorcon\/index.php\/quienes-somos\/consejo-escolar\/\" class=\"more-link\">Continuar leyendo<span class=\"screen-reader-text\"> \u00abCONSEJO ESCOLAR\u00bb<\/span><\/a><\/p>\n","protected":false},"author":5,"featured_media":0,"parent":163,"menu_order":4,"comment_status":"closed","ping_status":"closed","template":"template\/template-page-full-width.php","meta":{"footnotes":""},"folder":[],"class_list":["post-183","page","type-page","status-publish","hentry"],"rttpg_featured_image_url":null,"rttpg_author":{"display_name":"Nieves Guti\u00e9rrez de la Concepci\u00f3n","author_link":"https:\/\/site.educa.madrid.org\/ies.elpinar.alcorcon\/index.php\/author\/nieves_gutirrez-de-la-concepcin\/"},"rttpg_comment":0,"rttpg_category":false,"rttpg_excerpt":"El Consejo Escolar es un \u00f3rgano colegiado de gobierno, en el que est\u00e1n representados todos los colectivos de la comunidad educativa: los alumnos, las familias, los docentes y el personal no docente. Est\u00e1 presidido por el director del Centro. Los miembros del CE se eligen por votaci\u00f3n y se renuevan por mitades cada dos a\u00f1os.&hellip;","post_mailing_queue_ids":[],"_links":{"self":[{"href":"https:\/\/site.educa.madrid.org\/ies.elpinar.alcorcon\/index.php\/wp-json\/wp\/v2\/pages\/183","targetHints":{"allow":["GET"]}}],"collection":[{"href":"https:\/\/site.educa.madrid.org\/ies.elpinar.alcorcon\/index.php\/wp-json\/wp\/v2\/pages"}],"about":[{"href":"https:\/\/site.educa.madrid.org\/ies.elpinar.alcorcon\/index.php\/wp-json\/wp\/v2\/types\/page"}],"author":[{"embeddable":true,"href":"https:\/\/site.educa.madrid.org\/ies.elpinar.alcorcon\/index.php\/wp-json\/wp\/v2\/users\/5"}],"replies":[{"embeddable":true,"href":"https:\/\/site.educa.madrid.org\/ies.elpinar.alcorcon\/index.php\/wp-json\/wp\/v2\/comments?post=183"}],"version-history":[{"count":3,"href":"https:\/\/site.educa.madrid.org\/ies.elpinar.alcorcon\/index.php\/wp-json\/wp\/v2\/pages\/183\/revisions"}],"predecessor-version":[{"id":680,"href":"https:\/\/site.educa.madrid.org\/ies.elpinar.alcorcon\/index.php\/wp-json\/wp\/v2\/pages\/183\/revisions\/680"}],"up":[{"embeddable":true,"href":"https:\/\/site.educa.madrid.org\/ies.elpinar.alcorcon\/index.php\/wp-json\/wp\/v2\/pages\/163"}],"wp:attachment":[{"href":"https:\/\/site.educa.madrid.org\/ies.elpinar.alcorcon\/index.php\/wp-json\/wp\/v2\/media?parent=183"}],"wp:term":[{"taxonomy":"folder","embeddable":true,"href":"https:\/\/site.educa.madrid.org\/ies.elpinar.alcorcon\/index.php\/wp-json\/wp\/v2\/folder?post=183"}],"curies":[{"name":"wp","href":"https:\/\/api.w.org\/{rel}","templated":true}]}}