{"id":1889,"date":"2025-11-27T12:54:53","date_gmt":"2025-11-27T11:54:53","guid":{"rendered":"https:\/\/site.educa.madrid.org\/ies.elpinar.alcorcon\/?page_id=1889"},"modified":"2026-05-11T17:05:23","modified_gmt":"2026-05-11T15:05:23","slug":"viaje_llanes_25_26","status":"publish","type":"page","link":"https:\/\/site.educa.madrid.org\/ies.elpinar.alcorcon\/index.php\/informacion-a-las-familias\/viaje_llanes_25_26\/","title":{"rendered":"Viaje a Llanes 2025\/26"},"content":{"rendered":"\n<figure class=\"wp-block-image size-full\"><img loading=\"lazy\" decoding=\"async\" width=\"997\" height=\"746\" src=\"https:\/\/site.educa.madrid.org\/ies.elpinar.alcorcon\/\/wp-content\/uploads\/ies.elpinar.alcorcon\/2025\/11\/Inmersion-Llanes.png\" alt=\"\" class=\"wp-image-1885\" srcset=\"https:\/\/site.educa.madrid.org\/ies.elpinar.alcorcon\/\/wp-content\/uploads\/ies.elpinar.alcorcon\/2025\/11\/Inmersion-Llanes.png 997w, https:\/\/site.educa.madrid.org\/ies.elpinar.alcorcon\/\/wp-content\/uploads\/ies.elpinar.alcorcon\/2025\/11\/Inmersion-Llanes-300x224.png 300w, https:\/\/site.educa.madrid.org\/ies.elpinar.alcorcon\/\/wp-content\/uploads\/ies.elpinar.alcorcon\/2025\/11\/Inmersion-Llanes-768x575.png 768w\" sizes=\"auto, (max-width: 706px) 89vw, (max-width: 767px) 82vw, 740px\" \/><\/figure>\n\n\n\n<p class=\"has-text-align-center\">Toda la informaci\u00f3n sobre el viaje de inmersi\u00f3n ling\u00fc\u00edstica a Llanes en este <a href=\"https:\/\/cloud.educa.madrid.org\/s\/y7P2GwxTepLwSRL\">enlace<\/a>.<\/p>\n\n\n\n<p class=\"has-text-align-center has-vivid-cyan-blue-color has-text-color has-link-color has-medium-font-size wp-elements-7e885b169d508d55547540a81f82323f\">Fichas de inscripci\u00f3n:<\/p>\n\n\n\n<div class=\"wp-block-buttons is-content-justification-center is-layout-flex wp-container-core-buttons-is-layout-16018d1d wp-block-buttons-is-layout-flex\">\n<div class=\"wp-block-button has-custom-width wp-block-button__width-25 is-style-outline is-style-outline--1\"><a class=\"wp-block-button__link has-vivid-cyan-blue-color has-text-color has-link-color wp-element-button\" href=\"https:\/\/urldefense.com\/v3\/__https:\/\/app.naturenglish.com\/hoja-inscripcion-curso?course=a060fcdb-1f0c-4d08-ab3d-df5bbe2dace1__;!!D9dNQwwGXtA!T7Q1OBTkYIhtfJcIeF3orfLWLACkJ4NDUvnRsa4ebnyHG_sKGmJo2TJdIylITcVOwi5rMTDiSXyFZXiIKHJ9tCfPABk5_NL8B37M9Q$\">1\u00ba ESO<\/a><\/div>\n\n\n\n<div class=\"wp-block-button has-custom-width wp-block-button__width-25 is-style-outline is-style-outline--2\"><a class=\"wp-block-button__link has-vivid-cyan-blue-color has-text-color has-link-color wp-element-button\" href=\"https:\/\/urldefense.com\/v3\/__https:\/\/app.naturenglish.com\/hoja-inscripcion-curso?course=a060fe51-061c-434e-9604-102dc84f36bd__;!!D9dNQwwGXtA!T7Q1OBTkYIhtfJcIeF3orfLWLACkJ4NDUvnRsa4ebnyHG_sKGmJo2TJdIylITcVOwi5rMTDiSXyFZXiIKHJ9tCfPABk5_NKA3ATwJw$\">2\u00ba ESO<\/a><\/div>\n<\/div>\n","protected":false},"excerpt":{"rendered":"<p>Toda la informaci\u00f3n sobre el viaje de inmersi\u00f3n ling\u00fc\u00edstica a Llanes en este enlace. Fichas de inscripci\u00f3n:<\/p>\n","protected":false},"author":2,"featured_media":0,"parent":554,"menu_order":5,"comment_status":"closed","ping_status":"closed","template":"","meta":{"footnotes":""},"folder":[],"class_list":["post-1889","page","type-page","status-publish","hentry"],"rttpg_featured_image_url":null,"rttpg_author":{"display_name":"tic.ies.elpinar.alcorcon","author_link":"https:\/\/site.educa.madrid.org\/ies.elpinar.alcorcon\/index.php\/author\/cuenta_tic-ies-elpinar-alcorcon\/"},"rttpg_comment":0,"rttpg_category":false,"rttpg_excerpt":"Toda la informaci\u00f3n sobre el viaje de inmersi\u00f3n ling\u00fc\u00edstica a Llanes en este enlace. Fichas de inscripci\u00f3n:","post_mailing_queue_ids":[],"_links":{"self":[{"href":"https:\/\/site.educa.madrid.org\/ies.elpinar.alcorcon\/index.php\/wp-json\/wp\/v2\/pages\/1889","targetHints":{"allow":["GET"]}}],"collection":[{"href":"https:\/\/site.educa.madrid.org\/ies.elpinar.alcorcon\/index.php\/wp-json\/wp\/v2\/pages"}],"about":[{"href":"https:\/\/site.educa.madrid.org\/ies.elpinar.alcorcon\/index.php\/wp-json\/wp\/v2\/types\/page"}],"author":[{"embeddable":true,"href":"https:\/\/site.educa.madrid.org\/ies.elpinar.alcorcon\/index.php\/wp-json\/wp\/v2\/users\/2"}],"replies":[{"embeddable":true,"href":"https:\/\/site.educa.madrid.org\/ies.elpinar.alcorcon\/index.php\/wp-json\/wp\/v2\/comments?post=1889"}],"version-history":[{"count":4,"href":"https:\/\/site.educa.madrid.org\/ies.elpinar.alcorcon\/index.php\/wp-json\/wp\/v2\/pages\/1889\/revisions"}],"predecessor-version":[{"id":1894,"href":"https:\/\/site.educa.madrid.org\/ies.elpinar.alcorcon\/index.php\/wp-json\/wp\/v2\/pages\/1889\/revisions\/1894"}],"up":[{"embeddable":true,"href":"https:\/\/site.educa.madrid.org\/ies.elpinar.alcorcon\/index.php\/wp-json\/wp\/v2\/pages\/554"}],"wp:attachment":[{"href":"https:\/\/site.educa.madrid.org\/ies.elpinar.alcorcon\/index.php\/wp-json\/wp\/v2\/media?parent=1889"}],"wp:term":[{"taxonomy":"folder","embeddable":true,"href":"https:\/\/site.educa.madrid.org\/ies.elpinar.alcorcon\/index.php\/wp-json\/wp\/v2\/folder?post=1889"}],"curies":[{"name":"wp","href":"https:\/\/api.w.org\/{rel}","templated":true}]}}