{"id":2386,"date":"2026-03-04T11:01:23","date_gmt":"2026-03-04T10:01:23","guid":{"rendered":"https:\/\/site.educa.madrid.org\/ies.elpinar.alcorcon\/?page_id=2386"},"modified":"2026-05-04T09:16:49","modified_gmt":"2026-05-04T07:16:49","slug":"podcast_mundo_romano","status":"publish","type":"page","link":"https:\/\/site.educa.madrid.org\/ies.elpinar.alcorcon\/index.php\/quienes-somos\/departamentos\/latin\/podcast_mundo_romano\/","title":{"rendered":"PodCast Mundo Romano"},"content":{"rendered":"<div class=\"wp-block-image\">\n<figure class=\"aligncenter size-full is-resized\"><img loading=\"lazy\" decoding=\"async\" width=\"1587\" height=\"2245\" src=\"https:\/\/site.educa.madrid.org\/ies.elpinar.alcorcon\/\/wp-content\/uploads\/ies.elpinar.alcorcon\/2026\/02\/Portada-Podcast.png\" alt=\"\" class=\"wp-image-2328\" style=\"width:300px\" srcset=\"https:\/\/site.educa.madrid.org\/ies.elpinar.alcorcon\/\/wp-content\/uploads\/ies.elpinar.alcorcon\/2026\/02\/Portada-Podcast.png 1587w, https:\/\/site.educa.madrid.org\/ies.elpinar.alcorcon\/\/wp-content\/uploads\/ies.elpinar.alcorcon\/2026\/02\/Portada-Podcast-212x300.png 212w, https:\/\/site.educa.madrid.org\/ies.elpinar.alcorcon\/\/wp-content\/uploads\/ies.elpinar.alcorcon\/2026\/02\/Portada-Podcast-724x1024.png 724w, https:\/\/site.educa.madrid.org\/ies.elpinar.alcorcon\/\/wp-content\/uploads\/ies.elpinar.alcorcon\/2026\/02\/Portada-Podcast-768x1086.png 768w, https:\/\/site.educa.madrid.org\/ies.elpinar.alcorcon\/\/wp-content\/uploads\/ies.elpinar.alcorcon\/2026\/02\/Portada-Podcast-1086x1536.png 1086w, https:\/\/site.educa.madrid.org\/ies.elpinar.alcorcon\/\/wp-content\/uploads\/ies.elpinar.alcorcon\/2026\/02\/Portada-Podcast-1448x2048.png 1448w\" sizes=\"auto, (max-width: 706px) 89vw, (max-width: 767px) 82vw, 740px\" \/><\/figure>\n<\/div>\n\n\n<p class=\"has-vivid-cyan-blue-color has-text-color has-link-color wp-elements-b946b34df1a682e5463e68b5dd996ac4\">Presentaci\u00f3n:<\/p>\n\n\n\n<figure class=\"wp-block-audio\"><audio controls src=\"https:\/\/site.educa.madrid.org\/ies.elpinar.alcorcon\/\/wp-content\/uploads\/ies.elpinar.alcorcon\/2026\/03\/Presentacion-Podcast.mp3\"><\/audio><\/figure>\n\n\n\n<p class=\"has-vivid-cyan-blue-color has-text-color has-link-color wp-elements-18442476d8250d55fad3f8eb8086e75c\">Cap\u00edtulo 1:<\/p>\n\n\n\n<figure class=\"wp-block-audio\"><audio controls src=\"https:\/\/site.educa.madrid.org\/ies.elpinar.alcorcon\/\/wp-content\/uploads\/ies.elpinar.alcorcon\/2026\/03\/Podcast-Paula-y-Paula-2.mp3\"><\/audio><\/figure>\n\n\n\n<p class=\"has-vivid-cyan-blue-color has-text-color has-link-color wp-elements-58ba49c8cbd65cec6783024f86bd7a64\">Cap\u00edtulo 2:<\/p>\n\n\n\n<figure class=\"wp-block-audio\"><audio controls src=\"https:\/\/site.educa.madrid.org\/ies.elpinar.alcorcon\/\/wp-content\/uploads\/ies.elpinar.alcorcon\/2026\/03\/Podcast-Claudia-y-Yamina.mp3\"><\/audio><\/figure>\n\n\n\n<p class=\"has-vivid-cyan-blue-color has-text-color has-link-color wp-elements-959927b55f5c8c93879e47dcd9a8acea\">Cap\u00edtulo 3:<\/p>\n\n\n\n<figure class=\"wp-block-audio\"><audio controls src=\"https:\/\/site.educa.madrid.org\/ies.elpinar.alcorcon\/\/wp-content\/uploads\/ies.elpinar.alcorcon\/2026\/04\/Podcast-Alejandra-y-Claudia-C.mp3\"><\/audio><\/figure>\n\n\n\n<p class=\"has-vivid-cyan-blue-color has-text-color has-link-color wp-elements-d9968060aa281c5dc792e0d2ceb7b8a3\">Cap\u00edtulo 4:<\/p>\n\n\n\n<figure class=\"wp-block-audio\"><audio controls src=\"https:\/\/site.educa.madrid.org\/ies.elpinar.alcorcon\/\/wp-content\/uploads\/ies.elpinar.alcorcon\/2026\/04\/Podcast-Aitor-Irene-y-Ariadna.mp3\"><\/audio><\/figure>\n\n\n\n<p class=\"has-vivid-cyan-blue-color has-text-color has-link-color wp-elements-791e6239590b1808995412043468ab6e\">Cap\u00edtulo 5:<\/p>\n\n\n\n<figure class=\"wp-block-audio\"><audio controls src=\"https:\/\/site.educa.madrid.org\/ies.elpinar.alcorcon\/\/wp-content\/uploads\/ies.elpinar.alcorcon\/2026\/05\/Pocast-Eduardo-y-Sandra.mp3\"><\/audio><\/figure>\n\n\n\n<p><\/p>\n","protected":false},"excerpt":{"rendered":"<p>Presentaci\u00f3n: Cap\u00edtulo 1: Cap\u00edtulo 2: Cap\u00edtulo 3: Cap\u00edtulo 4: Cap\u00edtulo 5:<\/p>\n","protected":false},"author":2,"featured_media":0,"parent":1729,"menu_order":0,"comment_status":"closed","ping_status":"closed","template":"","meta":{"footnotes":""},"folder":[],"class_list":["post-2386","page","type-page","status-publish","hentry"],"rttpg_featured_image_url":null,"rttpg_author":{"display_name":"tic.ies.elpinar.alcorcon","author_link":"https:\/\/site.educa.madrid.org\/ies.elpinar.alcorcon\/index.php\/author\/cuenta_tic-ies-elpinar-alcorcon\/"},"rttpg_comment":0,"rttpg_category":false,"rttpg_excerpt":"Presentaci\u00f3n: Cap\u00edtulo 1: Cap\u00edtulo 2: Cap\u00edtulo 3: Cap\u00edtulo 4: Cap\u00edtulo 5:","post_mailing_queue_ids":[],"_links":{"self":[{"href":"https:\/\/site.educa.madrid.org\/ies.elpinar.alcorcon\/index.php\/wp-json\/wp\/v2\/pages\/2386","targetHints":{"allow":["GET"]}}],"collection":[{"href":"https:\/\/site.educa.madrid.org\/ies.elpinar.alcorcon\/index.php\/wp-json\/wp\/v2\/pages"}],"about":[{"href":"https:\/\/site.educa.madrid.org\/ies.elpinar.alcorcon\/index.php\/wp-json\/wp\/v2\/types\/page"}],"author":[{"embeddable":true,"href":"https:\/\/site.educa.madrid.org\/ies.elpinar.alcorcon\/index.php\/wp-json\/wp\/v2\/users\/2"}],"replies":[{"embeddable":true,"href":"https:\/\/site.educa.madrid.org\/ies.elpinar.alcorcon\/index.php\/wp-json\/wp\/v2\/comments?post=2386"}],"version-history":[{"count":10,"href":"https:\/\/site.educa.madrid.org\/ies.elpinar.alcorcon\/index.php\/wp-json\/wp\/v2\/pages\/2386\/revisions"}],"predecessor-version":[{"id":2564,"href":"https:\/\/site.educa.madrid.org\/ies.elpinar.alcorcon\/index.php\/wp-json\/wp\/v2\/pages\/2386\/revisions\/2564"}],"up":[{"embeddable":true,"href":"https:\/\/site.educa.madrid.org\/ies.elpinar.alcorcon\/index.php\/wp-json\/wp\/v2\/pages\/1729"}],"wp:attachment":[{"href":"https:\/\/site.educa.madrid.org\/ies.elpinar.alcorcon\/index.php\/wp-json\/wp\/v2\/media?parent=2386"}],"wp:term":[{"taxonomy":"folder","embeddable":true,"href":"https:\/\/site.educa.madrid.org\/ies.elpinar.alcorcon\/index.php\/wp-json\/wp\/v2\/folder?post=2386"}],"curies":[{"name":"wp","href":"https:\/\/api.w.org\/{rel}","templated":true}]}}