{"id":2398,"date":"2026-03-04T13:03:53","date_gmt":"2026-03-04T12:03:53","guid":{"rendered":"https:\/\/site.educa.madrid.org\/ies.elpinar.alcorcon\/?page_id=2398"},"modified":"2026-03-04T13:17:43","modified_gmt":"2026-03-04T12:17:43","slug":"lengua","status":"publish","type":"page","link":"https:\/\/site.educa.madrid.org\/ies.elpinar.alcorcon\/index.php\/quienes-somos\/departamentos\/lengua\/","title":{"rendered":"Lengua"},"content":{"rendered":"<style type='text\/css' media='all'>#rt-tpg-container-924112634 .rt-holder .rt-woo-info .price{color:#0693e3;}body .rt-tpg-container .rt-tpg-isotope-buttons .selected,\n\t\t\t\t\t#rt-tpg-container-924112634 .layout12 .rt-holder:hover .rt-detail,\n\t\t\t\t\t#rt-tpg-container-924112634 .isotope8 .rt-holder:hover .rt-detail,\n\t\t\t\t\t#rt-tpg-container-924112634 .carousel8 .rt-holder:hover .rt-detail,\n\t\t\t\t\t#rt-tpg-container-924112634 .layout13 .rt-holder .overlay .post-info,\n\t\t\t\t\t#rt-tpg-container-924112634 .isotope9 .rt-holder .overlay .post-info,\n\t\t\t\t\t#rt-tpg-container-924112634.rt-tpg-container .layout4 .rt-holder .rt-detail,\n\t\t\t\t\t.rt-modal-924112634 .md-content,\n\t\t\t\t\t.rt-modal-924112634 .md-content > .rt-md-content-holder .rt-md-content,\n\t\t\t\t\t.rt-popup-wrap-924112634.rt-popup-wrap .rt-popup-navigation-wrap,\n\t\t\t\t\t#rt-tpg-container-924112634 .carousel9 .rt-holder .overlay .post-info{background-color:#0693e3;}#rt-tpg-container-924112634 .layout5 .rt-holder .overlay, #rt-tpg-container-924112634 .isotope2 .rt-holder .overlay, #rt-tpg-container-924112634 .carousel2 .rt-holder .overlay,#rt-tpg-container-924112634 .layout15 .rt-holder h3, #rt-tpg-container-924112634 .isotope11 .rt-holder h3, #rt-tpg-container-924112634 .carousel11 .rt-holder h3, #rt-tpg-container-924112634 .layout16 .rt-holder h3,\n\t\t\t\t\t#rt-tpg-container-924112634 .isotope12 .rt-holder h3, #rt-tpg-container-924112634 .carousel12 .rt-holder h3 {background-color:rgba(6,147,227,0.8);}#rt-tpg-container-924112634 .pagination-list li a,\n\t\t\t\t\trt-tpg-container-924112634 .pagination-list li span,\n\t\t\t\t\trt-tpg-container-924112634 .pagination li a,\n\t\t\t\t\t#rt-tpg-container-924112634 .rt-tpg-isotope-buttons button,\n\t\t\t\t\t#rt-tpg-container-924112634 .rt-tpg-utility .rt-tpg-load-more button,\n\t\t\t\t\t#rt-tpg-container-924112634.rt-tpg-container .swiper-navigation .slider-btn,\n\t\t\t\t\t#rt-tpg-container-924112634.rt-tpg-container .swiper-pagination-bullet,\n\t\t\t\t\t#rt-tpg-container-924112634 .wc1 .rt-holder .rt-img-holder .overlay .product-more ul li a,\n\t\t\t\t\t#rt-tpg-container-924112634 .wc2 .rt-detail .rt-wc-add-to-cart,\n\t\t\t\t\t#rt-tpg-container-924112634 .wc3 .rt-detail .rt-wc-add-to-cart,\n\t\t\t\t\t#rt-tpg-container-924112634 .wc4 .rt-detail .rt-wc-add-to-cart,\n\t\t\t\t\t#rt-tpg-container-924112634 .wc-carousel2 .rt-detail .rt-wc-add-to-cart,\n\t\t\t\t\t#rt-tpg-container-924112634 .wc-isotope2 .rt-detail .rt-wc-add-to-cart,\n\t\t\t\t\t#rt-tpg-container-924112634 .rt-layout-filter-container .rt-filter-wrap .rt-filter-item-wrap.rt-filter-dropdown-wrap .rt-filter-dropdown,\n\t\t\t\t\t#rt-tpg-container-924112634 .rt-layout-filter-container .rt-filter-sub-tax.sub-button-group .rt-filter-button-item,\n\t\t\t\t\t#rt-tpg-container-924112634.rt-tpg-container .rt-pagination-wrap .rt-page-numbers .paginationjs .paginationjs-pages ul li>a,\n\t\t\t\t\t#rt-tpg-container-924112634 .rt-filter-item-wrap.rt-filter-button-wrap span.rt-filter-button-item,\n\t\t\t\t\t#rt-tpg-container-924112634.rt-tpg-container .rt-pagination-wrap  .rt-loadmore-btn,\n\t\t\t\t\t#rt-tpg-container-924112634.rt-tpg-container .rt-pagination-wrap .rt-cb-page-prev-next > *,\n\t\t\t\t\t#rt-tpg-container-924112634 .rt-read-more,\n\t\t\t\t\t#rt-tooltip-924112634, #rt-tooltip-924112634 .rt-tooltip-bottom:after{background-color:#0693e3;}#rt-tpg-container-924112634 .rt-filter-item-wrap.rt-filter-button-wrap span.rt-filter-button-item,\n\t\t\t\t\t#rt-tpg-container-924112634 .rt-layout-filter-container .rt-filter-sub-tax.sub-button-group .rt-filter-button-item{border-color:#0693e3;}#rt-tpg-container-924112634.rt-tpg-container .layout17 .rt-holder .overlay a.tpg-zoom .fa{color:#0693e3;}#rt-tpg-container-924112634 .rt-holder .read-more a {background-color:#0693e3;padding: 8px 15px;}#rt-tpg-container-924112634 .pagination-list li a,\n\t\t\t\t\t#rt-tpg-container-924112634 .pagination li a,\n\t\t\t\t\t#rt-tpg-container-924112634 .rt-tpg-isotope-buttons button,\n\t\t\t\t\t#rt-tpg-container-924112634 .rt-holder .read-more a,\n\t\t\t\t\t#rt-tpg-container-924112634 .rt-tpg-utility .rt-tpg-load-more button,\n\t\t\t\t\t#rt-tpg-container-924112634.rt-tpg-container .swiper-navigation .slider-btn,\n\t\t\t\t\t#rt-tpg-container-924112634 .wc1 .rt-holder .rt-img-holder .overlay .product-more ul li a,\n\t\t\t\t\t#rt-tpg-container-924112634 .edd1 .rt-holder .rt-img-holder .overlay .product-more ul li a,\n\t\t\t\t\t#rt-tpg-container-924112634 .wc2 .rt-detail .rt-wc-add-to-cart,\n\t\t\t\t\t#rt-tpg-container-924112634 .wc3 .rt-detail .rt-wc-add-to-cart,\n\t\t\t\t\t#rt-tpg-container-924112634 .edd2 .rt-detail .rt-wc-add-to-cart,\n\t\t\t\t\t#rt-tpg-container-924112634 .wc4 .rt-detail .rt-wc-add-to-cart,\n\t\t\t\t\t#rt-tpg-container-924112634 .edd3 .rt-detail .rt-wc-add-to-cart,\n\t\t\t\t\t#rt-tpg-container-924112634 .wc-carousel2 .rt-detail .rt-wc-add-to-cart,\n\t\t\t\t\t#rt-tpg-container-924112634 .wc-isotope2 .rt-detail .rt-wc-add-to-cart,\n\t\t\t\t\t#rt-tpg-container-924112634 .rt-tpg-utility .rt-tpg-load-more button,\n\t\t\t\t\t#rt-tooltip-924112634,\n\t\t\t\t\t#rt-tpg-container-924112634 .rt-filter-item-wrap.rt-filter-button-wrap span.rt-filter-button-item,\n\t\t\t\t\t#rt-tpg-container-924112634 .rt-layout-filter-container .rt-filter-sub-tax.sub-button-group .rt-filter-button-item,\n\t\t\t\t\t#rt-tpg-container-924112634 .rt-layout-filter-container .rt-filter-wrap .rt-filter-item-wrap.rt-sort-order-action,\n\t\t\t\t\t#rt-tpg-container-924112634 .rt-layout-filter-container .rt-filter-wrap .rt-filter-item-wrap.rt-filter-dropdown-wrap .rt-filter-dropdown .rt-filter-dropdown-item,\n\t\t\t\t\t#rt-tpg-container-924112634.rt-tpg-container .rt-pagination-wrap .rt-page-numbers .paginationjs .paginationjs-pages ul li>a,\n\t\t\t\t\t#rt-tpg-container-924112634.rt-tpg-container .rt-pagination-wrap .rt-cb-page-prev-next > *,\n\t\t\t\t\t#rt-tpg-container-924112634.rt-tpg-container .rt-pagination-wrap  .rt-loadmore-btn,\n\t\t\t\t\t#rt-tpg-container-924112634 .rt-read-more,\n\t\t\t\t\t#rt-tooltip-924112634 .rt-tooltip-bottom:after{color:#0693e3;}#rt-tpg-container-924112634 .read-more a{border-radius:px;}#rt-tpg-container-924112634 .rt-img-holder img.rt-img-responsive,#rt-tpg-container-924112634 .rt-img-holder,\n\t\t\t\t\t#rt-tpg-container-924112634 .rt-post-overlay .post-img,\n\t\t\t\t\t#rt-tpg-container-924112634 .post-sm .post-img,\n\t\t\t\t\t#rt-tpg-container-924112634 .rt-post-grid .post-img,\n\t\t\t\t\t#rt-tpg-container-924112634 .post-img img {border-radius:px;}#rt-tpg-container-924112634 .layout2 .rt-holder h2.entry-title,\n\t\t\t\t\t#rt-tpg-container-924112634 .layout2 .rt-holder h3.entry-title,\n\t\t\t\t\t#rt-tpg-container-924112634 .layout2 .rt-holder h4.entry-title,\n\t\t\t\t\t#rt-tpg-container-924112634 .layout2 .rt-holder h2.entry-title a,\n\t\t\t\t\t#rt-tpg-container-924112634 .layout2 .rt-holder h3.entry-title a,\n\t\t\t\t\t#rt-tpg-container-924112634 .layout2 .rt-holder h4.entry-title a,\n\t\t\t\t\t#rt-tpg-container-924112634 .rt-holder .rt-woo-info h2 a,\n\t\t\t\t\t#rt-tpg-container-924112634 .rt-holder .rt-woo-info h3 a,\n\t\t\t\t\t#rt-tpg-container-924112634 .rt-holder .rt-woo-info h4 a,\n\t\t\t\t\t#rt-tpg-container-924112634 .post-content .post-title,\n\t\t\t\t\t#rt-tpg-container-924112634 .rt-post-grid .post-title,\n\t\t\t\t\t#rt-tpg-container-924112634 .rt-post-grid .post-title a,\n\t\t\t\t\t#rt-tpg-container-924112634 .post-content .post-title a,\n\t\t\t\t\t#rt-tpg-container-924112634 .rt-holder .rt-woo-info h2,\n\t\t\t\t\t#rt-tpg-container-924112634 .rt-holder .rt-woo-info h3,\n\t\t\t\t\t#rt-tpg-container-924112634 .rt-holder .rt-woo-info h4{color:#0693e3;text-align:center;}<\/style><div class='rt-container-fluid rt-tpg-container tpg-shortcode-main-wrapper ' id='rt-tpg-container-924112634'   data-layout='layout2' data-grid-style='even' data-desktop-col='1'  data-tab-col='2'  data-mobile-col='1' data-sc-id='2400'><div data-title='Loading ...' class='rt-row rt-content-loader   layout2 tpg-even '><div class=\"rt-col-md-12 rt-col-sm-6 rt-col-xs-12 even-grid-item rt-grid-item\" data-id=\"2402\"><div class=\"rt-holder\"><div class=\"rt-row\"><div class='rt-col-xs-12'><div class='rt-detail'><h3 class=\"entry-title\"><a data-id=\"2402\" class=\"\" href=\"https:\/\/site.educa.madrid.org\/ies.elpinar.alcorcon\/index.php\/2026\/03\/04\/iv-liga-de-debate\/\">IV Liga de debate<\/a><\/h3><div class='post-meta-user '><span class='date-meta'><i class='far fa-calendar-alt '><\/i>4 marzo, 2026<\/span><\/div><div class='tpg-excerpt'>\n<figure class=\"wp-block-image\"><img decoding=\"async\" loading=\"lazy\" width=\"819\" height=\"1024\" src=\"https:\/\/site.educa.madrid.org\/ies.elpinar.alcorcon\/\/wp-content\/uploads\/ies.elpinar.alcorcon\/2026\/03\/InCollage_20260218_220336332-819x1024.jpg\" alt=\"\" class=\"wp-image-2404\" srcset=\"https:\/\/site.educa.madrid.org\/ies.elpinar.alcorcon\/\/wp-content\/uploads\/ies.elpinar.alcorcon\/2026\/03\/InCollage_20260218_220336332-819x1024.jpg 819w, https:\/\/site.educa.madrid.org\/ies.elpinar.alcorcon\/\/wp-content\/uploads\/ies.elpinar.alcorcon\/2026\/03\/InCollage_20260218_220336332-240x300.jpg 240w, https:\/\/site.educa.madrid.org\/ies.elpinar.alcorcon\/\/wp-content\/uploads\/ies.elpinar.alcorcon\/2026\/03\/InCollage_20260218_220336332-768x960.jpg 768w, https:\/\/site.educa.madrid.org\/ies.elpinar.alcorcon\/\/wp-content\/uploads\/ies.elpinar.alcorcon\/2026\/03\/InCollage_20260218_220336332-1229x1536.jpg 1229w, https:\/\/site.educa.madrid.org\/ies.elpinar.alcorcon\/\/wp-content\/uploads\/ies.elpinar.alcorcon\/2026\/03\/InCollage_20260218_220336332-1638x2048.jpg 1638w, https:\/\/site.educa.madrid.org\/ies.elpinar.alcorcon\/\/wp-content\/uploads\/ies.elpinar.alcorcon\/2026\/03\/InCollage_20260218_220336332-scaled.jpg 2048w\" sizes=\"auto, (max-width: 706px) 89vw, (max-width: 767px) 82vw, 740px\" \/><\/figure>\n\n\n\n<p>Los alumnos de 3.\u00ba ESO, en la asignatura de Proyecto de Oratoria y Debate, compiten en la IV Liga de Debate organizada por el Ayuntamiento de Alcorc\u00f3n.<\/p>\n\n\n\n<p>Este curso se ha propuesto la pregunta <strong>\u00ab\u00bfEs justo limitar la libertad de expresi\u00f3n para evitar la desinformaci\u00f3n?\u00bb<\/strong>. Gracias a ella se abordan diferentes posturas tanto \u00aba favor\u00bb como \u00aben contra\u00bb para potenciar su pensamiento cr\u00edtico, expresi\u00f3n y comprensi\u00f3n tanto oral como escrita.<\/p>\n\n\n\n <a href=\"https:\/\/site.educa.madrid.org\/ies.elpinar.alcorcon\/index.php\/2026\/03\/04\/iv-liga-de-debate\/#more-2402\" class=\"more-link\"><span aria-label=\"Sigue leyendo IV Liga de debate\">(m\u00e1s&hellip;)<\/span><\/a><\/div><\/div><\/div><\/div><\/div><\/div><div class=\"rt-col-md-12 rt-col-sm-6 rt-col-xs-12 even-grid-item rt-grid-item\" data-id=\"2427\"><div class=\"rt-holder\"><div class=\"rt-row\"><div class='rt-col-xs-12'><div class='rt-detail'><h3 class=\"entry-title\"><a data-id=\"2427\" class=\"\" href=\"https:\/\/site.educa.madrid.org\/ies.elpinar.alcorcon\/index.php\/2026\/02\/25\/voces-de-papel-primer-encuentro\/\">Voces de Papel: primer encuentro<\/a><\/h3><div class='post-meta-user '><span class='date-meta'><i class='far fa-calendar-alt '><\/i>25 febrero, 2026<\/span><\/div><div class='tpg-excerpt'>\n<figure class=\"wp-block-image\"><img decoding=\"async\" loading=\"lazy\" width=\"819\" height=\"1024\" src=\"https:\/\/site.educa.madrid.org\/ies.elpinar.alcorcon\/\/wp-content\/uploads\/ies.elpinar.alcorcon\/2026\/03\/COLLAGE-819x1024.jpg\" alt=\"\" class=\"wp-image-2415\" srcset=\"https:\/\/site.educa.madrid.org\/ies.elpinar.alcorcon\/\/wp-content\/uploads\/ies.elpinar.alcorcon\/2026\/03\/COLLAGE-819x1024.jpg 819w, https:\/\/site.educa.madrid.org\/ies.elpinar.alcorcon\/\/wp-content\/uploads\/ies.elpinar.alcorcon\/2026\/03\/COLLAGE-240x300.jpg 240w, https:\/\/site.educa.madrid.org\/ies.elpinar.alcorcon\/\/wp-content\/uploads\/ies.elpinar.alcorcon\/2026\/03\/COLLAGE-768x960.jpg 768w, https:\/\/site.educa.madrid.org\/ies.elpinar.alcorcon\/\/wp-content\/uploads\/ies.elpinar.alcorcon\/2026\/03\/COLLAGE-1229x1536.jpg 1229w, https:\/\/site.educa.madrid.org\/ies.elpinar.alcorcon\/\/wp-content\/uploads\/ies.elpinar.alcorcon\/2026\/03\/COLLAGE-1638x2048.jpg 1638w, https:\/\/site.educa.madrid.org\/ies.elpinar.alcorcon\/\/wp-content\/uploads\/ies.elpinar.alcorcon\/2026\/03\/COLLAGE-scaled.jpg 2048w\" sizes=\"auto, (max-width: 706px) 89vw, (max-width: 767px) 82vw, 740px\" \/><\/figure>\n\n\n\n<p>Contamos con la presencia de la escritora Daniela Jaunarena que vino a participar en nuestra primera sesi\u00f3n sobre su libro<strong> \u00abY, sin embargo, siguieron caminando\u00bb<\/strong> donde participaron tanto alumnos como profesores y, estuvimos acompa\u00f1ados, del Director de Educaci\u00f3n del Ayuntamiento de Alcorc\u00f3n, D. Diego Segovia que mostr\u00f3 su apoyo a esta iniciativa cultural.\u00a0<\/p>\n<\/div><\/div><\/div><\/div><\/div><\/div><div class=\"rt-col-md-12 rt-col-sm-6 rt-col-xs-12 even-grid-item rt-grid-item\" data-id=\"2433\"><div class=\"rt-holder\"><div class=\"rt-row\"><div class='rt-col-xs-12'><div class='rt-detail'><h3 class=\"entry-title\"><a data-id=\"2433\" class=\"\" href=\"https:\/\/site.educa.madrid.org\/ies.elpinar.alcorcon\/index.php\/2026\/02\/18\/voces-de-papel-primer-encuentro-2\/\">Rinc\u00f3n Lector<\/a><\/h3><div class='post-meta-user '><span class='date-meta'><i class='far fa-calendar-alt '><\/i>18 febrero, 2026<\/span><\/div><div class='tpg-excerpt'>\n<figure class=\"wp-block-image\"><img decoding=\"async\" loading=\"lazy\" width=\"819\" height=\"1024\" src=\"https:\/\/site.educa.madrid.org\/ies.elpinar.alcorcon\/\/wp-content\/uploads\/ies.elpinar.alcorcon\/2026\/03\/COLLAGERINCON-819x1024.jpg\" alt=\"\" class=\"wp-image-2423\" srcset=\"https:\/\/site.educa.madrid.org\/ies.elpinar.alcorcon\/\/wp-content\/uploads\/ies.elpinar.alcorcon\/2026\/03\/COLLAGERINCON-819x1024.jpg 819w, https:\/\/site.educa.madrid.org\/ies.elpinar.alcorcon\/\/wp-content\/uploads\/ies.elpinar.alcorcon\/2026\/03\/COLLAGERINCON-240x300.jpg 240w, https:\/\/site.educa.madrid.org\/ies.elpinar.alcorcon\/\/wp-content\/uploads\/ies.elpinar.alcorcon\/2026\/03\/COLLAGERINCON-768x960.jpg 768w, https:\/\/site.educa.madrid.org\/ies.elpinar.alcorcon\/\/wp-content\/uploads\/ies.elpinar.alcorcon\/2026\/03\/COLLAGERINCON-1229x1536.jpg 1229w, https:\/\/site.educa.madrid.org\/ies.elpinar.alcorcon\/\/wp-content\/uploads\/ies.elpinar.alcorcon\/2026\/03\/COLLAGERINCON-1638x2048.jpg 1638w, https:\/\/site.educa.madrid.org\/ies.elpinar.alcorcon\/\/wp-content\/uploads\/ies.elpinar.alcorcon\/2026\/03\/COLLAGERINCON-scaled.jpg 2048w\" sizes=\"auto, (max-width: 706px) 89vw, (max-width: 767px) 82vw, 740px\" \/><\/figure>\n\n\n\n<p>Dentro de las actividades propuestas desde Voces de Papel, el Club de Lectura, hemos creado un Rinc\u00f3n Lector que va a tener presencia en los dos edificios del centro: uno (en el edificio A) frente a la Conserjer\u00eda y otro (en el edificio B) junto al Sal\u00f3n de Actos. Con esta iniciativa queremos potenciar y fomentar la lectura entre el alumnado como fin para que mejoren la competencia comunicativa en su totalidad.<\/p>\n\n\n\n<p class=\"has-text-align-center\">Esperamos que disfruten de estos recursos y que participen en estas actividades culturales.&nbsp;<\/p>\n<\/div><\/div><\/div><\/div><\/div><\/div><\/div><\/div>","protected":false},"excerpt":{"rendered":"","protected":false},"author":2,"featured_media":0,"parent":896,"menu_order":7,"comment_status":"closed","ping_status":"closed","template":"page-with-submenu.php","meta":{"footnotes":""},"folder":[],"class_list":["post-2398","page","type-page","status-publish","hentry"],"rttpg_featured_image_url":null,"rttpg_author":{"display_name":"tic.ies.elpinar.alcorcon","author_link":"https:\/\/site.educa.madrid.org\/ies.elpinar.alcorcon\/index.php\/author\/cuenta_tic-ies-elpinar-alcorcon\/"},"rttpg_comment":0,"rttpg_category":false,"rttpg_excerpt":null,"post_mailing_queue_ids":[],"_links":{"self":[{"href":"https:\/\/site.educa.madrid.org\/ies.elpinar.alcorcon\/index.php\/wp-json\/wp\/v2\/pages\/2398","targetHints":{"allow":["GET"]}}],"collection":[{"href":"https:\/\/site.educa.madrid.org\/ies.elpinar.alcorcon\/index.php\/wp-json\/wp\/v2\/pages"}],"about":[{"href":"https:\/\/site.educa.madrid.org\/ies.elpinar.alcorcon\/index.php\/wp-json\/wp\/v2\/types\/page"}],"author":[{"embeddable":true,"href":"https:\/\/site.educa.madrid.org\/ies.elpinar.alcorcon\/index.php\/wp-json\/wp\/v2\/users\/2"}],"replies":[{"embeddable":true,"href":"https:\/\/site.educa.madrid.org\/ies.elpinar.alcorcon\/index.php\/wp-json\/wp\/v2\/comments?post=2398"}],"version-history":[{"count":2,"href":"https:\/\/site.educa.madrid.org\/ies.elpinar.alcorcon\/index.php\/wp-json\/wp\/v2\/pages\/2398\/revisions"}],"predecessor-version":[{"id":2401,"href":"https:\/\/site.educa.madrid.org\/ies.elpinar.alcorcon\/index.php\/wp-json\/wp\/v2\/pages\/2398\/revisions\/2401"}],"up":[{"embeddable":true,"href":"https:\/\/site.educa.madrid.org\/ies.elpinar.alcorcon\/index.php\/wp-json\/wp\/v2\/pages\/896"}],"wp:attachment":[{"href":"https:\/\/site.educa.madrid.org\/ies.elpinar.alcorcon\/index.php\/wp-json\/wp\/v2\/media?parent=2398"}],"wp:term":[{"taxonomy":"folder","embeddable":true,"href":"https:\/\/site.educa.madrid.org\/ies.elpinar.alcorcon\/index.php\/wp-json\/wp\/v2\/folder?post=2398"}],"curies":[{"name":"wp","href":"https:\/\/api.w.org\/{rel}","templated":true}]}}