{"id":2413,"date":"2026-03-04T18:15:55","date_gmt":"2026-03-04T17:15:55","guid":{"rendered":"https:\/\/site.educa.madrid.org\/ies.elpinar.alcorcon\/?page_id=2413"},"modified":"2026-03-10T09:33:56","modified_gmt":"2026-03-10T08:33:56","slug":"voces_papel","status":"publish","type":"page","link":"https:\/\/site.educa.madrid.org\/ies.elpinar.alcorcon\/index.php\/quienes-somos\/departamentos\/lengua\/voces_papel\/","title":{"rendered":"Voces de Papel"},"content":{"rendered":"\n<figure class=\"wp-block-image size-large\"><img loading=\"lazy\" decoding=\"async\" width=\"1024\" height=\"683\" src=\"https:\/\/site.educa.madrid.org\/ies.elpinar.alcorcon\/\/wp-content\/uploads\/ies.elpinar.alcorcon\/2026\/03\/voces-1024x683.png\" alt=\"\" class=\"wp-image-2453\" srcset=\"https:\/\/site.educa.madrid.org\/ies.elpinar.alcorcon\/\/wp-content\/uploads\/ies.elpinar.alcorcon\/2026\/03\/voces-1024x683.png 1024w, https:\/\/site.educa.madrid.org\/ies.elpinar.alcorcon\/\/wp-content\/uploads\/ies.elpinar.alcorcon\/2026\/03\/voces-300x200.png 300w, https:\/\/site.educa.madrid.org\/ies.elpinar.alcorcon\/\/wp-content\/uploads\/ies.elpinar.alcorcon\/2026\/03\/voces-768x512.png 768w, https:\/\/site.educa.madrid.org\/ies.elpinar.alcorcon\/\/wp-content\/uploads\/ies.elpinar.alcorcon\/2026\/03\/voces-391x260.png 391w, https:\/\/site.educa.madrid.org\/ies.elpinar.alcorcon\/\/wp-content\/uploads\/ies.elpinar.alcorcon\/2026\/03\/voces-272x182.png 272w, https:\/\/site.educa.madrid.org\/ies.elpinar.alcorcon\/\/wp-content\/uploads\/ies.elpinar.alcorcon\/2026\/03\/voces-360x240.png 360w, https:\/\/site.educa.madrid.org\/ies.elpinar.alcorcon\/\/wp-content\/uploads\/ies.elpinar.alcorcon\/2026\/03\/voces.png 1536w\" sizes=\"auto, (max-width: 706px) 89vw, (max-width: 767px) 82vw, 740px\" \/><\/figure>\n\n\n\n<p class=\"has-vivid-cyan-blue-color has-text-color has-link-color wp-elements-c03bb7992eb66decb09c6b0be36d10ae\">\u00abVoces de Papel\u00bb es el Club de Lectura creado por el Departamento de Lengua en el IES El Pinar. <\/p>\n\n\n\n<p class=\"has-black-color has-text-color has-link-color wp-elements-45de13eb193bf17738f9041cece38575\">Se trata de una iniciativa educativa y cultural que busca fomentar el gusto por la lectura, la reflexi\u00f3n cr\u00edtica y el di\u00e1logo entre los miembros de la comunidad educativa. Se trata de un espacio de encuentro donde alumnado y profesorado podr\u00e1n compartir experiencias lectoras, descubrir autores y g\u00e9neros diversos, y disfrutar del placer de leer de manera compartida. Se realizar\u00e1n lecturas comunes elegidas con tem\u00e1ticas apropiadas y cercanas a todos, tertulias literarias, debates, actividades creativas relacionadas con los textos le\u00eddos (rese\u00f1as, dramatizaciones, ilustraciones, podcasts, v\u00eddeos, etc.) y encuentros con autores o actividades conmemorativas vinculadas a fechas literarias relevantes. Todo ello con un enfoque participativo y din\u00e1mico que invite a leer, pensar y crear.<\/p>\n\n\n\n<p class=\"has-black-color has-text-color has-link-color wp-elements-5edcb2901978db475a413e361ae4f2a9\">La creaci\u00f3n del Club en este centro responde a la necesidad de potenciar la competencia lectora y comunicativa, as\u00ed como de ofrecer un espacio de intercambio cultural en el que la literatura se convierta en una herramienta para el desarrollo personal y social. Adem\u00e1s, busca estrechar los lazos entre alumnado y profesorado desde una perspectiva diferente, m\u00e1s humana, donde la lectura act\u00fae como puente entre generaciones y materias gracias a la uni\u00f3n de los dos equipos: alumnado y profesorado del centro. Con esta propuesta pretendemos despertar el inter\u00e9s por la lectura, mejorar la expresi\u00f3n oral y escrita, estimular la empat\u00eda y la imaginaci\u00f3n, adem\u00e1s de fortalecer el sentido de pertenencia a una comunidad educativa activa y creativa.&nbsp;<\/p>\n\n\n\n<p class=\"has-vivid-cyan-blue-color has-text-color has-link-color wp-elements-fa447a0d8214126b93eef190f444915b\">Primer encuentro:<\/p>\n\n\n\n<div class=\"wp-block-media-text has-media-on-the-right is-stacked-on-mobile\"><div class=\"wp-block-media-text__content\">\n<p class=\"has-small-font-size\">Contamos con la presencia de la escritora Daniela Jaunarena que vino a participar en nuestra primera sesi\u00f3n sobre su libro<strong> \u00abY, sin embargo, siguieron caminando\u00bb<\/strong> donde participaron tanto alumnos como profesores y, estuvimos acompa\u00f1ados, del Director de Educaci\u00f3n del Ayuntamiento de Alcorc\u00f3n, D. Diego Segovia que mostr\u00f3 su apoyo a esta iniciativa cultural.&nbsp;<\/p>\n<\/div><figure class=\"wp-block-media-text__media\"><a href=\"https:\/\/site.educa.madrid.org\/ies.elpinar.alcorcon\/\/wp-content\/uploads\/ies.elpinar.alcorcon\/2026\/03\/COLLAGE-scaled.jpg\"><img loading=\"lazy\" decoding=\"async\" width=\"819\" height=\"1024\" src=\"https:\/\/site.educa.madrid.org\/ies.elpinar.alcorcon\/\/wp-content\/uploads\/ies.elpinar.alcorcon\/2026\/03\/COLLAGE-819x1024.jpg\" alt=\"\" class=\"wp-image-2415 size-full\" srcset=\"https:\/\/site.educa.madrid.org\/ies.elpinar.alcorcon\/\/wp-content\/uploads\/ies.elpinar.alcorcon\/2026\/03\/COLLAGE-819x1024.jpg 819w, https:\/\/site.educa.madrid.org\/ies.elpinar.alcorcon\/\/wp-content\/uploads\/ies.elpinar.alcorcon\/2026\/03\/COLLAGE-240x300.jpg 240w, https:\/\/site.educa.madrid.org\/ies.elpinar.alcorcon\/\/wp-content\/uploads\/ies.elpinar.alcorcon\/2026\/03\/COLLAGE-768x960.jpg 768w, https:\/\/site.educa.madrid.org\/ies.elpinar.alcorcon\/\/wp-content\/uploads\/ies.elpinar.alcorcon\/2026\/03\/COLLAGE-1229x1536.jpg 1229w, https:\/\/site.educa.madrid.org\/ies.elpinar.alcorcon\/\/wp-content\/uploads\/ies.elpinar.alcorcon\/2026\/03\/COLLAGE-1638x2048.jpg 1638w, https:\/\/site.educa.madrid.org\/ies.elpinar.alcorcon\/\/wp-content\/uploads\/ies.elpinar.alcorcon\/2026\/03\/COLLAGE-scaled.jpg 2048w\" sizes=\"auto, (max-width: 706px) 89vw, (max-width: 767px) 82vw, 740px\" \/><\/a><\/figure><\/div>\n\n\n\n<p class=\"has-vivid-cyan-blue-color has-text-color has-link-color wp-elements-775b667b7c44996b251c211dbfcb9e07\">Rinc\u00f3n Lector:<\/p>\n\n\n\n<p class=\"has-small-font-size\">Dentro de las actividades propuestas en el Club de Lectura, hemos creado un Rinc\u00f3n Lector que va a tener presencia en los dos edificios del centro: uno (en el edificio A) frente a la Conserjer\u00eda y otro (en el edificio B) junto al Sal\u00f3n de Actos. Con esta iniciativa queremos potenciar y fomentar la lectura entre el alumnado como fin para que mejoren la competencia comunicativa en su totalidad. As\u00ed, cuenta con un listado de autopr\u00e9stamo con el que llevar\u00e1n un registro personalizado, pero no tendr\u00e1 una fecha l\u00edmite para motivar a que lean con tranquilidad tanto en los bancos del instituto como en sus hogares.&nbsp;<\/p>\n\n\n\n<div class=\"wp-block-media-text is-stacked-on-mobile is-vertically-aligned-center\"><figure class=\"wp-block-media-text__media\"><a href=\"https:\/\/site.educa.madrid.org\/ies.elpinar.alcorcon\/\/wp-content\/uploads\/ies.elpinar.alcorcon\/2026\/03\/COLLAGERINCON-scaled.jpg\"><img loading=\"lazy\" decoding=\"async\" width=\"819\" height=\"1024\" src=\"https:\/\/site.educa.madrid.org\/ies.elpinar.alcorcon\/\/wp-content\/uploads\/ies.elpinar.alcorcon\/2026\/03\/COLLAGERINCON-819x1024.jpg\" alt=\"\" class=\"wp-image-2423 size-full\" srcset=\"https:\/\/site.educa.madrid.org\/ies.elpinar.alcorcon\/\/wp-content\/uploads\/ies.elpinar.alcorcon\/2026\/03\/COLLAGERINCON-819x1024.jpg 819w, https:\/\/site.educa.madrid.org\/ies.elpinar.alcorcon\/\/wp-content\/uploads\/ies.elpinar.alcorcon\/2026\/03\/COLLAGERINCON-240x300.jpg 240w, https:\/\/site.educa.madrid.org\/ies.elpinar.alcorcon\/\/wp-content\/uploads\/ies.elpinar.alcorcon\/2026\/03\/COLLAGERINCON-768x960.jpg 768w, https:\/\/site.educa.madrid.org\/ies.elpinar.alcorcon\/\/wp-content\/uploads\/ies.elpinar.alcorcon\/2026\/03\/COLLAGERINCON-1229x1536.jpg 1229w, https:\/\/site.educa.madrid.org\/ies.elpinar.alcorcon\/\/wp-content\/uploads\/ies.elpinar.alcorcon\/2026\/03\/COLLAGERINCON-1638x2048.jpg 1638w, https:\/\/site.educa.madrid.org\/ies.elpinar.alcorcon\/\/wp-content\/uploads\/ies.elpinar.alcorcon\/2026\/03\/COLLAGERINCON-scaled.jpg 2048w\" sizes=\"auto, (max-width: 706px) 89vw, (max-width: 767px) 82vw, 740px\" \/><\/a><\/figure><div class=\"wp-block-media-text__content\">\n<p class=\"has-small-font-size\">Este Rinc\u00f3n contar\u00e1 con libros para todas las edades con el objetivo de acercarnos a cada perfil particular. Tambi\u00e9n, se une a este un pasaporte lector con el que pretendemos que los alumnos lean cada vez m\u00e1s, disfruten de la misma y que haya un lazo entre el alumno y sus lecturas favoritas. Con ello, despertaremos el inter\u00e9s por la lectura, mejorar\u00e1n la expresi\u00f3n oral y escrita, se estimular\u00e1 la convivencia entre todo el alumnado.&nbsp;<\/p>\n\n\n\n<p class=\"has-small-font-size\">Esperamos que disfruten de estos recursos y que participen en estas actividades culturales.&nbsp;<\/p>\n<\/div><\/div>\n\n\n\n<p class=\"has-text-align-center has-vivid-cyan-blue-color has-text-color has-link-color has-small-font-size wp-elements-7411758ff974a68bb00aadf59037d905\">Como dec\u00eda Emilia Pardo Baz\u00e1n: <strong>\u00abNo hay palanca m\u00e1s poderosa que una creencia para mover las multitudes humanas\u00bb<\/strong>.&nbsp;<\/p>\n\n\n\n<p><\/p>\n","protected":false},"excerpt":{"rendered":"<p>\u00abVoces de Papel\u00bb es el Club de Lectura creado por el Departamento de Lengua en el IES El Pinar. Se trata de una iniciativa educativa y cultural que busca fomentar el gusto por la lectura, la reflexi\u00f3n cr\u00edtica y el di\u00e1logo entre los miembros de la comunidad educativa. Se trata de un espacio de encuentro &hellip; <\/p>\n<p class=\"link-more\"><a href=\"https:\/\/site.educa.madrid.org\/ies.elpinar.alcorcon\/index.php\/quienes-somos\/departamentos\/lengua\/voces_papel\/\" class=\"more-link\">Continuar leyendo<span class=\"screen-reader-text\"> \u00abVoces de Papel\u00bb<\/span><\/a><\/p>\n","protected":false},"author":2,"featured_media":0,"parent":2398,"menu_order":0,"comment_status":"closed","ping_status":"closed","template":"","meta":{"footnotes":""},"folder":[],"class_list":["post-2413","page","type-page","status-publish","hentry"],"rttpg_featured_image_url":null,"rttpg_author":{"display_name":"tic.ies.elpinar.alcorcon","author_link":"https:\/\/site.educa.madrid.org\/ies.elpinar.alcorcon\/index.php\/author\/cuenta_tic-ies-elpinar-alcorcon\/"},"rttpg_comment":0,"rttpg_category":false,"rttpg_excerpt":"\u00abVoces de Papel\u00bb es el Club de Lectura creado por el Departamento de Lengua en el IES El Pinar. Se trata de una iniciativa educativa y cultural que busca fomentar el gusto por la lectura, la reflexi\u00f3n cr\u00edtica y el di\u00e1logo entre los miembros de la comunidad educativa. Se trata de un espacio de encuentro&hellip;","post_mailing_queue_ids":[],"_links":{"self":[{"href":"https:\/\/site.educa.madrid.org\/ies.elpinar.alcorcon\/index.php\/wp-json\/wp\/v2\/pages\/2413","targetHints":{"allow":["GET"]}}],"collection":[{"href":"https:\/\/site.educa.madrid.org\/ies.elpinar.alcorcon\/index.php\/wp-json\/wp\/v2\/pages"}],"about":[{"href":"https:\/\/site.educa.madrid.org\/ies.elpinar.alcorcon\/index.php\/wp-json\/wp\/v2\/types\/page"}],"author":[{"embeddable":true,"href":"https:\/\/site.educa.madrid.org\/ies.elpinar.alcorcon\/index.php\/wp-json\/wp\/v2\/users\/2"}],"replies":[{"embeddable":true,"href":"https:\/\/site.educa.madrid.org\/ies.elpinar.alcorcon\/index.php\/wp-json\/wp\/v2\/comments?post=2413"}],"version-history":[{"count":10,"href":"https:\/\/site.educa.madrid.org\/ies.elpinar.alcorcon\/index.php\/wp-json\/wp\/v2\/pages\/2413\/revisions"}],"predecessor-version":[{"id":2454,"href":"https:\/\/site.educa.madrid.org\/ies.elpinar.alcorcon\/index.php\/wp-json\/wp\/v2\/pages\/2413\/revisions\/2454"}],"up":[{"embeddable":true,"href":"https:\/\/site.educa.madrid.org\/ies.elpinar.alcorcon\/index.php\/wp-json\/wp\/v2\/pages\/2398"}],"wp:attachment":[{"href":"https:\/\/site.educa.madrid.org\/ies.elpinar.alcorcon\/index.php\/wp-json\/wp\/v2\/media?parent=2413"}],"wp:term":[{"taxonomy":"folder","embeddable":true,"href":"https:\/\/site.educa.madrid.org\/ies.elpinar.alcorcon\/index.php\/wp-json\/wp\/v2\/folder?post=2413"}],"curies":[{"name":"wp","href":"https:\/\/api.w.org\/{rel}","templated":true}]}}