{"id":663,"date":"2025-03-06T14:10:35","date_gmt":"2025-03-06T13:10:35","guid":{"rendered":"https:\/\/site.educa.madrid.org\/ies.elpinar.alcorcon\/?page_id=663"},"modified":"2025-09-03T14:18:09","modified_gmt":"2025-09-03T12:18:09","slug":"663-2","status":"publish","type":"page","link":"https:\/\/site.educa.madrid.org\/ies.elpinar.alcorcon\/index.php\/quienes-somos\/663-2\/","title":{"rendered":"EQUIPO DIRECTIVO"},"content":{"rendered":"<p>DIRECTOR: D. Felipe Arias Romero <a href=\"mailto:felipe.arias@madrid.org\">felipe.arias@madrid.org<\/a><\/p>\n<p>SECRETARIA. D\u00f1a. Fuencisla G\u00f3mez G\u00f3mez<\/p>\n<p>JEFA DE ESTUDIOS: D\u00f1a. Ana Men\u00e9ndez Hurtado\u00a0 <a href=\"mailto:jestudios.ies.elpinar.alcorcon@educa.madrid.org\">jestudios.ies.elpinar.alcorcon@educa.madrid.org<\/a><\/p>\n<p>JEFA DE ESTUDIOS ADJUNTA: D\u00f1a. Carmen Carceller Cervi\u00f1o\u00a0<\/p>\n<p>EDUCACI\u00d3N A DISTANCIA &#8211; JEFA DE ESTUDIOS ADJUNTA: D\u00f1a. Margarita Hidalgo Hidalgo <a href=\"mailto:distancia.ies.elpinar.alcorcon@educa.madrid.org\">distancia.ies.elpinar.alcorcon@educa.madrid.org<\/a><\/p>\n<p>COORDINADOR DE BILING\u00dcISMO: D. Juan Francisco Intillaque Padilla <a href=\"mailto:biling\u00fcismo.ies.elpinar.alcorcon@educa.madrid.org\">biling\u00fcismo.ies.elpinar.alcorcon@educa.madrid.org<\/a><\/p>\n\n\n<p><\/p>\n","protected":false},"excerpt":{"rendered":"<p>DIRECTOR: D. Felipe Arias Romero felipe.arias@madrid.org SECRETARIA. D\u00f1a. Fuencisla G\u00f3mez G\u00f3mez JEFA DE ESTUDIOS: D\u00f1a. Ana Men\u00e9ndez Hurtado\u00a0 jestudios.ies.elpinar.alcorcon@educa.madrid.org JEFA DE ESTUDIOS ADJUNTA: D\u00f1a. Carmen Carceller Cervi\u00f1o\u00a0 EDUCACI\u00d3N A DISTANCIA &#8211; JEFA DE ESTUDIOS ADJUNTA: D\u00f1a. Margarita Hidalgo Hidalgo distancia.ies.elpinar.alcorcon@educa.madrid.org COORDINADOR DE BILING\u00dcISMO: D. Juan Francisco Intillaque Padilla biling\u00fcismo.ies.elpinar.alcorcon@educa.madrid.org<\/p>\n","protected":false},"author":4,"featured_media":0,"parent":163,"menu_order":0,"comment_status":"closed","ping_status":"closed","template":"","meta":{"footnotes":""},"folder":[],"class_list":["post-663","page","type-page","status-publish","hentry"],"rttpg_featured_image_url":null,"rttpg_author":{"display_name":"Fuencisla G\u00f3mez G\u00f3mez","author_link":"https:\/\/site.educa.madrid.org\/ies.elpinar.alcorcon\/index.php\/author\/m-fuencisla_gomez-gomez\/"},"rttpg_comment":0,"rttpg_category":false,"rttpg_excerpt":"DIRECTOR: D. Felipe Arias Romero felipe.arias@madrid.org SECRETARIA. D\u00f1a. Fuencisla G\u00f3mez G\u00f3mez JEFA DE ESTUDIOS: D\u00f1a. Ana Men\u00e9ndez Hurtado\u00a0 jestudios.ies.elpinar.alcorcon@educa.madrid.org JEFA DE ESTUDIOS ADJUNTA: D\u00f1a. Carmen Carceller Cervi\u00f1o\u00a0 EDUCACI\u00d3N A DISTANCIA &#8211; JEFA DE ESTUDIOS ADJUNTA: D\u00f1a. Margarita Hidalgo Hidalgo distancia.ies.elpinar.alcorcon@educa.madrid.org COORDINADOR DE BILING\u00dcISMO: D. Juan Francisco Intillaque Padilla biling\u00fcismo.ies.elpinar.alcorcon@educa.madrid.org","post_mailing_queue_ids":[],"_links":{"self":[{"href":"https:\/\/site.educa.madrid.org\/ies.elpinar.alcorcon\/index.php\/wp-json\/wp\/v2\/pages\/663","targetHints":{"allow":["GET"]}}],"collection":[{"href":"https:\/\/site.educa.madrid.org\/ies.elpinar.alcorcon\/index.php\/wp-json\/wp\/v2\/pages"}],"about":[{"href":"https:\/\/site.educa.madrid.org\/ies.elpinar.alcorcon\/index.php\/wp-json\/wp\/v2\/types\/page"}],"author":[{"embeddable":true,"href":"https:\/\/site.educa.madrid.org\/ies.elpinar.alcorcon\/index.php\/wp-json\/wp\/v2\/users\/4"}],"replies":[{"embeddable":true,"href":"https:\/\/site.educa.madrid.org\/ies.elpinar.alcorcon\/index.php\/wp-json\/wp\/v2\/comments?post=663"}],"version-history":[{"count":11,"href":"https:\/\/site.educa.madrid.org\/ies.elpinar.alcorcon\/index.php\/wp-json\/wp\/v2\/pages\/663\/revisions"}],"predecessor-version":[{"id":1627,"href":"https:\/\/site.educa.madrid.org\/ies.elpinar.alcorcon\/index.php\/wp-json\/wp\/v2\/pages\/663\/revisions\/1627"}],"up":[{"embeddable":true,"href":"https:\/\/site.educa.madrid.org\/ies.elpinar.alcorcon\/index.php\/wp-json\/wp\/v2\/pages\/163"}],"wp:attachment":[{"href":"https:\/\/site.educa.madrid.org\/ies.elpinar.alcorcon\/index.php\/wp-json\/wp\/v2\/media?parent=663"}],"wp:term":[{"taxonomy":"folder","embeddable":true,"href":"https:\/\/site.educa.madrid.org\/ies.elpinar.alcorcon\/index.php\/wp-json\/wp\/v2\/folder?post=663"}],"curies":[{"name":"wp","href":"https:\/\/api.w.org\/{rel}","templated":true}]}}