{"id":712,"date":"2025-03-06T18:04:13","date_gmt":"2025-03-06T17:04:13","guid":{"rendered":"https:\/\/site.educa.madrid.org\/ies.elpinar.alcorcon\/?page_id=712"},"modified":"2026-05-11T17:10:23","modified_gmt":"2026-05-11T15:10:23","slug":"admision-26-27","status":"publish","type":"page","link":"https:\/\/site.educa.madrid.org\/ies.elpinar.alcorcon\/index.php\/secretaria\/admision-26-27\/","title":{"rendered":"Proceso de Admisi\u00f3n para el curso 2026\/2027"},"content":{"rendered":"\n<div class=\"wp-block-group\"><div class=\"wp-block-group__inner-container is-layout-flow wp-block-group-is-layout-flow\">\n<div class=\"wp-block-buttons is-horizontal is-content-justification-center is-layout-flex wp-container-core-buttons-is-layout-1891d752 wp-block-buttons-is-layout-flex\"><\/div>\n\n\n\n<p class=\"has-text-align-center has-vivid-cyan-blue-color has-text-color has-link-color has-medium-font-size wp-elements-7e9efe7c20f7742f892be83642b93c93\"><strong>C\u00f3digo de Centro: <\/strong>28041366<\/p>\n\n\n\n<div class=\"wp-block-group\"><div class=\"wp-block-group__inner-container is-layout-flow wp-block-group-is-layout-flow\">\n<div class=\"wp-block-group\"><div class=\"wp-block-group__inner-container is-layout-constrained wp-block-group-is-layout-constrained\">\n<p>La informaci\u00f3n sobre el proceso <strong>ordinario <\/strong> de admisi\u00f3n para el curso escolar 2026\/2027: Normativa, baremo, criterios de admisi\u00f3n, procedimiento, etc., se puede consultar en&nbsp;<a href=\"https:\/\/www.comunidad.madrid\/servicios\/educacion\/solicita-tu-admision-educacion-infantil-obligatoria-bachillerato\">la p\u00e1gina web de la comunidad de Madrid.<\/a><\/p>\n\n\n\n<p>Las&nbsp;<strong>actuaciones, fechas y plazos<\/strong>&nbsp;m\u00e1s importantes, a tener en cuenta por las familias son los siguientes:<\/p>\n\n\n\n<figure class=\"wp-block-table is-style-stripes\"><table><thead><tr><th class=\"has-text-align-left\" data-align=\"left\">RESUMEN DE ACTUACIONES A REALIZAR<\/th><th class=\"has-text-align-center\" data-align=\"center\">CALENDARIO<\/th><\/tr><\/thead><tbody><tr><td class=\"has-text-align-left\" data-align=\"left\">Plazo de presentaci\u00f3n de solicitudes para el proceso de admisi\u00f3n.<br>Las solicitudes se presentar\u00e1n preferentemente de forma telem\u00e1tica. En caso de dificultad o imposibilidad t\u00e9cnica se podr\u00e1n entregar presencialmente en el primer centro incluido en la solicitud.<\/td><td class=\"has-text-align-center\" data-align=\"center\">Del 11 al 25 de Marzo de 2026<\/td><\/tr><tr><td class=\"has-text-align-left\" data-align=\"left\">Publicaci\u00f3n del listado provisional de alumnos admitidos. Consulta a trav\u00e9s de la Secretar\u00eda Virtual. Si no se tiene acceso a la Secretar\u00eda Virtual se podr\u00e1 realizar la consulta de manera presencial, y previa identificaci\u00f3n, en el centro solicitado en primera opci\u00f3n.<\/td><td class=\"has-text-align-center\" data-align=\"center\">14 de Abril de 2026<\/td><\/tr><tr><td class=\"has-text-align-left\" data-align=\"left\">Plazo de reclamaciones (Secretar\u00eda Virtual o presencial)<\/td><td class=\"has-text-align-center\" data-align=\"center\">15, 16 y 17 de Abril de 2026<\/td><\/tr><tr><td class=\"has-text-align-left\" data-align=\"left\">Publicaci\u00f3n de los listados provisionales de puntaci\u00f3n. Estos listados incluir\u00e1n el resultado de las reclamaciones presentadas al listado de solicitantes. (Secretar\u00eda Virtual o presencial)<\/td><td class=\"has-text-align-center\" data-align=\"center\">23 de Abril de 2026<\/td><\/tr><tr><td class=\"has-text-align-left\" data-align=\"left\">Plazo de reclamaciones a la puntuaci\u00f3n provisional.<\/td><td class=\"has-text-align-center\" data-align=\"center\">24, 27 y 28 de Abril de 2026<\/td><\/tr><tr><td class=\"has-text-align-left\" data-align=\"left\">Publicaci\u00f3n del listado definitivo de puntuaciones.<\/td><td class=\"has-text-align-center\" data-align=\"center\">7 de Mayo de 2026<\/td><\/tr><tr><td class=\"has-text-align-left\" data-align=\"left\">Publicaci\u00f3n de la lista de admitidos en cada centro.<\/td><td class=\"has-text-align-center\" data-align=\"center\">27 de Mayo de 2026<\/td><\/tr><tr><td class=\"has-text-align-left\" data-align=\"left\">Plazo voluntario para realizar solicitud complementaria de centros ante el SAE, exclusivamente para alumnos que hayan participado en el proceso de admisi\u00f3n y no hayan obtenido plaza escolar.<\/td><td class=\"has-text-align-center\" data-align=\"center\">28 y 29 de Mayo de 2026<\/td><\/tr><tr><td class=\"has-text-align-left\" data-align=\"left\">Plazo general de matriculaci\u00f3n en los centros de Educaci\u00f3n secundaria.<\/td><td class=\"has-text-align-center\" data-align=\"center\">Del 11 de Junio al 3 de Julio de 2026<\/td><\/tr><\/tbody><\/table><\/figure>\n<\/div><\/div>\n<\/div><\/div>\n<\/div><\/div>\n\n\n\n<p>Las instrucciones completas se encuentran en el siguiente<a href=\"https:\/\/www.bocm.es\/boletin\/CM_Orden_BOCM\/2025\/12\/09\/BOCM-20251209-19.PDF\">&nbsp;enlace a la resoluci\u00f3n del BOCM.<\/a><\/p>\n\n\n\n<div style=\"height:40px\" aria-hidden=\"true\" class=\"wp-block-spacer\"><\/div>\n\n\n\n<p>La informaci\u00f3n sobre el <strong>proceso extraordinario de admisi\u00f3n<\/strong> para el curso escolar 2026\/2027, se puede consultar en el <a href=\"https:\/\/site.educa.madrid.org\/ies.elpinar.alcorcon\/index.php\/secretaria\/servicio-de-apoyo-a-la-escolarizacion\/\" data-type=\"page\" data-id=\"594\">SAE<\/a>.<\/p>\n\n\n\n<p class=\"has-text-align-left has-vivid-cyan-blue-color has-text-color has-link-color has-medium-font-size wp-elements-2c5847056b41dd8b8982fe4363c1a89d\"><strong><em>Criterio Complementario para la Baremaci\u00f3n<\/em><\/strong>: 3 puntos por solicitar nuestro centro en primera opci\u00f3n.<\/p>\n\n\n\n<div class=\"wp-block-columns is-layout-flex wp-container-core-columns-is-layout-9d6595d7 wp-block-columns-is-layout-flex\">\n<div class=\"wp-block-column is-layout-flow wp-block-column-is-layout-flow\">\n<div class=\"wp-block-buttons is-layout-flex wp-block-buttons-is-layout-flex\">\n<div class=\"wp-block-button has-custom-width wp-block-button__width-100\"><a class=\"wp-block-button__link wp-element-button\" href=\"https:\/\/site.educa.madrid.org\/ies.elpinar.alcorcon\/\/wp-content\/uploads\/ies.elpinar.alcorcon\/2026\/03\/VACANTES.pdf\">Oferta de vacantes<\/a><\/div>\n<\/div>\n<\/div>\n<\/div>\n\n\n\n<div class=\"wp-block-buttons is-layout-flex wp-block-buttons-is-layout-flex\">\n<div class=\"wp-block-button has-custom-width wp-block-button__width-100\"><a class=\"wp-block-button__link wp-element-button\" href=\"https:\/\/site.educa.madrid.org\/ies.elpinar.alcorcon\/\/wp-content\/uploads\/ies.elpinar.alcorcon\/2026\/03\/Centros-adscritos-a-nivel-inferior-de-escolarizacion.pdf\">Informaci\u00f3n relativa a las adscripciones del centro<\/a><\/div>\n<\/div>\n\n\n\n<div style=\"height:40px\" aria-hidden=\"true\" class=\"wp-block-spacer\"><\/div>\n\n\n\n<div class=\"wp-block-buttons is-layout-flex wp-block-buttons-is-layout-flex\">\n<div class=\"wp-block-button has-custom-width wp-block-button__width-100\"><a class=\"wp-block-button__link wp-element-button\" href=\"https:\/\/www.comunidad.madrid\/sites\/default\/files\/solicitud_autocumplimentable_admision_regimen_general_26_27.pdf\">Solicitud de Admisi\u00f3n<\/a><\/div>\n<\/div>\n\n\n\n<div style=\"height:40px\" aria-hidden=\"true\" class=\"wp-block-spacer\"><\/div>\n\n\n\n<hr class=\"wp-block-separator has-alpha-channel-opacity\"\/>\n\n\n\n<div class=\"wp-block-buttons is-layout-flex wp-block-buttons-is-layout-flex\">\n<div class=\"wp-block-button has-custom-width wp-block-button__width-100\"><a class=\"wp-block-button__link wp-element-button\" href=\"https:\/\/site.educa.madrid.org\/ies.elpinar.alcorcon\/\/wp-content\/uploads\/ies.elpinar.alcorcon\/2026\/03\/criterios_para_la_valoracion_de_los_resultados_academicos_para_el_acceso_al_bachillerato_de_artes_para_el_curso_2026_2027.pdf\">Acceso al Bachillerato de Artes<\/a><\/div>\n<\/div>\n","protected":false},"excerpt":{"rendered":"<p>C\u00f3digo de Centro: 28041366 La informaci\u00f3n sobre el proceso ordinario de admisi\u00f3n para el curso escolar 2026\/2027: Normativa, baremo, criterios de admisi\u00f3n, procedimiento, etc., se puede consultar en&nbsp;la p\u00e1gina web de la comunidad de Madrid. Las&nbsp;actuaciones, fechas y plazos&nbsp;m\u00e1s importantes, a tener en cuenta por las familias son los siguientes: RESUMEN DE ACTUACIONES A REALIZAR &hellip; <\/p>\n<p class=\"link-more\"><a href=\"https:\/\/site.educa.madrid.org\/ies.elpinar.alcorcon\/index.php\/secretaria\/admision-26-27\/\" class=\"more-link\">Continuar leyendo<span class=\"screen-reader-text\"> \u00abProceso de Admisi\u00f3n para el curso 2026\/2027\u00bb<\/span><\/a><\/p>\n","protected":false},"author":2,"featured_media":0,"parent":148,"menu_order":1,"comment_status":"closed","ping_status":"closed","template":"page-with-siblings-submenu.php","meta":{"footnotes":""},"folder":[],"class_list":["post-712","page","type-page","status-publish","hentry"],"rttpg_featured_image_url":null,"rttpg_author":{"display_name":"tic.ies.elpinar.alcorcon","author_link":"https:\/\/site.educa.madrid.org\/ies.elpinar.alcorcon\/index.php\/author\/cuenta_tic-ies-elpinar-alcorcon\/"},"rttpg_comment":0,"rttpg_category":false,"rttpg_excerpt":"C\u00f3digo de Centro: 28041366 La informaci\u00f3n sobre el proceso ordinario de admisi\u00f3n para el curso escolar 2026\/2027: Normativa, baremo, criterios de admisi\u00f3n, procedimiento, etc., se puede consultar en&nbsp;la p\u00e1gina web de la comunidad de Madrid. Las&nbsp;actuaciones, fechas y plazos&nbsp;m\u00e1s importantes, a tener en cuenta por las familias son los siguientes: RESUMEN DE ACTUACIONES A REALIZAR&hellip;","post_mailing_queue_ids":[],"_links":{"self":[{"href":"https:\/\/site.educa.madrid.org\/ies.elpinar.alcorcon\/index.php\/wp-json\/wp\/v2\/pages\/712","targetHints":{"allow":["GET"]}}],"collection":[{"href":"https:\/\/site.educa.madrid.org\/ies.elpinar.alcorcon\/index.php\/wp-json\/wp\/v2\/pages"}],"about":[{"href":"https:\/\/site.educa.madrid.org\/ies.elpinar.alcorcon\/index.php\/wp-json\/wp\/v2\/types\/page"}],"author":[{"embeddable":true,"href":"https:\/\/site.educa.madrid.org\/ies.elpinar.alcorcon\/index.php\/wp-json\/wp\/v2\/users\/2"}],"replies":[{"embeddable":true,"href":"https:\/\/site.educa.madrid.org\/ies.elpinar.alcorcon\/index.php\/wp-json\/wp\/v2\/comments?post=712"}],"version-history":[{"count":18,"href":"https:\/\/site.educa.madrid.org\/ies.elpinar.alcorcon\/index.php\/wp-json\/wp\/v2\/pages\/712\/revisions"}],"predecessor-version":[{"id":2501,"href":"https:\/\/site.educa.madrid.org\/ies.elpinar.alcorcon\/index.php\/wp-json\/wp\/v2\/pages\/712\/revisions\/2501"}],"up":[{"embeddable":true,"href":"https:\/\/site.educa.madrid.org\/ies.elpinar.alcorcon\/index.php\/wp-json\/wp\/v2\/pages\/148"}],"wp:attachment":[{"href":"https:\/\/site.educa.madrid.org\/ies.elpinar.alcorcon\/index.php\/wp-json\/wp\/v2\/media?parent=712"}],"wp:term":[{"taxonomy":"folder","embeddable":true,"href":"https:\/\/site.educa.madrid.org\/ies.elpinar.alcorcon\/index.php\/wp-json\/wp\/v2\/folder?post=712"}],"curies":[{"name":"wp","href":"https:\/\/api.w.org\/{rel}","templated":true}]}}