{"id":813,"date":"2025-03-07T17:17:49","date_gmt":"2025-03-07T16:17:49","guid":{"rendered":"https:\/\/site.educa.madrid.org\/ies.elpinar.alcorcon\/?page_id=813"},"modified":"2026-03-04T13:19:37","modified_gmt":"2026-03-04T12:19:37","slug":"matematicas","status":"publish","type":"page","link":"https:\/\/site.educa.madrid.org\/ies.elpinar.alcorcon\/index.php\/quienes-somos\/departamentos\/matematicas\/","title":{"rendered":"Matem\u00e1ticas"},"content":{"rendered":"<style type='text\/css' media='all'>#rt-tpg-container-3678264405 .rt-holder .rt-woo-info .price{color:#0693e3;}body .rt-tpg-container .rt-tpg-isotope-buttons .selected,\n\t\t\t\t\t#rt-tpg-container-3678264405 .layout12 .rt-holder:hover .rt-detail,\n\t\t\t\t\t#rt-tpg-container-3678264405 .isotope8 .rt-holder:hover .rt-detail,\n\t\t\t\t\t#rt-tpg-container-3678264405 .carousel8 .rt-holder:hover .rt-detail,\n\t\t\t\t\t#rt-tpg-container-3678264405 .layout13 .rt-holder .overlay .post-info,\n\t\t\t\t\t#rt-tpg-container-3678264405 .isotope9 .rt-holder .overlay .post-info,\n\t\t\t\t\t#rt-tpg-container-3678264405.rt-tpg-container .layout4 .rt-holder .rt-detail,\n\t\t\t\t\t.rt-modal-3678264405 .md-content,\n\t\t\t\t\t.rt-modal-3678264405 .md-content > .rt-md-content-holder .rt-md-content,\n\t\t\t\t\t.rt-popup-wrap-3678264405.rt-popup-wrap .rt-popup-navigation-wrap,\n\t\t\t\t\t#rt-tpg-container-3678264405 .carousel9 .rt-holder .overlay .post-info{background-color:#0693e3;}#rt-tpg-container-3678264405 .layout5 .rt-holder .overlay, #rt-tpg-container-3678264405 .isotope2 .rt-holder .overlay, #rt-tpg-container-3678264405 .carousel2 .rt-holder .overlay,#rt-tpg-container-3678264405 .layout15 .rt-holder h3, #rt-tpg-container-3678264405 .isotope11 .rt-holder h3, #rt-tpg-container-3678264405 .carousel11 .rt-holder h3, #rt-tpg-container-3678264405 .layout16 .rt-holder h3,\n\t\t\t\t\t#rt-tpg-container-3678264405 .isotope12 .rt-holder h3, #rt-tpg-container-3678264405 .carousel12 .rt-holder h3 {background-color:rgba(6,147,227,0.8);}#rt-tpg-container-3678264405 .pagination-list li a,\n\t\t\t\t\trt-tpg-container-3678264405 .pagination-list li span,\n\t\t\t\t\trt-tpg-container-3678264405 .pagination li a,\n\t\t\t\t\t#rt-tpg-container-3678264405 .rt-tpg-isotope-buttons button,\n\t\t\t\t\t#rt-tpg-container-3678264405 .rt-tpg-utility .rt-tpg-load-more button,\n\t\t\t\t\t#rt-tpg-container-3678264405.rt-tpg-container .swiper-navigation .slider-btn,\n\t\t\t\t\t#rt-tpg-container-3678264405.rt-tpg-container .swiper-pagination-bullet,\n\t\t\t\t\t#rt-tpg-container-3678264405 .wc1 .rt-holder .rt-img-holder .overlay .product-more ul li a,\n\t\t\t\t\t#rt-tpg-container-3678264405 .wc2 .rt-detail .rt-wc-add-to-cart,\n\t\t\t\t\t#rt-tpg-container-3678264405 .wc3 .rt-detail .rt-wc-add-to-cart,\n\t\t\t\t\t#rt-tpg-container-3678264405 .wc4 .rt-detail .rt-wc-add-to-cart,\n\t\t\t\t\t#rt-tpg-container-3678264405 .wc-carousel2 .rt-detail .rt-wc-add-to-cart,\n\t\t\t\t\t#rt-tpg-container-3678264405 .wc-isotope2 .rt-detail .rt-wc-add-to-cart,\n\t\t\t\t\t#rt-tpg-container-3678264405 .rt-layout-filter-container .rt-filter-wrap .rt-filter-item-wrap.rt-filter-dropdown-wrap .rt-filter-dropdown,\n\t\t\t\t\t#rt-tpg-container-3678264405 .rt-layout-filter-container .rt-filter-sub-tax.sub-button-group .rt-filter-button-item,\n\t\t\t\t\t#rt-tpg-container-3678264405.rt-tpg-container .rt-pagination-wrap .rt-page-numbers .paginationjs .paginationjs-pages ul li>a,\n\t\t\t\t\t#rt-tpg-container-3678264405 .rt-filter-item-wrap.rt-filter-button-wrap span.rt-filter-button-item,\n\t\t\t\t\t#rt-tpg-container-3678264405.rt-tpg-container .rt-pagination-wrap  .rt-loadmore-btn,\n\t\t\t\t\t#rt-tpg-container-3678264405.rt-tpg-container .rt-pagination-wrap .rt-cb-page-prev-next > *,\n\t\t\t\t\t#rt-tpg-container-3678264405 .rt-read-more,\n\t\t\t\t\t#rt-tooltip-3678264405, #rt-tooltip-3678264405 .rt-tooltip-bottom:after{background-color:#0693e3;}#rt-tpg-container-3678264405 .rt-filter-item-wrap.rt-filter-button-wrap span.rt-filter-button-item,\n\t\t\t\t\t#rt-tpg-container-3678264405 .rt-layout-filter-container .rt-filter-sub-tax.sub-button-group .rt-filter-button-item{border-color:#0693e3;}#rt-tpg-container-3678264405.rt-tpg-container .layout17 .rt-holder .overlay a.tpg-zoom .fa{color:#0693e3;}#rt-tpg-container-3678264405 .rt-holder .read-more a {background-color:#0693e3;padding: 8px 15px;}#rt-tpg-container-3678264405 .pagination-list li a,\n\t\t\t\t\t#rt-tpg-container-3678264405 .pagination li a,\n\t\t\t\t\t#rt-tpg-container-3678264405 .rt-tpg-isotope-buttons button,\n\t\t\t\t\t#rt-tpg-container-3678264405 .rt-holder .read-more a,\n\t\t\t\t\t#rt-tpg-container-3678264405 .rt-tpg-utility .rt-tpg-load-more button,\n\t\t\t\t\t#rt-tpg-container-3678264405.rt-tpg-container .swiper-navigation .slider-btn,\n\t\t\t\t\t#rt-tpg-container-3678264405 .wc1 .rt-holder .rt-img-holder .overlay .product-more ul li a,\n\t\t\t\t\t#rt-tpg-container-3678264405 .edd1 .rt-holder .rt-img-holder .overlay .product-more ul li a,\n\t\t\t\t\t#rt-tpg-container-3678264405 .wc2 .rt-detail .rt-wc-add-to-cart,\n\t\t\t\t\t#rt-tpg-container-3678264405 .wc3 .rt-detail .rt-wc-add-to-cart,\n\t\t\t\t\t#rt-tpg-container-3678264405 .edd2 .rt-detail .rt-wc-add-to-cart,\n\t\t\t\t\t#rt-tpg-container-3678264405 .wc4 .rt-detail .rt-wc-add-to-cart,\n\t\t\t\t\t#rt-tpg-container-3678264405 .edd3 .rt-detail .rt-wc-add-to-cart,\n\t\t\t\t\t#rt-tpg-container-3678264405 .wc-carousel2 .rt-detail .rt-wc-add-to-cart,\n\t\t\t\t\t#rt-tpg-container-3678264405 .wc-isotope2 .rt-detail .rt-wc-add-to-cart,\n\t\t\t\t\t#rt-tpg-container-3678264405 .rt-tpg-utility .rt-tpg-load-more button,\n\t\t\t\t\t#rt-tooltip-3678264405,\n\t\t\t\t\t#rt-tpg-container-3678264405 .rt-filter-item-wrap.rt-filter-button-wrap span.rt-filter-button-item,\n\t\t\t\t\t#rt-tpg-container-3678264405 .rt-layout-filter-container .rt-filter-sub-tax.sub-button-group .rt-filter-button-item,\n\t\t\t\t\t#rt-tpg-container-3678264405 .rt-layout-filter-container .rt-filter-wrap .rt-filter-item-wrap.rt-sort-order-action,\n\t\t\t\t\t#rt-tpg-container-3678264405 .rt-layout-filter-container .rt-filter-wrap .rt-filter-item-wrap.rt-filter-dropdown-wrap .rt-filter-dropdown .rt-filter-dropdown-item,\n\t\t\t\t\t#rt-tpg-container-3678264405.rt-tpg-container .rt-pagination-wrap .rt-page-numbers .paginationjs .paginationjs-pages ul li>a,\n\t\t\t\t\t#rt-tpg-container-3678264405.rt-tpg-container .rt-pagination-wrap .rt-cb-page-prev-next > *,\n\t\t\t\t\t#rt-tpg-container-3678264405.rt-tpg-container .rt-pagination-wrap  .rt-loadmore-btn,\n\t\t\t\t\t#rt-tpg-container-3678264405 .rt-read-more,\n\t\t\t\t\t#rt-tooltip-3678264405 .rt-tooltip-bottom:after{color:#0693e3;}#rt-tpg-container-3678264405 .read-more a{border-radius:px;}#rt-tpg-container-3678264405 .rt-img-holder img.rt-img-responsive,#rt-tpg-container-3678264405 .rt-img-holder,\n\t\t\t\t\t#rt-tpg-container-3678264405 .rt-post-overlay .post-img,\n\t\t\t\t\t#rt-tpg-container-3678264405 .post-sm .post-img,\n\t\t\t\t\t#rt-tpg-container-3678264405 .rt-post-grid .post-img,\n\t\t\t\t\t#rt-tpg-container-3678264405 .post-img img {border-radius:px;}#rt-tpg-container-3678264405 .layout2 .rt-holder h2.entry-title,\n\t\t\t\t\t#rt-tpg-container-3678264405 .layout2 .rt-holder h3.entry-title,\n\t\t\t\t\t#rt-tpg-container-3678264405 .layout2 .rt-holder h4.entry-title,\n\t\t\t\t\t#rt-tpg-container-3678264405 .layout2 .rt-holder h2.entry-title a,\n\t\t\t\t\t#rt-tpg-container-3678264405 .layout2 .rt-holder h3.entry-title a,\n\t\t\t\t\t#rt-tpg-container-3678264405 .layout2 .rt-holder h4.entry-title a,\n\t\t\t\t\t#rt-tpg-container-3678264405 .rt-holder .rt-woo-info h2 a,\n\t\t\t\t\t#rt-tpg-container-3678264405 .rt-holder .rt-woo-info h3 a,\n\t\t\t\t\t#rt-tpg-container-3678264405 .rt-holder .rt-woo-info h4 a,\n\t\t\t\t\t#rt-tpg-container-3678264405 .post-content .post-title,\n\t\t\t\t\t#rt-tpg-container-3678264405 .rt-post-grid .post-title,\n\t\t\t\t\t#rt-tpg-container-3678264405 .rt-post-grid .post-title a,\n\t\t\t\t\t#rt-tpg-container-3678264405 .post-content .post-title a,\n\t\t\t\t\t#rt-tpg-container-3678264405 .rt-holder .rt-woo-info h2,\n\t\t\t\t\t#rt-tpg-container-3678264405 .rt-holder .rt-woo-info h3,\n\t\t\t\t\t#rt-tpg-container-3678264405 .rt-holder .rt-woo-info h4{color:#0693e3;text-align:center;}<\/style><div class='rt-container-fluid rt-tpg-container tpg-shortcode-main-wrapper ' id='rt-tpg-container-3678264405'   data-layout='layout2' data-grid-style='even' data-desktop-col='1'  data-tab-col='2'  data-mobile-col='1' data-sc-id='1172'><div data-title='Loading ...' class='rt-row rt-content-loader   layout2 tpg-even '><div class=\"rt-col-md-12 rt-col-sm-6 rt-col-xs-12 even-grid-item rt-grid-item\" data-id=\"2535\"><div class=\"rt-holder\"><div class=\"rt-row\"><div class='rt-col-xs-12'><div class='rt-detail'><h3 class=\"entry-title\"><a data-id=\"2535\" class=\"\" href=\"https:\/\/site.educa.madrid.org\/ies.elpinar.alcorcon\/index.php\/2026\/04\/13\/iii-torneo-de-ajedrez-intercentros\/\">III Torneo de Ajedrez Intercentros<\/a><\/h3><div class='post-meta-user '><span class='date-meta'><i class='far fa-calendar-alt '><\/i>13 abril, 2026<\/span><\/div><div class='tpg-excerpt'>\n<figure class=\"wp-block-image size-large\"><img decoding=\"async\" loading=\"lazy\" width=\"1024\" height=\"768\" src=\"https:\/\/site.educa.madrid.org\/ies.elpinar.alcorcon\/\/wp-content\/uploads\/ies.elpinar.alcorcon\/2026\/04\/IMG-20260408-WA0002-1024x768.jpg\" alt=\"\" class=\"wp-image-2532\" srcset=\"https:\/\/site.educa.madrid.org\/ies.elpinar.alcorcon\/\/wp-content\/uploads\/ies.elpinar.alcorcon\/2026\/04\/IMG-20260408-WA0002-1024x768.jpg 1024w, https:\/\/site.educa.madrid.org\/ies.elpinar.alcorcon\/\/wp-content\/uploads\/ies.elpinar.alcorcon\/2026\/04\/IMG-20260408-WA0002-300x225.jpg 300w, https:\/\/site.educa.madrid.org\/ies.elpinar.alcorcon\/\/wp-content\/uploads\/ies.elpinar.alcorcon\/2026\/04\/IMG-20260408-WA0002-768x576.jpg 768w, https:\/\/site.educa.madrid.org\/ies.elpinar.alcorcon\/\/wp-content\/uploads\/ies.elpinar.alcorcon\/2026\/04\/IMG-20260408-WA0002-1536x1152.jpg 1536w, https:\/\/site.educa.madrid.org\/ies.elpinar.alcorcon\/\/wp-content\/uploads\/ies.elpinar.alcorcon\/2026\/04\/IMG-20260408-WA0002.jpg 2048w\" sizes=\"auto, (max-width: 706px) 89vw, (max-width: 767px) 82vw, 740px\" \/><\/figure>\n\n\n\n<p>Hemos participado en el III Torneo de Ajedrez Intercentros de IES P\u00fablicos de Alcorc\u00f3n que organiza el IES \u00cdTACA.<\/p>\n\n\n\n<p>Ocho alumnos de 2\u00ba de ESO a 1\u00ba de Bachillerato formaron el equipo que represent\u00f3 al centro. Una experiencia muy enriquecedora a todos los niveles. <\/p>\n<\/div><\/div><\/div><\/div><\/div><\/div><div class=\"rt-col-md-12 rt-col-sm-6 rt-col-xs-12 even-grid-item rt-grid-item\" data-id=\"2306\"><div class=\"rt-holder\"><div class=\"rt-row\"><div class='rt-col-xs-12'><div class='rt-detail'><h3 class=\"entry-title\"><a data-id=\"2306\" class=\"\" href=\"https:\/\/site.educa.madrid.org\/ies.elpinar.alcorcon\/index.php\/2026\/02\/11\/dia-de-la-mujer-y-la-nina-en-la-ciencia\/\">D\u00eda de la Mujer y la Ni\u00f1a en la Ciencia<\/a><\/h3><div class='post-meta-user '><span class='date-meta'><i class='far fa-calendar-alt '><\/i>11 febrero, 2026<\/span><\/div><div class='tpg-excerpt'>\n<figure class=\"wp-block-image\"><img decoding=\"async\" loading=\"lazy\" width=\"1024\" height=\"784\" src=\"https:\/\/site.educa.madrid.org\/ies.elpinar.alcorcon\/\/wp-content\/uploads\/ies.elpinar.alcorcon\/2026\/02\/1771161441138-e1771166488800-1024x784.jpg\" alt=\"\" class=\"wp-image-2305\" srcset=\"https:\/\/site.educa.madrid.org\/ies.elpinar.alcorcon\/\/wp-content\/uploads\/ies.elpinar.alcorcon\/2026\/02\/1771161441138-e1771166488800-1024x784.jpg 1024w, https:\/\/site.educa.madrid.org\/ies.elpinar.alcorcon\/\/wp-content\/uploads\/ies.elpinar.alcorcon\/2026\/02\/1771161441138-e1771166488800-300x230.jpg 300w, https:\/\/site.educa.madrid.org\/ies.elpinar.alcorcon\/\/wp-content\/uploads\/ies.elpinar.alcorcon\/2026\/02\/1771161441138-e1771166488800-768x588.jpg 768w, https:\/\/site.educa.madrid.org\/ies.elpinar.alcorcon\/\/wp-content\/uploads\/ies.elpinar.alcorcon\/2026\/02\/1771161441138-e1771166488800.jpg 1363w\" sizes=\"auto, (max-width: 706px) 89vw, (max-width: 767px) 82vw, 740px\" \/><\/figure>\n\n\n\n<p>Para conmemorar el d\u00eda 11 de Febrero, d\u00eda Internacional de la mujer y la ni\u00f1a en la Ciencia, las profesoras del centro han participado en una actividad de roleplaying organizada por el departamento de F\u00edsica y Qu\u00edmica.<\/p>\n\n\n\n<p>Las profesoras se caracterizaron de diversas mujeres que tiene un papel relevante en el \u00e1mbito cient\u00edfico y el alumnado ten\u00eda que averiguar mediante preguntas a quien representaban.<\/p>\n\n\n\n<p>Hipatia de Alejandr\u00eda, Jane Goodall, Ada Lovelace, Marie Curie, Valentina Tereshkova, Margarita Salas y Hedy Lamarr&#8230; \u00bfA cu\u00e1ntas reconoces?<\/p>\n\n\n\n<p>Fue un momento muy agradable de aprendizaje durante el recreo del mi\u00e9rcoles 11 de Febrero.<\/p>\n<\/div><\/div><\/div><\/div><\/div><\/div><div class=\"rt-col-md-12 rt-col-sm-6 rt-col-xs-12 even-grid-item rt-grid-item\" data-id=\"1958\"><div class=\"rt-holder\"><div class=\"rt-row\"><div class='rt-col-xs-12'><div class='rt-detail'><h3 class=\"entry-title\"><a data-id=\"1958\" class=\"\" href=\"https:\/\/site.educa.madrid.org\/ies.elpinar.alcorcon\/index.php\/2025\/12\/19\/stranger-maths\/\">Stranger MATHS<\/a><\/h3><div class='post-meta-user '><span class='date-meta'><i class='far fa-calendar-alt '><\/i>19 diciembre, 2025<\/span><\/div><div class='tpg-excerpt'>\n<figure class=\"wp-block-embed is-type-video is-provider-youtube wp-block-embed-youtube wp-embed-aspect-16-9 wp-has-aspect-ratio\"><div class=\"wp-block-embed__wrapper\">\n<iframe loading=\"lazy\" width=\"525\" height=\"295\" src=\"https:\/\/www.youtube.com\/embed\/3Tw3UvAJuDU?feature=oembed\" frameborder=\"0\" allowfullscreen><\/iframe>\n<\/div><\/figure>\n\n\n\n<p class=\"has-text-align-center\">El alumnado de 2\u00ba de ESO ha puesto en pr\u00e1ctica lo aprendido este trimestre en una actividad cooperativa. <\/p>\n\n\n\n<p class=\"has-text-align-center has-vivid-cyan-blue-color has-text-color has-link-color wp-elements-30d13ce26d4b91c125fbf51c9107f24e\">\u00a1Gamificaci\u00f3n en acci\u00f3n!<\/p>\n\n\n<div class=\"wp-block-image\">\n<figure class=\"aligncenter size-large\"><a href=\"https:\/\/site.educa.madrid.org\/ies.elpinar.alcorcon\/\/wp-content\/uploads\/ies.elpinar.alcorcon\/2025\/12\/Stranger2ESO-scaled-e1766136782604.jpg\"><img decoding=\"async\" loading=\"lazy\" width=\"1024\" height=\"768\" src=\"https:\/\/site.educa.madrid.org\/ies.elpinar.alcorcon\/\/wp-content\/uploads\/ies.elpinar.alcorcon\/2025\/12\/Stranger2ESO-scaled-e1766136782604-1024x768.jpg\" alt=\"\" class=\"wp-image-1955\" srcset=\"https:\/\/site.educa.madrid.org\/ies.elpinar.alcorcon\/\/wp-content\/uploads\/ies.elpinar.alcorcon\/2025\/12\/Stranger2ESO-scaled-e1766136782604-1024x768.jpg 1024w, https:\/\/site.educa.madrid.org\/ies.elpinar.alcorcon\/\/wp-content\/uploads\/ies.elpinar.alcorcon\/2025\/12\/Stranger2ESO-scaled-e1766136782604-300x225.jpg 300w, https:\/\/site.educa.madrid.org\/ies.elpinar.alcorcon\/\/wp-content\/uploads\/ies.elpinar.alcorcon\/2025\/12\/Stranger2ESO-scaled-e1766136782604-768x576.jpg 768w, https:\/\/site.educa.madrid.org\/ies.elpinar.alcorcon\/\/wp-content\/uploads\/ies.elpinar.alcorcon\/2025\/12\/Stranger2ESO-scaled-e1766136782604-1536x1152.jpg 1536w, https:\/\/site.educa.madrid.org\/ies.elpinar.alcorcon\/\/wp-content\/uploads\/ies.elpinar.alcorcon\/2025\/12\/Stranger2ESO-scaled-e1766136782604-2048x1536.jpg 2048w\" sizes=\"auto, (max-width: 706px) 89vw, (max-width: 767px) 82vw, 740px\" \/><\/a><\/figure>\n<\/div>\n\n\n<p class=\"has-text-align-center\">Entre todos consiguieron cerrar el portal y abrir el cofre sorpresa. <\/p>\n\n\n\n<p class=\"has-text-align-center\">\u00a1Un aut\u00e9ntico placer con este alumnado!<\/p>\n\n\n\n<p><\/p>\n<\/div><\/div><\/div><\/div><\/div><\/div><div class=\"rt-col-md-12 rt-col-sm-6 rt-col-xs-12 even-grid-item rt-grid-item\" data-id=\"1933\"><div class=\"rt-holder\"><div class=\"rt-row\"><div class='rt-col-xs-12'><div class='rt-detail'><h3 class=\"entry-title\"><a data-id=\"1933\" class=\"\" href=\"https:\/\/site.educa.madrid.org\/ies.elpinar.alcorcon\/index.php\/2025\/12\/03\/concurso-de-christmas-matematico\/\">Concurso de Christmas Matem\u00e1tico<\/a><\/h3><div class='post-meta-user '><span class='date-meta'><i class='far fa-calendar-alt '><\/i>3 diciembre, 2025<\/span><\/div><div class='tpg-excerpt'><div class=\"wp-block-image\">\n<figure class=\"aligncenter size-medium is-resized\"><a href=\"https:\/\/site.educa.madrid.org\/ies.elpinar.alcorcon\/\/wp-content\/uploads\/ies.elpinar.alcorcon\/2025\/12\/Cartel-Concurso-Christmas.png\"><img decoding=\"async\" loading=\"lazy\" width=\"200\" height=\"300\" src=\"https:\/\/site.educa.madrid.org\/ies.elpinar.alcorcon\/\/wp-content\/uploads\/ies.elpinar.alcorcon\/2025\/12\/Cartel-Concurso-Christmas-200x300.png\" alt=\"\" class=\"wp-image-1932\" style=\"width:345px;height:auto\" srcset=\"https:\/\/site.educa.madrid.org\/ies.elpinar.alcorcon\/\/wp-content\/uploads\/ies.elpinar.alcorcon\/2025\/12\/Cartel-Concurso-Christmas-200x300.png 200w, https:\/\/site.educa.madrid.org\/ies.elpinar.alcorcon\/\/wp-content\/uploads\/ies.elpinar.alcorcon\/2025\/12\/Cartel-Concurso-Christmas-683x1024.png 683w, https:\/\/site.educa.madrid.org\/ies.elpinar.alcorcon\/\/wp-content\/uploads\/ies.elpinar.alcorcon\/2025\/12\/Cartel-Concurso-Christmas-768x1152.png 768w, https:\/\/site.educa.madrid.org\/ies.elpinar.alcorcon\/\/wp-content\/uploads\/ies.elpinar.alcorcon\/2025\/12\/Cartel-Concurso-Christmas.png 1024w\" sizes=\"auto, (max-width: 200px) 100vw, 200px\" \/><\/a><\/figure>\n<\/div>\n\n\n<p class=\"has-text-align-center\">An\u00edmate a elaborar tu Christmas integrando elementos navide\u00f1os con conceptos matem\u00e1ticos. <\/p>\n\n\n\n<p class=\"has-text-align-center\">Deber\u00e1s entreg\u00e1rselo, <strong>antes del d\u00eda 17<\/strong>, a tu profesora de Pl\u00e1stica o de Matem\u00e1ticas, en <strong>tama\u00f1o A5<\/strong>.<\/p>\n\n\n\n<p class=\"has-text-align-center\">Habr\u00e1 premios para los ganadores de cada categor\u00eda. \u00a1PARTICIPA!<\/p>\n<\/div><\/div><\/div><\/div><\/div><\/div><\/div><div class='rt-pagination-wrap' data-total-pages='3' data-posts-per-page='4' data-type='pagination'  ><div class=\"rt-pagination\" ><ul class=\"pagination-list\"><li class=\"active\"><span>1<\/span><\/li><li><a data-paged='2' href='https:\/\/site.educa.madrid.org\/ies.elpinar.alcorcon\/index.php\/wp-json\/wp\/v2\/pages\/813\/page\/2\/'>2<\/a><\/li><li><a data-paged='3' href='https:\/\/site.educa.madrid.org\/ies.elpinar.alcorcon\/index.php\/wp-json\/wp\/v2\/pages\/813\/page\/3\/'>3<\/a><\/li><\/ul><\/div><\/div><\/div>\n\n\n<p><\/p>\n\n\n\n<p><\/p>\n\n\n\n<div class=\"wp-block-buttons is-layout-flex wp-block-buttons-is-layout-flex\"><\/div>\n\n\n\n<p><\/p>\n","protected":false},"excerpt":{"rendered":"","protected":false},"author":2,"featured_media":0,"parent":896,"menu_order":8,"comment_status":"closed","ping_status":"closed","template":"page-with-submenu.php","meta":{"footnotes":""},"folder":[],"class_list":["post-813","page","type-page","status-publish","hentry"],"rttpg_featured_image_url":null,"rttpg_author":{"display_name":"tic.ies.elpinar.alcorcon","author_link":"https:\/\/site.educa.madrid.org\/ies.elpinar.alcorcon\/index.php\/author\/cuenta_tic-ies-elpinar-alcorcon\/"},"rttpg_comment":0,"rttpg_category":false,"rttpg_excerpt":null,"post_mailing_queue_ids":[],"_links":{"self":[{"href":"https:\/\/site.educa.madrid.org\/ies.elpinar.alcorcon\/index.php\/wp-json\/wp\/v2\/pages\/813","targetHints":{"allow":["GET"]}}],"collection":[{"href":"https:\/\/site.educa.madrid.org\/ies.elpinar.alcorcon\/index.php\/wp-json\/wp\/v2\/pages"}],"about":[{"href":"https:\/\/site.educa.madrid.org\/ies.elpinar.alcorcon\/index.php\/wp-json\/wp\/v2\/types\/page"}],"author":[{"embeddable":true,"href":"https:\/\/site.educa.madrid.org\/ies.elpinar.alcorcon\/index.php\/wp-json\/wp\/v2\/users\/2"}],"replies":[{"embeddable":true,"href":"https:\/\/site.educa.madrid.org\/ies.elpinar.alcorcon\/index.php\/wp-json\/wp\/v2\/comments?post=813"}],"version-history":[{"count":17,"href":"https:\/\/site.educa.madrid.org\/ies.elpinar.alcorcon\/index.php\/wp-json\/wp\/v2\/pages\/813\/revisions"}],"predecessor-version":[{"id":2037,"href":"https:\/\/site.educa.madrid.org\/ies.elpinar.alcorcon\/index.php\/wp-json\/wp\/v2\/pages\/813\/revisions\/2037"}],"up":[{"embeddable":true,"href":"https:\/\/site.educa.madrid.org\/ies.elpinar.alcorcon\/index.php\/wp-json\/wp\/v2\/pages\/896"}],"wp:attachment":[{"href":"https:\/\/site.educa.madrid.org\/ies.elpinar.alcorcon\/index.php\/wp-json\/wp\/v2\/media?parent=813"}],"wp:term":[{"taxonomy":"folder","embeddable":true,"href":"https:\/\/site.educa.madrid.org\/ies.elpinar.alcorcon\/index.php\/wp-json\/wp\/v2\/folder?post=813"}],"curies":[{"name":"wp","href":"https:\/\/api.w.org\/{rel}","templated":true}]}}