{"id":938,"date":"2025-03-15T11:59:02","date_gmt":"2025-03-15T10:59:02","guid":{"rendered":"https:\/\/site.educa.madrid.org\/ies.elpinar.alcorcon\/?page_id=938"},"modified":"2026-05-11T17:05:09","modified_gmt":"2026-05-11T15:05:09","slug":"consulta-grupo","status":"publish","type":"page","link":"https:\/\/site.educa.madrid.org\/ies.elpinar.alcorcon\/index.php\/informacion-a-las-familias\/consulta-grupo\/","title":{"rendered":"Consulta de GRUPO"},"content":{"rendered":"\n<p class=\"has-medium-font-size\">Consulta del GRUPO del alumno\/a mediante Ra\u00edces\/Roble<\/p>\n\n\n\n<div class=\"wp-block-group is-nowrap is-layout-flex wp-container-core-group-is-layout-ad2f72ca wp-block-group-is-layout-flex\">\n<p>Acceder mediante un ordenador a:<\/p>\n\n\n<div class=\"wp-block-image\">\n<figure class=\"aligncenter size-full is-resized\"><a href=\"https:\/\/raices.madrid.org\/raiz_app\/jsp\/portal\/portalraices.html\"><img loading=\"lazy\" decoding=\"async\" width=\"834\" height=\"834\" src=\"https:\/\/site.educa.madrid.org\/ies.elpinar.alcorcon\/\/wp-content\/uploads\/ies.elpinar.alcorcon\/2025\/03\/raices-1.png\" alt=\"\" class=\"wp-image-975\" style=\"width:111px;height:auto\" srcset=\"https:\/\/site.educa.madrid.org\/ies.elpinar.alcorcon\/\/wp-content\/uploads\/ies.elpinar.alcorcon\/2025\/03\/raices-1.png 834w, https:\/\/site.educa.madrid.org\/ies.elpinar.alcorcon\/\/wp-content\/uploads\/ies.elpinar.alcorcon\/2025\/03\/raices-1-300x300.png 300w, https:\/\/site.educa.madrid.org\/ies.elpinar.alcorcon\/\/wp-content\/uploads\/ies.elpinar.alcorcon\/2025\/03\/raices-1-150x150.png 150w, https:\/\/site.educa.madrid.org\/ies.elpinar.alcorcon\/\/wp-content\/uploads\/ies.elpinar.alcorcon\/2025\/03\/raices-1-768x768.png 768w, https:\/\/site.educa.madrid.org\/ies.elpinar.alcorcon\/\/wp-content\/uploads\/ies.elpinar.alcorcon\/2025\/03\/raices-1-500x500.png 500w, https:\/\/site.educa.madrid.org\/ies.elpinar.alcorcon\/\/wp-content\/uploads\/ies.elpinar.alcorcon\/2025\/03\/raices-1-100x100.png 100w\" sizes=\"auto, (max-width: 706px) 89vw, (max-width: 767px) 82vw, 740px\" \/><\/a><\/figure>\n<\/div><\/div>\n\n\n\n<div style=\"height:40px\" aria-hidden=\"true\" class=\"wp-block-spacer\"><\/div>\n\n\n\n<p>Identificarse con su usuario y contrase\u00f1.<\/p>\n\n\n\n<p>Si no dispone de este usuario o lo tiene bloqueado puede solicitarlo en la <a href=\"https:\/\/site.educa.madrid.org\/ies.elpinar.alcorcon\/index.php\/secretaria\/\" data-type=\"page\" data-id=\"148\">secretar\u00eda <\/a>del centro.<\/p>\n\n\n\n<p>En el men\u00fa vertical de la izquierda, pinchar en SEGUIMIENTO DEL CURSO: TUTOR\u00cdA: DATOS DEL TUTOR y ya podr\u00e1 visualizarlo.<\/p>\n\n\n\n<p><\/p>\n","protected":false},"excerpt":{"rendered":"<p>Consulta del GRUPO del alumno\/a mediante Ra\u00edces\/Roble Acceder mediante un ordenador a: Identificarse con su usuario y contrase\u00f1. Si no dispone de este usuario o lo tiene bloqueado puede solicitarlo en la secretar\u00eda del centro. En el men\u00fa vertical de la izquierda, pinchar en SEGUIMIENTO DEL CURSO: TUTOR\u00cdA: DATOS DEL TUTOR y ya podr\u00e1 visualizarlo.<\/p>\n","protected":false},"author":2,"featured_media":0,"parent":554,"menu_order":4,"comment_status":"closed","ping_status":"closed","template":"","meta":{"footnotes":""},"folder":[],"class_list":["post-938","page","type-page","status-publish","hentry"],"rttpg_featured_image_url":null,"rttpg_author":{"display_name":"tic.ies.elpinar.alcorcon","author_link":"https:\/\/site.educa.madrid.org\/ies.elpinar.alcorcon\/index.php\/author\/cuenta_tic-ies-elpinar-alcorcon\/"},"rttpg_comment":0,"rttpg_category":false,"rttpg_excerpt":"Consulta del GRUPO del alumno\/a mediante Ra\u00edces\/Roble Acceder mediante un ordenador a: Identificarse con su usuario y contrase\u00f1. Si no dispone de este usuario o lo tiene bloqueado puede solicitarlo en la secretar\u00eda del centro. En el men\u00fa vertical de la izquierda, pinchar en SEGUIMIENTO DEL CURSO: TUTOR\u00cdA: DATOS DEL TUTOR y ya podr\u00e1 visualizarlo.","post_mailing_queue_ids":[],"_links":{"self":[{"href":"https:\/\/site.educa.madrid.org\/ies.elpinar.alcorcon\/index.php\/wp-json\/wp\/v2\/pages\/938","targetHints":{"allow":["GET"]}}],"collection":[{"href":"https:\/\/site.educa.madrid.org\/ies.elpinar.alcorcon\/index.php\/wp-json\/wp\/v2\/pages"}],"about":[{"href":"https:\/\/site.educa.madrid.org\/ies.elpinar.alcorcon\/index.php\/wp-json\/wp\/v2\/types\/page"}],"author":[{"embeddable":true,"href":"https:\/\/site.educa.madrid.org\/ies.elpinar.alcorcon\/index.php\/wp-json\/wp\/v2\/users\/2"}],"replies":[{"embeddable":true,"href":"https:\/\/site.educa.madrid.org\/ies.elpinar.alcorcon\/index.php\/wp-json\/wp\/v2\/comments?post=938"}],"version-history":[{"count":8,"href":"https:\/\/site.educa.madrid.org\/ies.elpinar.alcorcon\/index.php\/wp-json\/wp\/v2\/pages\/938\/revisions"}],"predecessor-version":[{"id":2101,"href":"https:\/\/site.educa.madrid.org\/ies.elpinar.alcorcon\/index.php\/wp-json\/wp\/v2\/pages\/938\/revisions\/2101"}],"up":[{"embeddable":true,"href":"https:\/\/site.educa.madrid.org\/ies.elpinar.alcorcon\/index.php\/wp-json\/wp\/v2\/pages\/554"}],"wp:attachment":[{"href":"https:\/\/site.educa.madrid.org\/ies.elpinar.alcorcon\/index.php\/wp-json\/wp\/v2\/media?parent=938"}],"wp:term":[{"taxonomy":"folder","embeddable":true,"href":"https:\/\/site.educa.madrid.org\/ies.elpinar.alcorcon\/index.php\/wp-json\/wp\/v2\/folder?post=938"}],"curies":[{"name":"wp","href":"https:\/\/api.w.org\/{rel}","templated":true}]}}