{"id":10396,"date":"2025-07-11T09:07:20","date_gmt":"2025-07-11T07:07:20","guid":{"rendered":"https:\/\/site.educa.madrid.org\/ies.infantaelena.galapagar\/?page_id=10396"},"modified":"2025-09-15T19:35:58","modified_gmt":"2025-09-15T17:35:58","slug":"revista-escolar-codigo-def","status":"publish","type":"page","link":"https:\/\/site.educa.madrid.org\/ies.infantaelena.galapagar\/revista-escolar-codigo-def\/","title":{"rendered":"REVISTA ESCOLAR: C\u00f3digo DEF"},"content":{"rendered":"<div id=\"pl-10396\"  class=\"panel-layout\" ><div id=\"pg-10396-0\"  class=\"panel-grid panel-no-style\" ><div id=\"pgc-10396-0-0\"  class=\"panel-grid-cell\" ><div id=\"panel-10396-0-0-0\" class=\"so-panel widget widget_sow-image panel-first-child panel-last-child\" data-index=\"0\" ><div\n\t\t\t\n\t\t\tclass=\"so-widget-sow-image so-widget-sow-image-default-113ccd71f3e6-10396\"\n\t\t\t\n\t\t>\n<h3 class=\"widget-title\">C\u00f3digo DEF Curso 2024-25<\/h3>\n<div class=\"sow-image-container\">\n\t\t\t<a href=\"https:\/\/cloud.educa.madrid.org\/s\/W43jnYoPBr27C2p\"\n\t\t\ttarget=\"_blank\" rel=\"noopener noreferrer\" \t\t>\n\t\t\t<img loading=\"lazy\" decoding=\"async\" src=\"https:\/\/site.educa.madrid.org\/ies.infantaelena.galapagar\/\/wp-content\/uploads\/ies.infantaelena.galapagar\/2025\/07\/portada_2004_05-225x300.png\" width=\"225\" height=\"300\" srcset=\"https:\/\/site.educa.madrid.org\/ies.infantaelena.galapagar\/\/wp-content\/uploads\/ies.infantaelena.galapagar\/2025\/07\/portada_2004_05-225x300.png 225w, https:\/\/site.educa.madrid.org\/ies.infantaelena.galapagar\/\/wp-content\/uploads\/ies.infantaelena.galapagar\/2025\/07\/portada_2004_05-300x400.png 300w, https:\/\/site.educa.madrid.org\/ies.infantaelena.galapagar\/\/wp-content\/uploads\/ies.infantaelena.galapagar\/2025\/07\/portada_2004_05.png 642w\" sizes=\"auto, (max-width: 225px) 100vw, 225px\" title=\"C\u00f3digo DEF Curso 2024-25\" alt=\"\" \t\tclass=\"so-widget-image\"\/>\n\t<\/a><\/div>\n\n<\/div><\/div><\/div><\/div><div id=\"pg-10396-1\"  class=\"panel-grid panel-no-style\" ><div id=\"pgc-10396-1-0\"  class=\"panel-grid-cell\" ><div id=\"panel-10396-1-0-0\" class=\"so-panel widget widget_sow-headline panel-first-child panel-last-child\" data-index=\"1\" ><div\n\t\t\t\n\t\t\tclass=\"so-widget-sow-headline so-widget-sow-headline-default-3748c308ed6e-10396\"\n\t\t\t\n\t\t><div class=\"sow-headline-container \">\n\t\t\t\t\t\t<div class=\"decoration\">\n\t\t\t\t\t\t<div class=\"decoration-inside\"><\/div>\n\t\t\t\t\t<\/div>\n\t\t\t\t\t<\/div>\n<\/div><\/div><\/div><\/div><div id=\"pg-10396-2\"  class=\"panel-grid panel-no-style\" ><div id=\"pgc-10396-2-0\"  class=\"panel-grid-cell\" ><div id=\"panel-10396-2-0-0\" class=\"so-panel widget widget_sow-image panel-first-child panel-last-child\" data-index=\"2\" ><div\n\t\t\t\n\t\t\tclass=\"so-widget-sow-image so-widget-sow-image-default-113ccd71f3e6-10396\"\n\t\t\t\n\t\t>\n<h3 class=\"widget-title\">C\u00f3digo DEF N\u00ba I 2009<\/h3>\n<div class=\"sow-image-container\">\n\t\t\t<a href=\"https:\/\/cloud.educa.madrid.org\/s\/f98gPP9YXTrf9qr\"\n\t\t\ttarget=\"_blank\" rel=\"noopener noreferrer\" \t\t>\n\t\t\t<img loading=\"lazy\" decoding=\"async\" src=\"https:\/\/site.educa.madrid.org\/ies.infantaelena.galapagar\/\/wp-content\/uploads\/ies.infantaelena.galapagar\/2025\/09\/Codigo_DEF_numeroI_2009-209x300.png\" width=\"209\" height=\"300\" srcset=\"https:\/\/site.educa.madrid.org\/ies.infantaelena.galapagar\/\/wp-content\/uploads\/ies.infantaelena.galapagar\/2025\/09\/Codigo_DEF_numeroI_2009-209x300.png 209w, https:\/\/site.educa.madrid.org\/ies.infantaelena.galapagar\/\/wp-content\/uploads\/ies.infantaelena.galapagar\/2025\/09\/Codigo_DEF_numeroI_2009.png 594w\" sizes=\"auto, (max-width: 209px) 100vw, 209px\" title=\"C\u00f3digo DEF N\u00ba I 2009\" alt=\"\" \t\tclass=\"so-widget-image\"\/>\n\t<\/a><\/div>\n\n<\/div><\/div><\/div><div id=\"pgc-10396-2-1\"  class=\"panel-grid-cell\" ><div id=\"panel-10396-2-1-0\" class=\"so-panel widget widget_sow-image panel-first-child panel-last-child\" data-index=\"3\" ><div\n\t\t\t\n\t\t\tclass=\"so-widget-sow-image so-widget-sow-image-default-113ccd71f3e6-10396\"\n\t\t\t\n\t\t>\n<h3 class=\"widget-title\">C\u00f3digo DEF N\u00ba II 2009<\/h3>\n<div class=\"sow-image-container\">\n\t\t\t<a href=\"https:\/\/cloud.educa.madrid.org\/s\/izCo7tinjksdber\"\n\t\t\ttarget=\"_blank\" rel=\"noopener noreferrer\" \t\t>\n\t\t\t<img loading=\"lazy\" decoding=\"async\" src=\"https:\/\/site.educa.madrid.org\/ies.infantaelena.galapagar\/\/wp-content\/uploads\/ies.infantaelena.galapagar\/2025\/09\/Codigo_DEF_numeroII_2009-212x300.png\" width=\"212\" height=\"300\" srcset=\"https:\/\/site.educa.madrid.org\/ies.infantaelena.galapagar\/\/wp-content\/uploads\/ies.infantaelena.galapagar\/2025\/09\/Codigo_DEF_numeroII_2009-212x300.png 212w, https:\/\/site.educa.madrid.org\/ies.infantaelena.galapagar\/\/wp-content\/uploads\/ies.infantaelena.galapagar\/2025\/09\/Codigo_DEF_numeroII_2009.png 604w\" sizes=\"auto, (max-width: 212px) 100vw, 212px\" title=\"C\u00f3digo DEF N\u00ba II 2009\" alt=\"\" \t\tclass=\"so-widget-image\"\/>\n\t<\/a><\/div>\n\n<\/div><\/div><\/div><div id=\"pgc-10396-2-2\"  class=\"panel-grid-cell\" ><div id=\"panel-10396-2-2-0\" class=\"so-panel widget widget_sow-image panel-first-child panel-last-child\" data-index=\"4\" ><div\n\t\t\t\n\t\t\tclass=\"so-widget-sow-image so-widget-sow-image-default-113ccd71f3e6-10396\"\n\t\t\t\n\t\t>\n<h3 class=\"widget-title\">C\u00f3digo DEF N\u00ba III 2009<\/h3>\n<div class=\"sow-image-container\">\n\t\t\t<a href=\"https:\/\/cloud.educa.madrid.org\/s\/LWB9Xz3jJegZFTX\"\n\t\t\ttarget=\"_blank\" rel=\"noopener noreferrer\" \t\t>\n\t\t\t<img loading=\"lazy\" decoding=\"async\" src=\"https:\/\/site.educa.madrid.org\/ies.infantaelena.galapagar\/\/wp-content\/uploads\/ies.infantaelena.galapagar\/2025\/09\/Codigo_DEF_numeroIII_2009-211x300.png\" width=\"211\" height=\"300\" srcset=\"https:\/\/site.educa.madrid.org\/ies.infantaelena.galapagar\/\/wp-content\/uploads\/ies.infantaelena.galapagar\/2025\/09\/Codigo_DEF_numeroIII_2009-211x300.png 211w, https:\/\/site.educa.madrid.org\/ies.infantaelena.galapagar\/\/wp-content\/uploads\/ies.infantaelena.galapagar\/2025\/09\/Codigo_DEF_numeroIII_2009.png 601w\" sizes=\"auto, (max-width: 211px) 100vw, 211px\" title=\"C\u00f3digo DEF N\u00ba III 2009\" alt=\"\" \t\tclass=\"so-widget-image\"\/>\n\t<\/a><\/div>\n\n<\/div><\/div><\/div><\/div><div id=\"pg-10396-3\"  class=\"panel-grid panel-no-style\" ><div id=\"pgc-10396-3-0\"  class=\"panel-grid-cell\" ><div id=\"panel-10396-3-0-0\" class=\"so-panel widget widget_sow-headline panel-first-child panel-last-child\" data-index=\"5\" ><div\n\t\t\t\n\t\t\tclass=\"so-widget-sow-headline so-widget-sow-headline-default-3748c308ed6e-10396\"\n\t\t\t\n\t\t><div class=\"sow-headline-container \">\n\t\t\t\t\t\t<div class=\"decoration\">\n\t\t\t\t\t\t<div class=\"decoration-inside\"><\/div>\n\t\t\t\t\t<\/div>\n\t\t\t\t\t<\/div>\n<\/div><\/div><\/div><\/div><div id=\"pg-10396-4\"  class=\"panel-grid panel-no-style\" ><div id=\"pgc-10396-4-0\"  class=\"panel-grid-cell\" ><div id=\"panel-10396-4-0-0\" class=\"so-panel widget widget_sow-image panel-first-child panel-last-child\" data-index=\"6\" ><div\n\t\t\t\n\t\t\tclass=\"so-widget-sow-image so-widget-sow-image-default-113ccd71f3e6-10396\"\n\t\t\t\n\t\t>\n<h3 class=\"widget-title\">C\u00f3digo DEF Marzo 2008<\/h3>\n<div class=\"sow-image-container\">\n\t\t\t<a href=\"https:\/\/cloud.educa.madrid.org\/s\/Ac5Q8ZiRWAngfXZ\"\n\t\t\ttarget=\"_blank\" rel=\"noopener noreferrer\" \t\t>\n\t\t\t<img loading=\"lazy\" decoding=\"async\" src=\"https:\/\/site.educa.madrid.org\/ies.infantaelena.galapagar\/\/wp-content\/uploads\/ies.infantaelena.galapagar\/2025\/09\/Codigo_DEF_Marzo_2008-210x300.png\" width=\"210\" height=\"300\" srcset=\"https:\/\/site.educa.madrid.org\/ies.infantaelena.galapagar\/\/wp-content\/uploads\/ies.infantaelena.galapagar\/2025\/09\/Codigo_DEF_Marzo_2008-210x300.png 210w, https:\/\/site.educa.madrid.org\/ies.infantaelena.galapagar\/\/wp-content\/uploads\/ies.infantaelena.galapagar\/2025\/09\/Codigo_DEF_Marzo_2008.png 598w\" sizes=\"auto, (max-width: 210px) 100vw, 210px\" title=\"C\u00f3digo DEF Marzo 2008\" alt=\"\" \t\tclass=\"so-widget-image\"\/>\n\t<\/a><\/div>\n\n<\/div><\/div><\/div><div id=\"pgc-10396-4-1\"  class=\"panel-grid-cell\" ><div id=\"panel-10396-4-1-0\" class=\"so-panel widget widget_sow-image panel-first-child panel-last-child\" data-index=\"7\" ><div\n\t\t\t\n\t\t\tclass=\"so-widget-sow-image so-widget-sow-image-default-113ccd71f3e6-10396\"\n\t\t\t\n\t\t>\n<h3 class=\"widget-title\">C\u00f3digo DEF Junio 2008<\/h3>\n<div class=\"sow-image-container\">\n\t\t\t<a href=\"https:\/\/cloud.educa.madrid.org\/s\/jwfP9XyD5pieYPm\"\n\t\t\ttarget=\"_blank\" rel=\"noopener noreferrer\" \t\t>\n\t\t\t<img loading=\"lazy\" decoding=\"async\" src=\"https:\/\/site.educa.madrid.org\/ies.infantaelena.galapagar\/\/wp-content\/uploads\/ies.infantaelena.galapagar\/2025\/09\/Codigo_DEF_Junio_2008-211x300.png\" width=\"211\" height=\"300\" srcset=\"https:\/\/site.educa.madrid.org\/ies.infantaelena.galapagar\/\/wp-content\/uploads\/ies.infantaelena.galapagar\/2025\/09\/Codigo_DEF_Junio_2008-211x300.png 211w, https:\/\/site.educa.madrid.org\/ies.infantaelena.galapagar\/\/wp-content\/uploads\/ies.infantaelena.galapagar\/2025\/09\/Codigo_DEF_Junio_2008.png 598w\" sizes=\"auto, (max-width: 211px) 100vw, 211px\" title=\"C\u00f3digo DEF Junio 2008\" alt=\"\" \t\tclass=\"so-widget-image\"\/>\n\t<\/a><\/div>\n\n<\/div><\/div><\/div><\/div><div id=\"pg-10396-5\"  class=\"panel-grid panel-no-style\" ><div id=\"pgc-10396-5-0\"  class=\"panel-grid-cell\" ><div id=\"panel-10396-5-0-0\" class=\"so-panel widget widget_sow-headline panel-first-child panel-last-child\" data-index=\"8\" ><div\n\t\t\t\n\t\t\tclass=\"so-widget-sow-headline so-widget-sow-headline-default-3748c308ed6e-10396\"\n\t\t\t\n\t\t><div class=\"sow-headline-container \">\n\t\t\t\t\t\t<div class=\"decoration\">\n\t\t\t\t\t\t<div class=\"decoration-inside\"><\/div>\n\t\t\t\t\t<\/div>\n\t\t\t\t\t<\/div>\n<\/div><\/div><\/div><\/div><div id=\"pg-10396-6\"  class=\"panel-grid panel-no-style\" ><div id=\"pgc-10396-6-0\"  class=\"panel-grid-cell\" ><div id=\"panel-10396-6-0-0\" class=\"so-panel widget widget_sow-image panel-first-child panel-last-child\" data-index=\"9\" ><div\n\t\t\t\n\t\t\tclass=\"so-widget-sow-image so-widget-sow-image-default-113ccd71f3e6-10396\"\n\t\t\t\n\t\t>\n<h3 class=\"widget-title\">C\u00f3digo DEF Abril 2007<\/h3>\n<div class=\"sow-image-container\">\n\t\t\t<a href=\"https:\/\/cloud.educa.madrid.org\/s\/NEj8nFQ4gcFxkaf\"\n\t\t\ttarget=\"_blank\" rel=\"noopener noreferrer\" \t\t>\n\t\t\t<img loading=\"lazy\" decoding=\"async\" src=\"https:\/\/site.educa.madrid.org\/ies.infantaelena.galapagar\/\/wp-content\/uploads\/ies.infantaelena.galapagar\/2025\/09\/Codigo_DEF_Abril_2007-211x300.png\" width=\"211\" height=\"300\" srcset=\"https:\/\/site.educa.madrid.org\/ies.infantaelena.galapagar\/\/wp-content\/uploads\/ies.infantaelena.galapagar\/2025\/09\/Codigo_DEF_Abril_2007-211x300.png 211w, https:\/\/site.educa.madrid.org\/ies.infantaelena.galapagar\/\/wp-content\/uploads\/ies.infantaelena.galapagar\/2025\/09\/Codigo_DEF_Abril_2007.png 602w\" sizes=\"auto, (max-width: 211px) 100vw, 211px\" title=\"C\u00f3digo DEF Abril 2007\" alt=\"\" \t\tclass=\"so-widget-image\"\/>\n\t<\/a><\/div>\n\n<\/div><\/div><\/div><div id=\"pgc-10396-6-1\"  class=\"panel-grid-cell\" ><div id=\"panel-10396-6-1-0\" class=\"so-panel widget widget_sow-image panel-first-child panel-last-child\" data-index=\"10\" ><div\n\t\t\t\n\t\t\tclass=\"so-widget-sow-image so-widget-sow-image-default-113ccd71f3e6-10396\"\n\t\t\t\n\t\t>\n<h3 class=\"widget-title\">C\u00f3digo DEF Diciembre 2007<\/h3>\n<div class=\"sow-image-container\">\n\t\t\t<a href=\"https:\/\/cloud.educa.madrid.org\/s\/wGJad8qP5pDAqZ2\"\n\t\t\ttarget=\"_blank\" rel=\"noopener noreferrer\" \t\t>\n\t\t\t<img loading=\"lazy\" decoding=\"async\" src=\"https:\/\/site.educa.madrid.org\/ies.infantaelena.galapagar\/\/wp-content\/uploads\/ies.infantaelena.galapagar\/2025\/09\/Codigo_DEF_Diciembre_2007-210x300.png\" width=\"210\" height=\"300\" srcset=\"https:\/\/site.educa.madrid.org\/ies.infantaelena.galapagar\/\/wp-content\/uploads\/ies.infantaelena.galapagar\/2025\/09\/Codigo_DEF_Diciembre_2007-210x300.png 210w, https:\/\/site.educa.madrid.org\/ies.infantaelena.galapagar\/\/wp-content\/uploads\/ies.infantaelena.galapagar\/2025\/09\/Codigo_DEF_Diciembre_2007.png 597w\" sizes=\"auto, (max-width: 210px) 100vw, 210px\" title=\"C\u00f3digo DEF Diciembre 2007\" alt=\"\" \t\tclass=\"so-widget-image\"\/>\n\t<\/a><\/div>\n\n<\/div><\/div><\/div><\/div><div id=\"pg-10396-7\"  class=\"panel-grid panel-no-style\" ><div id=\"pgc-10396-7-0\"  class=\"panel-grid-cell\" ><div id=\"panel-10396-7-0-0\" class=\"so-panel widget widget_sow-headline panel-first-child panel-last-child\" data-index=\"11\" ><div\n\t\t\t\n\t\t\tclass=\"so-widget-sow-headline so-widget-sow-headline-default-3748c308ed6e-10396\"\n\t\t\t\n\t\t><div class=\"sow-headline-container \">\n\t\t\t\t\t\t<div class=\"decoration\">\n\t\t\t\t\t\t<div class=\"decoration-inside\"><\/div>\n\t\t\t\t\t<\/div>\n\t\t\t\t\t<\/div>\n<\/div><\/div><\/div><\/div><div id=\"pg-10396-8\"  class=\"panel-grid panel-no-style\" ><div id=\"pgc-10396-8-0\"  class=\"panel-grid-cell\" ><div id=\"panel-10396-8-0-0\" class=\"so-panel widget widget_sow-image panel-first-child panel-last-child\" data-index=\"12\" ><div\n\t\t\t\n\t\t\tclass=\"so-widget-sow-image so-widget-sow-image-default-113ccd71f3e6-10396\"\n\t\t\t\n\t\t>\n<h3 class=\"widget-title\">C\u00f3digo DEF Marzo 2006<\/h3>\n<div class=\"sow-image-container\">\n\t\t\t<a href=\"https:\/\/cloud.educa.madrid.org\/s\/syYccSqTHCPEndo\"\n\t\t\ttarget=\"_blank\" rel=\"noopener noreferrer\" \t\t>\n\t\t\t<img loading=\"lazy\" decoding=\"async\" src=\"https:\/\/site.educa.madrid.org\/ies.infantaelena.galapagar\/\/wp-content\/uploads\/ies.infantaelena.galapagar\/2025\/09\/Codigo_DEF_Marzo_2006-214x300.png\" width=\"214\" height=\"300\" srcset=\"https:\/\/site.educa.madrid.org\/ies.infantaelena.galapagar\/\/wp-content\/uploads\/ies.infantaelena.galapagar\/2025\/09\/Codigo_DEF_Marzo_2006-214x300.png 214w, https:\/\/site.educa.madrid.org\/ies.infantaelena.galapagar\/\/wp-content\/uploads\/ies.infantaelena.galapagar\/2025\/09\/Codigo_DEF_Marzo_2006.png 606w\" sizes=\"auto, (max-width: 214px) 100vw, 214px\" title=\"C\u00f3digo DEF Marzo 2006\" alt=\"\" \t\tclass=\"so-widget-image\"\/>\n\t<\/a><\/div>\n\n<\/div><\/div><\/div><div id=\"pgc-10396-8-1\"  class=\"panel-grid-cell\" ><div id=\"panel-10396-8-1-0\" class=\"so-panel widget widget_sow-image panel-first-child panel-last-child\" data-index=\"13\" ><div\n\t\t\t\n\t\t\tclass=\"so-widget-sow-image so-widget-sow-image-default-113ccd71f3e6-10396\"\n\t\t\t\n\t\t>\n<h3 class=\"widget-title\">C\u00f3digo DEF Junio 2006<\/h3>\n<div class=\"sow-image-container\">\n\t\t\t<a href=\"https:\/\/cloud.educa.madrid.org\/s\/7RkbnqFDo55ozWd\"\n\t\t\ttarget=\"_blank\" rel=\"noopener noreferrer\" \t\t>\n\t\t\t<img loading=\"lazy\" decoding=\"async\" src=\"https:\/\/site.educa.madrid.org\/ies.infantaelena.galapagar\/\/wp-content\/uploads\/ies.infantaelena.galapagar\/2025\/09\/Codigo_DEF_Junio_2006-214x300.png\" width=\"214\" height=\"300\" srcset=\"https:\/\/site.educa.madrid.org\/ies.infantaelena.galapagar\/\/wp-content\/uploads\/ies.infantaelena.galapagar\/2025\/09\/Codigo_DEF_Junio_2006-214x300.png 214w, https:\/\/site.educa.madrid.org\/ies.infantaelena.galapagar\/\/wp-content\/uploads\/ies.infantaelena.galapagar\/2025\/09\/Codigo_DEF_Junio_2006.png 606w\" sizes=\"auto, (max-width: 214px) 100vw, 214px\" title=\"C\u00f3digo DEF Junio 2006\" alt=\"\" \t\tclass=\"so-widget-image\"\/>\n\t<\/a><\/div>\n\n<\/div><\/div><\/div><div id=\"pgc-10396-8-2\"  class=\"panel-grid-cell\" ><div id=\"panel-10396-8-2-0\" class=\"so-panel widget widget_sow-image panel-first-child panel-last-child\" data-index=\"14\" ><div\n\t\t\t\n\t\t\tclass=\"so-widget-sow-image so-widget-sow-image-default-113ccd71f3e6-10396\"\n\t\t\t\n\t\t>\n<h3 class=\"widget-title\">C\u00f3digo DEF Diciemb 2006<\/h3>\n<div class=\"sow-image-container\">\n\t\t\t<a href=\"https:\/\/cloud.educa.madrid.org\/s\/xLQmyWtjfJzggmR\"\n\t\t\ttarget=\"_blank\" rel=\"noopener noreferrer\" \t\t>\n\t\t\t<img loading=\"lazy\" decoding=\"async\" src=\"https:\/\/site.educa.madrid.org\/ies.infantaelena.galapagar\/\/wp-content\/uploads\/ies.infantaelena.galapagar\/2025\/09\/Codigo_DEF_Diciembre_2006-213x300.png\" width=\"213\" height=\"300\" srcset=\"https:\/\/site.educa.madrid.org\/ies.infantaelena.galapagar\/\/wp-content\/uploads\/ies.infantaelena.galapagar\/2025\/09\/Codigo_DEF_Diciembre_2006-213x300.png 213w, https:\/\/site.educa.madrid.org\/ies.infantaelena.galapagar\/\/wp-content\/uploads\/ies.infantaelena.galapagar\/2025\/09\/Codigo_DEF_Diciembre_2006.png 612w\" sizes=\"auto, (max-width: 213px) 100vw, 213px\" title=\"C\u00f3digo DEF Diciemb 2006\" alt=\"\" \t\tclass=\"so-widget-image\"\/>\n\t<\/a><\/div>\n\n<\/div><\/div><\/div><\/div><\/div>","protected":false},"excerpt":{"rendered":"<p>C\u00f3digo DEF Curso 2024-25 C\u00f3digo DEF N\u00ba I 2009 C\u00f3digo DEF N\u00ba II 2009 C\u00f3digo DEF N\u00ba III 2009 C\u00f3digo DEF Marzo 2008 C\u00f3digo DEF Junio 2008 C\u00f3digo DEF Abril 2007 C\u00f3digo DEF Diciembre 2007 C\u00f3digo DEF Marzo 2006 C\u00f3digo DEF Junio 2006 C\u00f3digo DEF Diciemb 2006<\/p>\n","protected":false},"author":27,"featured_media":0,"parent":0,"menu_order":0,"comment_status":"closed","ping_status":"closed","template":"","meta":{"footnotes":""},"folder":[],"class_list":["post-10396","page","type-page","status-publish","hentry"],"rttpg_featured_image_url":null,"rttpg_author":{"display_name":"Avelino Bern\u00e1rdez Portas","author_link":"https:\/\/site.educa.madrid.org\/ies.infantaelena.galapagar\/author\/avelino_bernrdez-portas\/"},"rttpg_comment":0,"rttpg_category":false,"rttpg_excerpt":"C\u00f3digo DEF Curso 2024-25 C\u00f3digo DEF N\u00ba I 2009 C\u00f3digo DEF N\u00ba II 2009 C\u00f3digo DEF N\u00ba III 2009 C\u00f3digo DEF Marzo 2008 C\u00f3digo DEF Junio 2008 C\u00f3digo DEF Abril 2007 C\u00f3digo DEF Diciembre 2007 C\u00f3digo DEF Marzo 2006 C\u00f3digo DEF Junio 2006 C\u00f3digo DEF Diciemb 2006","post_mailing_queue_ids":[],"_links":{"self":[{"href":"https:\/\/site.educa.madrid.org\/ies.infantaelena.galapagar\/wp-json\/wp\/v2\/pages\/10396","targetHints":{"allow":["GET"]}}],"collection":[{"href":"https:\/\/site.educa.madrid.org\/ies.infantaelena.galapagar\/wp-json\/wp\/v2\/pages"}],"about":[{"href":"https:\/\/site.educa.madrid.org\/ies.infantaelena.galapagar\/wp-json\/wp\/v2\/types\/page"}],"author":[{"embeddable":true,"href":"https:\/\/site.educa.madrid.org\/ies.infantaelena.galapagar\/wp-json\/wp\/v2\/users\/27"}],"replies":[{"embeddable":true,"href":"https:\/\/site.educa.madrid.org\/ies.infantaelena.galapagar\/wp-json\/wp\/v2\/comments?post=10396"}],"version-history":[{"count":4,"href":"https:\/\/site.educa.madrid.org\/ies.infantaelena.galapagar\/wp-json\/wp\/v2\/pages\/10396\/revisions"}],"predecessor-version":[{"id":10479,"href":"https:\/\/site.educa.madrid.org\/ies.infantaelena.galapagar\/wp-json\/wp\/v2\/pages\/10396\/revisions\/10479"}],"wp:attachment":[{"href":"https:\/\/site.educa.madrid.org\/ies.infantaelena.galapagar\/wp-json\/wp\/v2\/media?parent=10396"}],"wp:term":[{"taxonomy":"folder","embeddable":true,"href":"https:\/\/site.educa.madrid.org\/ies.infantaelena.galapagar\/wp-json\/wp\/v2\/folder?post=10396"}],"curies":[{"name":"wp","href":"https:\/\/api.w.org\/{rel}","templated":true}]}}