{"id":10848,"date":"2026-01-25T12:51:55","date_gmt":"2026-01-25T11:51:55","guid":{"rendered":"https:\/\/site.educa.madrid.org\/ies.infantaelena.galapagar\/?page_id=10848"},"modified":"2026-01-25T13:14:33","modified_gmt":"2026-01-25T12:14:33","slug":"tr-invest-bto-2026-17-2","status":"publish","type":"page","link":"https:\/\/site.educa.madrid.org\/ies.infantaelena.galapagar\/tr-invest-bto-2026-17-2\/","title":{"rendered":"TR. INVEST. BTO. 2016-17"},"content":{"rendered":"<div id=\"pl-10848\"  class=\"panel-layout\" ><div id=\"pg-10848-0\"  class=\"panel-grid panel-no-style\" ><div id=\"pgc-10848-0-0\"  class=\"panel-grid-cell\" ><div id=\"panel-10848-0-0-0\" class=\"so-panel widget widget_sow-headline panel-first-child panel-last-child\" data-index=\"0\" ><div\n\t\t\t\n\t\t\tclass=\"so-widget-sow-headline so-widget-sow-headline-default-ec1eb4cebc48-10848\"\n\t\t\t\n\t\t><div class=\"sow-headline-container \">\n\t\t\t\t\t\t\t<h2 class=\"sow-headline\">\n\t\t\t\t\t\tLos incendios forestales y su extinci\u00f3n con helic\u00f3pteros en Castilla y Le\u00f3n\t\t\t\t\t\t<\/h2>\n\t\t\t\t\t\t\t\t\t\t\t<div class=\"decoration\">\n\t\t\t\t\t\t<div class=\"decoration-inside\"><\/div>\n\t\t\t\t\t<\/div>\n\t\t\t\t\t<\/div>\n<\/div><\/div><\/div><\/div><div id=\"pg-10848-1\"  class=\"panel-grid panel-no-style\" ><div id=\"pgc-10848-1-0\"  class=\"panel-grid-cell\" ><div id=\"panel-10848-1-0-0\" class=\"so-panel widget widget_sow-image panel-first-child panel-last-child\" data-index=\"1\" ><div\n\t\t\t\n\t\t\tclass=\"so-widget-sow-image so-widget-sow-image-default-8b5b6f678277-10848\"\n\t\t\t\n\t\t>\n\n<div class=\"sow-image-container\">\n\t\t<img loading=\"lazy\" decoding=\"async\" src=\"https:\/\/site.educa.madrid.org\/ies.infantaelena.galapagar\/\/wp-content\/uploads\/ies.infantaelena.galapagar\/2026\/01\/Captura-de-pantalla-2026-01-25-125131.png\" width=\"286\" height=\"378\" srcset=\"https:\/\/site.educa.madrid.org\/ies.infantaelena.galapagar\/\/wp-content\/uploads\/ies.infantaelena.galapagar\/2026\/01\/Captura-de-pantalla-2026-01-25-125131.png 286w, https:\/\/site.educa.madrid.org\/ies.infantaelena.galapagar\/\/wp-content\/uploads\/ies.infantaelena.galapagar\/2026\/01\/Captura-de-pantalla-2026-01-25-125131-227x300.png 227w\" sizes=\"auto, (max-width: 286px) 100vw, 286px\" title=\"Captura de pantalla 2026-01-25 125131\" alt=\"\" \t\tclass=\"so-widget-image\"\/>\n\t<\/div>\n\n<\/div><\/div><\/div><div id=\"pgc-10848-1-1\"  class=\"panel-grid-cell\" ><div id=\"panel-10848-1-1-0\" class=\"so-panel widget widget_text panel-first-child\" data-index=\"2\" >\t\t\t<div class=\"textwidget\"><p>El presente trabajo trata de explicar la actuaci\u00f3n de los helic\u00f3pteros en los incendios forestales, as\u00ed como analizar la suficiencia de los efectivos en la comunidad de Castilla y Le\u00f3n.<\/p>\n<\/div>\n\t\t<\/div><div id=\"panel-10848-1-1-1\" class=\"so-panel widget widget_text panel-last-child\" data-index=\"3\" >\t\t\t<div class=\"textwidget\"><p>DAVID RODR\u00cdGUEZ DE LA CRUZ<\/p>\n<\/div>\n\t\t<\/div><\/div><\/div><div id=\"pg-10848-2\"  class=\"panel-grid panel-no-style\" ><div id=\"pgc-10848-2-0\"  class=\"panel-grid-cell panel-grid-cell-empty\" ><\/div><\/div><\/div>","protected":false},"excerpt":{"rendered":"<p>El presente trabajo trata de explicar la actuaci\u00f3n de los helic\u00f3pteros en los incendios forestales, as\u00ed como analizar la suficiencia de los efectivos en la comunidad de Castilla y Le\u00f3n. DAVID RODR\u00cdGUEZ DE LA CRUZ<\/p>\n","protected":false},"author":27,"featured_media":0,"parent":0,"menu_order":0,"comment_status":"closed","ping_status":"closed","template":"","meta":{"footnotes":""},"folder":[],"class_list":["post-10848","page","type-page","status-publish","hentry"],"rttpg_featured_image_url":null,"rttpg_author":{"display_name":"Avelino Bern\u00e1rdez Portas","author_link":"https:\/\/site.educa.madrid.org\/ies.infantaelena.galapagar\/author\/avelino_bernrdez-portas\/"},"rttpg_comment":0,"rttpg_category":false,"rttpg_excerpt":"El presente trabajo trata de explicar la actuaci\u00f3n de los helic\u00f3pteros en los incendios forestales, as\u00ed como analizar la suficiencia de los efectivos en la comunidad de Castilla y Le\u00f3n. DAVID RODR\u00cdGUEZ DE LA CRUZ","post_mailing_queue_ids":[],"_links":{"self":[{"href":"https:\/\/site.educa.madrid.org\/ies.infantaelena.galapagar\/wp-json\/wp\/v2\/pages\/10848","targetHints":{"allow":["GET"]}}],"collection":[{"href":"https:\/\/site.educa.madrid.org\/ies.infantaelena.galapagar\/wp-json\/wp\/v2\/pages"}],"about":[{"href":"https:\/\/site.educa.madrid.org\/ies.infantaelena.galapagar\/wp-json\/wp\/v2\/types\/page"}],"author":[{"embeddable":true,"href":"https:\/\/site.educa.madrid.org\/ies.infantaelena.galapagar\/wp-json\/wp\/v2\/users\/27"}],"replies":[{"embeddable":true,"href":"https:\/\/site.educa.madrid.org\/ies.infantaelena.galapagar\/wp-json\/wp\/v2\/comments?post=10848"}],"version-history":[{"count":3,"href":"https:\/\/site.educa.madrid.org\/ies.infantaelena.galapagar\/wp-json\/wp\/v2\/pages\/10848\/revisions"}],"predecessor-version":[{"id":10853,"href":"https:\/\/site.educa.madrid.org\/ies.infantaelena.galapagar\/wp-json\/wp\/v2\/pages\/10848\/revisions\/10853"}],"wp:attachment":[{"href":"https:\/\/site.educa.madrid.org\/ies.infantaelena.galapagar\/wp-json\/wp\/v2\/media?parent=10848"}],"wp:term":[{"taxonomy":"folder","embeddable":true,"href":"https:\/\/site.educa.madrid.org\/ies.infantaelena.galapagar\/wp-json\/wp\/v2\/folder?post=10848"}],"curies":[{"name":"wp","href":"https:\/\/api.w.org\/{rel}","templated":true}]}}