{"id":10861,"date":"2026-01-25T13:26:09","date_gmt":"2026-01-25T12:26:09","guid":{"rendered":"https:\/\/site.educa.madrid.org\/ies.infantaelena.galapagar\/?page_id=10861"},"modified":"2026-01-25T13:26:19","modified_gmt":"2026-01-25T12:26:19","slug":"tr-invest-bto-2018-19-2","status":"publish","type":"page","link":"https:\/\/site.educa.madrid.org\/ies.infantaelena.galapagar\/tr-invest-bto-2018-19-2\/","title":{"rendered":"TR. INVEST. BTO. 2018-19"},"content":{"rendered":"<div id=\"pl-10861\"  class=\"panel-layout\" ><div id=\"pg-10861-0\"  class=\"panel-grid panel-no-style\" ><div id=\"pgc-10861-0-0\"  class=\"panel-grid-cell\" ><div id=\"panel-10861-0-0-0\" class=\"so-panel widget widget_sow-headline panel-first-child panel-last-child\" data-index=\"0\" ><div\n\t\t\t\n\t\t\tclass=\"so-widget-sow-headline so-widget-sow-headline-default-ec1eb4cebc48-10861\"\n\t\t\t\n\t\t><div class=\"sow-headline-container \">\n\t\t\t\t\t\t\t<h2 class=\"sow-headline\">\n\t\t\t\t\t\tLeyes de gravitaci\u00f3n universal y sus aplicaciones actuales\t\t\t\t\t\t<\/h2>\n\t\t\t\t\t\t\t\t\t\t\t<div class=\"decoration\">\n\t\t\t\t\t\t<div class=\"decoration-inside\"><\/div>\n\t\t\t\t\t<\/div>\n\t\t\t\t\t<\/div>\n<\/div><\/div><\/div><\/div><div id=\"pg-10861-1\"  class=\"panel-grid panel-no-style\" ><div id=\"pgc-10861-1-0\"  class=\"panel-grid-cell\" ><div id=\"panel-10861-1-0-0\" class=\"so-panel widget widget_sow-image panel-first-child panel-last-child\" data-index=\"1\" ><div\n\t\t\t\n\t\t\tclass=\"so-widget-sow-image so-widget-sow-image-default-8b5b6f678277-10861\"\n\t\t\t\n\t\t>\n\n<div class=\"sow-image-container\">\n\t\t<img loading=\"lazy\" decoding=\"async\" src=\"https:\/\/site.educa.madrid.org\/ies.infantaelena.galapagar\/\/wp-content\/uploads\/ies.infantaelena.galapagar\/2026\/01\/Captura-de-pantalla-2026-01-25-131342.png\" width=\"198\" height=\"295\" sizes=\"auto, (max-width: 198px) 100vw, 198px\" title=\"Captura de pantalla 2026-01-25 131342\" alt=\"\" \t\tclass=\"so-widget-image\"\/>\n\t<\/div>\n\n<\/div><\/div><\/div><div id=\"pgc-10861-1-1\"  class=\"panel-grid-cell\" ><div id=\"panel-10861-1-1-0\" class=\"so-panel widget widget_text panel-first-child\" data-index=\"2\" >\t\t\t<div class=\"textwidget\"><p>En febrero de 2019, la estudiante Aurora Storch de Gracia defendi\u00f3 su trabajo de investigaci\u00f3n titulado <em><span class=\"wixui-rich-text__text\">Leyes de gravitaci\u00f3n universal y sus<\/span><\/em><span class=\"wixui-rich-text__text\"> aplicaciones<\/span><em><span class=\"wixui-rich-text__text\"> actuales.<\/span><\/em><\/p>\n<\/div>\n\t\t<\/div><div id=\"panel-10861-1-1-1\" class=\"so-panel widget widget_text panel-last-child\" data-index=\"3\" >\t\t\t<div class=\"textwidget\"><p>Aurora Storch de Gracia<\/p>\n<\/div>\n\t\t<\/div><\/div><\/div><div id=\"pg-10861-2\"  class=\"panel-grid panel-no-style\" ><div id=\"pgc-10861-2-0\"  class=\"panel-grid-cell\" ><div id=\"panel-10861-2-0-0\" class=\"so-panel widget widget_sow-image panel-first-child panel-last-child\" data-index=\"4\" ><div\n\t\t\t\n\t\t\tclass=\"so-widget-sow-image so-widget-sow-image-default-8b5b6f678277-10861\"\n\t\t\t\n\t\t>\n\n<div class=\"sow-image-container\">\n\t\t<img loading=\"lazy\" decoding=\"async\" src=\"https:\/\/site.educa.madrid.org\/ies.infantaelena.galapagar\/\/wp-content\/uploads\/ies.infantaelena.galapagar\/2026\/01\/Captura-de-pantalla-2026-01-25-131323-253x300.png\" width=\"253\" height=\"300\" srcset=\"https:\/\/site.educa.madrid.org\/ies.infantaelena.galapagar\/\/wp-content\/uploads\/ies.infantaelena.galapagar\/2026\/01\/Captura-de-pantalla-2026-01-25-131323-253x300.png 253w, https:\/\/site.educa.madrid.org\/ies.infantaelena.galapagar\/\/wp-content\/uploads\/ies.infantaelena.galapagar\/2026\/01\/Captura-de-pantalla-2026-01-25-131323.png 523w\" sizes=\"auto, (max-width: 253px) 100vw, 253px\" title=\"Captura de pantalla 2026-01-25 131323\" alt=\"\" \t\tclass=\"so-widget-image\"\/>\n\t<\/div>\n\n<\/div><\/div><\/div><div id=\"pgc-10861-2-1\"  class=\"panel-grid-cell\" ><div id=\"panel-10861-2-1-0\" class=\"so-panel widget widget_sow-image panel-first-child panel-last-child\" data-index=\"5\" ><div\n\t\t\t\n\t\t\tclass=\"so-widget-sow-image so-widget-sow-image-default-8b5b6f678277-10861\"\n\t\t\t\n\t\t>\n\n<div class=\"sow-image-container\">\n\t\t<img loading=\"lazy\" decoding=\"async\" src=\"https:\/\/site.educa.madrid.org\/ies.infantaelena.galapagar\/\/wp-content\/uploads\/ies.infantaelena.galapagar\/2026\/01\/Captura-de-pantalla-2026-01-25-131334.png\" width=\"518\" height=\"300\" srcset=\"https:\/\/site.educa.madrid.org\/ies.infantaelena.galapagar\/\/wp-content\/uploads\/ies.infantaelena.galapagar\/2026\/01\/Captura-de-pantalla-2026-01-25-131334.png 518w, https:\/\/site.educa.madrid.org\/ies.infantaelena.galapagar\/\/wp-content\/uploads\/ies.infantaelena.galapagar\/2026\/01\/Captura-de-pantalla-2026-01-25-131334-300x174.png 300w\" sizes=\"auto, (max-width: 518px) 100vw, 518px\" title=\"Captura de pantalla 2026-01-25 131334\" alt=\"\" \t\tclass=\"so-widget-image\"\/>\n\t<\/div>\n\n<\/div><\/div><\/div><div id=\"pgc-10861-2-2\"  class=\"panel-grid-cell\" ><div id=\"panel-10861-2-2-0\" class=\"so-panel widget widget_sow-image panel-first-child panel-last-child\" data-index=\"6\" ><div\n\t\t\t\n\t\t\tclass=\"so-widget-sow-image so-widget-sow-image-default-8b5b6f678277-10861\"\n\t\t\t\n\t\t>\n\n<div class=\"sow-image-container\">\n\t\t<img loading=\"lazy\" decoding=\"async\" src=\"https:\/\/site.educa.madrid.org\/ies.infantaelena.galapagar\/\/wp-content\/uploads\/ies.infantaelena.galapagar\/2026\/01\/Captura-de-pantalla-2026-01-25-131350.png\" width=\"519\" height=\"384\" srcset=\"https:\/\/site.educa.madrid.org\/ies.infantaelena.galapagar\/\/wp-content\/uploads\/ies.infantaelena.galapagar\/2026\/01\/Captura-de-pantalla-2026-01-25-131350.png 519w, https:\/\/site.educa.madrid.org\/ies.infantaelena.galapagar\/\/wp-content\/uploads\/ies.infantaelena.galapagar\/2026\/01\/Captura-de-pantalla-2026-01-25-131350-300x222.png 300w\" sizes=\"auto, (max-width: 519px) 100vw, 519px\" title=\"Captura de pantalla 2026-01-25 131350\" alt=\"\" \t\tclass=\"so-widget-image\"\/>\n\t<\/div>\n\n<\/div><\/div><\/div><\/div><div id=\"pg-10861-3\"  class=\"panel-grid panel-no-style\" ><div id=\"pgc-10861-3-0\"  class=\"panel-grid-cell\" ><div id=\"panel-10861-3-0-0\" class=\"so-panel widget widget_sow-image panel-first-child panel-last-child\" data-index=\"7\" ><div\n\t\t\t\n\t\t\tclass=\"so-widget-sow-image so-widget-sow-image-default-8b5b6f678277-10861\"\n\t\t\t\n\t\t>\n\n<div class=\"sow-image-container\">\n\t\t<img loading=\"lazy\" decoding=\"async\" src=\"https:\/\/site.educa.madrid.org\/ies.infantaelena.galapagar\/\/wp-content\/uploads\/ies.infantaelena.galapagar\/2026\/01\/Captura-de-pantalla-2026-01-25-131405.png\" width=\"1031\" height=\"721\" srcset=\"https:\/\/site.educa.madrid.org\/ies.infantaelena.galapagar\/\/wp-content\/uploads\/ies.infantaelena.galapagar\/2026\/01\/Captura-de-pantalla-2026-01-25-131405.png 1031w, https:\/\/site.educa.madrid.org\/ies.infantaelena.galapagar\/\/wp-content\/uploads\/ies.infantaelena.galapagar\/2026\/01\/Captura-de-pantalla-2026-01-25-131405-300x210.png 300w, https:\/\/site.educa.madrid.org\/ies.infantaelena.galapagar\/\/wp-content\/uploads\/ies.infantaelena.galapagar\/2026\/01\/Captura-de-pantalla-2026-01-25-131405-1024x716.png 1024w, https:\/\/site.educa.madrid.org\/ies.infantaelena.galapagar\/\/wp-content\/uploads\/ies.infantaelena.galapagar\/2026\/01\/Captura-de-pantalla-2026-01-25-131405-768x537.png 768w\" sizes=\"auto, (max-width: 1031px) 100vw, 1031px\" title=\"Captura de pantalla 2026-01-25 131405\" alt=\"\" \t\tclass=\"so-widget-image\"\/>\n\t<\/div>\n\n<\/div><\/div><\/div><\/div><\/div>","protected":false},"excerpt":{"rendered":"<p>En febrero de 2019, la estudiante Aurora Storch de Gracia defendi\u00f3 su trabajo de investigaci\u00f3n titulado Leyes de gravitaci\u00f3n universal y sus aplicaciones actuales. Aurora Storch de Gracia<\/p>\n","protected":false},"author":27,"featured_media":0,"parent":0,"menu_order":0,"comment_status":"closed","ping_status":"closed","template":"","meta":{"footnotes":""},"folder":[],"class_list":["post-10861","page","type-page","status-publish","hentry"],"rttpg_featured_image_url":null,"rttpg_author":{"display_name":"Avelino Bern\u00e1rdez Portas","author_link":"https:\/\/site.educa.madrid.org\/ies.infantaelena.galapagar\/author\/avelino_bernrdez-portas\/"},"rttpg_comment":0,"rttpg_category":false,"rttpg_excerpt":"En febrero de 2019, la estudiante Aurora Storch de Gracia defendi\u00f3 su trabajo de investigaci\u00f3n titulado Leyes de gravitaci\u00f3n universal y sus aplicaciones actuales. Aurora Storch de Gracia","post_mailing_queue_ids":[],"_links":{"self":[{"href":"https:\/\/site.educa.madrid.org\/ies.infantaelena.galapagar\/wp-json\/wp\/v2\/pages\/10861","targetHints":{"allow":["GET"]}}],"collection":[{"href":"https:\/\/site.educa.madrid.org\/ies.infantaelena.galapagar\/wp-json\/wp\/v2\/pages"}],"about":[{"href":"https:\/\/site.educa.madrid.org\/ies.infantaelena.galapagar\/wp-json\/wp\/v2\/types\/page"}],"author":[{"embeddable":true,"href":"https:\/\/site.educa.madrid.org\/ies.infantaelena.galapagar\/wp-json\/wp\/v2\/users\/27"}],"replies":[{"embeddable":true,"href":"https:\/\/site.educa.madrid.org\/ies.infantaelena.galapagar\/wp-json\/wp\/v2\/comments?post=10861"}],"version-history":[{"count":1,"href":"https:\/\/site.educa.madrid.org\/ies.infantaelena.galapagar\/wp-json\/wp\/v2\/pages\/10861\/revisions"}],"predecessor-version":[{"id":10862,"href":"https:\/\/site.educa.madrid.org\/ies.infantaelena.galapagar\/wp-json\/wp\/v2\/pages\/10861\/revisions\/10862"}],"wp:attachment":[{"href":"https:\/\/site.educa.madrid.org\/ies.infantaelena.galapagar\/wp-json\/wp\/v2\/media?parent=10861"}],"wp:term":[{"taxonomy":"folder","embeddable":true,"href":"https:\/\/site.educa.madrid.org\/ies.infantaelena.galapagar\/wp-json\/wp\/v2\/folder?post=10861"}],"curies":[{"name":"wp","href":"https:\/\/api.w.org\/{rel}","templated":true}]}}