{"id":10873,"date":"2026-01-25T15:15:19","date_gmt":"2026-01-25T14:15:19","guid":{"rendered":"https:\/\/site.educa.madrid.org\/ies.infantaelena.galapagar\/?page_id=10873"},"modified":"2026-01-25T15:15:19","modified_gmt":"2026-01-25T14:15:19","slug":"tr-invest-bto-2024-25","status":"publish","type":"page","link":"https:\/\/site.educa.madrid.org\/ies.infantaelena.galapagar\/tr-invest-bto-2024-25\/","title":{"rendered":"TR. INVEST. BTO. 2024-25"},"content":{"rendered":"<div id=\"pl-10873\"  class=\"panel-layout\" ><div id=\"pg-10873-0\"  class=\"panel-grid panel-no-style\" ><div id=\"pgc-10873-0-0\"  class=\"panel-grid-cell\" ><div id=\"panel-10873-0-0-0\" class=\"so-panel widget widget_sow-headline panel-first-child\" data-index=\"0\" ><div\n\t\t\t\n\t\t\tclass=\"so-widget-sow-headline so-widget-sow-headline-default-362bcb7bfecc-10873\"\n\t\t\t\n\t\t><div class=\"sow-headline-container \">\n\t\t\t\t\t\t\t<h2 class=\"sow-headline\">\n\t\t\t\t\t\tPresentaci\u00f3n de Trabajos de Investigaci\u00f3n en Bachillerato\t\t\t\t\t\t<\/h2>\n\t\t\t\t\t\t\t\t\t\t\t<div class=\"decoration\">\n\t\t\t\t\t\t<div class=\"decoration-inside\"><\/div>\n\t\t\t\t\t<\/div>\n\t\t\t\t\t<\/div>\n<\/div><\/div><div id=\"panel-10873-0-0-1\" class=\"so-panel widget widget_text\" data-index=\"1\" >\t\t\t<div class=\"textwidget\"><p>El lunes, 10 de febrero, y el martes, 11 de febrero, ha tenido lugar la presentaci\u00f3n de los trabajos de investigaci\u00f3n llevados a cabo por el alumnado de Bachillerato, en el Aula Ignacio Quintanilla.<\/p>\n<p>Un proceso que les ha llevado dos a\u00f1os de preparaci\u00f3n exhaustiva y que, delante de un tribunal, tendr\u00e1n que defender.<\/p>\n<p>&nbsp;<\/p>\n<\/div>\n\t\t<\/div><div id=\"panel-10873-0-0-2\" class=\"so-panel widget widget_sow-headline panel-last-child\" data-index=\"2\" ><div\n\t\t\t\n\t\t\tclass=\"so-widget-sow-headline so-widget-sow-headline-default-273da11e2426-10873\"\n\t\t\t\n\t\t><div class=\"sow-headline-container \">\n\t\t\t\t\t\t<div class=\"decoration\">\n\t\t\t\t\t\t<div class=\"decoration-inside\"><\/div>\n\t\t\t\t\t<\/div>\n\t\t\t\t\t<\/div>\n<\/div><\/div><\/div><\/div><div id=\"pg-10873-1\"  class=\"panel-grid panel-no-style\" ><div id=\"pgc-10873-1-0\"  class=\"panel-grid-cell\" ><div id=\"panel-10873-1-0-0\" class=\"so-panel widget widget_sow-image panel-first-child\" data-index=\"3\" ><div\n\t\t\t\n\t\t\tclass=\"so-widget-sow-image so-widget-sow-image-default-8b5b6f678277-10873\"\n\t\t\t\n\t\t>\n<h3 class=\"widget-title\">An\u00e1lisis integral de los misiles V2<\/h3>\n<div class=\"sow-image-container\">\n\t\t<img loading=\"lazy\" decoding=\"async\" src=\"https:\/\/site.educa.madrid.org\/ies.infantaelena.galapagar\/\/wp-content\/uploads\/ies.infantaelena.galapagar\/2026\/01\/Captura-de-pantalla-2026-01-25-134429.png\" width=\"311\" height=\"174\" srcset=\"https:\/\/site.educa.madrid.org\/ies.infantaelena.galapagar\/\/wp-content\/uploads\/ies.infantaelena.galapagar\/2026\/01\/Captura-de-pantalla-2026-01-25-134429.png 311w, https:\/\/site.educa.madrid.org\/ies.infantaelena.galapagar\/\/wp-content\/uploads\/ies.infantaelena.galapagar\/2026\/01\/Captura-de-pantalla-2026-01-25-134429-300x168.png 300w\" sizes=\"auto, (max-width: 311px) 100vw, 311px\" title=\"An\u00e1lisis integral de los misiles V2\" alt=\"Daniel Garc\u00eda Mora\" \t\tclass=\"so-widget-image\"\/>\n\t<\/div>\n\n<\/div><\/div><div id=\"panel-10873-1-0-1\" class=\"so-panel widget widget_text panel-last-child\" data-index=\"4\" >\t\t\t<div class=\"textwidget\"><p>Daniel Garc\u00eda Mora<\/p>\n<\/div>\n\t\t<\/div><\/div><div id=\"pgc-10873-1-1\"  class=\"panel-grid-cell\" ><div id=\"panel-10873-1-1-0\" class=\"so-panel widget widget_sow-image panel-first-child\" data-index=\"5\" ><div\n\t\t\t\n\t\t\tclass=\"so-widget-sow-image so-widget-sow-image-default-8b5b6f678277-10873\"\n\t\t\t\n\t\t>\n<h3 class=\"widget-title\">Ligamento cruzado en mujeres<\/h3>\n<div class=\"sow-image-container\">\n\t\t<img loading=\"lazy\" decoding=\"async\" src=\"https:\/\/site.educa.madrid.org\/ies.infantaelena.galapagar\/\/wp-content\/uploads\/ies.infantaelena.galapagar\/2026\/01\/Captura-de-pantalla-2026-01-25-134437.png\" width=\"307\" height=\"175\" srcset=\"https:\/\/site.educa.madrid.org\/ies.infantaelena.galapagar\/\/wp-content\/uploads\/ies.infantaelena.galapagar\/2026\/01\/Captura-de-pantalla-2026-01-25-134437.png 307w, https:\/\/site.educa.madrid.org\/ies.infantaelena.galapagar\/\/wp-content\/uploads\/ies.infantaelena.galapagar\/2026\/01\/Captura-de-pantalla-2026-01-25-134437-300x171.png 300w\" sizes=\"auto, (max-width: 307px) 100vw, 307px\" title=\"Ligamento cruzado en mujeres\" alt=\"\" \t\tclass=\"so-widget-image\"\/>\n\t<\/div>\n\n<\/div><\/div><div id=\"panel-10873-1-1-1\" class=\"so-panel widget widget_text panel-last-child\" data-index=\"6\" >\t\t\t<div class=\"textwidget\"><p>Paula S\u00e1nchez Mart\u00edn<\/p>\n<\/div>\n\t\t<\/div><\/div><\/div><div id=\"pg-10873-2\"  class=\"panel-grid panel-no-style\" ><div id=\"pgc-10873-2-0\"  class=\"panel-grid-cell\" ><div id=\"panel-10873-2-0-0\" class=\"so-panel widget widget_sow-image panel-first-child\" data-index=\"7\" ><div\n\t\t\t\n\t\t\tclass=\"so-widget-sow-image so-widget-sow-image-default-8b5b6f678277-10873\"\n\t\t\t\n\t\t>\n<h3 class=\"widget-title\">Gasto en inversi\u00f3n de combustibles<\/h3>\n<div class=\"sow-image-container\">\n\t\t<img loading=\"lazy\" decoding=\"async\" src=\"https:\/\/site.educa.madrid.org\/ies.infantaelena.galapagar\/\/wp-content\/uploads\/ies.infantaelena.galapagar\/2026\/01\/Captura-de-pantalla-2026-01-25-134445.png\" width=\"308\" height=\"173\" srcset=\"https:\/\/site.educa.madrid.org\/ies.infantaelena.galapagar\/\/wp-content\/uploads\/ies.infantaelena.galapagar\/2026\/01\/Captura-de-pantalla-2026-01-25-134445.png 308w, https:\/\/site.educa.madrid.org\/ies.infantaelena.galapagar\/\/wp-content\/uploads\/ies.infantaelena.galapagar\/2026\/01\/Captura-de-pantalla-2026-01-25-134445-300x169.png 300w\" sizes=\"auto, (max-width: 308px) 100vw, 308px\" title=\"Gasto en inversi\u00f3n de combustibles\" alt=\"\" \t\tclass=\"so-widget-image\"\/>\n\t<\/div>\n\n<\/div><\/div><div id=\"panel-10873-2-0-1\" class=\"so-panel widget widget_text panel-last-child\" data-index=\"8\" >\t\t\t<div class=\"textwidget\"><p>Daniel S\u00e1nchez Oliva<\/p>\n<\/div>\n\t\t<\/div><\/div><div id=\"pgc-10873-2-1\"  class=\"panel-grid-cell\" ><div id=\"panel-10873-2-1-0\" class=\"so-panel widget widget_sow-image panel-first-child\" data-index=\"9\" ><div\n\t\t\t\n\t\t\tclass=\"so-widget-sow-image so-widget-sow-image-default-8b5b6f678277-10873\"\n\t\t\t\n\t\t>\n<h3 class=\"widget-title\">Nitinol y materiales superel\u00e1sticos<\/h3>\n<div class=\"sow-image-container\">\n\t\t<img loading=\"lazy\" decoding=\"async\" src=\"https:\/\/site.educa.madrid.org\/ies.infantaelena.galapagar\/\/wp-content\/uploads\/ies.infantaelena.galapagar\/2026\/01\/Captura-de-pantalla-2026-01-25-134453.png\" width=\"313\" height=\"176\" srcset=\"https:\/\/site.educa.madrid.org\/ies.infantaelena.galapagar\/\/wp-content\/uploads\/ies.infantaelena.galapagar\/2026\/01\/Captura-de-pantalla-2026-01-25-134453.png 313w, https:\/\/site.educa.madrid.org\/ies.infantaelena.galapagar\/\/wp-content\/uploads\/ies.infantaelena.galapagar\/2026\/01\/Captura-de-pantalla-2026-01-25-134453-300x169.png 300w\" sizes=\"auto, (max-width: 313px) 100vw, 313px\" title=\"Nitinol y materiales superel\u00e1sticos\" alt=\"\" \t\tclass=\"so-widget-image\"\/>\n\t<\/div>\n\n<\/div><\/div><div id=\"panel-10873-2-1-1\" class=\"so-panel widget widget_text panel-last-child\" data-index=\"10\" >\t\t\t<div class=\"textwidget\"><p>Leo Salas Corrochano<\/p>\n<\/div>\n\t\t<\/div><\/div><\/div><div id=\"pg-10873-3\"  class=\"panel-grid panel-no-style\" ><div id=\"pgc-10873-3-0\"  class=\"panel-grid-cell\" ><div id=\"panel-10873-3-0-0\" class=\"so-panel widget widget_sow-headline panel-first-child\" data-index=\"11\" ><div\n\t\t\t\n\t\t\tclass=\"so-widget-sow-headline so-widget-sow-headline-default-aa661b3a94b3-10873\"\n\t\t\t\n\t\t><div class=\"sow-headline-container \">\n\t\t\t\t\t\t<div class=\"decoration\">\n\t\t\t\t\t\t<div class=\"decoration-inside\"><\/div>\n\t\t\t\t\t<\/div>\n\t\t\t\t\t<\/div>\n<\/div><\/div><div id=\"panel-10873-3-0-1\" class=\"widget_text so-panel widget widget_custom_html panel-last-child\" data-index=\"12\" ><div class=\"textwidget custom-html-widget\"><iframe loading=\"lazy\" src=\"https:\/\/mediateca.educa.madrid.org\/video\/szfgo8clqfvyfuvo\/fs\" width=\"800\" height=\"450\" frameborder=\"0\" scrolling=\"no\" style=\"border:0;overflow:hidden\" allowfullscreen><\/iframe><\/div><\/div><\/div><\/div><div id=\"pg-10873-4\"  class=\"panel-grid panel-no-style\" ><div id=\"pgc-10873-4-0\"  class=\"panel-grid-cell\" ><div id=\"panel-10873-4-0-0\" class=\"so-panel widget widget_sow-headline panel-first-child\" data-index=\"13\" ><div\n\t\t\t\n\t\t\tclass=\"so-widget-sow-headline so-widget-sow-headline-default-273da11e2426-10873\"\n\t\t\t\n\t\t><div class=\"sow-headline-container \">\n\t\t\t\t\t\t<div class=\"decoration\">\n\t\t\t\t\t\t<div class=\"decoration-inside\"><\/div>\n\t\t\t\t\t<\/div>\n\t\t\t\t\t<\/div>\n<\/div><\/div><div id=\"panel-10873-4-0-1\" class=\"so-panel widget widget_sow-headline\" data-index=\"14\" ><div\n\t\t\t\n\t\t\tclass=\"so-widget-sow-headline so-widget-sow-headline-default-9a87eeba8627-10873\"\n\t\t\t\n\t\t><div class=\"sow-headline-container \">\n\t\t\t\t\t\t\t<h2 class=\"sow-headline\">\n\t\t\t\t\t\tCeremonia de Reconocimiento a los Trabajos de Investigaci\u00f3n \t\t\t\t\t\t<\/h2>\n\t\t\t\t\t\t\t\t\t\t\t<div class=\"decoration\">\n\t\t\t\t\t\t<div class=\"decoration-inside\"><\/div>\n\t\t\t\t\t<\/div>\n\t\t\t\t\t<\/div>\n<\/div><\/div><div id=\"panel-10873-4-0-2\" class=\"so-panel widget widget_text\" data-index=\"15\" >\t\t\t<div class=\"textwidget\"><p>El mi\u00e9rcoles, 2 de abril, a las 13:30 horas, en la Sala Ignacio Quintanilla, se hizo entrega de los diplomas de reconocimiento a los alumnos que han superado el trabajo de investigaci\u00f3n de Bachillerato.<\/p>\n<\/div>\n\t\t<\/div><div id=\"panel-10873-4-0-3\" class=\"so-panel widget widget_sow-headline\" data-index=\"16\" ><div\n\t\t\t\n\t\t\tclass=\"so-widget-sow-headline so-widget-sow-headline-default-273da11e2426-10873\"\n\t\t\t\n\t\t><div class=\"sow-headline-container \">\n\t\t\t\t\t\t<div class=\"decoration\">\n\t\t\t\t\t\t<div class=\"decoration-inside\"><\/div>\n\t\t\t\t\t<\/div>\n\t\t\t\t\t<\/div>\n<\/div><\/div><div id=\"panel-10873-4-0-4\" class=\"widget_text so-panel widget widget_custom_html panel-last-child\" data-index=\"17\" ><div class=\"textwidget custom-html-widget\"><iframe loading=\"lazy\" src=\"https:\/\/mediateca.educa.madrid.org\/video\/cvgououedgm3ti29\/fs\" width=\"800\" height=\"450\" frameborder=\"0\" scrolling=\"no\" style=\"border:0;overflow:hidden\" allowfullscreen><\/iframe><\/div><\/div><\/div><\/div><\/div>","protected":false},"excerpt":{"rendered":"<p>El lunes, 10 de febrero, y el martes, 11 de febrero, ha tenido lugar la presentaci\u00f3n de los trabajos de investigaci\u00f3n llevados a cabo por el alumnado de Bachillerato, en el Aula Ignacio Quintanilla. Un proceso que les ha llevado dos a\u00f1os de preparaci\u00f3n exhaustiva y que, delante de un tribunal, tendr\u00e1n que defender. &nbsp;<\/p>\n","protected":false},"author":27,"featured_media":0,"parent":0,"menu_order":0,"comment_status":"closed","ping_status":"closed","template":"","meta":{"footnotes":""},"folder":[],"class_list":["post-10873","page","type-page","status-publish","hentry"],"rttpg_featured_image_url":null,"rttpg_author":{"display_name":"Avelino Bern\u00e1rdez Portas","author_link":"https:\/\/site.educa.madrid.org\/ies.infantaelena.galapagar\/author\/avelino_bernrdez-portas\/"},"rttpg_comment":0,"rttpg_category":false,"rttpg_excerpt":"El lunes, 10 de febrero, y el martes, 11 de febrero, ha tenido lugar la presentaci\u00f3n de los trabajos de investigaci\u00f3n llevados a cabo por el alumnado de Bachillerato, en el Aula Ignacio Quintanilla. Un proceso que les ha llevado dos a\u00f1os de preparaci\u00f3n exhaustiva y que, delante de un tribunal, tendr\u00e1n que defender. &nbsp;","post_mailing_queue_ids":[],"_links":{"self":[{"href":"https:\/\/site.educa.madrid.org\/ies.infantaelena.galapagar\/wp-json\/wp\/v2\/pages\/10873","targetHints":{"allow":["GET"]}}],"collection":[{"href":"https:\/\/site.educa.madrid.org\/ies.infantaelena.galapagar\/wp-json\/wp\/v2\/pages"}],"about":[{"href":"https:\/\/site.educa.madrid.org\/ies.infantaelena.galapagar\/wp-json\/wp\/v2\/types\/page"}],"author":[{"embeddable":true,"href":"https:\/\/site.educa.madrid.org\/ies.infantaelena.galapagar\/wp-json\/wp\/v2\/users\/27"}],"replies":[{"embeddable":true,"href":"https:\/\/site.educa.madrid.org\/ies.infantaelena.galapagar\/wp-json\/wp\/v2\/comments?post=10873"}],"version-history":[{"count":1,"href":"https:\/\/site.educa.madrid.org\/ies.infantaelena.galapagar\/wp-json\/wp\/v2\/pages\/10873\/revisions"}],"predecessor-version":[{"id":10880,"href":"https:\/\/site.educa.madrid.org\/ies.infantaelena.galapagar\/wp-json\/wp\/v2\/pages\/10873\/revisions\/10880"}],"wp:attachment":[{"href":"https:\/\/site.educa.madrid.org\/ies.infantaelena.galapagar\/wp-json\/wp\/v2\/media?parent=10873"}],"wp:term":[{"taxonomy":"folder","embeddable":true,"href":"https:\/\/site.educa.madrid.org\/ies.infantaelena.galapagar\/wp-json\/wp\/v2\/folder?post=10873"}],"curies":[{"name":"wp","href":"https:\/\/api.w.org\/{rel}","templated":true}]}}